{"id":735,"date":"2023-04-07T10:28:04","date_gmt":"2023-04-07T10:28:04","guid":{"rendered":"https:\/\/mt-mjernatehnika.com\/wordpress\/wde-k50-ww\/"},"modified":"2025-09-08T13:09:24","modified_gmt":"2025-09-08T13:09:24","slug":"wde-k50-ww","status":"publish","type":"page","link":"https:\/\/mt-merestechnika.net\/index.php\/wde-k50-ww\/","title":{"rendered":"WDE-K50 WW"},"content":{"rendered":"\t\t<div data-elementor-type=\"wp-page\" data-elementor-id=\"735\" class=\"elementor elementor-735\">\n\t\t\t\t\t\t<section class=\"elementor-section elementor-top-section elementor-element elementor-element-1bc9a569 elementor-section-boxed elementor-section-height-default elementor-section-height-default\" data-id=\"1bc9a569\" data-element_type=\"section\" data-e-type=\"section\">\n\t\t\t\t\t\t<div class=\"elementor-container elementor-column-gap-default\">\n\t\t\t\t\t<div class=\"elementor-column elementor-col-100 elementor-top-column elementor-element elementor-element-65905849\" data-id=\"65905849\" data-element_type=\"column\" data-e-type=\"column\">\n\t\t\t<div class=\"elementor-widget-wrap elementor-element-populated\">\n\t\t\t\t\t\t<div class=\"elementor-element elementor-element-79744d07 elementor-widget elementor-widget-heading\" data-id=\"79744d07\" data-element_type=\"widget\" data-e-type=\"widget\" data-widget_type=\"heading.default\">\n\t\t\t\t<div class=\"elementor-widget-container\">\n\t\t\t\t\t<h1 class=\"elementor-heading-title elementor-size-default\">Woltmann vodomjer tipa WDE-K50, verzija za toplu vodu<\/h1>\t\t\t\t<\/div>\n\t\t\t\t<\/div>\n\t\t\t\t\t<\/div>\n\t\t<\/div>\n\t\t\t\t\t<\/div>\n\t\t<\/section>\n\t\t\t\t<section class=\"elementor-section elementor-top-section elementor-element elementor-element-54c8c75b elementor-section-boxed elementor-section-height-default elementor-section-height-default\" data-id=\"54c8c75b\" data-element_type=\"section\" data-e-type=\"section\">\n\t\t\t\t\t\t<div class=\"elementor-container elementor-column-gap-default\">\n\t\t\t\t\t<div class=\"elementor-column elementor-col-100 elementor-top-column elementor-element elementor-element-581c76fa\" data-id=\"581c76fa\" data-element_type=\"column\" data-e-type=\"column\">\n\t\t\t<div class=\"elementor-widget-wrap elementor-element-populated\">\n\t\t\t\t\t\t<div class=\"elementor-element elementor-element-6e27faf8 elementor-widget elementor-widget-text-editor\" data-id=\"6e27faf8\" data-element_type=\"widget\" data-e-type=\"widget\" data-widget_type=\"text-editor.default\">\n\t\t\t\t<div class=\"elementor-widget-container\">\n\t\t\t\t\t\t\t\t\t<p><strong>Veliki vodomjer tipa WDE-K50 (vrsta WP), dizajniran kao vodomjer za mjerenje potro\u0161nje tople vode <\/strong><strong> u izvedbi odobrenoj u skladu s direktivom MID odnosno kalibriranoj verziji sa sljede\u0107im specifikacijama:<\/strong><\/p><p>\u00a0<\/p>\t\t\t\t\t\t\t\t<\/div>\n\t\t\t\t<\/div>\n\t\t\t\t\t<\/div>\n\t\t<\/div>\n\t\t\t\t\t<\/div>\n\t\t<\/section>\n\t\t\t\t<section class=\"elementor-section elementor-top-section elementor-element elementor-element-56f2bcc8 elementor-section-boxed elementor-section-height-default elementor-section-height-default\" data-id=\"56f2bcc8\" data-element_type=\"section\" data-e-type=\"section\">\n\t\t\t\t\t\t<div class=\"elementor-container elementor-column-gap-default\">\n\t\t\t\t\t<div class=\"elementor-column elementor-col-50 elementor-top-column elementor-element elementor-element-59b07ce3\" data-id=\"59b07ce3\" data-element_type=\"column\" data-e-type=\"column\">\n\t\t\t<div class=\"elementor-widget-wrap elementor-element-populated\">\n\t\t\t\t\t\t<div class=\"elementor-element elementor-element-26df8d33 elementor-widget elementor-widget-text-editor\" data-id=\"26df8d33\" data-element_type=\"widget\" data-e-type=\"widget\" data-widget_type=\"text-editor.default\">\n\t\t\t\t<div class=\"elementor-widget-container\">\n\t\t\t\t\t\t\t\t\t<ul><li>trajna stabilnost mjerenja, visoka to\u010dnost mjerenja i veliki mjerni raspon<\/li><li>niska vrijednost zaleta\u00a0<\/li><li>plasti\u010dni le\u017eaj otporan na habanje\u00a0<\/li><li>broj\u010danik s valjcima koji se rotira 360 stupnjeva za jednostavno o\u010ditvanje<\/li><li>prijenos rotacijskog kretanja na broj\u010danik s valjcima s magnetskom spojkom<\/li><li>izmjenjiva mjeriteljska jedinica (mjerna kapsula) odobrena u skladu s direktivom MID \u2013 mjerni ulo\u017eak se mo\u017ee izvaditi iz ku\u0107i\u0161ta i zamijeniti ili ponovno kalibrirati.<\/li><li>tip WP \u2013 os impelera (os turbine) postavljena je paralelno s osi cjevovoda<\/li><li>tvorni\u010dki integrirano induktivno su\u010delje za komunikacijske module (mogu se naknadno ugraditi u bilo koje vrijeme &#8211; bez gubitka certifikata ili kalibracije)<\/li><li>za ure\u0111aj su dostupni brojni komunikacijski moduli kao \u0161to su be\u017ei\u010dni M-Bus \u00a0modul, \u017ei\u010dani M-Bus modul ili impulsni modul u IP 68 izvedbi (potopni )<\/li><li>vrlo mali gubitak tlaka zbog WP izvedbe<\/li><li>inkapsulirani broj\u010danik s valjcima otporan na difuziju u za\u0161titnom razredu IP68 ( potopiv )\u00a0<\/li><li>dostupan u dimenzijama DN50 do DN200<\/li><li>Raspon temperature od 30\u00b0C do 90\u00b0C<\/li><li>odobreno prema direktivi MID<\/li><li>KIWA certifikat\u00a0<\/li><\/ul><div><p><a href=\"https:\/\/mt-merestechnika.net\/index.php\/wordpress\/wp-content\/uploads\/2023\/04\/Woltmann-vodomjer-tip-WDE-K50-topla-voda.pdf\" target=\"_blank\" rel=\"noopener\">Tehni\u010dki list proizvoda<\/a><\/p><\/div>\t\t\t\t\t\t\t\t<\/div>\n\t\t\t\t<\/div>\n\t\t\t\t\t<\/div>\n\t\t<\/div>\n\t\t\t\t<div class=\"elementor-column elementor-col-50 elementor-top-column elementor-element elementor-element-de67a71\" data-id=\"de67a71\" data-element_type=\"column\" data-e-type=\"column\">\n\t\t\t<div class=\"elementor-widget-wrap elementor-element-populated\">\n\t\t\t\t\t\t<div class=\"elementor-element elementor-element-4bf49097 elementor-widget elementor-widget-image\" data-id=\"4bf49097\" data-element_type=\"widget\" data-e-type=\"widget\" data-widget_type=\"image.default\">\n\t\t\t\t<div class=\"elementor-widget-container\">\n\t\t\t\t\t\t\t\t\t\t\t\t\t\t\t<img fetchpriority=\"high\" decoding=\"async\" width=\"300\" height=\"300\" src=\"https:\/\/mt-merestechnika.net\/wp-content\/uploads\/2023\/04\/WDE-K50_Warmwasser_300x300.jpg\" class=\"attachment-medium size-medium wp-image-736\" alt=\"\" srcset=\"https:\/\/mt-merestechnika.net\/wp-content\/uploads\/2023\/04\/WDE-K50_Warmwasser_300x300.jpg 300w, https:\/\/mt-merestechnika.net\/wp-content\/uploads\/2023\/04\/WDE-K50_Warmwasser_300x300-150x150.jpg 150w, https:\/\/mt-merestechnika.net\/wp-content\/uploads\/2023\/04\/WDE-K50_Warmwasser_300x300-100x100.jpg 100w\" sizes=\"(max-width: 300px) 100vw, 300px\" \/>\t\t\t\t\t\t\t\t\t\t\t\t\t\t\t<\/div>\n\t\t\t\t<\/div>\n\t\t\t\t\t<\/div>\n\t\t<\/div>\n\t\t\t\t\t<\/div>\n\t\t<\/section>\n\t\t\t\t<section class=\"elementor-section elementor-top-section elementor-element elementor-element-45214ace elementor-section-boxed elementor-section-height-default elementor-section-height-default\" data-id=\"45214ace\" data-element_type=\"section\" data-e-type=\"section\">\n\t\t\t\t\t\t<div class=\"elementor-container elementor-column-gap-default\">\n\t\t\t\t\t<div class=\"elementor-column elementor-col-100 elementor-top-column elementor-element elementor-element-7f202005\" data-id=\"7f202005\" data-element_type=\"column\" data-e-type=\"column\">\n\t\t\t<div class=\"elementor-widget-wrap elementor-element-populated\">\n\t\t\t\t\t\t\t<\/div>\n\t\t<\/div>\n\t\t\t\t\t<\/div>\n\t\t<\/section>\n\t\t\t\t<section class=\"elementor-section elementor-top-section elementor-element elementor-element-2d0d7b61 elementor-section-boxed elementor-section-height-default elementor-section-height-default\" data-id=\"2d0d7b61\" data-element_type=\"section\" data-e-type=\"section\">\n\t\t\t\t\t\t<div class=\"elementor-container elementor-column-gap-default\">\n\t\t\t\t\t<div class=\"elementor-column elementor-col-100 elementor-top-column elementor-element elementor-element-222c6241\" data-id=\"222c6241\" data-element_type=\"column\" data-e-type=\"column\">\n\t\t\t<div class=\"elementor-widget-wrap\">\n\t\t\t\t\t\t\t<\/div>\n\t\t<\/div>\n\t\t\t\t\t<\/div>\n\t\t<\/section>\n\t\t\t\t<\/div>\n\t\t","protected":false},"excerpt":{"rendered":"<p>Woltmann vodomjer tipa WDE-K50, verzija za toplu vodu Veliki vodomjer tipa WDE-K50 (vrsta WP), dizajniran kao vodomjer za mjerenje potro\u0161nje tople vode u izvedbi odobrenoj u skladu s direktivom MID odnosno kalibriranoj verziji sa sljede\u0107im specifikacijama: \u00a0 trajna stabilnost mjerenja, visoka to\u010dnost mjerenja i veliki mjerni raspon niska vrijednost zaleta\u00a0 plasti\u010dni le\u017eaj otporan na habanje\u00a0 [&hellip;]<\/p>\n","protected":false},"author":1,"featured_media":0,"parent":0,"menu_order":0,"comment_status":"closed","ping_status":"closed","template":"","meta":{"ocean_post_layout":"","ocean_both_sidebars_style":"","ocean_both_sidebars_content_width":0,"ocean_both_sidebars_sidebars_width":0,"ocean_sidebar":"0","ocean_second_sidebar":"0","ocean_disable_margins":"enable","ocean_add_body_class":"","ocean_shortcode_before_top_bar":"","ocean_shortcode_after_top_bar":"","ocean_shortcode_before_header":"","ocean_shortcode_after_header":"","ocean_has_shortcode":"","ocean_shortcode_after_title":"","ocean_shortcode_before_footer_widgets":"","ocean_shortcode_after_footer_widgets":"","ocean_shortcode_before_footer_bottom":"","ocean_shortcode_after_footer_bottom":"","ocean_display_top_bar":"default","ocean_display_header":"default","ocean_header_style":"","ocean_center_header_left_menu":"0","ocean_custom_header_template":"0","ocean_custom_logo":0,"ocean_custom_retina_logo":0,"ocean_custom_logo_max_width":0,"ocean_custom_logo_tablet_max_width":0,"ocean_custom_logo_mobile_max_width":0,"ocean_custom_logo_max_height":0,"ocean_custom_logo_tablet_max_height":0,"ocean_custom_logo_mobile_max_height":0,"ocean_header_custom_menu":"0","ocean_menu_typo_font_family":"0","ocean_menu_typo_font_subset":"","ocean_menu_typo_font_size":0,"ocean_menu_typo_font_size_tablet":0,"ocean_menu_typo_font_size_mobile":0,"ocean_menu_typo_font_size_unit":"px","ocean_menu_typo_font_weight":"","ocean_menu_typo_font_weight_tablet":"","ocean_menu_typo_font_weight_mobile":"","ocean_menu_typo_transform":"","ocean_menu_typo_transform_tablet":"","ocean_menu_typo_transform_mobile":"","ocean_menu_typo_line_height":0,"ocean_menu_typo_line_height_tablet":0,"ocean_menu_typo_line_height_mobile":0,"ocean_menu_typo_line_height_unit":"","ocean_menu_typo_spacing":0,"ocean_menu_typo_spacing_tablet":0,"ocean_menu_typo_spacing_mobile":0,"ocean_menu_typo_spacing_unit":"","ocean_menu_link_color":"","ocean_menu_link_color_hover":"","ocean_menu_link_color_active":"","ocean_menu_link_background":"","ocean_menu_link_hover_background":"","ocean_menu_link_active_background":"","ocean_menu_social_links_bg":"","ocean_menu_social_hover_links_bg":"","ocean_menu_social_links_color":"","ocean_menu_social_hover_links_color":"","ocean_disable_title":"default","ocean_disable_heading":"default","ocean_post_title":"","ocean_post_subheading":"","ocean_post_title_style":"","ocean_post_title_background_color":"","ocean_post_title_background":0,"ocean_post_title_bg_image_position":"","ocean_post_title_bg_image_attachment":"","ocean_post_title_bg_image_repeat":"","ocean_post_title_bg_image_size":"","ocean_post_title_height":0,"ocean_post_title_bg_overlay":0.5,"ocean_post_title_bg_overlay_color":"","ocean_disable_breadcrumbs":"default","ocean_breadcrumbs_color":"","ocean_breadcrumbs_separator_color":"","ocean_breadcrumbs_links_color":"","ocean_breadcrumbs_links_hover_color":"","ocean_display_footer_widgets":"default","ocean_display_footer_bottom":"default","ocean_custom_footer_template":"0","footnotes":""},"class_list":["post-735","page","type-page","status-publish","hentry","entry","owp-thumbs-layout-horizontal","owp-btn-normal","owp-tabs-layout-horizontal","has-no-thumbnails","has-product-nav"],"yoast_head":"<!-- This site is optimized with the Yoast SEO plugin v27.6 - https:\/\/yoast.com\/product\/yoast-seo-wordpress\/ -->\n<title>WDE-K50 WW - MT M\u00e9r\u00e9stechnika<\/title>\n<meta name=\"robots\" content=\"index, follow, max-snippet:-1, max-image-preview:large, max-video-preview:-1\" \/>\n<link rel=\"canonical\" href=\"https:\/\/mt-merestechnika.net\/index.php\/wde-k50-ww\/\" \/>\n<meta property=\"og:locale\" content=\"de_DE\" \/>\n<meta property=\"og:type\" content=\"article\" \/>\n<meta property=\"og:title\" content=\"WDE-K50 WW - MT M\u00e9r\u00e9stechnika\" \/>\n<meta property=\"og:description\" content=\"Woltmann vodomjer tipa WDE-K50, verzija za toplu vodu Veliki vodomjer tipa WDE-K50 (vrsta WP), dizajniran kao vodomjer za mjerenje potro\u0161nje tople vode u izvedbi odobrenoj u skladu s direktivom MID odnosno kalibriranoj verziji sa sljede\u0107im specifikacijama: \u00a0 trajna stabilnost mjerenja, visoka to\u010dnost mjerenja i veliki mjerni raspon niska vrijednost zaleta\u00a0 plasti\u010dni le\u017eaj otporan na habanje\u00a0 [&hellip;]\" \/>\n<meta property=\"og:url\" content=\"https:\/\/mt-merestechnika.net\/index.php\/wde-k50-ww\/\" \/>\n<meta property=\"og:site_name\" content=\"MT M\u00e9r\u00e9stechnika\" \/>\n<meta property=\"article:modified_time\" content=\"2025-09-08T13:09:24+00:00\" \/>\n<meta property=\"og:image\" content=\"https:\/\/mt-merestechnika.net\/index.php\/wordpress\/wp-content\/uploads\/2023\/04\/WDE-K50_Warmwasser_300x300.jpg\" \/>\n<meta name=\"twitter:card\" content=\"summary_large_image\" \/>\n<meta name=\"twitter:label1\" content=\"Gesch\u00e4tzte Lesezeit\" \/>\n\t<meta name=\"twitter:data1\" content=\"1\u00a0Minute\" \/>\n<script type=\"application\/ld+json\" class=\"yoast-schema-graph\">{\"@context\":\"https:\\\/\\\/schema.org\",\"@graph\":[{\"@type\":\"WebPage\",\"@id\":\"https:\\\/\\\/mt-merestechnika.net\\\/index.php\\\/wde-k50-ww\\\/\",\"url\":\"https:\\\/\\\/mt-merestechnika.net\\\/index.php\\\/wde-k50-ww\\\/\",\"name\":\"WDE-K50 WW - MT M\u00e9r\u00e9stechnika\",\"isPartOf\":{\"@id\":\"https:\\\/\\\/mt-merestechnika.net\\\/#website\"},\"primaryImageOfPage\":{\"@id\":\"https:\\\/\\\/mt-merestechnika.net\\\/index.php\\\/wde-k50-ww\\\/#primaryimage\"},\"image\":{\"@id\":\"https:\\\/\\\/mt-merestechnika.net\\\/index.php\\\/wde-k50-ww\\\/#primaryimage\"},\"thumbnailUrl\":\"https:\\\/\\\/mt-merestechnika.net\\\/index.php\\\/wordpress\\\/wp-content\\\/uploads\\\/2023\\\/04\\\/WDE-K50_Warmwasser_300x300.jpg\",\"datePublished\":\"2023-04-07T10:28:04+00:00\",\"dateModified\":\"2025-09-08T13:09:24+00:00\",\"breadcrumb\":{\"@id\":\"https:\\\/\\\/mt-merestechnika.net\\\/index.php\\\/wde-k50-ww\\\/#breadcrumb\"},\"inLanguage\":\"de\",\"potentialAction\":[{\"@type\":\"ReadAction\",\"target\":[\"https:\\\/\\\/mt-merestechnika.net\\\/index.php\\\/wde-k50-ww\\\/\"]}]},{\"@type\":\"ImageObject\",\"inLanguage\":\"de\",\"@id\":\"https:\\\/\\\/mt-merestechnika.net\\\/index.php\\\/wde-k50-ww\\\/#primaryimage\",\"url\":\"https:\\\/\\\/mt-merestechnika.net\\\/index.php\\\/wordpress\\\/wp-content\\\/uploads\\\/2023\\\/04\\\/WDE-K50_Warmwasser_300x300.jpg\",\"contentUrl\":\"https:\\\/\\\/mt-merestechnika.net\\\/index.php\\\/wordpress\\\/wp-content\\\/uploads\\\/2023\\\/04\\\/WDE-K50_Warmwasser_300x300.jpg\"},{\"@type\":\"BreadcrumbList\",\"@id\":\"https:\\\/\\\/mt-merestechnika.net\\\/index.php\\\/wde-k50-ww\\\/#breadcrumb\",\"itemListElement\":[{\"@type\":\"ListItem\",\"position\":1,\"name\":\"Start\",\"item\":\"https:\\\/\\\/mt-merestechnika.net\\\/\"},{\"@type\":\"ListItem\",\"position\":2,\"name\":\"WDE-K50 WW\"}]},{\"@type\":\"WebSite\",\"@id\":\"https:\\\/\\\/mt-merestechnika.net\\\/#website\",\"url\":\"https:\\\/\\\/mt-merestechnika.net\\\/\",\"name\":\"MT M\u00e9r\u00e9stechnika\",\"description\":\"AZ \u00d6N ENERGIAPARTNERE\",\"publisher\":{\"@id\":\"https:\\\/\\\/mt-merestechnika.net\\\/#organization\"},\"potentialAction\":[{\"@type\":\"SearchAction\",\"target\":{\"@type\":\"EntryPoint\",\"urlTemplate\":\"https:\\\/\\\/mt-merestechnika.net\\\/?s={search_term_string}\"},\"query-input\":{\"@type\":\"PropertyValueSpecification\",\"valueRequired\":true,\"valueName\":\"search_term_string\"}}],\"inLanguage\":\"de\"},{\"@type\":\"Organization\",\"@id\":\"https:\\\/\\\/mt-merestechnika.net\\\/#organization\",\"name\":\"MT M\u00e9r\u00e9stechnika\",\"url\":\"https:\\\/\\\/mt-merestechnika.net\\\/\",\"logo\":{\"@type\":\"ImageObject\",\"inLanguage\":\"de\",\"@id\":\"https:\\\/\\\/mt-merestechnika.net\\\/#\\\/schema\\\/logo\\\/image\\\/\",\"url\":\"https:\\\/\\\/mt-merestechnika.net\\\/wp-content\\\/uploads\\\/2023\\\/11\\\/cropped-logo_hu_web_425px.png\",\"contentUrl\":\"https:\\\/\\\/mt-merestechnika.net\\\/wp-content\\\/uploads\\\/2023\\\/11\\\/cropped-logo_hu_web_425px.png\",\"width\":425,\"height\":65,\"caption\":\"MT M\u00e9r\u00e9stechnika\"},\"image\":{\"@id\":\"https:\\\/\\\/mt-merestechnika.net\\\/#\\\/schema\\\/logo\\\/image\\\/\"}}]}<\/script>\n<!-- \/ Yoast SEO plugin. -->","yoast_head_json":{"title":"WDE-K50 WW - MT M\u00e9r\u00e9stechnika","robots":{"index":"index","follow":"follow","max-snippet":"max-snippet:-1","max-image-preview":"max-image-preview:large","max-video-preview":"max-video-preview:-1"},"canonical":"https:\/\/mt-merestechnika.net\/index.php\/wde-k50-ww\/","og_locale":"de_DE","og_type":"article","og_title":"WDE-K50 WW - MT M\u00e9r\u00e9stechnika","og_description":"Woltmann vodomjer tipa WDE-K50, verzija za toplu vodu Veliki vodomjer tipa WDE-K50 (vrsta WP), dizajniran kao vodomjer za mjerenje potro\u0161nje tople vode u izvedbi odobrenoj u skladu s direktivom MID odnosno kalibriranoj verziji sa sljede\u0107im specifikacijama: \u00a0 trajna stabilnost mjerenja, visoka to\u010dnost mjerenja i veliki mjerni raspon niska vrijednost zaleta\u00a0 plasti\u010dni le\u017eaj otporan na habanje\u00a0 [&hellip;]","og_url":"https:\/\/mt-merestechnika.net\/index.php\/wde-k50-ww\/","og_site_name":"MT M\u00e9r\u00e9stechnika","article_modified_time":"2025-09-08T13:09:24+00:00","og_image":[{"url":"https:\/\/mt-merestechnika.net\/index.php\/wordpress\/wp-content\/uploads\/2023\/04\/WDE-K50_Warmwasser_300x300.jpg","type":"","width":"","height":""}],"twitter_card":"summary_large_image","twitter_misc":{"Gesch\u00e4tzte Lesezeit":"1\u00a0Minute"},"schema":{"@context":"https:\/\/schema.org","@graph":[{"@type":"WebPage","@id":"https:\/\/mt-merestechnika.net\/index.php\/wde-k50-ww\/","url":"https:\/\/mt-merestechnika.net\/index.php\/wde-k50-ww\/","name":"WDE-K50 WW - MT M\u00e9r\u00e9stechnika","isPartOf":{"@id":"https:\/\/mt-merestechnika.net\/#website"},"primaryImageOfPage":{"@id":"https:\/\/mt-merestechnika.net\/index.php\/wde-k50-ww\/#primaryimage"},"image":{"@id":"https:\/\/mt-merestechnika.net\/index.php\/wde-k50-ww\/#primaryimage"},"thumbnailUrl":"https:\/\/mt-merestechnika.net\/index.php\/wordpress\/wp-content\/uploads\/2023\/04\/WDE-K50_Warmwasser_300x300.jpg","datePublished":"2023-04-07T10:28:04+00:00","dateModified":"2025-09-08T13:09:24+00:00","breadcrumb":{"@id":"https:\/\/mt-merestechnika.net\/index.php\/wde-k50-ww\/#breadcrumb"},"inLanguage":"de","potentialAction":[{"@type":"ReadAction","target":["https:\/\/mt-merestechnika.net\/index.php\/wde-k50-ww\/"]}]},{"@type":"ImageObject","inLanguage":"de","@id":"https:\/\/mt-merestechnika.net\/index.php\/wde-k50-ww\/#primaryimage","url":"https:\/\/mt-merestechnika.net\/index.php\/wordpress\/wp-content\/uploads\/2023\/04\/WDE-K50_Warmwasser_300x300.jpg","contentUrl":"https:\/\/mt-merestechnika.net\/index.php\/wordpress\/wp-content\/uploads\/2023\/04\/WDE-K50_Warmwasser_300x300.jpg"},{"@type":"BreadcrumbList","@id":"https:\/\/mt-merestechnika.net\/index.php\/wde-k50-ww\/#breadcrumb","itemListElement":[{"@type":"ListItem","position":1,"name":"Start","item":"https:\/\/mt-merestechnika.net\/"},{"@type":"ListItem","position":2,"name":"WDE-K50 WW"}]},{"@type":"WebSite","@id":"https:\/\/mt-merestechnika.net\/#website","url":"https:\/\/mt-merestechnika.net\/","name":"MT M\u00e9r\u00e9stechnika","description":"AZ \u00d6N ENERGIAPARTNERE","publisher":{"@id":"https:\/\/mt-merestechnika.net\/#organization"},"potentialAction":[{"@type":"SearchAction","target":{"@type":"EntryPoint","urlTemplate":"https:\/\/mt-merestechnika.net\/?s={search_term_string}"},"query-input":{"@type":"PropertyValueSpecification","valueRequired":true,"valueName":"search_term_string"}}],"inLanguage":"de"},{"@type":"Organization","@id":"https:\/\/mt-merestechnika.net\/#organization","name":"MT M\u00e9r\u00e9stechnika","url":"https:\/\/mt-merestechnika.net\/","logo":{"@type":"ImageObject","inLanguage":"de","@id":"https:\/\/mt-merestechnika.net\/#\/schema\/logo\/image\/","url":"https:\/\/mt-merestechnika.net\/wp-content\/uploads\/2023\/11\/cropped-logo_hu_web_425px.png","contentUrl":"https:\/\/mt-merestechnika.net\/wp-content\/uploads\/2023\/11\/cropped-logo_hu_web_425px.png","width":425,"height":65,"caption":"MT M\u00e9r\u00e9stechnika"},"image":{"@id":"https:\/\/mt-merestechnika.net\/#\/schema\/logo\/image\/"}}]}},"jetpack_sharing_enabled":true,"_links":{"self":[{"href":"https:\/\/mt-merestechnika.net\/index.php\/wp-json\/wp\/v2\/pages\/735","targetHints":{"allow":["GET"]}}],"collection":[{"href":"https:\/\/mt-merestechnika.net\/index.php\/wp-json\/wp\/v2\/pages"}],"about":[{"href":"https:\/\/mt-merestechnika.net\/index.php\/wp-json\/wp\/v2\/types\/page"}],"author":[{"embeddable":true,"href":"https:\/\/mt-merestechnika.net\/index.php\/wp-json\/wp\/v2\/users\/1"}],"replies":[{"embeddable":true,"href":"https:\/\/mt-merestechnika.net\/index.php\/wp-json\/wp\/v2\/comments?post=735"}],"version-history":[{"count":2,"href":"https:\/\/mt-merestechnika.net\/index.php\/wp-json\/wp\/v2\/pages\/735\/revisions"}],"predecessor-version":[{"id":21952,"href":"https:\/\/mt-merestechnika.net\/index.php\/wp-json\/wp\/v2\/pages\/735\/revisions\/21952"}],"wp:attachment":[{"href":"https:\/\/mt-merestechnika.net\/index.php\/wp-json\/wp\/v2\/media?parent=735"}],"curies":[{"name":"wp","href":"https:\/\/api.w.org\/{rel}","templated":true}]}}