{"id":715,"date":"2023-04-07T10:28:03","date_gmt":"2023-04-07T10:28:03","guid":{"rendered":"https:\/\/mt-mjernatehnika.com\/wordpress\/typ-mwn-nubis-130-ww-imp\/"},"modified":"2025-09-08T12:27:43","modified_gmt":"2025-09-08T12:27:43","slug":"typ-mwn-nubis-130-ww-imp","status":"publish","type":"page","link":"https:\/\/mt-merestechnika.net\/index.php\/typ-mwn-nubis-130-ww-imp\/","title":{"rendered":"MWN-NUBIS-130-WW-IMP"},"content":{"rendered":"\t\t<div data-elementor-type=\"wp-page\" data-elementor-id=\"715\" class=\"elementor elementor-715\">\n\t\t\t\t\t\t<section class=\"elementor-section elementor-top-section elementor-element elementor-element-55fa73e elementor-section-boxed elementor-section-height-default elementor-section-height-default\" data-id=\"55fa73e\" data-element_type=\"section\" data-e-type=\"section\">\n\t\t\t\t\t\t<div class=\"elementor-container elementor-column-gap-default\">\n\t\t\t\t\t<div class=\"elementor-column elementor-col-100 elementor-top-column elementor-element elementor-element-6b1badbe\" data-id=\"6b1badbe\" data-element_type=\"column\" data-e-type=\"column\">\n\t\t\t<div class=\"elementor-widget-wrap elementor-element-populated\">\n\t\t\t\t\t\t<div class=\"elementor-element elementor-element-36a61e54 elementor-widget elementor-widget-heading\" data-id=\"36a61e54\" data-element_type=\"widget\" data-e-type=\"widget\" data-widget_type=\"heading.default\">\n\t\t\t\t<div class=\"elementor-widget-container\">\n\t\t\t\t\t<h1 class=\"elementor-heading-title elementor-size-default\">MWN-NUBIS-130-WW-IMP t\u00edpus\u00fa Woltmann \nnagyv\u00edzm\u00e9r\u0151 meleg v\u00edzhez, IP 65-\u00f6s sz\u00e1ml\u00e1l\u00f3m\u0171vel, \nf\u00e9m \u00e1rny\u00e9kol\u00f3 sapk\u00e1val \u00e9s integr\u00e1lt impulzuskimenettel\n<\/h1>\t\t\t\t<\/div>\n\t\t\t\t<\/div>\n\t\t\t\t\t<\/div>\n\t\t<\/div>\n\t\t\t\t\t<\/div>\n\t\t<\/section>\n\t\t\t\t<section class=\"elementor-section elementor-top-section elementor-element elementor-element-1bc06a3 elementor-section-boxed elementor-section-height-default elementor-section-height-default\" data-id=\"1bc06a3\" data-element_type=\"section\" data-e-type=\"section\">\n\t\t\t\t\t\t<div class=\"elementor-container elementor-column-gap-default\">\n\t\t\t\t\t<div class=\"elementor-column elementor-col-100 elementor-top-column elementor-element elementor-element-70bdff82\" data-id=\"70bdff82\" data-element_type=\"column\" data-e-type=\"column\">\n\t\t\t<div class=\"elementor-widget-wrap elementor-element-populated\">\n\t\t\t\t\t\t<div class=\"elementor-element elementor-element-211d6e47 elementor-widget elementor-widget-text-editor\" data-id=\"211d6e47\" data-element_type=\"widget\" data-e-type=\"widget\" data-widget_type=\"text-editor.default\">\n\t\t\t\t<div class=\"elementor-widget-container\">\n\t\t\t\t\t\t\t\t\t<p><strong>Woltmann MWN-NUBIS-130-WW-IMP t\u00edpus\u00fa nagyv\u00edzm\u00e9r\u0151 meleg v\u00edz m\u00e9r\u00e9s\u00e9re, IP 65-\u00f6s sz\u00e1ml\u00e1l\u00f3m\u0171vel, f\u00e9m \u00e1rny\u00e9kol sapk\u00e1val \u00e9s integr\u00e1lt impulzuskimenettel, MID megfelel\u0151s\u00e9g\u00e9rt\u00e9kel\u00e9s\u0171, ill. hiteles\u00edtett kivitelben, a k\u00f6vetkez\u0151 m\u0171szaki jellemz\u0151kkel:<\/strong><\/p>\t\t\t\t\t\t\t\t<\/div>\n\t\t\t\t<\/div>\n\t\t\t\t\t<\/div>\n\t\t<\/div>\n\t\t\t\t\t<\/div>\n\t\t<\/section>\n\t\t\t\t<section class=\"elementor-section elementor-top-section elementor-element elementor-element-23862702 elementor-section-boxed elementor-section-height-default elementor-section-height-default\" data-id=\"23862702\" data-element_type=\"section\" data-e-type=\"section\">\n\t\t\t\t\t\t<div class=\"elementor-container elementor-column-gap-default\">\n\t\t\t\t\t<div class=\"elementor-column elementor-col-50 elementor-top-column elementor-element elementor-element-676a84d3\" data-id=\"676a84d3\" data-element_type=\"column\" data-e-type=\"column\">\n\t\t\t<div class=\"elementor-widget-wrap elementor-element-populated\">\n\t\t\t\t\t\t<div class=\"elementor-element elementor-element-5f67ccfa elementor-widget elementor-widget-text-editor\" data-id=\"5f67ccfa\" data-element_type=\"widget\" data-e-type=\"widget\" data-widget_type=\"text-editor.default\">\n\t\t\t\t<div class=\"elementor-widget-container\">\n\t\t\t\t\t\t\t\t\t<ul><li>Tetszet\u0151s \u00e9s modern h\u00e1z<\/li><li>m\u00e9r\u0151\u00e1ll\u00e1s k\u00f6nny\u0171 leolvas\u00e1sa<\/li><li>f\u00e9m plomb\u00e1lt \u00e1rny\u00e9kol\u00f3 sapka a m\u00e1gneses manipul\u00e1ci\u00f3 hat\u00e9kony megakad\u00e1lyoz\u00e1s\u00e1ra<\/li><li>Hermetikusan z\u00e1rt 6 dobos sz\u00e1ml\u00e1l\u00f3m\u0171 (IP 65)<\/li><li>A p\u00e1rar\u00e9tegnek ellen\u00e1ll<\/li><li>forgathat\u00f3 sz\u00e1ml\u00e1l\u00f3<\/li><li>integr\u00e1lt impulzuskimenet (REED kapcsol\u00f3)<\/li><li>A fut\u00f3ker\u00e9k mindk\u00e9t oldal\u00e1n csap\u00e1gyazott<\/li><li>opcion\u00e1lisan speci\u00e1lis kivitelben nyom\u00e1sm\u00e9r\u0151 szonda <br \/>csatlakoz\u00f3val is kaphat\u00f3<\/li><li>opcion\u00e1lisan speci\u00e1lis kivitelben ioncser\u00e9lt v\u00edzhez is <br \/>el\u00e9rhet\u0151<\/li><li>meleg v\u00edzhez 130 \u00b0C-ig alkalmas<\/li><li>V\u00edzszintes \u00e9s f\u00fcgg\u0151leges vezet\u00e9kbe t\u00f6rt\u00e9n\u0151 be\u00e9p\u00edt\u00e9sre alkalmas<\/li><li>\u00e1tl\u00f3s be\u00e9p\u00edt\u00e9s is lehets\u00e9ges<\/li><li>Maxim\u00e1lis \u00fczemi nyom\u00e1s PN16<\/li><li>Pontoss\u00e1gi oszt\u00e1ly (MID): R40-ig<\/li><\/ul><div><p><a href=\"https:\/\/mt-merestechnika.net\/wp-content\/uploads\/2024\/01\/MWN-NUBIS-130-WW-IMP.pdf\" target=\"_blank\" rel=\"noopener\">A term\u00e9k m\u0171szaki adatlapja<\/a><\/p><\/div>\t\t\t\t\t\t\t\t<\/div>\n\t\t\t\t<\/div>\n\t\t\t\t\t<\/div>\n\t\t<\/div>\n\t\t\t\t<div class=\"elementor-column elementor-col-50 elementor-top-column elementor-element elementor-element-66be53f1\" data-id=\"66be53f1\" data-element_type=\"column\" data-e-type=\"column\">\n\t\t\t<div class=\"elementor-widget-wrap elementor-element-populated\">\n\t\t\t\t\t\t<div class=\"elementor-element elementor-element-776ee134 elementor-widget elementor-widget-image\" data-id=\"776ee134\" data-element_type=\"widget\" data-e-type=\"widget\" data-widget_type=\"image.default\">\n\t\t\t\t<div class=\"elementor-widget-container\">\n\t\t\t\t\t\t\t\t\t\t\t\t\t\t\t<img fetchpriority=\"high\" decoding=\"async\" width=\"300\" height=\"300\" src=\"https:\/\/mt-merestechnika.net\/wp-content\/uploads\/2023\/04\/MWN-Nubis-mit-Impulsausgang-Warmwasser-Bild_300x300.jpg\" class=\"attachment-medium size-medium wp-image-716\" alt=\"\" srcset=\"https:\/\/mt-merestechnika.net\/wp-content\/uploads\/2023\/04\/MWN-Nubis-mit-Impulsausgang-Warmwasser-Bild_300x300.jpg 300w, https:\/\/mt-merestechnika.net\/wp-content\/uploads\/2023\/04\/MWN-Nubis-mit-Impulsausgang-Warmwasser-Bild_300x300-150x150.jpg 150w, https:\/\/mt-merestechnika.net\/wp-content\/uploads\/2023\/04\/MWN-Nubis-mit-Impulsausgang-Warmwasser-Bild_300x300-100x100.jpg 100w\" sizes=\"(max-width: 300px) 100vw, 300px\" \/>\t\t\t\t\t\t\t\t\t\t\t\t\t\t\t<\/div>\n\t\t\t\t<\/div>\n\t\t\t\t\t<\/div>\n\t\t<\/div>\n\t\t\t\t\t<\/div>\n\t\t<\/section>\n\t\t\t\t<section class=\"elementor-section elementor-top-section elementor-element elementor-element-4921cd47 elementor-section-boxed elementor-section-height-default elementor-section-height-default\" data-id=\"4921cd47\" data-element_type=\"section\" data-e-type=\"section\">\n\t\t\t\t\t\t<div class=\"elementor-container elementor-column-gap-default\">\n\t\t\t\t\t<div class=\"elementor-column elementor-col-100 elementor-top-column elementor-element elementor-element-6e1b55a8\" data-id=\"6e1b55a8\" data-element_type=\"column\" data-e-type=\"column\">\n\t\t\t<div class=\"elementor-widget-wrap elementor-element-populated\">\n\t\t\t\t\t\t\t<\/div>\n\t\t<\/div>\n\t\t\t\t\t<\/div>\n\t\t<\/section>\n\t\t\t\t<section class=\"elementor-section elementor-top-section elementor-element elementor-element-72939189 elementor-section-boxed elementor-section-height-default elementor-section-height-default\" data-id=\"72939189\" data-element_type=\"section\" data-e-type=\"section\">\n\t\t\t\t\t\t<div class=\"elementor-container elementor-column-gap-default\">\n\t\t\t\t\t<div class=\"elementor-column elementor-col-100 elementor-top-column elementor-element elementor-element-46d65d39\" data-id=\"46d65d39\" data-element_type=\"column\" data-e-type=\"column\">\n\t\t\t<div class=\"elementor-widget-wrap\">\n\t\t\t\t\t\t\t<\/div>\n\t\t<\/div>\n\t\t\t\t\t<\/div>\n\t\t<\/section>\n\t\t\t\t<\/div>\n\t\t","protected":false},"excerpt":{"rendered":"<p>MWN-NUBIS-130-WW-IMP t\u00edpus\u00fa Woltmann nagyv\u00edzm\u00e9r\u0151 meleg v\u00edzhez, IP 65-\u00f6s sz\u00e1ml\u00e1l\u00f3m\u0171vel, f\u00e9m \u00e1rny\u00e9kol\u00f3 sapk\u00e1val \u00e9s integr\u00e1lt impulzuskimenettel Woltmann MWN-NUBIS-130-WW-IMP t\u00edpus\u00fa nagyv\u00edzm\u00e9r\u0151 meleg v\u00edz m\u00e9r\u00e9s\u00e9re, IP 65-\u00f6s sz\u00e1ml\u00e1l\u00f3m\u0171vel, f\u00e9m \u00e1rny\u00e9kol sapk\u00e1val \u00e9s integr\u00e1lt impulzuskimenettel, MID megfelel\u0151s\u00e9g\u00e9rt\u00e9kel\u00e9s\u0171, ill. hiteles\u00edtett kivitelben, a k\u00f6vetkez\u0151 m\u0171szaki jellemz\u0151kkel: Tetszet\u0151s \u00e9s modern h\u00e1z m\u00e9r\u0151\u00e1ll\u00e1s k\u00f6nny\u0171 leolvas\u00e1sa f\u00e9m plomb\u00e1lt \u00e1rny\u00e9kol\u00f3 sapka a m\u00e1gneses manipul\u00e1ci\u00f3 hat\u00e9kony [&hellip;]<\/p>\n","protected":false},"author":1,"featured_media":0,"parent":0,"menu_order":0,"comment_status":"closed","ping_status":"closed","template":"","meta":{"ocean_post_layout":"","ocean_both_sidebars_style":"","ocean_both_sidebars_content_width":0,"ocean_both_sidebars_sidebars_width":0,"ocean_sidebar":"0","ocean_second_sidebar":"0","ocean_disable_margins":"enable","ocean_add_body_class":"","ocean_shortcode_before_top_bar":"","ocean_shortcode_after_top_bar":"","ocean_shortcode_before_header":"","ocean_shortcode_after_header":"","ocean_has_shortcode":"","ocean_shortcode_after_title":"","ocean_shortcode_before_footer_widgets":"","ocean_shortcode_after_footer_widgets":"","ocean_shortcode_before_footer_bottom":"","ocean_shortcode_after_footer_bottom":"","ocean_display_top_bar":"default","ocean_display_header":"default","ocean_header_style":"","ocean_center_header_left_menu":"0","ocean_custom_header_template":"0","ocean_custom_logo":0,"ocean_custom_retina_logo":0,"ocean_custom_logo_max_width":0,"ocean_custom_logo_tablet_max_width":0,"ocean_custom_logo_mobile_max_width":0,"ocean_custom_logo_max_height":0,"ocean_custom_logo_tablet_max_height":0,"ocean_custom_logo_mobile_max_height":0,"ocean_header_custom_menu":"0","ocean_menu_typo_font_family":"0","ocean_menu_typo_font_subset":"","ocean_menu_typo_font_size":0,"ocean_menu_typo_font_size_tablet":0,"ocean_menu_typo_font_size_mobile":0,"ocean_menu_typo_font_size_unit":"px","ocean_menu_typo_font_weight":"","ocean_menu_typo_font_weight_tablet":"","ocean_menu_typo_font_weight_mobile":"","ocean_menu_typo_transform":"","ocean_menu_typo_transform_tablet":"","ocean_menu_typo_transform_mobile":"","ocean_menu_typo_line_height":0,"ocean_menu_typo_line_height_tablet":0,"ocean_menu_typo_line_height_mobile":0,"ocean_menu_typo_line_height_unit":"","ocean_menu_typo_spacing":0,"ocean_menu_typo_spacing_tablet":0,"ocean_menu_typo_spacing_mobile":0,"ocean_menu_typo_spacing_unit":"","ocean_menu_link_color":"","ocean_menu_link_color_hover":"","ocean_menu_link_color_active":"","ocean_menu_link_background":"","ocean_menu_link_hover_background":"","ocean_menu_link_active_background":"","ocean_menu_social_links_bg":"","ocean_menu_social_hover_links_bg":"","ocean_menu_social_links_color":"","ocean_menu_social_hover_links_color":"","ocean_disable_title":"default","ocean_disable_heading":"default","ocean_post_title":"","ocean_post_subheading":"","ocean_post_title_style":"","ocean_post_title_background_color":"","ocean_post_title_background":0,"ocean_post_title_bg_image_position":"","ocean_post_title_bg_image_attachment":"","ocean_post_title_bg_image_repeat":"","ocean_post_title_bg_image_size":"","ocean_post_title_height":0,"ocean_post_title_bg_overlay":0.5,"ocean_post_title_bg_overlay_color":"","ocean_disable_breadcrumbs":"default","ocean_breadcrumbs_color":"","ocean_breadcrumbs_separator_color":"","ocean_breadcrumbs_links_color":"","ocean_breadcrumbs_links_hover_color":"","ocean_display_footer_widgets":"default","ocean_display_footer_bottom":"default","ocean_custom_footer_template":"0","footnotes":""},"class_list":["post-715","page","type-page","status-publish","hentry","entry","owp-thumbs-layout-horizontal","owp-btn-normal","owp-tabs-layout-horizontal","has-no-thumbnails","has-product-nav"],"yoast_head":"<!-- This site is optimized with the Yoast SEO plugin v27.5 - https:\/\/yoast.com\/product\/yoast-seo-wordpress\/ -->\n<title>MWN-NUBIS-130-WW-IMP - MT M\u00e9r\u00e9stechnika<\/title>\n<meta name=\"robots\" content=\"index, follow, max-snippet:-1, max-image-preview:large, max-video-preview:-1\" \/>\n<link rel=\"canonical\" href=\"https:\/\/mt-merestechnika.net\/index.php\/typ-mwn-nubis-130-ww-imp\/\" \/>\n<meta property=\"og:locale\" content=\"de_DE\" \/>\n<meta property=\"og:type\" content=\"article\" \/>\n<meta property=\"og:title\" content=\"MWN-NUBIS-130-WW-IMP - MT M\u00e9r\u00e9stechnika\" \/>\n<meta property=\"og:description\" content=\"MWN-NUBIS-130-WW-IMP t\u00edpus\u00fa Woltmann nagyv\u00edzm\u00e9r\u0151 meleg v\u00edzhez, IP 65-\u00f6s sz\u00e1ml\u00e1l\u00f3m\u0171vel, f\u00e9m \u00e1rny\u00e9kol\u00f3 sapk\u00e1val \u00e9s integr\u00e1lt impulzuskimenettel Woltmann MWN-NUBIS-130-WW-IMP t\u00edpus\u00fa nagyv\u00edzm\u00e9r\u0151 meleg v\u00edz m\u00e9r\u00e9s\u00e9re, IP 65-\u00f6s sz\u00e1ml\u00e1l\u00f3m\u0171vel, f\u00e9m \u00e1rny\u00e9kol sapk\u00e1val \u00e9s integr\u00e1lt impulzuskimenettel, MID megfelel\u0151s\u00e9g\u00e9rt\u00e9kel\u00e9s\u0171, ill. hiteles\u00edtett kivitelben, a k\u00f6vetkez\u0151 m\u0171szaki jellemz\u0151kkel: Tetszet\u0151s \u00e9s modern h\u00e1z m\u00e9r\u0151\u00e1ll\u00e1s k\u00f6nny\u0171 leolvas\u00e1sa f\u00e9m plomb\u00e1lt \u00e1rny\u00e9kol\u00f3 sapka a m\u00e1gneses manipul\u00e1ci\u00f3 hat\u00e9kony [&hellip;]\" \/>\n<meta property=\"og:url\" content=\"https:\/\/mt-merestechnika.net\/index.php\/typ-mwn-nubis-130-ww-imp\/\" \/>\n<meta property=\"og:site_name\" content=\"MT M\u00e9r\u00e9stechnika\" \/>\n<meta property=\"article:modified_time\" content=\"2025-09-08T12:27:43+00:00\" \/>\n<meta property=\"og:image\" content=\"https:\/\/mt-merestechnika.net\/wp-content\/uploads\/2023\/04\/MWN-Nubis-mit-Impulsausgang-Warmwasser-Bild_300x300.jpg\" \/>\n<meta name=\"twitter:card\" content=\"summary_large_image\" \/>\n<meta name=\"twitter:label1\" content=\"Gesch\u00e4tzte Lesezeit\" \/>\n\t<meta name=\"twitter:data1\" content=\"1\u00a0Minute\" \/>\n<script type=\"application\/ld+json\" class=\"yoast-schema-graph\">{\"@context\":\"https:\\\/\\\/schema.org\",\"@graph\":[{\"@type\":\"WebPage\",\"@id\":\"https:\\\/\\\/mt-merestechnika.net\\\/index.php\\\/typ-mwn-nubis-130-ww-imp\\\/\",\"url\":\"https:\\\/\\\/mt-merestechnika.net\\\/index.php\\\/typ-mwn-nubis-130-ww-imp\\\/\",\"name\":\"MWN-NUBIS-130-WW-IMP - MT M\u00e9r\u00e9stechnika\",\"isPartOf\":{\"@id\":\"https:\\\/\\\/mt-merestechnika.net\\\/#website\"},\"primaryImageOfPage\":{\"@id\":\"https:\\\/\\\/mt-merestechnika.net\\\/index.php\\\/typ-mwn-nubis-130-ww-imp\\\/#primaryimage\"},\"image\":{\"@id\":\"https:\\\/\\\/mt-merestechnika.net\\\/index.php\\\/typ-mwn-nubis-130-ww-imp\\\/#primaryimage\"},\"thumbnailUrl\":\"https:\\\/\\\/mt-merestechnika.net\\\/wp-content\\\/uploads\\\/2023\\\/04\\\/MWN-Nubis-mit-Impulsausgang-Warmwasser-Bild_300x300.jpg\",\"datePublished\":\"2023-04-07T10:28:03+00:00\",\"dateModified\":\"2025-09-08T12:27:43+00:00\",\"breadcrumb\":{\"@id\":\"https:\\\/\\\/mt-merestechnika.net\\\/index.php\\\/typ-mwn-nubis-130-ww-imp\\\/#breadcrumb\"},\"inLanguage\":\"de\",\"potentialAction\":[{\"@type\":\"ReadAction\",\"target\":[\"https:\\\/\\\/mt-merestechnika.net\\\/index.php\\\/typ-mwn-nubis-130-ww-imp\\\/\"]}]},{\"@type\":\"ImageObject\",\"inLanguage\":\"de\",\"@id\":\"https:\\\/\\\/mt-merestechnika.net\\\/index.php\\\/typ-mwn-nubis-130-ww-imp\\\/#primaryimage\",\"url\":\"https:\\\/\\\/mt-merestechnika.net\\\/wp-content\\\/uploads\\\/2023\\\/04\\\/MWN-Nubis-mit-Impulsausgang-Warmwasser-Bild_300x300.jpg\",\"contentUrl\":\"https:\\\/\\\/mt-merestechnika.net\\\/wp-content\\\/uploads\\\/2023\\\/04\\\/MWN-Nubis-mit-Impulsausgang-Warmwasser-Bild_300x300.jpg\",\"width\":300,\"height\":300},{\"@type\":\"BreadcrumbList\",\"@id\":\"https:\\\/\\\/mt-merestechnika.net\\\/index.php\\\/typ-mwn-nubis-130-ww-imp\\\/#breadcrumb\",\"itemListElement\":[{\"@type\":\"ListItem\",\"position\":1,\"name\":\"Start\",\"item\":\"https:\\\/\\\/mt-merestechnika.net\\\/\"},{\"@type\":\"ListItem\",\"position\":2,\"name\":\"MWN-NUBIS-130-WW-IMP\"}]},{\"@type\":\"WebSite\",\"@id\":\"https:\\\/\\\/mt-merestechnika.net\\\/#website\",\"url\":\"https:\\\/\\\/mt-merestechnika.net\\\/\",\"name\":\"MT M\u00e9r\u00e9stechnika\",\"description\":\"AZ \u00d6N ENERGIAPARTNERE\",\"publisher\":{\"@id\":\"https:\\\/\\\/mt-merestechnika.net\\\/#organization\"},\"potentialAction\":[{\"@type\":\"SearchAction\",\"target\":{\"@type\":\"EntryPoint\",\"urlTemplate\":\"https:\\\/\\\/mt-merestechnika.net\\\/?s={search_term_string}\"},\"query-input\":{\"@type\":\"PropertyValueSpecification\",\"valueRequired\":true,\"valueName\":\"search_term_string\"}}],\"inLanguage\":\"de\"},{\"@type\":\"Organization\",\"@id\":\"https:\\\/\\\/mt-merestechnika.net\\\/#organization\",\"name\":\"MT M\u00e9r\u00e9stechnika\",\"url\":\"https:\\\/\\\/mt-merestechnika.net\\\/\",\"logo\":{\"@type\":\"ImageObject\",\"inLanguage\":\"de\",\"@id\":\"https:\\\/\\\/mt-merestechnika.net\\\/#\\\/schema\\\/logo\\\/image\\\/\",\"url\":\"https:\\\/\\\/mt-merestechnika.net\\\/wp-content\\\/uploads\\\/2023\\\/11\\\/cropped-logo_hu_web_425px.png\",\"contentUrl\":\"https:\\\/\\\/mt-merestechnika.net\\\/wp-content\\\/uploads\\\/2023\\\/11\\\/cropped-logo_hu_web_425px.png\",\"width\":425,\"height\":65,\"caption\":\"MT M\u00e9r\u00e9stechnika\"},\"image\":{\"@id\":\"https:\\\/\\\/mt-merestechnika.net\\\/#\\\/schema\\\/logo\\\/image\\\/\"}}]}<\/script>\n<!-- \/ Yoast SEO plugin. -->","yoast_head_json":{"title":"MWN-NUBIS-130-WW-IMP - MT M\u00e9r\u00e9stechnika","robots":{"index":"index","follow":"follow","max-snippet":"max-snippet:-1","max-image-preview":"max-image-preview:large","max-video-preview":"max-video-preview:-1"},"canonical":"https:\/\/mt-merestechnika.net\/index.php\/typ-mwn-nubis-130-ww-imp\/","og_locale":"de_DE","og_type":"article","og_title":"MWN-NUBIS-130-WW-IMP - MT M\u00e9r\u00e9stechnika","og_description":"MWN-NUBIS-130-WW-IMP t\u00edpus\u00fa Woltmann nagyv\u00edzm\u00e9r\u0151 meleg v\u00edzhez, IP 65-\u00f6s sz\u00e1ml\u00e1l\u00f3m\u0171vel, f\u00e9m \u00e1rny\u00e9kol\u00f3 sapk\u00e1val \u00e9s integr\u00e1lt impulzuskimenettel Woltmann MWN-NUBIS-130-WW-IMP t\u00edpus\u00fa nagyv\u00edzm\u00e9r\u0151 meleg v\u00edz m\u00e9r\u00e9s\u00e9re, IP 65-\u00f6s sz\u00e1ml\u00e1l\u00f3m\u0171vel, f\u00e9m \u00e1rny\u00e9kol sapk\u00e1val \u00e9s integr\u00e1lt impulzuskimenettel, MID megfelel\u0151s\u00e9g\u00e9rt\u00e9kel\u00e9s\u0171, ill. hiteles\u00edtett kivitelben, a k\u00f6vetkez\u0151 m\u0171szaki jellemz\u0151kkel: Tetszet\u0151s \u00e9s modern h\u00e1z m\u00e9r\u0151\u00e1ll\u00e1s k\u00f6nny\u0171 leolvas\u00e1sa f\u00e9m plomb\u00e1lt \u00e1rny\u00e9kol\u00f3 sapka a m\u00e1gneses manipul\u00e1ci\u00f3 hat\u00e9kony [&hellip;]","og_url":"https:\/\/mt-merestechnika.net\/index.php\/typ-mwn-nubis-130-ww-imp\/","og_site_name":"MT M\u00e9r\u00e9stechnika","article_modified_time":"2025-09-08T12:27:43+00:00","og_image":[{"url":"https:\/\/mt-merestechnika.net\/wp-content\/uploads\/2023\/04\/MWN-Nubis-mit-Impulsausgang-Warmwasser-Bild_300x300.jpg","type":"","width":"","height":""}],"twitter_card":"summary_large_image","twitter_misc":{"Gesch\u00e4tzte Lesezeit":"1\u00a0Minute"},"schema":{"@context":"https:\/\/schema.org","@graph":[{"@type":"WebPage","@id":"https:\/\/mt-merestechnika.net\/index.php\/typ-mwn-nubis-130-ww-imp\/","url":"https:\/\/mt-merestechnika.net\/index.php\/typ-mwn-nubis-130-ww-imp\/","name":"MWN-NUBIS-130-WW-IMP - MT M\u00e9r\u00e9stechnika","isPartOf":{"@id":"https:\/\/mt-merestechnika.net\/#website"},"primaryImageOfPage":{"@id":"https:\/\/mt-merestechnika.net\/index.php\/typ-mwn-nubis-130-ww-imp\/#primaryimage"},"image":{"@id":"https:\/\/mt-merestechnika.net\/index.php\/typ-mwn-nubis-130-ww-imp\/#primaryimage"},"thumbnailUrl":"https:\/\/mt-merestechnika.net\/wp-content\/uploads\/2023\/04\/MWN-Nubis-mit-Impulsausgang-Warmwasser-Bild_300x300.jpg","datePublished":"2023-04-07T10:28:03+00:00","dateModified":"2025-09-08T12:27:43+00:00","breadcrumb":{"@id":"https:\/\/mt-merestechnika.net\/index.php\/typ-mwn-nubis-130-ww-imp\/#breadcrumb"},"inLanguage":"de","potentialAction":[{"@type":"ReadAction","target":["https:\/\/mt-merestechnika.net\/index.php\/typ-mwn-nubis-130-ww-imp\/"]}]},{"@type":"ImageObject","inLanguage":"de","@id":"https:\/\/mt-merestechnika.net\/index.php\/typ-mwn-nubis-130-ww-imp\/#primaryimage","url":"https:\/\/mt-merestechnika.net\/wp-content\/uploads\/2023\/04\/MWN-Nubis-mit-Impulsausgang-Warmwasser-Bild_300x300.jpg","contentUrl":"https:\/\/mt-merestechnika.net\/wp-content\/uploads\/2023\/04\/MWN-Nubis-mit-Impulsausgang-Warmwasser-Bild_300x300.jpg","width":300,"height":300},{"@type":"BreadcrumbList","@id":"https:\/\/mt-merestechnika.net\/index.php\/typ-mwn-nubis-130-ww-imp\/#breadcrumb","itemListElement":[{"@type":"ListItem","position":1,"name":"Start","item":"https:\/\/mt-merestechnika.net\/"},{"@type":"ListItem","position":2,"name":"MWN-NUBIS-130-WW-IMP"}]},{"@type":"WebSite","@id":"https:\/\/mt-merestechnika.net\/#website","url":"https:\/\/mt-merestechnika.net\/","name":"MT M\u00e9r\u00e9stechnika","description":"AZ \u00d6N ENERGIAPARTNERE","publisher":{"@id":"https:\/\/mt-merestechnika.net\/#organization"},"potentialAction":[{"@type":"SearchAction","target":{"@type":"EntryPoint","urlTemplate":"https:\/\/mt-merestechnika.net\/?s={search_term_string}"},"query-input":{"@type":"PropertyValueSpecification","valueRequired":true,"valueName":"search_term_string"}}],"inLanguage":"de"},{"@type":"Organization","@id":"https:\/\/mt-merestechnika.net\/#organization","name":"MT M\u00e9r\u00e9stechnika","url":"https:\/\/mt-merestechnika.net\/","logo":{"@type":"ImageObject","inLanguage":"de","@id":"https:\/\/mt-merestechnika.net\/#\/schema\/logo\/image\/","url":"https:\/\/mt-merestechnika.net\/wp-content\/uploads\/2023\/11\/cropped-logo_hu_web_425px.png","contentUrl":"https:\/\/mt-merestechnika.net\/wp-content\/uploads\/2023\/11\/cropped-logo_hu_web_425px.png","width":425,"height":65,"caption":"MT M\u00e9r\u00e9stechnika"},"image":{"@id":"https:\/\/mt-merestechnika.net\/#\/schema\/logo\/image\/"}}]}},"jetpack_sharing_enabled":true,"_links":{"self":[{"href":"https:\/\/mt-merestechnika.net\/index.php\/wp-json\/wp\/v2\/pages\/715","targetHints":{"allow":["GET"]}}],"collection":[{"href":"https:\/\/mt-merestechnika.net\/index.php\/wp-json\/wp\/v2\/pages"}],"about":[{"href":"https:\/\/mt-merestechnika.net\/index.php\/wp-json\/wp\/v2\/types\/page"}],"author":[{"embeddable":true,"href":"https:\/\/mt-merestechnika.net\/index.php\/wp-json\/wp\/v2\/users\/1"}],"replies":[{"embeddable":true,"href":"https:\/\/mt-merestechnika.net\/index.php\/wp-json\/wp\/v2\/comments?post=715"}],"version-history":[{"count":8,"href":"https:\/\/mt-merestechnika.net\/index.php\/wp-json\/wp\/v2\/pages\/715\/revisions"}],"predecessor-version":[{"id":21049,"href":"https:\/\/mt-merestechnika.net\/index.php\/wp-json\/wp\/v2\/pages\/715\/revisions\/21049"}],"wp:attachment":[{"href":"https:\/\/mt-merestechnika.net\/index.php\/wp-json\/wp\/v2\/media?parent=715"}],"curies":[{"name":"wp","href":"https:\/\/api.w.org\/{rel}","templated":true}]}}