{"id":608,"date":"2023-04-07T10:27:57","date_gmt":"2023-04-07T10:27:57","guid":{"rendered":"https:\/\/mt-mjernatehnika.com\/wordpress\/m-bus-impulsni-adapter-im001\/"},"modified":"2025-09-08T13:08:49","modified_gmt":"2025-09-08T13:08:49","slug":"m-bus-impulsni-adapter-im001","status":"publish","type":"page","link":"https:\/\/mt-merestechnika.net\/index.php\/m-bus-impulsni-adapter-im001\/","title":{"rendered":"M-Bus impulsni adapter IM001"},"content":{"rendered":"\t\t<div data-elementor-type=\"wp-page\" data-elementor-id=\"608\" class=\"elementor elementor-608\">\n\t\t\t\t\t\t<section class=\"elementor-section elementor-top-section elementor-element elementor-element-5fbe52ee elementor-section-boxed elementor-section-height-default elementor-section-height-default\" data-id=\"5fbe52ee\" data-element_type=\"section\" data-e-type=\"section\">\n\t\t\t\t\t\t<div class=\"elementor-container elementor-column-gap-default\">\n\t\t\t\t\t<div class=\"elementor-column elementor-col-100 elementor-top-column elementor-element elementor-element-5930ce6d\" data-id=\"5930ce6d\" data-element_type=\"column\" data-e-type=\"column\">\n\t\t\t<div class=\"elementor-widget-wrap elementor-element-populated\">\n\t\t\t\t\t\t<div class=\"elementor-element elementor-element-13803432 elementor-widget elementor-widget-heading\" data-id=\"13803432\" data-element_type=\"widget\" data-e-type=\"widget\" data-widget_type=\"heading.default\">\n\t\t\t\t<div class=\"elementor-widget-container\">\n\t\t\t\t\t<h1 class=\"elementor-heading-title elementor-size-default\">M-Bus impulsni adapter u verziji na plo\u010di, tip IM001<\/h1>\t\t\t\t<\/div>\n\t\t\t\t<\/div>\n\t\t\t\t\t<\/div>\n\t\t<\/div>\n\t\t\t\t\t<\/div>\n\t\t<\/section>\n\t\t\t\t<section class=\"elementor-section elementor-top-section elementor-element elementor-element-2b5fc113 elementor-section-boxed elementor-section-height-default elementor-section-height-default\" data-id=\"2b5fc113\" data-element_type=\"section\" data-e-type=\"section\">\n\t\t\t\t\t\t<div class=\"elementor-container elementor-column-gap-default\">\n\t\t\t\t\t<div class=\"elementor-column elementor-col-100 elementor-top-column elementor-element elementor-element-7e4a0162\" data-id=\"7e4a0162\" data-element_type=\"column\" data-e-type=\"column\">\n\t\t\t<div class=\"elementor-widget-wrap elementor-element-populated\">\n\t\t\t\t\t\t<div class=\"elementor-element elementor-element-292655b4 elementor-widget elementor-widget-text-editor\" data-id=\"292655b4\" data-element_type=\"widget\" data-e-type=\"widget\" data-widget_type=\"text-editor.default\">\n\t\t\t\t<div class=\"elementor-widget-container\">\n\t\t\t\t\t\t\t\t\t\n<p><strong>M-Bus impulsni adapter, mo\u017ee se koristiti kao OEM proizvod \u2013 za ugradnju u zasebno ku\u0107i\u0161te, za kori\u0161tenje ure\u0111aja za mjerenje potro\u0161nje s generatorima impulsa kao punopravnih M-Bus slave ure\u0111aja (krajnji ure\u0111aji), rad bez napajanje, napajanje putem M-Bus-a ili kori\u0161tenjem ugra\u0111ene baterije sa sljede\u0107im tehni\u010dkim specifikacijama:<\/strong><\/p>\n<ul>\n<li class=\"p1\"><img fetchpriority=\"high\" decoding=\"async\" class=\"size-medium wp-image-9196 alignright\" src=\"https:\/\/900610.jweiland-hosting.de\/wordpress\/wp-content\/uploads\/2022\/02\/Impulsadapter-M001-300x300.jpg\" alt=\"\" width=\"300\" height=\"300\" \/>1-kanalni impulsni adapter IM001<\/li>\n<li class=\"p1\">rad bez napajanja<\/li>\n<li>napajanje iz M-Bus-a ili preko ugra\u0111ene baterije<\/li>\n<li><u>f<\/u>unkcija potpunog brojanja \u010dak i s baterijskim radom (pri\u010duvna baterija u slu\u010daju kvara sabirnice)<\/li>\n<li>priklju\u010dak bespotencijalnog generatora impulsa (reed kontakt, opto-spojnica)<\/li>\n<li>alternativno povezivanje generatora impulsa sa S0 su\u010deljem prema DIN 43864 (potrebno je vanjsko DC napajanje 24 volti)<\/li>\n<li>maksimalna frekvencija impulsa 20 Hz<\/li>\n<li class=\"p1\">odbijanje impulsa<\/li>\n<li>podesiva vrijednost impulsa i jedinica<\/li>\n<li class=\"p1\">M-Bus protokol prema EN 1434-3<\/li>\n<li>potpuno parametriranje putem M-bus-a s funkcijom za\u0161tite od pisanja<\/li>\n<li>OEM proizvod &#8211; za ugradnju u vlastito ku\u0107i\u0161te<\/li>\n<\/ul>\n\n<div class=\"wp-block-file\"><a href=\"https:\/\/mt-merestechnika.net\/index.php\/wordpress\/wp-content\/uploads\/2023\/04\/M-Bus-impulsni-adapter-u-verziji-na-ploci-tip-IM001.pdf\" target=\"_blank\" rel=\"noopener\">Tehni\u010dki list proizvoda\u00a0<\/a><\/div>\n\t\t\t\t\t\t\t\t<\/div>\n\t\t\t\t<\/div>\n\t\t\t\t\t<\/div>\n\t\t<\/div>\n\t\t\t\t\t<\/div>\n\t\t<\/section>\n\t\t\t\t<\/div>\n\t\t","protected":false},"excerpt":{"rendered":"<p>M-Bus impulsni adapter u verziji na plo\u010di, tip IM001 M-Bus impulsni adapter, mo\u017ee se koristiti kao OEM proizvod \u2013 za ugradnju u zasebno ku\u0107i\u0161te, za kori\u0161tenje ure\u0111aja za mjerenje potro\u0161nje s generatorima impulsa kao punopravnih M-Bus slave ure\u0111aja (krajnji ure\u0111aji), rad bez napajanje, napajanje putem M-Bus-a ili kori\u0161tenjem ugra\u0111ene baterije sa sljede\u0107im tehni\u010dkim specifikacijama: 1-kanalni [&hellip;]<\/p>\n","protected":false},"author":1,"featured_media":0,"parent":0,"menu_order":0,"comment_status":"closed","ping_status":"closed","template":"","meta":{"ocean_post_layout":"","ocean_both_sidebars_style":"","ocean_both_sidebars_content_width":0,"ocean_both_sidebars_sidebars_width":0,"ocean_sidebar":"0","ocean_second_sidebar":"0","ocean_disable_margins":"enable","ocean_add_body_class":"","ocean_shortcode_before_top_bar":"","ocean_shortcode_after_top_bar":"","ocean_shortcode_before_header":"","ocean_shortcode_after_header":"","ocean_has_shortcode":"","ocean_shortcode_after_title":"","ocean_shortcode_before_footer_widgets":"","ocean_shortcode_after_footer_widgets":"","ocean_shortcode_before_footer_bottom":"","ocean_shortcode_after_footer_bottom":"","ocean_display_top_bar":"default","ocean_display_header":"default","ocean_header_style":"","ocean_center_header_left_menu":"0","ocean_custom_header_template":"0","ocean_custom_logo":0,"ocean_custom_retina_logo":0,"ocean_custom_logo_max_width":0,"ocean_custom_logo_tablet_max_width":0,"ocean_custom_logo_mobile_max_width":0,"ocean_custom_logo_max_height":0,"ocean_custom_logo_tablet_max_height":0,"ocean_custom_logo_mobile_max_height":0,"ocean_header_custom_menu":"0","ocean_menu_typo_font_family":"0","ocean_menu_typo_font_subset":"","ocean_menu_typo_font_size":0,"ocean_menu_typo_font_size_tablet":0,"ocean_menu_typo_font_size_mobile":0,"ocean_menu_typo_font_size_unit":"px","ocean_menu_typo_font_weight":"","ocean_menu_typo_font_weight_tablet":"","ocean_menu_typo_font_weight_mobile":"","ocean_menu_typo_transform":"","ocean_menu_typo_transform_tablet":"","ocean_menu_typo_transform_mobile":"","ocean_menu_typo_line_height":0,"ocean_menu_typo_line_height_tablet":0,"ocean_menu_typo_line_height_mobile":0,"ocean_menu_typo_line_height_unit":"","ocean_menu_typo_spacing":0,"ocean_menu_typo_spacing_tablet":0,"ocean_menu_typo_spacing_mobile":0,"ocean_menu_typo_spacing_unit":"","ocean_menu_link_color":"","ocean_menu_link_color_hover":"","ocean_menu_link_color_active":"","ocean_menu_link_background":"","ocean_menu_link_hover_background":"","ocean_menu_link_active_background":"","ocean_menu_social_links_bg":"","ocean_menu_social_hover_links_bg":"","ocean_menu_social_links_color":"","ocean_menu_social_hover_links_color":"","ocean_disable_title":"default","ocean_disable_heading":"default","ocean_post_title":"","ocean_post_subheading":"","ocean_post_title_style":"","ocean_post_title_background_color":"","ocean_post_title_background":0,"ocean_post_title_bg_image_position":"","ocean_post_title_bg_image_attachment":"","ocean_post_title_bg_image_repeat":"","ocean_post_title_bg_image_size":"","ocean_post_title_height":0,"ocean_post_title_bg_overlay":0.5,"ocean_post_title_bg_overlay_color":"","ocean_disable_breadcrumbs":"default","ocean_breadcrumbs_color":"","ocean_breadcrumbs_separator_color":"","ocean_breadcrumbs_links_color":"","ocean_breadcrumbs_links_hover_color":"","ocean_display_footer_widgets":"default","ocean_display_footer_bottom":"default","ocean_custom_footer_template":"0","footnotes":""},"class_list":["post-608","page","type-page","status-publish","hentry","entry","owp-thumbs-layout-horizontal","owp-btn-normal","owp-tabs-layout-horizontal","has-no-thumbnails","has-product-nav"],"yoast_head":"<!-- This site is optimized with the Yoast SEO plugin v27.6 - https:\/\/yoast.com\/product\/yoast-seo-wordpress\/ -->\n<title>M-Bus impulsni adapter IM001 - MT M\u00e9r\u00e9stechnika<\/title>\n<meta name=\"robots\" content=\"index, follow, max-snippet:-1, max-image-preview:large, max-video-preview:-1\" \/>\n<link rel=\"canonical\" href=\"https:\/\/mt-merestechnika.net\/index.php\/m-bus-impulsni-adapter-im001\/\" \/>\n<meta property=\"og:locale\" content=\"de_DE\" \/>\n<meta property=\"og:type\" content=\"article\" \/>\n<meta property=\"og:title\" content=\"M-Bus impulsni adapter IM001 - MT M\u00e9r\u00e9stechnika\" \/>\n<meta property=\"og:description\" content=\"M-Bus impulsni adapter u verziji na plo\u010di, tip IM001 M-Bus impulsni adapter, mo\u017ee se koristiti kao OEM proizvod \u2013 za ugradnju u zasebno ku\u0107i\u0161te, za kori\u0161tenje ure\u0111aja za mjerenje potro\u0161nje s generatorima impulsa kao punopravnih M-Bus slave ure\u0111aja (krajnji ure\u0111aji), rad bez napajanje, napajanje putem M-Bus-a ili kori\u0161tenjem ugra\u0111ene baterije sa sljede\u0107im tehni\u010dkim specifikacijama: 1-kanalni [&hellip;]\" \/>\n<meta property=\"og:url\" content=\"https:\/\/mt-merestechnika.net\/index.php\/m-bus-impulsni-adapter-im001\/\" \/>\n<meta property=\"og:site_name\" content=\"MT M\u00e9r\u00e9stechnika\" \/>\n<meta property=\"article:modified_time\" content=\"2025-09-08T13:08:49+00:00\" \/>\n<meta property=\"og:image\" content=\"https:\/\/900610.jweiland-hosting.de\/wordpress\/wp-content\/uploads\/2022\/02\/Impulsadapter-M001-300x300.jpg\" \/>\n<meta name=\"twitter:card\" content=\"summary_large_image\" \/>\n<meta name=\"twitter:label1\" content=\"Gesch\u00e4tzte Lesezeit\" \/>\n\t<meta name=\"twitter:data1\" content=\"1\u00a0Minute\" \/>\n<script type=\"application\/ld+json\" class=\"yoast-schema-graph\">{\"@context\":\"https:\\\/\\\/schema.org\",\"@graph\":[{\"@type\":\"WebPage\",\"@id\":\"https:\\\/\\\/mt-merestechnika.net\\\/index.php\\\/m-bus-impulsni-adapter-im001\\\/\",\"url\":\"https:\\\/\\\/mt-merestechnika.net\\\/index.php\\\/m-bus-impulsni-adapter-im001\\\/\",\"name\":\"M-Bus impulsni adapter IM001 - MT M\u00e9r\u00e9stechnika\",\"isPartOf\":{\"@id\":\"https:\\\/\\\/mt-merestechnika.net\\\/#website\"},\"primaryImageOfPage\":{\"@id\":\"https:\\\/\\\/mt-merestechnika.net\\\/index.php\\\/m-bus-impulsni-adapter-im001\\\/#primaryimage\"},\"image\":{\"@id\":\"https:\\\/\\\/mt-merestechnika.net\\\/index.php\\\/m-bus-impulsni-adapter-im001\\\/#primaryimage\"},\"thumbnailUrl\":\"https:\\\/\\\/900610.jweiland-hosting.de\\\/wordpress\\\/wp-content\\\/uploads\\\/2022\\\/02\\\/Impulsadapter-M001-300x300.jpg\",\"datePublished\":\"2023-04-07T10:27:57+00:00\",\"dateModified\":\"2025-09-08T13:08:49+00:00\",\"breadcrumb\":{\"@id\":\"https:\\\/\\\/mt-merestechnika.net\\\/index.php\\\/m-bus-impulsni-adapter-im001\\\/#breadcrumb\"},\"inLanguage\":\"de\",\"potentialAction\":[{\"@type\":\"ReadAction\",\"target\":[\"https:\\\/\\\/mt-merestechnika.net\\\/index.php\\\/m-bus-impulsni-adapter-im001\\\/\"]}]},{\"@type\":\"ImageObject\",\"inLanguage\":\"de\",\"@id\":\"https:\\\/\\\/mt-merestechnika.net\\\/index.php\\\/m-bus-impulsni-adapter-im001\\\/#primaryimage\",\"url\":\"https:\\\/\\\/900610.jweiland-hosting.de\\\/wordpress\\\/wp-content\\\/uploads\\\/2022\\\/02\\\/Impulsadapter-M001-300x300.jpg\",\"contentUrl\":\"https:\\\/\\\/900610.jweiland-hosting.de\\\/wordpress\\\/wp-content\\\/uploads\\\/2022\\\/02\\\/Impulsadapter-M001-300x300.jpg\"},{\"@type\":\"BreadcrumbList\",\"@id\":\"https:\\\/\\\/mt-merestechnika.net\\\/index.php\\\/m-bus-impulsni-adapter-im001\\\/#breadcrumb\",\"itemListElement\":[{\"@type\":\"ListItem\",\"position\":1,\"name\":\"Start\",\"item\":\"https:\\\/\\\/mt-merestechnika.net\\\/\"},{\"@type\":\"ListItem\",\"position\":2,\"name\":\"M-Bus impulsni adapter IM001\"}]},{\"@type\":\"WebSite\",\"@id\":\"https:\\\/\\\/mt-merestechnika.net\\\/#website\",\"url\":\"https:\\\/\\\/mt-merestechnika.net\\\/\",\"name\":\"MT M\u00e9r\u00e9stechnika\",\"description\":\"AZ \u00d6N ENERGIAPARTNERE\",\"publisher\":{\"@id\":\"https:\\\/\\\/mt-merestechnika.net\\\/#organization\"},\"potentialAction\":[{\"@type\":\"SearchAction\",\"target\":{\"@type\":\"EntryPoint\",\"urlTemplate\":\"https:\\\/\\\/mt-merestechnika.net\\\/?s={search_term_string}\"},\"query-input\":{\"@type\":\"PropertyValueSpecification\",\"valueRequired\":true,\"valueName\":\"search_term_string\"}}],\"inLanguage\":\"de\"},{\"@type\":\"Organization\",\"@id\":\"https:\\\/\\\/mt-merestechnika.net\\\/#organization\",\"name\":\"MT M\u00e9r\u00e9stechnika\",\"url\":\"https:\\\/\\\/mt-merestechnika.net\\\/\",\"logo\":{\"@type\":\"ImageObject\",\"inLanguage\":\"de\",\"@id\":\"https:\\\/\\\/mt-merestechnika.net\\\/#\\\/schema\\\/logo\\\/image\\\/\",\"url\":\"https:\\\/\\\/mt-merestechnika.net\\\/wp-content\\\/uploads\\\/2023\\\/11\\\/cropped-logo_hu_web_425px.png\",\"contentUrl\":\"https:\\\/\\\/mt-merestechnika.net\\\/wp-content\\\/uploads\\\/2023\\\/11\\\/cropped-logo_hu_web_425px.png\",\"width\":425,\"height\":65,\"caption\":\"MT M\u00e9r\u00e9stechnika\"},\"image\":{\"@id\":\"https:\\\/\\\/mt-merestechnika.net\\\/#\\\/schema\\\/logo\\\/image\\\/\"}}]}<\/script>\n<!-- \/ Yoast SEO plugin. -->","yoast_head_json":{"title":"M-Bus impulsni adapter IM001 - MT M\u00e9r\u00e9stechnika","robots":{"index":"index","follow":"follow","max-snippet":"max-snippet:-1","max-image-preview":"max-image-preview:large","max-video-preview":"max-video-preview:-1"},"canonical":"https:\/\/mt-merestechnika.net\/index.php\/m-bus-impulsni-adapter-im001\/","og_locale":"de_DE","og_type":"article","og_title":"M-Bus impulsni adapter IM001 - MT M\u00e9r\u00e9stechnika","og_description":"M-Bus impulsni adapter u verziji na plo\u010di, tip IM001 M-Bus impulsni adapter, mo\u017ee se koristiti kao OEM proizvod \u2013 za ugradnju u zasebno ku\u0107i\u0161te, za kori\u0161tenje ure\u0111aja za mjerenje potro\u0161nje s generatorima impulsa kao punopravnih M-Bus slave ure\u0111aja (krajnji ure\u0111aji), rad bez napajanje, napajanje putem M-Bus-a ili kori\u0161tenjem ugra\u0111ene baterije sa sljede\u0107im tehni\u010dkim specifikacijama: 1-kanalni [&hellip;]","og_url":"https:\/\/mt-merestechnika.net\/index.php\/m-bus-impulsni-adapter-im001\/","og_site_name":"MT M\u00e9r\u00e9stechnika","article_modified_time":"2025-09-08T13:08:49+00:00","og_image":[{"url":"https:\/\/900610.jweiland-hosting.de\/wordpress\/wp-content\/uploads\/2022\/02\/Impulsadapter-M001-300x300.jpg","type":"","width":"","height":""}],"twitter_card":"summary_large_image","twitter_misc":{"Gesch\u00e4tzte Lesezeit":"1\u00a0Minute"},"schema":{"@context":"https:\/\/schema.org","@graph":[{"@type":"WebPage","@id":"https:\/\/mt-merestechnika.net\/index.php\/m-bus-impulsni-adapter-im001\/","url":"https:\/\/mt-merestechnika.net\/index.php\/m-bus-impulsni-adapter-im001\/","name":"M-Bus impulsni adapter IM001 - MT M\u00e9r\u00e9stechnika","isPartOf":{"@id":"https:\/\/mt-merestechnika.net\/#website"},"primaryImageOfPage":{"@id":"https:\/\/mt-merestechnika.net\/index.php\/m-bus-impulsni-adapter-im001\/#primaryimage"},"image":{"@id":"https:\/\/mt-merestechnika.net\/index.php\/m-bus-impulsni-adapter-im001\/#primaryimage"},"thumbnailUrl":"https:\/\/900610.jweiland-hosting.de\/wordpress\/wp-content\/uploads\/2022\/02\/Impulsadapter-M001-300x300.jpg","datePublished":"2023-04-07T10:27:57+00:00","dateModified":"2025-09-08T13:08:49+00:00","breadcrumb":{"@id":"https:\/\/mt-merestechnika.net\/index.php\/m-bus-impulsni-adapter-im001\/#breadcrumb"},"inLanguage":"de","potentialAction":[{"@type":"ReadAction","target":["https:\/\/mt-merestechnika.net\/index.php\/m-bus-impulsni-adapter-im001\/"]}]},{"@type":"ImageObject","inLanguage":"de","@id":"https:\/\/mt-merestechnika.net\/index.php\/m-bus-impulsni-adapter-im001\/#primaryimage","url":"https:\/\/900610.jweiland-hosting.de\/wordpress\/wp-content\/uploads\/2022\/02\/Impulsadapter-M001-300x300.jpg","contentUrl":"https:\/\/900610.jweiland-hosting.de\/wordpress\/wp-content\/uploads\/2022\/02\/Impulsadapter-M001-300x300.jpg"},{"@type":"BreadcrumbList","@id":"https:\/\/mt-merestechnika.net\/index.php\/m-bus-impulsni-adapter-im001\/#breadcrumb","itemListElement":[{"@type":"ListItem","position":1,"name":"Start","item":"https:\/\/mt-merestechnika.net\/"},{"@type":"ListItem","position":2,"name":"M-Bus impulsni adapter IM001"}]},{"@type":"WebSite","@id":"https:\/\/mt-merestechnika.net\/#website","url":"https:\/\/mt-merestechnika.net\/","name":"MT M\u00e9r\u00e9stechnika","description":"AZ \u00d6N ENERGIAPARTNERE","publisher":{"@id":"https:\/\/mt-merestechnika.net\/#organization"},"potentialAction":[{"@type":"SearchAction","target":{"@type":"EntryPoint","urlTemplate":"https:\/\/mt-merestechnika.net\/?s={search_term_string}"},"query-input":{"@type":"PropertyValueSpecification","valueRequired":true,"valueName":"search_term_string"}}],"inLanguage":"de"},{"@type":"Organization","@id":"https:\/\/mt-merestechnika.net\/#organization","name":"MT M\u00e9r\u00e9stechnika","url":"https:\/\/mt-merestechnika.net\/","logo":{"@type":"ImageObject","inLanguage":"de","@id":"https:\/\/mt-merestechnika.net\/#\/schema\/logo\/image\/","url":"https:\/\/mt-merestechnika.net\/wp-content\/uploads\/2023\/11\/cropped-logo_hu_web_425px.png","contentUrl":"https:\/\/mt-merestechnika.net\/wp-content\/uploads\/2023\/11\/cropped-logo_hu_web_425px.png","width":425,"height":65,"caption":"MT M\u00e9r\u00e9stechnika"},"image":{"@id":"https:\/\/mt-merestechnika.net\/#\/schema\/logo\/image\/"}}]}},"jetpack_sharing_enabled":true,"_links":{"self":[{"href":"https:\/\/mt-merestechnika.net\/index.php\/wp-json\/wp\/v2\/pages\/608","targetHints":{"allow":["GET"]}}],"collection":[{"href":"https:\/\/mt-merestechnika.net\/index.php\/wp-json\/wp\/v2\/pages"}],"about":[{"href":"https:\/\/mt-merestechnika.net\/index.php\/wp-json\/wp\/v2\/types\/page"}],"author":[{"embeddable":true,"href":"https:\/\/mt-merestechnika.net\/index.php\/wp-json\/wp\/v2\/users\/1"}],"replies":[{"embeddable":true,"href":"https:\/\/mt-merestechnika.net\/index.php\/wp-json\/wp\/v2\/comments?post=608"}],"version-history":[{"count":1,"href":"https:\/\/mt-merestechnika.net\/index.php\/wp-json\/wp\/v2\/pages\/608\/revisions"}],"predecessor-version":[{"id":21928,"href":"https:\/\/mt-merestechnika.net\/index.php\/wp-json\/wp\/v2\/pages\/608\/revisions\/21928"}],"wp:attachment":[{"href":"https:\/\/mt-merestechnika.net\/index.php\/wp-json\/wp\/v2\/media?parent=608"}],"curies":[{"name":"wp","href":"https:\/\/api.w.org\/{rel}","templated":true}]}}