{"id":337,"date":"2023-04-07T10:27:44","date_gmt":"2023-04-07T10:27:44","guid":{"rendered":"https:\/\/mt-mjernatehnika.com\/wordpress\/ultrazvucni-mjerac-protoka-kamstrup-uf-44\/"},"modified":"2025-09-08T13:07:22","modified_gmt":"2025-09-08T13:07:22","slug":"ultrazvucni-mjerac-protoka-kamstrup-uf-44","status":"publish","type":"page","link":"https:\/\/mt-merestechnika.net\/index.php\/ultrazvucni-mjerac-protoka-kamstrup-uf-44\/","title":{"rendered":"Ultrazvu\u010dni mjera\u010d protoka Kamstrup UF-44"},"content":{"rendered":"\t\t<div data-elementor-type=\"wp-page\" data-elementor-id=\"337\" class=\"elementor elementor-337\">\n\t\t\t\t\t\t<section class=\"elementor-section elementor-top-section elementor-element elementor-element-2a968b56 elementor-section-boxed elementor-section-height-default elementor-section-height-default\" data-id=\"2a968b56\" data-element_type=\"section\" data-e-type=\"section\">\n\t\t\t\t\t\t<div class=\"elementor-container elementor-column-gap-default\">\n\t\t\t\t\t<div class=\"elementor-column elementor-col-100 elementor-top-column elementor-element elementor-element-72fa691e\" data-id=\"72fa691e\" data-element_type=\"column\" data-e-type=\"column\">\n\t\t\t<div class=\"elementor-widget-wrap elementor-element-populated\">\n\t\t\t\t\t\t<div class=\"elementor-element elementor-element-15ca0d52 elementor-widget elementor-widget-heading\" data-id=\"15ca0d52\" data-element_type=\"widget\" data-e-type=\"widget\" data-widget_type=\"heading.default\">\n\t\t\t\t<div class=\"elementor-widget-container\">\n\t\t\t\t\t<h1 class=\"elementor-heading-title elementor-size-default\">Ultrazvu\u010dni mjera\u010d protoka tip Kamstrup UF-44 \n(iskazana vodootpornost \u2013 IP 68, pogodan za instalacije tople i hladne vode)<\/h1>\t\t\t\t<\/div>\n\t\t\t\t<\/div>\n\t\t\t\t\t<\/div>\n\t\t<\/div>\n\t\t\t\t\t<\/div>\n\t\t<\/section>\n\t\t\t\t<section class=\"elementor-section elementor-top-section elementor-element elementor-element-306e1ccc elementor-section-boxed elementor-section-height-default elementor-section-height-default\" data-id=\"306e1ccc\" data-element_type=\"section\" data-e-type=\"section\">\n\t\t\t\t\t\t<div class=\"elementor-container elementor-column-gap-default\">\n\t\t\t\t\t<div class=\"elementor-column elementor-col-100 elementor-top-column elementor-element elementor-element-51b48050\" data-id=\"51b48050\" data-element_type=\"column\" data-e-type=\"column\">\n\t\t\t<div class=\"elementor-widget-wrap elementor-element-populated\">\n\t\t\t\t\t\t<div class=\"elementor-element elementor-element-a8d56c7 elementor-widget elementor-widget-text-editor\" data-id=\"a8d56c7\" data-element_type=\"widget\" data-e-type=\"widget\" data-widget_type=\"text-editor.default\">\n\t\t\t\t<div class=\"elementor-widget-container\">\n\t\t\t\t\t\t\t\t\t<p><strong>Ultrazvu\u010dni mjera\u010d protoka tip Kamstrup UF-44 (DN15 \u2013 DN125) za kori\u0161tenje kao stati\u010dki senzor protoka ili senzor volumnog protoka u kombinaciji s ra\u010dunskim jedinicama mjerila topline tipa Kamstrup MC u instalacijama grijanja s vodom kao prijenosnikom topline, pogodan i kao senzor protoka za rashladne sustave s vodom kao nositeljem termi\u010dke energije sa sljede\u0107im tehni\u010dkim specifikacijama: <\/strong><\/p>\t\t\t\t\t\t\t\t<\/div>\n\t\t\t\t<\/div>\n\t\t\t\t\t<\/div>\n\t\t<\/div>\n\t\t\t\t\t<\/div>\n\t\t<\/section>\n\t\t\t\t<section class=\"elementor-section elementor-top-section elementor-element elementor-element-2fe7d2ec elementor-section-boxed elementor-section-height-default elementor-section-height-default\" data-id=\"2fe7d2ec\" data-element_type=\"section\" data-e-type=\"section\">\n\t\t\t\t\t\t<div class=\"elementor-container elementor-column-gap-default\">\n\t\t\t\t\t<div class=\"elementor-column elementor-col-50 elementor-top-column elementor-element elementor-element-5a287230\" data-id=\"5a287230\" data-element_type=\"column\" data-e-type=\"column\">\n\t\t\t<div class=\"elementor-widget-wrap elementor-element-populated\">\n\t\t\t\t\t\t<div class=\"elementor-element elementor-element-175ff506 elementor-widget elementor-widget-text-editor\" data-id=\"175ff506\" data-element_type=\"widget\" data-e-type=\"widget\" data-widget_type=\"text-editor.default\">\n\t\t\t\t<div class=\"elementor-widget-container\">\n\t\t\t\t\t\t\t\t\t<div><ul><li>izvrsna vodootpornost, IP 68<\/li><li>omogu\u0107uje izravnu monta\u017eu osjetnika temperature (dostupna opcija pri\u010dvr\u0161\u0107ivanja vijkom)<\/li><li>ultrazvu\u010dni senzor protoka tip UF-44 posebno je za\u0161ti\u0107en od vode i kondenzacije zbog pretvara\u010da izlivenih u gelu i fizi\u010dke udaljenosti plo\u010de senzora protoka od ku\u0107i\u0161ta mjera\u010da<\/li><li>sama plo\u010da je tako\u0111er vodootporna &#8211; tako da mo\u017ee izdr\u017eati \u010dak i potpuno uranjanje (do 2 mjeseca)<\/li><li>mjerenje brzine protoka kori\u0161tenjem dvosmjerne ultrazvu\u010dne mjerne tehnologije temeljene na metodi razlike tranzita<\/li><li>nije prikladno za kori\u0161tenje s drugim medijima osim vode &#8211; ure\u0111aj se tako\u0111er ne smije koristiti u kombinaciji sa sredstvima protiv smrzavanja kao \u0161to je glikol<\/li><li>spajanje na ra\u010dunske jedinice Kamstrup MC pomo\u0107u tro\u017eilnog impulsnog kabela \u2013 signal odgovara protoku, broj impulsa je proporcionalan volumenu vode koja te\u010de<\/li><li>kada koristite UF-44 kao generator impulsa za druge ra\u010dunske jedinice ili drugu opremu, ure\u0111aj mora biti spojen preko oda\u0161ilja\u010da impulsa<\/li><li>oda\u0161ilja\u010d impulsa se tako\u0111er mo\u017ee koristiti za postizanje ve\u0107ih udaljenosti od 10 metara izme\u0111u mjera\u010da protoka UF-44 i ra\u010dunske jedinice Kamstrup MC (do 100 metara mogu\u0107e je s oda\u0161ilja\u010dem impulsa). Oda\u0161ilja\u010d impulsa ima galvanski izoliran impulsni izlaz i ugra\u0111eno napajanje za UF-44<\/li><li>kutija za produ\u017eavanje kabela tako\u0111er se mo\u017ee koristiti za udaljenosti do 30 metara izme\u0111u senzora protoka UF-44 i ra\u010dunske jedinice Kamstrup MC. Me\u0111utim, kutija za pro\u0161irenje kabela nema galvansku izolaciju<\/li><li>UF-44 se mo\u017ee postaviti horizontalno, vertikalno ili pod kutom<\/li><li>UF-44 ne zahtijeva ravnu stazu za ulaz i izlaz<\/li><li>MESSTECHNIK FMB GMBH | IHR ENERGIEPARTNER | www.messtechnik.at | office@messtechnik.at 283<\/li><li>ultrazvu\u010dni mjera\u010di protoka UF-44 dostupni su u izvedbi s navojem, ali i u verziji s prirubnicom<\/li><\/ul><\/div><div><p><a href=\"https:\/\/mt-merestechnika.net\/index.php\/wordpress\/wp-content\/uploads\/2023\/04\/Ultrazvucni-mjerac-protoka-tip-Kamstrup-UF-44.pdf\" target=\"_blank\" rel=\"noopener\">Tehni\u010dki list proizvoda<\/a><\/p><\/div>\t\t\t\t\t\t\t\t<\/div>\n\t\t\t\t<\/div>\n\t\t\t\t\t<\/div>\n\t\t<\/div>\n\t\t\t\t<div class=\"elementor-column elementor-col-50 elementor-top-column elementor-element elementor-element-b829748\" data-id=\"b829748\" data-element_type=\"column\" data-e-type=\"column\">\n\t\t\t<div class=\"elementor-widget-wrap elementor-element-populated\">\n\t\t\t\t\t\t<div class=\"elementor-element elementor-element-41ec3ebb elementor-widget elementor-widget-image\" data-id=\"41ec3ebb\" data-element_type=\"widget\" data-e-type=\"widget\" data-widget_type=\"image.default\">\n\t\t\t\t<div class=\"elementor-widget-container\">\n\t\t\t\t\t\t\t\t\t\t\t\t\t\t\t<img fetchpriority=\"high\" decoding=\"async\" width=\"300\" height=\"300\" src=\"https:\/\/mt-merestechnika.net\/wp-content\/uploads\/2023\/04\/Kamstrup-Ultraflow-44-3.jpg\" class=\"attachment-medium size-medium wp-image-338\" alt=\"\" srcset=\"https:\/\/mt-merestechnika.net\/wp-content\/uploads\/2023\/04\/Kamstrup-Ultraflow-44-3.jpg 300w, https:\/\/mt-merestechnika.net\/wp-content\/uploads\/2023\/04\/Kamstrup-Ultraflow-44-3-150x150.jpg 150w, https:\/\/mt-merestechnika.net\/wp-content\/uploads\/2023\/04\/Kamstrup-Ultraflow-44-3-100x100.jpg 100w\" sizes=\"(max-width: 300px) 100vw, 300px\" \/>\t\t\t\t\t\t\t\t\t\t\t\t\t\t\t<\/div>\n\t\t\t\t<\/div>\n\t\t\t\t\t<\/div>\n\t\t<\/div>\n\t\t\t\t\t<\/div>\n\t\t<\/section>\n\t\t\t\t<\/div>\n\t\t","protected":false},"excerpt":{"rendered":"<p>Ultrazvu\u010dni mjera\u010d protoka tip Kamstrup UF-44 (iskazana vodootpornost \u2013 IP 68, pogodan za instalacije tople i hladne vode) Ultrazvu\u010dni mjera\u010d protoka tip Kamstrup UF-44 (DN15 \u2013 DN125) za kori\u0161tenje kao stati\u010dki senzor protoka ili senzor volumnog protoka u kombinaciji s ra\u010dunskim jedinicama mjerila topline tipa Kamstrup MC u instalacijama grijanja s vodom kao prijenosnikom topline, [&hellip;]<\/p>\n","protected":false},"author":1,"featured_media":0,"parent":0,"menu_order":0,"comment_status":"closed","ping_status":"closed","template":"","meta":{"ocean_post_layout":"","ocean_both_sidebars_style":"","ocean_both_sidebars_content_width":0,"ocean_both_sidebars_sidebars_width":0,"ocean_sidebar":"0","ocean_second_sidebar":"0","ocean_disable_margins":"enable","ocean_add_body_class":"","ocean_shortcode_before_top_bar":"","ocean_shortcode_after_top_bar":"","ocean_shortcode_before_header":"","ocean_shortcode_after_header":"","ocean_has_shortcode":"","ocean_shortcode_after_title":"","ocean_shortcode_before_footer_widgets":"","ocean_shortcode_after_footer_widgets":"","ocean_shortcode_before_footer_bottom":"","ocean_shortcode_after_footer_bottom":"","ocean_display_top_bar":"default","ocean_display_header":"default","ocean_header_style":"","ocean_center_header_left_menu":"0","ocean_custom_header_template":"0","ocean_custom_logo":0,"ocean_custom_retina_logo":0,"ocean_custom_logo_max_width":0,"ocean_custom_logo_tablet_max_width":0,"ocean_custom_logo_mobile_max_width":0,"ocean_custom_logo_max_height":0,"ocean_custom_logo_tablet_max_height":0,"ocean_custom_logo_mobile_max_height":0,"ocean_header_custom_menu":"0","ocean_menu_typo_font_family":"0","ocean_menu_typo_font_subset":"","ocean_menu_typo_font_size":0,"ocean_menu_typo_font_size_tablet":0,"ocean_menu_typo_font_size_mobile":0,"ocean_menu_typo_font_size_unit":"px","ocean_menu_typo_font_weight":"","ocean_menu_typo_font_weight_tablet":"","ocean_menu_typo_font_weight_mobile":"","ocean_menu_typo_transform":"","ocean_menu_typo_transform_tablet":"","ocean_menu_typo_transform_mobile":"","ocean_menu_typo_line_height":0,"ocean_menu_typo_line_height_tablet":0,"ocean_menu_typo_line_height_mobile":0,"ocean_menu_typo_line_height_unit":"","ocean_menu_typo_spacing":0,"ocean_menu_typo_spacing_tablet":0,"ocean_menu_typo_spacing_mobile":0,"ocean_menu_typo_spacing_unit":"","ocean_menu_link_color":"","ocean_menu_link_color_hover":"","ocean_menu_link_color_active":"","ocean_menu_link_background":"","ocean_menu_link_hover_background":"","ocean_menu_link_active_background":"","ocean_menu_social_links_bg":"","ocean_menu_social_hover_links_bg":"","ocean_menu_social_links_color":"","ocean_menu_social_hover_links_color":"","ocean_disable_title":"default","ocean_disable_heading":"default","ocean_post_title":"","ocean_post_subheading":"","ocean_post_title_style":"","ocean_post_title_background_color":"","ocean_post_title_background":0,"ocean_post_title_bg_image_position":"","ocean_post_title_bg_image_attachment":"","ocean_post_title_bg_image_repeat":"","ocean_post_title_bg_image_size":"","ocean_post_title_height":0,"ocean_post_title_bg_overlay":0.5,"ocean_post_title_bg_overlay_color":"","ocean_disable_breadcrumbs":"default","ocean_breadcrumbs_color":"","ocean_breadcrumbs_separator_color":"","ocean_breadcrumbs_links_color":"","ocean_breadcrumbs_links_hover_color":"","ocean_display_footer_widgets":"default","ocean_display_footer_bottom":"default","ocean_custom_footer_template":"0","footnotes":""},"class_list":["post-337","page","type-page","status-publish","hentry","entry","owp-thumbs-layout-horizontal","owp-btn-normal","owp-tabs-layout-horizontal","has-no-thumbnails","has-product-nav"],"yoast_head":"<!-- This site is optimized with the Yoast SEO plugin v27.6 - https:\/\/yoast.com\/product\/yoast-seo-wordpress\/ -->\n<title>Ultrazvu\u010dni mjera\u010d protoka Kamstrup UF-44 - MT M\u00e9r\u00e9stechnika<\/title>\n<meta name=\"robots\" content=\"index, follow, max-snippet:-1, max-image-preview:large, max-video-preview:-1\" \/>\n<link rel=\"canonical\" href=\"https:\/\/mt-merestechnika.net\/index.php\/ultrazvucni-mjerac-protoka-kamstrup-uf-44\/\" \/>\n<meta property=\"og:locale\" content=\"de_DE\" \/>\n<meta property=\"og:type\" content=\"article\" \/>\n<meta property=\"og:title\" content=\"Ultrazvu\u010dni mjera\u010d protoka Kamstrup UF-44 - MT M\u00e9r\u00e9stechnika\" \/>\n<meta property=\"og:description\" content=\"Ultrazvu\u010dni mjera\u010d protoka tip Kamstrup UF-44 (iskazana vodootpornost \u2013 IP 68, pogodan za instalacije tople i hladne vode) Ultrazvu\u010dni mjera\u010d protoka tip Kamstrup UF-44 (DN15 \u2013 DN125) za kori\u0161tenje kao stati\u010dki senzor protoka ili senzor volumnog protoka u kombinaciji s ra\u010dunskim jedinicama mjerila topline tipa Kamstrup MC u instalacijama grijanja s vodom kao prijenosnikom topline, [&hellip;]\" \/>\n<meta property=\"og:url\" content=\"https:\/\/mt-merestechnika.net\/index.php\/ultrazvucni-mjerac-protoka-kamstrup-uf-44\/\" \/>\n<meta property=\"og:site_name\" content=\"MT M\u00e9r\u00e9stechnika\" \/>\n<meta property=\"article:modified_time\" content=\"2025-09-08T13:07:22+00:00\" \/>\n<meta property=\"og:image\" content=\"https:\/\/mt-merestechnika.net\/index.php\/wordpress\/wp-content\/uploads\/2023\/04\/Kamstrup-Ultraflow-44-3.jpg\" \/>\n<meta name=\"twitter:card\" content=\"summary_large_image\" \/>\n<meta name=\"twitter:label1\" content=\"Gesch\u00e4tzte Lesezeit\" \/>\n\t<meta name=\"twitter:data1\" content=\"2\u00a0Minuten\" \/>\n<script type=\"application\/ld+json\" class=\"yoast-schema-graph\">{\"@context\":\"https:\\\/\\\/schema.org\",\"@graph\":[{\"@type\":\"WebPage\",\"@id\":\"https:\\\/\\\/mt-merestechnika.net\\\/index.php\\\/ultrazvucni-mjerac-protoka-kamstrup-uf-44\\\/\",\"url\":\"https:\\\/\\\/mt-merestechnika.net\\\/index.php\\\/ultrazvucni-mjerac-protoka-kamstrup-uf-44\\\/\",\"name\":\"Ultrazvu\u010dni mjera\u010d protoka Kamstrup UF-44 - MT M\u00e9r\u00e9stechnika\",\"isPartOf\":{\"@id\":\"https:\\\/\\\/mt-merestechnika.net\\\/#website\"},\"primaryImageOfPage\":{\"@id\":\"https:\\\/\\\/mt-merestechnika.net\\\/index.php\\\/ultrazvucni-mjerac-protoka-kamstrup-uf-44\\\/#primaryimage\"},\"image\":{\"@id\":\"https:\\\/\\\/mt-merestechnika.net\\\/index.php\\\/ultrazvucni-mjerac-protoka-kamstrup-uf-44\\\/#primaryimage\"},\"thumbnailUrl\":\"https:\\\/\\\/mt-merestechnika.net\\\/index.php\\\/wordpress\\\/wp-content\\\/uploads\\\/2023\\\/04\\\/Kamstrup-Ultraflow-44-3.jpg\",\"datePublished\":\"2023-04-07T10:27:44+00:00\",\"dateModified\":\"2025-09-08T13:07:22+00:00\",\"breadcrumb\":{\"@id\":\"https:\\\/\\\/mt-merestechnika.net\\\/index.php\\\/ultrazvucni-mjerac-protoka-kamstrup-uf-44\\\/#breadcrumb\"},\"inLanguage\":\"de\",\"potentialAction\":[{\"@type\":\"ReadAction\",\"target\":[\"https:\\\/\\\/mt-merestechnika.net\\\/index.php\\\/ultrazvucni-mjerac-protoka-kamstrup-uf-44\\\/\"]}]},{\"@type\":\"ImageObject\",\"inLanguage\":\"de\",\"@id\":\"https:\\\/\\\/mt-merestechnika.net\\\/index.php\\\/ultrazvucni-mjerac-protoka-kamstrup-uf-44\\\/#primaryimage\",\"url\":\"https:\\\/\\\/mt-merestechnika.net\\\/index.php\\\/wordpress\\\/wp-content\\\/uploads\\\/2023\\\/04\\\/Kamstrup-Ultraflow-44-3.jpg\",\"contentUrl\":\"https:\\\/\\\/mt-merestechnika.net\\\/index.php\\\/wordpress\\\/wp-content\\\/uploads\\\/2023\\\/04\\\/Kamstrup-Ultraflow-44-3.jpg\"},{\"@type\":\"BreadcrumbList\",\"@id\":\"https:\\\/\\\/mt-merestechnika.net\\\/index.php\\\/ultrazvucni-mjerac-protoka-kamstrup-uf-44\\\/#breadcrumb\",\"itemListElement\":[{\"@type\":\"ListItem\",\"position\":1,\"name\":\"Start\",\"item\":\"https:\\\/\\\/mt-merestechnika.net\\\/\"},{\"@type\":\"ListItem\",\"position\":2,\"name\":\"Ultrazvu\u010dni mjera\u010d protoka Kamstrup UF-44\"}]},{\"@type\":\"WebSite\",\"@id\":\"https:\\\/\\\/mt-merestechnika.net\\\/#website\",\"url\":\"https:\\\/\\\/mt-merestechnika.net\\\/\",\"name\":\"MT M\u00e9r\u00e9stechnika\",\"description\":\"AZ \u00d6N ENERGIAPARTNERE\",\"publisher\":{\"@id\":\"https:\\\/\\\/mt-merestechnika.net\\\/#organization\"},\"potentialAction\":[{\"@type\":\"SearchAction\",\"target\":{\"@type\":\"EntryPoint\",\"urlTemplate\":\"https:\\\/\\\/mt-merestechnika.net\\\/?s={search_term_string}\"},\"query-input\":{\"@type\":\"PropertyValueSpecification\",\"valueRequired\":true,\"valueName\":\"search_term_string\"}}],\"inLanguage\":\"de\"},{\"@type\":\"Organization\",\"@id\":\"https:\\\/\\\/mt-merestechnika.net\\\/#organization\",\"name\":\"MT M\u00e9r\u00e9stechnika\",\"url\":\"https:\\\/\\\/mt-merestechnika.net\\\/\",\"logo\":{\"@type\":\"ImageObject\",\"inLanguage\":\"de\",\"@id\":\"https:\\\/\\\/mt-merestechnika.net\\\/#\\\/schema\\\/logo\\\/image\\\/\",\"url\":\"https:\\\/\\\/mt-merestechnika.net\\\/wp-content\\\/uploads\\\/2023\\\/11\\\/cropped-logo_hu_web_425px.png\",\"contentUrl\":\"https:\\\/\\\/mt-merestechnika.net\\\/wp-content\\\/uploads\\\/2023\\\/11\\\/cropped-logo_hu_web_425px.png\",\"width\":425,\"height\":65,\"caption\":\"MT M\u00e9r\u00e9stechnika\"},\"image\":{\"@id\":\"https:\\\/\\\/mt-merestechnika.net\\\/#\\\/schema\\\/logo\\\/image\\\/\"}}]}<\/script>\n<!-- \/ Yoast SEO plugin. -->","yoast_head_json":{"title":"Ultrazvu\u010dni mjera\u010d protoka Kamstrup UF-44 - MT M\u00e9r\u00e9stechnika","robots":{"index":"index","follow":"follow","max-snippet":"max-snippet:-1","max-image-preview":"max-image-preview:large","max-video-preview":"max-video-preview:-1"},"canonical":"https:\/\/mt-merestechnika.net\/index.php\/ultrazvucni-mjerac-protoka-kamstrup-uf-44\/","og_locale":"de_DE","og_type":"article","og_title":"Ultrazvu\u010dni mjera\u010d protoka Kamstrup UF-44 - MT M\u00e9r\u00e9stechnika","og_description":"Ultrazvu\u010dni mjera\u010d protoka tip Kamstrup UF-44 (iskazana vodootpornost \u2013 IP 68, pogodan za instalacije tople i hladne vode) Ultrazvu\u010dni mjera\u010d protoka tip Kamstrup UF-44 (DN15 \u2013 DN125) za kori\u0161tenje kao stati\u010dki senzor protoka ili senzor volumnog protoka u kombinaciji s ra\u010dunskim jedinicama mjerila topline tipa Kamstrup MC u instalacijama grijanja s vodom kao prijenosnikom topline, [&hellip;]","og_url":"https:\/\/mt-merestechnika.net\/index.php\/ultrazvucni-mjerac-protoka-kamstrup-uf-44\/","og_site_name":"MT M\u00e9r\u00e9stechnika","article_modified_time":"2025-09-08T13:07:22+00:00","og_image":[{"url":"https:\/\/mt-merestechnika.net\/index.php\/wordpress\/wp-content\/uploads\/2023\/04\/Kamstrup-Ultraflow-44-3.jpg","type":"","width":"","height":""}],"twitter_card":"summary_large_image","twitter_misc":{"Gesch\u00e4tzte Lesezeit":"2\u00a0Minuten"},"schema":{"@context":"https:\/\/schema.org","@graph":[{"@type":"WebPage","@id":"https:\/\/mt-merestechnika.net\/index.php\/ultrazvucni-mjerac-protoka-kamstrup-uf-44\/","url":"https:\/\/mt-merestechnika.net\/index.php\/ultrazvucni-mjerac-protoka-kamstrup-uf-44\/","name":"Ultrazvu\u010dni mjera\u010d protoka Kamstrup UF-44 - MT M\u00e9r\u00e9stechnika","isPartOf":{"@id":"https:\/\/mt-merestechnika.net\/#website"},"primaryImageOfPage":{"@id":"https:\/\/mt-merestechnika.net\/index.php\/ultrazvucni-mjerac-protoka-kamstrup-uf-44\/#primaryimage"},"image":{"@id":"https:\/\/mt-merestechnika.net\/index.php\/ultrazvucni-mjerac-protoka-kamstrup-uf-44\/#primaryimage"},"thumbnailUrl":"https:\/\/mt-merestechnika.net\/index.php\/wordpress\/wp-content\/uploads\/2023\/04\/Kamstrup-Ultraflow-44-3.jpg","datePublished":"2023-04-07T10:27:44+00:00","dateModified":"2025-09-08T13:07:22+00:00","breadcrumb":{"@id":"https:\/\/mt-merestechnika.net\/index.php\/ultrazvucni-mjerac-protoka-kamstrup-uf-44\/#breadcrumb"},"inLanguage":"de","potentialAction":[{"@type":"ReadAction","target":["https:\/\/mt-merestechnika.net\/index.php\/ultrazvucni-mjerac-protoka-kamstrup-uf-44\/"]}]},{"@type":"ImageObject","inLanguage":"de","@id":"https:\/\/mt-merestechnika.net\/index.php\/ultrazvucni-mjerac-protoka-kamstrup-uf-44\/#primaryimage","url":"https:\/\/mt-merestechnika.net\/index.php\/wordpress\/wp-content\/uploads\/2023\/04\/Kamstrup-Ultraflow-44-3.jpg","contentUrl":"https:\/\/mt-merestechnika.net\/index.php\/wordpress\/wp-content\/uploads\/2023\/04\/Kamstrup-Ultraflow-44-3.jpg"},{"@type":"BreadcrumbList","@id":"https:\/\/mt-merestechnika.net\/index.php\/ultrazvucni-mjerac-protoka-kamstrup-uf-44\/#breadcrumb","itemListElement":[{"@type":"ListItem","position":1,"name":"Start","item":"https:\/\/mt-merestechnika.net\/"},{"@type":"ListItem","position":2,"name":"Ultrazvu\u010dni mjera\u010d protoka Kamstrup UF-44"}]},{"@type":"WebSite","@id":"https:\/\/mt-merestechnika.net\/#website","url":"https:\/\/mt-merestechnika.net\/","name":"MT M\u00e9r\u00e9stechnika","description":"AZ \u00d6N ENERGIAPARTNERE","publisher":{"@id":"https:\/\/mt-merestechnika.net\/#organization"},"potentialAction":[{"@type":"SearchAction","target":{"@type":"EntryPoint","urlTemplate":"https:\/\/mt-merestechnika.net\/?s={search_term_string}"},"query-input":{"@type":"PropertyValueSpecification","valueRequired":true,"valueName":"search_term_string"}}],"inLanguage":"de"},{"@type":"Organization","@id":"https:\/\/mt-merestechnika.net\/#organization","name":"MT M\u00e9r\u00e9stechnika","url":"https:\/\/mt-merestechnika.net\/","logo":{"@type":"ImageObject","inLanguage":"de","@id":"https:\/\/mt-merestechnika.net\/#\/schema\/logo\/image\/","url":"https:\/\/mt-merestechnika.net\/wp-content\/uploads\/2023\/11\/cropped-logo_hu_web_425px.png","contentUrl":"https:\/\/mt-merestechnika.net\/wp-content\/uploads\/2023\/11\/cropped-logo_hu_web_425px.png","width":425,"height":65,"caption":"MT M\u00e9r\u00e9stechnika"},"image":{"@id":"https:\/\/mt-merestechnika.net\/#\/schema\/logo\/image\/"}}]}},"jetpack_sharing_enabled":true,"_links":{"self":[{"href":"https:\/\/mt-merestechnika.net\/index.php\/wp-json\/wp\/v2\/pages\/337","targetHints":{"allow":["GET"]}}],"collection":[{"href":"https:\/\/mt-merestechnika.net\/index.php\/wp-json\/wp\/v2\/pages"}],"about":[{"href":"https:\/\/mt-merestechnika.net\/index.php\/wp-json\/wp\/v2\/types\/page"}],"author":[{"embeddable":true,"href":"https:\/\/mt-merestechnika.net\/index.php\/wp-json\/wp\/v2\/users\/1"}],"replies":[{"embeddable":true,"href":"https:\/\/mt-merestechnika.net\/index.php\/wp-json\/wp\/v2\/comments?post=337"}],"version-history":[{"count":2,"href":"https:\/\/mt-merestechnika.net\/index.php\/wp-json\/wp\/v2\/pages\/337\/revisions"}],"predecessor-version":[{"id":21710,"href":"https:\/\/mt-merestechnika.net\/index.php\/wp-json\/wp\/v2\/pages\/337\/revisions\/21710"}],"wp:attachment":[{"href":"https:\/\/mt-merestechnika.net\/index.php\/wp-json\/wp\/v2\/media?parent=337"}],"curies":[{"name":"wp","href":"https:\/\/api.w.org\/{rel}","templated":true}]}}