{"id":321,"date":"2023-04-07T10:27:43","date_gmt":"2023-04-07T10:27:43","guid":{"rendered":"https:\/\/mt-mjernatehnika.com\/wordpress\/univerzalni-platinasti-parovi-osjetnika-temperature-uts-pt-500\/"},"modified":"2025-09-08T15:42:15","modified_gmt":"2025-09-08T15:42:15","slug":"univerzalni-platinasti-parovi-osjetnika-temperature-uts-pt-500","status":"publish","type":"page","link":"https:\/\/mt-merestechnika.net\/index.php\/univerzalni-platinasti-parovi-osjetnika-temperature-uts-pt-500\/","title":{"rendered":"Engelmann t\u00edpus\u00fa, UTS, PT 500 univerz\u00e1lis platina h\u0151m\u00e9rs\u00e9klet"},"content":{"rendered":"\t\t<div data-elementor-type=\"wp-page\" data-elementor-id=\"321\" class=\"elementor elementor-321\">\n\t\t\t\t\t\t<section class=\"elementor-section elementor-top-section elementor-element elementor-element-e372abd elementor-section-boxed elementor-section-height-default elementor-section-height-default\" data-id=\"e372abd\" data-element_type=\"section\" data-e-type=\"section\">\n\t\t\t\t\t\t<div class=\"elementor-container elementor-column-gap-default\">\n\t\t\t\t\t<div class=\"elementor-column elementor-col-100 elementor-top-column elementor-element elementor-element-50b813d6\" data-id=\"50b813d6\" data-element_type=\"column\" data-e-type=\"column\">\n\t\t\t<div class=\"elementor-widget-wrap elementor-element-populated\">\n\t\t\t\t\t\t<div class=\"elementor-element elementor-element-54516a65 elementor-widget elementor-widget-heading\" data-id=\"54516a65\" data-element_type=\"widget\" data-e-type=\"widget\" data-widget_type=\"heading.default\">\n\t\t\t\t<div class=\"elementor-widget-container\">\n\t\t\t\t\t<h1 class=\"elementor-heading-title elementor-size-default\">Engelmann t\u00edpus\u00fa, UTS, PT 500 univerz\u00e1lis platina h\u0151m\u00e9rs\u00e9klet-\u00e9rz\u00e9kel\u0151 p\u00e1rok, 5 mm, 5,2 mm, 6 mm<\/h1>\t\t\t\t<\/div>\n\t\t\t\t<\/div>\n\t\t\t\t\t<\/div>\n\t\t<\/div>\n\t\t\t\t\t<\/div>\n\t\t<\/section>\n\t\t\t\t<section class=\"elementor-section elementor-top-section elementor-element elementor-element-36f8d790 elementor-section-boxed elementor-section-height-default elementor-section-height-default\" data-id=\"36f8d790\" data-element_type=\"section\" data-e-type=\"section\">\n\t\t\t\t\t\t<div class=\"elementor-container elementor-column-gap-default\">\n\t\t\t\t\t<div class=\"elementor-column elementor-col-100 elementor-top-column elementor-element elementor-element-54a20161\" data-id=\"54a20161\" data-element_type=\"column\" data-e-type=\"column\">\n\t\t\t<div class=\"elementor-widget-wrap elementor-element-populated\">\n\t\t\t\t\t\t<div class=\"elementor-element elementor-element-74e7bf1f elementor-widget elementor-widget-text-editor\" data-id=\"74e7bf1f\" data-element_type=\"widget\" data-e-type=\"widget\" data-widget_type=\"text-editor.default\">\n\t\t\t\t<div class=\"elementor-widget-container\">\n\t\t\t\t\t\t\t\t\t<p>UTS t\u00edpus\u00fa univerz\u00e1lis platina h\u0151m\u00e9rs\u00e9klet-\u00e9rz\u00e9kel\u0151 p\u00e1rok<br \/>A Sensostar C sz\u00e1mol\u00f3szerkezettel egy\u00fctt val\u00f3 haszn\u00e1latra<\/p>\t\t\t\t\t\t\t\t<\/div>\n\t\t\t\t<\/div>\n\t\t\t\t\t<\/div>\n\t\t<\/div>\n\t\t\t\t\t<\/div>\n\t\t<\/section>\n\t\t\t\t<section class=\"elementor-section elementor-top-section elementor-element elementor-element-5189a12b elementor-section-boxed elementor-section-height-default elementor-section-height-default\" data-id=\"5189a12b\" data-element_type=\"section\" data-e-type=\"section\">\n\t\t\t\t\t\t<div class=\"elementor-container elementor-column-gap-default\">\n\t\t\t\t\t<div class=\"elementor-column elementor-col-50 elementor-top-column elementor-element elementor-element-1f4680d4\" data-id=\"1f4680d4\" data-element_type=\"column\" data-e-type=\"column\">\n\t\t\t<div class=\"elementor-widget-wrap elementor-element-populated\">\n\t\t\t\t\t\t<div class=\"elementor-element elementor-element-10b0c7df elementor-widget elementor-widget-text-editor\" data-id=\"10b0c7df\" data-element_type=\"widget\" data-e-type=\"widget\" data-widget_type=\"text-editor.default\">\n\t\t\t\t<div class=\"elementor-widget-container\">\n\t\t\t\t\t\t\t\t\t<div><p>UTS t\u00edpus\u00fa univerz\u00e1lis platina h\u0151m\u00e9rs\u00e9klet-\u00e9rz\u00e9kel\u0151 p\u00e1rok <br \/>MID megfelel\u0151s\u00e9g\u00e9rt\u00e9kel\u00e9s\u0171 vagy hiteles\u00edtett kivitelben, <br \/>a k\u00f6vetkez\u0151 specifik\u00e1ci\u00f3val:<\/p><ul><li>Szilikon vezet\u00e9kek<\/li><li>A csatlakoz\u00f3k\u00e1belek hossza: v\u00e1laszthat\u00f3an 3 m vagy 10 m<\/li><li>K\u00e9tvezet\u00e9kes technol\u00f3gia<\/li><li>\u00c1tm\u00e9r\u0151: v\u00e1laszthat\u00f3an 5 mm, 5,2 mm vagy 6 mm<\/li><li>K\u00fcl\u00f6nb\u00f6z\u0151 mer\u00fcl\u0151persely-hossz\u00fas\u00e1gokhoz rendelkez\u00e9sre \u00e1ll\u00f3 z\u00e1r\u00f3peselyek:<br \/>UTS 5 mm \u2013 80 mm \u00e9s 150 mm-es z\u00e1r\u00f3peselyek<br \/>UTS 6 mm \u2013 85 mm, 100 mm, 120 mm, 150 mm, 210 mm-es z\u00e1r\u00f3perselyek<\/li><\/ul><\/div><div><p><a href=\"https:\/\/mt-merestechnika.net\/wp-content\/uploads\/2024\/01\/Engelmann-tipusu-UTS-PT-500-5mm52mm-6mm.pdf\" target=\"_blank\" rel=\"noopener\">A term\u00e9k m\u0171szaki adatlapja<\/a><br \/><a href=\"https:\/\/mt-merestechnika.net\/wp-content\/uploads\/2025\/09\/Temperatursensoren-UTS-prospekt-HU.pdf\" target=\"_blank\" rel=\"noopener\">M\u0171szaki prospektus<\/a><\/p><\/div>\t\t\t\t\t\t\t\t<\/div>\n\t\t\t\t<\/div>\n\t\t\t\t\t<\/div>\n\t\t<\/div>\n\t\t\t\t<div class=\"elementor-column elementor-col-50 elementor-top-column elementor-element elementor-element-7cb110b\" data-id=\"7cb110b\" data-element_type=\"column\" data-e-type=\"column\">\n\t\t\t<div class=\"elementor-widget-wrap elementor-element-populated\">\n\t\t\t\t\t\t<div class=\"elementor-element elementor-element-3d9b604f elementor-widget elementor-widget-image\" data-id=\"3d9b604f\" data-element_type=\"widget\" data-e-type=\"widget\" data-widget_type=\"image.default\">\n\t\t\t\t<div class=\"elementor-widget-container\">\n\t\t\t\t\t\t\t\t\t\t\t\t\t\t\t<img fetchpriority=\"high\" decoding=\"async\" width=\"300\" height=\"300\" src=\"https:\/\/mt-merestechnika.net\/wp-content\/uploads\/2023\/04\/Temperaturfuehler_UTS_300x300.jpg\" class=\"attachment-medium size-medium wp-image-322\" alt=\"\" srcset=\"https:\/\/mt-merestechnika.net\/wp-content\/uploads\/2023\/04\/Temperaturfuehler_UTS_300x300.jpg 300w, https:\/\/mt-merestechnika.net\/wp-content\/uploads\/2023\/04\/Temperaturfuehler_UTS_300x300-150x150.jpg 150w, https:\/\/mt-merestechnika.net\/wp-content\/uploads\/2023\/04\/Temperaturfuehler_UTS_300x300-100x100.jpg 100w\" sizes=\"(max-width: 300px) 100vw, 300px\" \/>\t\t\t\t\t\t\t\t\t\t\t\t\t\t\t<\/div>\n\t\t\t\t<\/div>\n\t\t\t\t\t<\/div>\n\t\t<\/div>\n\t\t\t\t\t<\/div>\n\t\t<\/section>\n\t\t\t\t<\/div>\n\t\t","protected":false},"excerpt":{"rendered":"<p>Engelmann t\u00edpus\u00fa, UTS, PT 500 univerz\u00e1lis platina h\u0151m\u00e9rs\u00e9klet-\u00e9rz\u00e9kel\u0151 p\u00e1rok, 5 mm, 5,2 mm, 6 mm UTS t\u00edpus\u00fa univerz\u00e1lis platina h\u0151m\u00e9rs\u00e9klet-\u00e9rz\u00e9kel\u0151 p\u00e1rokA Sensostar C sz\u00e1mol\u00f3szerkezettel egy\u00fctt val\u00f3 haszn\u00e1latra UTS t\u00edpus\u00fa univerz\u00e1lis platina h\u0151m\u00e9rs\u00e9klet-\u00e9rz\u00e9kel\u0151 p\u00e1rok MID megfelel\u0151s\u00e9g\u00e9rt\u00e9kel\u00e9s\u0171 vagy hiteles\u00edtett kivitelben, a k\u00f6vetkez\u0151 specifik\u00e1ci\u00f3val: Szilikon vezet\u00e9kek A csatlakoz\u00f3k\u00e1belek hossza: v\u00e1laszthat\u00f3an 3 m vagy 10 m K\u00e9tvezet\u00e9kes technol\u00f3gia \u00c1tm\u00e9r\u0151: [&hellip;]<\/p>\n","protected":false},"author":1,"featured_media":0,"parent":0,"menu_order":0,"comment_status":"closed","ping_status":"closed","template":"elementor_header_footer","meta":{"ocean_post_layout":"","ocean_both_sidebars_style":"","ocean_both_sidebars_content_width":0,"ocean_both_sidebars_sidebars_width":0,"ocean_sidebar":"0","ocean_second_sidebar":"0","ocean_disable_margins":"enable","ocean_add_body_class":"","ocean_shortcode_before_top_bar":"","ocean_shortcode_after_top_bar":"","ocean_shortcode_before_header":"","ocean_shortcode_after_header":"","ocean_has_shortcode":"","ocean_shortcode_after_title":"","ocean_shortcode_before_footer_widgets":"","ocean_shortcode_after_footer_widgets":"","ocean_shortcode_before_footer_bottom":"","ocean_shortcode_after_footer_bottom":"","ocean_display_top_bar":"default","ocean_display_header":"default","ocean_header_style":"","ocean_center_header_left_menu":"0","ocean_custom_header_template":"0","ocean_custom_logo":0,"ocean_custom_retina_logo":0,"ocean_custom_logo_max_width":0,"ocean_custom_logo_tablet_max_width":0,"ocean_custom_logo_mobile_max_width":0,"ocean_custom_logo_max_height":0,"ocean_custom_logo_tablet_max_height":0,"ocean_custom_logo_mobile_max_height":0,"ocean_header_custom_menu":"0","ocean_menu_typo_font_family":"0","ocean_menu_typo_font_subset":"","ocean_menu_typo_font_size":0,"ocean_menu_typo_font_size_tablet":0,"ocean_menu_typo_font_size_mobile":0,"ocean_menu_typo_font_size_unit":"px","ocean_menu_typo_font_weight":"","ocean_menu_typo_font_weight_tablet":"","ocean_menu_typo_font_weight_mobile":"","ocean_menu_typo_transform":"","ocean_menu_typo_transform_tablet":"","ocean_menu_typo_transform_mobile":"","ocean_menu_typo_line_height":0,"ocean_menu_typo_line_height_tablet":0,"ocean_menu_typo_line_height_mobile":0,"ocean_menu_typo_line_height_unit":"","ocean_menu_typo_spacing":0,"ocean_menu_typo_spacing_tablet":0,"ocean_menu_typo_spacing_mobile":0,"ocean_menu_typo_spacing_unit":"","ocean_menu_link_color":"","ocean_menu_link_color_hover":"","ocean_menu_link_color_active":"","ocean_menu_link_background":"","ocean_menu_link_hover_background":"","ocean_menu_link_active_background":"","ocean_menu_social_links_bg":"","ocean_menu_social_hover_links_bg":"","ocean_menu_social_links_color":"","ocean_menu_social_hover_links_color":"","ocean_disable_title":"default","ocean_disable_heading":"default","ocean_post_title":"","ocean_post_subheading":"","ocean_post_title_style":"","ocean_post_title_background_color":"","ocean_post_title_background":0,"ocean_post_title_bg_image_position":"","ocean_post_title_bg_image_attachment":"","ocean_post_title_bg_image_repeat":"","ocean_post_title_bg_image_size":"","ocean_post_title_height":0,"ocean_post_title_bg_overlay":0.5,"ocean_post_title_bg_overlay_color":"","ocean_disable_breadcrumbs":"default","ocean_breadcrumbs_color":"","ocean_breadcrumbs_separator_color":"","ocean_breadcrumbs_links_color":"","ocean_breadcrumbs_links_hover_color":"","ocean_display_footer_widgets":"default","ocean_display_footer_bottom":"default","ocean_custom_footer_template":"0","footnotes":""},"class_list":["post-321","page","type-page","status-publish","hentry","entry","owp-thumbs-layout-horizontal","owp-btn-normal","owp-tabs-layout-horizontal","has-no-thumbnails","has-product-nav"],"yoast_head":"<!-- This site is optimized with the Yoast SEO plugin v27.5 - https:\/\/yoast.com\/product\/yoast-seo-wordpress\/ -->\n<title>Engelmann t\u00edpus\u00fa, UTS, PT 500 univerz\u00e1lis platina h\u0151m\u00e9rs\u00e9klet - MT M\u00e9r\u00e9stechnika<\/title>\n<meta name=\"robots\" content=\"index, follow, max-snippet:-1, max-image-preview:large, max-video-preview:-1\" \/>\n<link rel=\"canonical\" href=\"https:\/\/mt-merestechnika.net\/index.php\/univerzalni-platinasti-parovi-osjetnika-temperature-uts-pt-500\/\" \/>\n<meta property=\"og:locale\" content=\"de_DE\" \/>\n<meta property=\"og:type\" content=\"article\" \/>\n<meta property=\"og:title\" content=\"Engelmann t\u00edpus\u00fa, UTS, PT 500 univerz\u00e1lis platina h\u0151m\u00e9rs\u00e9klet - MT M\u00e9r\u00e9stechnika\" \/>\n<meta property=\"og:description\" content=\"Engelmann t\u00edpus\u00fa, UTS, PT 500 univerz\u00e1lis platina h\u0151m\u00e9rs\u00e9klet-\u00e9rz\u00e9kel\u0151 p\u00e1rok, 5 mm, 5,2 mm, 6 mm UTS t\u00edpus\u00fa univerz\u00e1lis platina h\u0151m\u00e9rs\u00e9klet-\u00e9rz\u00e9kel\u0151 p\u00e1rokA Sensostar C sz\u00e1mol\u00f3szerkezettel egy\u00fctt val\u00f3 haszn\u00e1latra UTS t\u00edpus\u00fa univerz\u00e1lis platina h\u0151m\u00e9rs\u00e9klet-\u00e9rz\u00e9kel\u0151 p\u00e1rok MID megfelel\u0151s\u00e9g\u00e9rt\u00e9kel\u00e9s\u0171 vagy hiteles\u00edtett kivitelben, a k\u00f6vetkez\u0151 specifik\u00e1ci\u00f3val: Szilikon vezet\u00e9kek A csatlakoz\u00f3k\u00e1belek hossza: v\u00e1laszthat\u00f3an 3 m vagy 10 m K\u00e9tvezet\u00e9kes technol\u00f3gia \u00c1tm\u00e9r\u0151: [&hellip;]\" \/>\n<meta property=\"og:url\" content=\"https:\/\/mt-merestechnika.net\/index.php\/univerzalni-platinasti-parovi-osjetnika-temperature-uts-pt-500\/\" \/>\n<meta property=\"og:site_name\" content=\"MT M\u00e9r\u00e9stechnika\" \/>\n<meta property=\"article:modified_time\" content=\"2025-09-08T15:42:15+00:00\" \/>\n<meta property=\"og:image\" content=\"https:\/\/mt-merestechnika.net\/wp-content\/uploads\/2023\/04\/Temperaturfuehler_UTS_300x300.jpg\" \/>\n\t<meta property=\"og:image:width\" content=\"300\" \/>\n\t<meta property=\"og:image:height\" content=\"300\" \/>\n\t<meta property=\"og:image:type\" content=\"image\/jpeg\" \/>\n<meta name=\"twitter:card\" content=\"summary_large_image\" \/>\n<meta name=\"twitter:label1\" content=\"Gesch\u00e4tzte Lesezeit\" \/>\n\t<meta name=\"twitter:data1\" content=\"1\u00a0Minute\" \/>\n<script type=\"application\/ld+json\" class=\"yoast-schema-graph\">{\"@context\":\"https:\\\/\\\/schema.org\",\"@graph\":[{\"@type\":\"WebPage\",\"@id\":\"https:\\\/\\\/mt-merestechnika.net\\\/index.php\\\/univerzalni-platinasti-parovi-osjetnika-temperature-uts-pt-500\\\/\",\"url\":\"https:\\\/\\\/mt-merestechnika.net\\\/index.php\\\/univerzalni-platinasti-parovi-osjetnika-temperature-uts-pt-500\\\/\",\"name\":\"Engelmann t\u00edpus\u00fa, UTS, PT 500 univerz\u00e1lis platina h\u0151m\u00e9rs\u00e9klet - MT M\u00e9r\u00e9stechnika\",\"isPartOf\":{\"@id\":\"https:\\\/\\\/mt-merestechnika.net\\\/#website\"},\"primaryImageOfPage\":{\"@id\":\"https:\\\/\\\/mt-merestechnika.net\\\/index.php\\\/univerzalni-platinasti-parovi-osjetnika-temperature-uts-pt-500\\\/#primaryimage\"},\"image\":{\"@id\":\"https:\\\/\\\/mt-merestechnika.net\\\/index.php\\\/univerzalni-platinasti-parovi-osjetnika-temperature-uts-pt-500\\\/#primaryimage\"},\"thumbnailUrl\":\"https:\\\/\\\/mt-merestechnika.net\\\/wp-content\\\/uploads\\\/2023\\\/04\\\/Temperaturfuehler_UTS_300x300.jpg\",\"datePublished\":\"2023-04-07T10:27:43+00:00\",\"dateModified\":\"2025-09-08T15:42:15+00:00\",\"breadcrumb\":{\"@id\":\"https:\\\/\\\/mt-merestechnika.net\\\/index.php\\\/univerzalni-platinasti-parovi-osjetnika-temperature-uts-pt-500\\\/#breadcrumb\"},\"inLanguage\":\"de\",\"potentialAction\":[{\"@type\":\"ReadAction\",\"target\":[\"https:\\\/\\\/mt-merestechnika.net\\\/index.php\\\/univerzalni-platinasti-parovi-osjetnika-temperature-uts-pt-500\\\/\"]}]},{\"@type\":\"ImageObject\",\"inLanguage\":\"de\",\"@id\":\"https:\\\/\\\/mt-merestechnika.net\\\/index.php\\\/univerzalni-platinasti-parovi-osjetnika-temperature-uts-pt-500\\\/#primaryimage\",\"url\":\"https:\\\/\\\/mt-merestechnika.net\\\/wp-content\\\/uploads\\\/2023\\\/04\\\/Temperaturfuehler_UTS_300x300.jpg\",\"contentUrl\":\"https:\\\/\\\/mt-merestechnika.net\\\/wp-content\\\/uploads\\\/2023\\\/04\\\/Temperaturfuehler_UTS_300x300.jpg\",\"width\":300,\"height\":300},{\"@type\":\"BreadcrumbList\",\"@id\":\"https:\\\/\\\/mt-merestechnika.net\\\/index.php\\\/univerzalni-platinasti-parovi-osjetnika-temperature-uts-pt-500\\\/#breadcrumb\",\"itemListElement\":[{\"@type\":\"ListItem\",\"position\":1,\"name\":\"Start\",\"item\":\"https:\\\/\\\/mt-merestechnika.net\\\/\"},{\"@type\":\"ListItem\",\"position\":2,\"name\":\"Engelmann t\u00edpus\u00fa, UTS, PT 500 univerz\u00e1lis platina h\u0151m\u00e9rs\u00e9klet\"}]},{\"@type\":\"WebSite\",\"@id\":\"https:\\\/\\\/mt-merestechnika.net\\\/#website\",\"url\":\"https:\\\/\\\/mt-merestechnika.net\\\/\",\"name\":\"MT M\u00e9r\u00e9stechnika\",\"description\":\"AZ \u00d6N ENERGIAPARTNERE\",\"publisher\":{\"@id\":\"https:\\\/\\\/mt-merestechnika.net\\\/#organization\"},\"potentialAction\":[{\"@type\":\"SearchAction\",\"target\":{\"@type\":\"EntryPoint\",\"urlTemplate\":\"https:\\\/\\\/mt-merestechnika.net\\\/?s={search_term_string}\"},\"query-input\":{\"@type\":\"PropertyValueSpecification\",\"valueRequired\":true,\"valueName\":\"search_term_string\"}}],\"inLanguage\":\"de\"},{\"@type\":\"Organization\",\"@id\":\"https:\\\/\\\/mt-merestechnika.net\\\/#organization\",\"name\":\"MT M\u00e9r\u00e9stechnika\",\"url\":\"https:\\\/\\\/mt-merestechnika.net\\\/\",\"logo\":{\"@type\":\"ImageObject\",\"inLanguage\":\"de\",\"@id\":\"https:\\\/\\\/mt-merestechnika.net\\\/#\\\/schema\\\/logo\\\/image\\\/\",\"url\":\"https:\\\/\\\/mt-merestechnika.net\\\/wp-content\\\/uploads\\\/2023\\\/11\\\/cropped-logo_hu_web_425px.png\",\"contentUrl\":\"https:\\\/\\\/mt-merestechnika.net\\\/wp-content\\\/uploads\\\/2023\\\/11\\\/cropped-logo_hu_web_425px.png\",\"width\":425,\"height\":65,\"caption\":\"MT M\u00e9r\u00e9stechnika\"},\"image\":{\"@id\":\"https:\\\/\\\/mt-merestechnika.net\\\/#\\\/schema\\\/logo\\\/image\\\/\"}}]}<\/script>\n<!-- \/ Yoast SEO plugin. -->","yoast_head_json":{"title":"Engelmann t\u00edpus\u00fa, UTS, PT 500 univerz\u00e1lis platina h\u0151m\u00e9rs\u00e9klet - MT M\u00e9r\u00e9stechnika","robots":{"index":"index","follow":"follow","max-snippet":"max-snippet:-1","max-image-preview":"max-image-preview:large","max-video-preview":"max-video-preview:-1"},"canonical":"https:\/\/mt-merestechnika.net\/index.php\/univerzalni-platinasti-parovi-osjetnika-temperature-uts-pt-500\/","og_locale":"de_DE","og_type":"article","og_title":"Engelmann t\u00edpus\u00fa, UTS, PT 500 univerz\u00e1lis platina h\u0151m\u00e9rs\u00e9klet - MT M\u00e9r\u00e9stechnika","og_description":"Engelmann t\u00edpus\u00fa, UTS, PT 500 univerz\u00e1lis platina h\u0151m\u00e9rs\u00e9klet-\u00e9rz\u00e9kel\u0151 p\u00e1rok, 5 mm, 5,2 mm, 6 mm UTS t\u00edpus\u00fa univerz\u00e1lis platina h\u0151m\u00e9rs\u00e9klet-\u00e9rz\u00e9kel\u0151 p\u00e1rokA Sensostar C sz\u00e1mol\u00f3szerkezettel egy\u00fctt val\u00f3 haszn\u00e1latra UTS t\u00edpus\u00fa univerz\u00e1lis platina h\u0151m\u00e9rs\u00e9klet-\u00e9rz\u00e9kel\u0151 p\u00e1rok MID megfelel\u0151s\u00e9g\u00e9rt\u00e9kel\u00e9s\u0171 vagy hiteles\u00edtett kivitelben, a k\u00f6vetkez\u0151 specifik\u00e1ci\u00f3val: Szilikon vezet\u00e9kek A csatlakoz\u00f3k\u00e1belek hossza: v\u00e1laszthat\u00f3an 3 m vagy 10 m K\u00e9tvezet\u00e9kes technol\u00f3gia \u00c1tm\u00e9r\u0151: [&hellip;]","og_url":"https:\/\/mt-merestechnika.net\/index.php\/univerzalni-platinasti-parovi-osjetnika-temperature-uts-pt-500\/","og_site_name":"MT M\u00e9r\u00e9stechnika","article_modified_time":"2025-09-08T15:42:15+00:00","og_image":[{"width":300,"height":300,"url":"https:\/\/mt-merestechnika.net\/wp-content\/uploads\/2023\/04\/Temperaturfuehler_UTS_300x300.jpg","type":"image\/jpeg"}],"twitter_card":"summary_large_image","twitter_misc":{"Gesch\u00e4tzte Lesezeit":"1\u00a0Minute"},"schema":{"@context":"https:\/\/schema.org","@graph":[{"@type":"WebPage","@id":"https:\/\/mt-merestechnika.net\/index.php\/univerzalni-platinasti-parovi-osjetnika-temperature-uts-pt-500\/","url":"https:\/\/mt-merestechnika.net\/index.php\/univerzalni-platinasti-parovi-osjetnika-temperature-uts-pt-500\/","name":"Engelmann t\u00edpus\u00fa, UTS, PT 500 univerz\u00e1lis platina h\u0151m\u00e9rs\u00e9klet - MT M\u00e9r\u00e9stechnika","isPartOf":{"@id":"https:\/\/mt-merestechnika.net\/#website"},"primaryImageOfPage":{"@id":"https:\/\/mt-merestechnika.net\/index.php\/univerzalni-platinasti-parovi-osjetnika-temperature-uts-pt-500\/#primaryimage"},"image":{"@id":"https:\/\/mt-merestechnika.net\/index.php\/univerzalni-platinasti-parovi-osjetnika-temperature-uts-pt-500\/#primaryimage"},"thumbnailUrl":"https:\/\/mt-merestechnika.net\/wp-content\/uploads\/2023\/04\/Temperaturfuehler_UTS_300x300.jpg","datePublished":"2023-04-07T10:27:43+00:00","dateModified":"2025-09-08T15:42:15+00:00","breadcrumb":{"@id":"https:\/\/mt-merestechnika.net\/index.php\/univerzalni-platinasti-parovi-osjetnika-temperature-uts-pt-500\/#breadcrumb"},"inLanguage":"de","potentialAction":[{"@type":"ReadAction","target":["https:\/\/mt-merestechnika.net\/index.php\/univerzalni-platinasti-parovi-osjetnika-temperature-uts-pt-500\/"]}]},{"@type":"ImageObject","inLanguage":"de","@id":"https:\/\/mt-merestechnika.net\/index.php\/univerzalni-platinasti-parovi-osjetnika-temperature-uts-pt-500\/#primaryimage","url":"https:\/\/mt-merestechnika.net\/wp-content\/uploads\/2023\/04\/Temperaturfuehler_UTS_300x300.jpg","contentUrl":"https:\/\/mt-merestechnika.net\/wp-content\/uploads\/2023\/04\/Temperaturfuehler_UTS_300x300.jpg","width":300,"height":300},{"@type":"BreadcrumbList","@id":"https:\/\/mt-merestechnika.net\/index.php\/univerzalni-platinasti-parovi-osjetnika-temperature-uts-pt-500\/#breadcrumb","itemListElement":[{"@type":"ListItem","position":1,"name":"Start","item":"https:\/\/mt-merestechnika.net\/"},{"@type":"ListItem","position":2,"name":"Engelmann t\u00edpus\u00fa, UTS, PT 500 univerz\u00e1lis platina h\u0151m\u00e9rs\u00e9klet"}]},{"@type":"WebSite","@id":"https:\/\/mt-merestechnika.net\/#website","url":"https:\/\/mt-merestechnika.net\/","name":"MT M\u00e9r\u00e9stechnika","description":"AZ \u00d6N ENERGIAPARTNERE","publisher":{"@id":"https:\/\/mt-merestechnika.net\/#organization"},"potentialAction":[{"@type":"SearchAction","target":{"@type":"EntryPoint","urlTemplate":"https:\/\/mt-merestechnika.net\/?s={search_term_string}"},"query-input":{"@type":"PropertyValueSpecification","valueRequired":true,"valueName":"search_term_string"}}],"inLanguage":"de"},{"@type":"Organization","@id":"https:\/\/mt-merestechnika.net\/#organization","name":"MT M\u00e9r\u00e9stechnika","url":"https:\/\/mt-merestechnika.net\/","logo":{"@type":"ImageObject","inLanguage":"de","@id":"https:\/\/mt-merestechnika.net\/#\/schema\/logo\/image\/","url":"https:\/\/mt-merestechnika.net\/wp-content\/uploads\/2023\/11\/cropped-logo_hu_web_425px.png","contentUrl":"https:\/\/mt-merestechnika.net\/wp-content\/uploads\/2023\/11\/cropped-logo_hu_web_425px.png","width":425,"height":65,"caption":"MT M\u00e9r\u00e9stechnika"},"image":{"@id":"https:\/\/mt-merestechnika.net\/#\/schema\/logo\/image\/"}}]}},"jetpack_sharing_enabled":true,"_links":{"self":[{"href":"https:\/\/mt-merestechnika.net\/index.php\/wp-json\/wp\/v2\/pages\/321","targetHints":{"allow":["GET"]}}],"collection":[{"href":"https:\/\/mt-merestechnika.net\/index.php\/wp-json\/wp\/v2\/pages"}],"about":[{"href":"https:\/\/mt-merestechnika.net\/index.php\/wp-json\/wp\/v2\/types\/page"}],"author":[{"embeddable":true,"href":"https:\/\/mt-merestechnika.net\/index.php\/wp-json\/wp\/v2\/users\/1"}],"replies":[{"embeddable":true,"href":"https:\/\/mt-merestechnika.net\/index.php\/wp-json\/wp\/v2\/comments?post=321"}],"version-history":[{"count":14,"href":"https:\/\/mt-merestechnika.net\/index.php\/wp-json\/wp\/v2\/pages\/321\/revisions"}],"predecessor-version":[{"id":22824,"href":"https:\/\/mt-merestechnika.net\/index.php\/wp-json\/wp\/v2\/pages\/321\/revisions\/22824"}],"wp:attachment":[{"href":"https:\/\/mt-merestechnika.net\/index.php\/wp-json\/wp\/v2\/media?parent=321"}],"curies":[{"name":"wp","href":"https:\/\/api.w.org\/{rel}","templated":true}]}}