{"id":309,"date":"2023-04-07T10:27:42","date_gmt":"2023-04-07T10:27:42","guid":{"rendered":"https:\/\/mt-mjernatehnika.com\/wordpress\/kratki-izravni-osjetnik-temperature-pt-100-duljina-275mm\/"},"modified":"2025-09-08T13:07:21","modified_gmt":"2025-09-08T13:07:21","slug":"kratki-izravni-osjetnik-temperature-pt-100-duljina-275mm","status":"publish","type":"page","link":"https:\/\/mt-merestechnika.net\/index.php\/kratki-izravni-osjetnik-temperature-pt-100-duljina-275mm\/","title":{"rendered":"Kratki izravni osjetnik temperature  PT 100, duljina 27,5mm"},"content":{"rendered":"\t\t<div data-elementor-type=\"wp-page\" data-elementor-id=\"309\" class=\"elementor elementor-309\">\n\t\t\t\t\t\t<section class=\"elementor-section elementor-top-section elementor-element elementor-element-7eb7ddeb elementor-section-boxed elementor-section-height-default elementor-section-height-default\" data-id=\"7eb7ddeb\" data-element_type=\"section\" data-e-type=\"section\">\n\t\t\t\t\t\t<div class=\"elementor-container elementor-column-gap-default\">\n\t\t\t\t\t<div class=\"elementor-column elementor-col-100 elementor-top-column elementor-element elementor-element-583cb35d\" data-id=\"583cb35d\" data-element_type=\"column\" data-e-type=\"column\">\n\t\t\t<div class=\"elementor-widget-wrap elementor-element-populated\">\n\t\t\t\t\t\t<div class=\"elementor-element elementor-element-13f0372b elementor-widget elementor-widget-heading\" data-id=\"13f0372b\" data-element_type=\"widget\" data-e-type=\"widget\" data-widget_type=\"heading.default\">\n\t\t\t\t<div class=\"elementor-widget-container\">\n\t\t\t\t\t<h1 class=\"elementor-heading-title elementor-size-default\">Kratki izravni osjetnik temperature PT 100, \ntip Kamstrup, stra\u017enji promjer 5,5 mm, \nprednji promjer 3,6 mm, duljina 27,5 mm\n<\/h1>\t\t\t\t<\/div>\n\t\t\t\t<\/div>\n\t\t\t\t\t<\/div>\n\t\t<\/div>\n\t\t\t\t\t<\/div>\n\t\t<\/section>\n\t\t\t\t<section class=\"elementor-section elementor-top-section elementor-element elementor-element-100ce11e elementor-section-boxed elementor-section-height-default elementor-section-height-default\" data-id=\"100ce11e\" data-element_type=\"section\" data-e-type=\"section\">\n\t\t\t\t\t\t<div class=\"elementor-container elementor-column-gap-default\">\n\t\t\t\t\t<div class=\"elementor-column elementor-col-100 elementor-top-column elementor-element elementor-element-299448fe\" data-id=\"299448fe\" data-element_type=\"column\" data-e-type=\"column\">\n\t\t\t<div class=\"elementor-widget-wrap elementor-element-populated\">\n\t\t\t\t\t\t<div class=\"elementor-element elementor-element-7bbd2871 elementor-widget elementor-widget-text-editor\" data-id=\"7bbd2871\" data-element_type=\"widget\" data-e-type=\"widget\" data-widget_type=\"text-editor.default\">\n\t\t\t\t<div class=\"elementor-widget-container\">\n\t\t\t\t\t\t\t\t\t<p>Kratki izravni osjetnik temperature PT 100, tip Kamstrup (koristi se bez uronske \u010dahure) u MID ocijenjenoj ili kalibriranoj verziji sa sljede\u0107im specifikacijama:<\/p>\t\t\t\t\t\t\t\t<\/div>\n\t\t\t\t<\/div>\n\t\t\t\t\t<\/div>\n\t\t<\/div>\n\t\t\t\t\t<\/div>\n\t\t<\/section>\n\t\t\t\t<section class=\"elementor-section elementor-top-section elementor-element elementor-element-3903edec elementor-section-boxed elementor-section-height-default elementor-section-height-default\" data-id=\"3903edec\" data-element_type=\"section\" data-e-type=\"section\">\n\t\t\t\t\t\t<div class=\"elementor-container elementor-column-gap-default\">\n\t\t\t\t\t<div class=\"elementor-column elementor-col-50 elementor-top-column elementor-element elementor-element-6b080d2d\" data-id=\"6b080d2d\" data-element_type=\"column\" data-e-type=\"column\">\n\t\t\t<div class=\"elementor-widget-wrap elementor-element-populated\">\n\t\t\t\t\t\t<div class=\"elementor-element elementor-element-ae319c5 elementor-widget elementor-widget-text-editor\" data-id=\"ae319c5\" data-element_type=\"widget\" data-e-type=\"widget\" data-widget_type=\"text-editor.default\">\n\t\t\t\t<div class=\"elementor-widget-container\">\n\t\t\t\t\t\t\t\t\t<div><div><a href=\"https:\/\/mt-merestechnika.net\/index.php\/wordpress\/wp-content\/uploads\/2023\/04\/Kratki-izravni-osjetnik-temperature-PT-100-55-mm-36mm-275mm.pdf\" target=\"_blank\" rel=\"noopener\">Tehni\u010dki list proizvoda<\/a><\/div><\/div>\t\t\t\t\t\t\t\t<\/div>\n\t\t\t\t<\/div>\n\t\t\t\t\t<\/div>\n\t\t<\/div>\n\t\t\t\t<div class=\"elementor-column elementor-col-50 elementor-top-column elementor-element elementor-element-7a715f09\" data-id=\"7a715f09\" data-element_type=\"column\" data-e-type=\"column\">\n\t\t\t<div class=\"elementor-widget-wrap elementor-element-populated\">\n\t\t\t\t\t\t<div class=\"elementor-element elementor-element-59b8284e elementor-widget elementor-widget-image\" data-id=\"59b8284e\" data-element_type=\"widget\" data-e-type=\"widget\" data-widget_type=\"image.default\">\n\t\t\t\t<div class=\"elementor-widget-container\">\n\t\t\t\t\t\t\t\t\t\t\t\t\t\t\t<img fetchpriority=\"high\" decoding=\"async\" width=\"300\" height=\"300\" src=\"https:\/\/mt-merestechnika.net\/wp-content\/uploads\/2023\/04\/Kurzer-Direkttemperaturfuehler-Typ-Kamstrup-PT100_Bild_300x300.jpg\" class=\"attachment-medium size-medium wp-image-310\" alt=\"\" srcset=\"https:\/\/mt-merestechnika.net\/wp-content\/uploads\/2023\/04\/Kurzer-Direkttemperaturfuehler-Typ-Kamstrup-PT100_Bild_300x300.jpg 300w, https:\/\/mt-merestechnika.net\/wp-content\/uploads\/2023\/04\/Kurzer-Direkttemperaturfuehler-Typ-Kamstrup-PT100_Bild_300x300-150x150.jpg 150w, https:\/\/mt-merestechnika.net\/wp-content\/uploads\/2023\/04\/Kurzer-Direkttemperaturfuehler-Typ-Kamstrup-PT100_Bild_300x300-100x100.jpg 100w\" sizes=\"(max-width: 300px) 100vw, 300px\" \/>\t\t\t\t\t\t\t\t\t\t\t\t\t\t\t<\/div>\n\t\t\t\t<\/div>\n\t\t\t\t\t<\/div>\n\t\t<\/div>\n\t\t\t\t\t<\/div>\n\t\t<\/section>\n\t\t\t\t<\/div>\n\t\t","protected":false},"excerpt":{"rendered":"<p>Kratki izravni osjetnik temperature PT 100, tip Kamstrup, stra\u017enji promjer 5,5 mm, prednji promjer 3,6 mm, duljina 27,5 mm Kratki izravni osjetnik temperature PT 100, tip Kamstrup (koristi se bez uronske \u010dahure) u MID ocijenjenoj ili kalibriranoj verziji sa sljede\u0107im specifikacijama: Tehni\u010dki list proizvoda<\/p>\n","protected":false},"author":1,"featured_media":0,"parent":0,"menu_order":0,"comment_status":"closed","ping_status":"closed","template":"elementor_header_footer","meta":{"ocean_post_layout":"","ocean_both_sidebars_style":"","ocean_both_sidebars_content_width":0,"ocean_both_sidebars_sidebars_width":0,"ocean_sidebar":"0","ocean_second_sidebar":"0","ocean_disable_margins":"enable","ocean_add_body_class":"","ocean_shortcode_before_top_bar":"","ocean_shortcode_after_top_bar":"","ocean_shortcode_before_header":"","ocean_shortcode_after_header":"","ocean_has_shortcode":"","ocean_shortcode_after_title":"","ocean_shortcode_before_footer_widgets":"","ocean_shortcode_after_footer_widgets":"","ocean_shortcode_before_footer_bottom":"","ocean_shortcode_after_footer_bottom":"","ocean_display_top_bar":"default","ocean_display_header":"default","ocean_header_style":"","ocean_center_header_left_menu":"0","ocean_custom_header_template":"0","ocean_custom_logo":0,"ocean_custom_retina_logo":0,"ocean_custom_logo_max_width":0,"ocean_custom_logo_tablet_max_width":0,"ocean_custom_logo_mobile_max_width":0,"ocean_custom_logo_max_height":0,"ocean_custom_logo_tablet_max_height":0,"ocean_custom_logo_mobile_max_height":0,"ocean_header_custom_menu":"0","ocean_menu_typo_font_family":"0","ocean_menu_typo_font_subset":"","ocean_menu_typo_font_size":0,"ocean_menu_typo_font_size_tablet":0,"ocean_menu_typo_font_size_mobile":0,"ocean_menu_typo_font_size_unit":"px","ocean_menu_typo_font_weight":"","ocean_menu_typo_font_weight_tablet":"","ocean_menu_typo_font_weight_mobile":"","ocean_menu_typo_transform":"","ocean_menu_typo_transform_tablet":"","ocean_menu_typo_transform_mobile":"","ocean_menu_typo_line_height":0,"ocean_menu_typo_line_height_tablet":0,"ocean_menu_typo_line_height_mobile":0,"ocean_menu_typo_line_height_unit":"","ocean_menu_typo_spacing":0,"ocean_menu_typo_spacing_tablet":0,"ocean_menu_typo_spacing_mobile":0,"ocean_menu_typo_spacing_unit":"","ocean_menu_link_color":"","ocean_menu_link_color_hover":"","ocean_menu_link_color_active":"","ocean_menu_link_background":"","ocean_menu_link_hover_background":"","ocean_menu_link_active_background":"","ocean_menu_social_links_bg":"","ocean_menu_social_hover_links_bg":"","ocean_menu_social_links_color":"","ocean_menu_social_hover_links_color":"","ocean_disable_title":"default","ocean_disable_heading":"default","ocean_post_title":"","ocean_post_subheading":"","ocean_post_title_style":"","ocean_post_title_background_color":"","ocean_post_title_background":0,"ocean_post_title_bg_image_position":"","ocean_post_title_bg_image_attachment":"","ocean_post_title_bg_image_repeat":"","ocean_post_title_bg_image_size":"","ocean_post_title_height":0,"ocean_post_title_bg_overlay":0.5,"ocean_post_title_bg_overlay_color":"","ocean_disable_breadcrumbs":"default","ocean_breadcrumbs_color":"","ocean_breadcrumbs_separator_color":"","ocean_breadcrumbs_links_color":"","ocean_breadcrumbs_links_hover_color":"","ocean_display_footer_widgets":"default","ocean_display_footer_bottom":"default","ocean_custom_footer_template":"0","footnotes":""},"class_list":["post-309","page","type-page","status-publish","hentry","entry","owp-thumbs-layout-horizontal","owp-btn-normal","owp-tabs-layout-horizontal","has-no-thumbnails","has-product-nav"],"yoast_head":"<!-- This site is optimized with the Yoast SEO plugin v27.5 - https:\/\/yoast.com\/product\/yoast-seo-wordpress\/ -->\n<title>Kratki izravni osjetnik temperature PT 100, duljina 27,5mm - MT M\u00e9r\u00e9stechnika<\/title>\n<meta name=\"robots\" content=\"index, follow, max-snippet:-1, max-image-preview:large, max-video-preview:-1\" \/>\n<link rel=\"canonical\" href=\"https:\/\/mt-merestechnika.net\/index.php\/kratki-izravni-osjetnik-temperature-pt-100-duljina-275mm\/\" \/>\n<meta property=\"og:locale\" content=\"de_DE\" \/>\n<meta property=\"og:type\" content=\"article\" \/>\n<meta property=\"og:title\" content=\"Kratki izravni osjetnik temperature PT 100, duljina 27,5mm - MT M\u00e9r\u00e9stechnika\" \/>\n<meta property=\"og:description\" content=\"Kratki izravni osjetnik temperature PT 100, tip Kamstrup, stra\u017enji promjer 5,5 mm, prednji promjer 3,6 mm, duljina 27,5 mm Kratki izravni osjetnik temperature PT 100, tip Kamstrup (koristi se bez uronske \u010dahure) u MID ocijenjenoj ili kalibriranoj verziji sa sljede\u0107im specifikacijama: Tehni\u010dki list proizvoda\" \/>\n<meta property=\"og:url\" content=\"https:\/\/mt-merestechnika.net\/index.php\/kratki-izravni-osjetnik-temperature-pt-100-duljina-275mm\/\" \/>\n<meta property=\"og:site_name\" content=\"MT M\u00e9r\u00e9stechnika\" \/>\n<meta property=\"article:modified_time\" content=\"2025-09-08T13:07:21+00:00\" \/>\n<meta property=\"og:image\" content=\"https:\/\/mt-merestechnika.net\/index.php\/wordpress\/wp-content\/uploads\/2023\/04\/Kurzer-Direkttemperaturfuehler-Typ-Kamstrup-PT100_Bild_300x300.jpg\" \/>\n<meta name=\"twitter:card\" content=\"summary_large_image\" \/>\n<script type=\"application\/ld+json\" class=\"yoast-schema-graph\">{\"@context\":\"https:\\\/\\\/schema.org\",\"@graph\":[{\"@type\":\"WebPage\",\"@id\":\"https:\\\/\\\/mt-merestechnika.net\\\/index.php\\\/kratki-izravni-osjetnik-temperature-pt-100-duljina-275mm\\\/\",\"url\":\"https:\\\/\\\/mt-merestechnika.net\\\/index.php\\\/kratki-izravni-osjetnik-temperature-pt-100-duljina-275mm\\\/\",\"name\":\"Kratki izravni osjetnik temperature PT 100, duljina 27,5mm - MT M\u00e9r\u00e9stechnika\",\"isPartOf\":{\"@id\":\"https:\\\/\\\/mt-merestechnika.net\\\/#website\"},\"primaryImageOfPage\":{\"@id\":\"https:\\\/\\\/mt-merestechnika.net\\\/index.php\\\/kratki-izravni-osjetnik-temperature-pt-100-duljina-275mm\\\/#primaryimage\"},\"image\":{\"@id\":\"https:\\\/\\\/mt-merestechnika.net\\\/index.php\\\/kratki-izravni-osjetnik-temperature-pt-100-duljina-275mm\\\/#primaryimage\"},\"thumbnailUrl\":\"https:\\\/\\\/mt-merestechnika.net\\\/index.php\\\/wordpress\\\/wp-content\\\/uploads\\\/2023\\\/04\\\/Kurzer-Direkttemperaturfuehler-Typ-Kamstrup-PT100_Bild_300x300.jpg\",\"datePublished\":\"2023-04-07T10:27:42+00:00\",\"dateModified\":\"2025-09-08T13:07:21+00:00\",\"breadcrumb\":{\"@id\":\"https:\\\/\\\/mt-merestechnika.net\\\/index.php\\\/kratki-izravni-osjetnik-temperature-pt-100-duljina-275mm\\\/#breadcrumb\"},\"inLanguage\":\"de\",\"potentialAction\":[{\"@type\":\"ReadAction\",\"target\":[\"https:\\\/\\\/mt-merestechnika.net\\\/index.php\\\/kratki-izravni-osjetnik-temperature-pt-100-duljina-275mm\\\/\"]}]},{\"@type\":\"ImageObject\",\"inLanguage\":\"de\",\"@id\":\"https:\\\/\\\/mt-merestechnika.net\\\/index.php\\\/kratki-izravni-osjetnik-temperature-pt-100-duljina-275mm\\\/#primaryimage\",\"url\":\"https:\\\/\\\/mt-merestechnika.net\\\/index.php\\\/wordpress\\\/wp-content\\\/uploads\\\/2023\\\/04\\\/Kurzer-Direkttemperaturfuehler-Typ-Kamstrup-PT100_Bild_300x300.jpg\",\"contentUrl\":\"https:\\\/\\\/mt-merestechnika.net\\\/index.php\\\/wordpress\\\/wp-content\\\/uploads\\\/2023\\\/04\\\/Kurzer-Direkttemperaturfuehler-Typ-Kamstrup-PT100_Bild_300x300.jpg\"},{\"@type\":\"BreadcrumbList\",\"@id\":\"https:\\\/\\\/mt-merestechnika.net\\\/index.php\\\/kratki-izravni-osjetnik-temperature-pt-100-duljina-275mm\\\/#breadcrumb\",\"itemListElement\":[{\"@type\":\"ListItem\",\"position\":1,\"name\":\"Start\",\"item\":\"https:\\\/\\\/mt-merestechnika.net\\\/\"},{\"@type\":\"ListItem\",\"position\":2,\"name\":\"Kratki izravni osjetnik temperature PT 100, duljina 27,5mm\"}]},{\"@type\":\"WebSite\",\"@id\":\"https:\\\/\\\/mt-merestechnika.net\\\/#website\",\"url\":\"https:\\\/\\\/mt-merestechnika.net\\\/\",\"name\":\"MT M\u00e9r\u00e9stechnika\",\"description\":\"AZ \u00d6N ENERGIAPARTNERE\",\"publisher\":{\"@id\":\"https:\\\/\\\/mt-merestechnika.net\\\/#organization\"},\"potentialAction\":[{\"@type\":\"SearchAction\",\"target\":{\"@type\":\"EntryPoint\",\"urlTemplate\":\"https:\\\/\\\/mt-merestechnika.net\\\/?s={search_term_string}\"},\"query-input\":{\"@type\":\"PropertyValueSpecification\",\"valueRequired\":true,\"valueName\":\"search_term_string\"}}],\"inLanguage\":\"de\"},{\"@type\":\"Organization\",\"@id\":\"https:\\\/\\\/mt-merestechnika.net\\\/#organization\",\"name\":\"MT M\u00e9r\u00e9stechnika\",\"url\":\"https:\\\/\\\/mt-merestechnika.net\\\/\",\"logo\":{\"@type\":\"ImageObject\",\"inLanguage\":\"de\",\"@id\":\"https:\\\/\\\/mt-merestechnika.net\\\/#\\\/schema\\\/logo\\\/image\\\/\",\"url\":\"https:\\\/\\\/mt-merestechnika.net\\\/wp-content\\\/uploads\\\/2023\\\/11\\\/cropped-logo_hu_web_425px.png\",\"contentUrl\":\"https:\\\/\\\/mt-merestechnika.net\\\/wp-content\\\/uploads\\\/2023\\\/11\\\/cropped-logo_hu_web_425px.png\",\"width\":425,\"height\":65,\"caption\":\"MT M\u00e9r\u00e9stechnika\"},\"image\":{\"@id\":\"https:\\\/\\\/mt-merestechnika.net\\\/#\\\/schema\\\/logo\\\/image\\\/\"}}]}<\/script>\n<!-- \/ Yoast SEO plugin. -->","yoast_head_json":{"title":"Kratki izravni osjetnik temperature PT 100, duljina 27,5mm - MT M\u00e9r\u00e9stechnika","robots":{"index":"index","follow":"follow","max-snippet":"max-snippet:-1","max-image-preview":"max-image-preview:large","max-video-preview":"max-video-preview:-1"},"canonical":"https:\/\/mt-merestechnika.net\/index.php\/kratki-izravni-osjetnik-temperature-pt-100-duljina-275mm\/","og_locale":"de_DE","og_type":"article","og_title":"Kratki izravni osjetnik temperature PT 100, duljina 27,5mm - MT M\u00e9r\u00e9stechnika","og_description":"Kratki izravni osjetnik temperature PT 100, tip Kamstrup, stra\u017enji promjer 5,5 mm, prednji promjer 3,6 mm, duljina 27,5 mm Kratki izravni osjetnik temperature PT 100, tip Kamstrup (koristi se bez uronske \u010dahure) u MID ocijenjenoj ili kalibriranoj verziji sa sljede\u0107im specifikacijama: Tehni\u010dki list proizvoda","og_url":"https:\/\/mt-merestechnika.net\/index.php\/kratki-izravni-osjetnik-temperature-pt-100-duljina-275mm\/","og_site_name":"MT M\u00e9r\u00e9stechnika","article_modified_time":"2025-09-08T13:07:21+00:00","og_image":[{"url":"https:\/\/mt-merestechnika.net\/index.php\/wordpress\/wp-content\/uploads\/2023\/04\/Kurzer-Direkttemperaturfuehler-Typ-Kamstrup-PT100_Bild_300x300.jpg","type":"","width":"","height":""}],"twitter_card":"summary_large_image","schema":{"@context":"https:\/\/schema.org","@graph":[{"@type":"WebPage","@id":"https:\/\/mt-merestechnika.net\/index.php\/kratki-izravni-osjetnik-temperature-pt-100-duljina-275mm\/","url":"https:\/\/mt-merestechnika.net\/index.php\/kratki-izravni-osjetnik-temperature-pt-100-duljina-275mm\/","name":"Kratki izravni osjetnik temperature PT 100, duljina 27,5mm - MT M\u00e9r\u00e9stechnika","isPartOf":{"@id":"https:\/\/mt-merestechnika.net\/#website"},"primaryImageOfPage":{"@id":"https:\/\/mt-merestechnika.net\/index.php\/kratki-izravni-osjetnik-temperature-pt-100-duljina-275mm\/#primaryimage"},"image":{"@id":"https:\/\/mt-merestechnika.net\/index.php\/kratki-izravni-osjetnik-temperature-pt-100-duljina-275mm\/#primaryimage"},"thumbnailUrl":"https:\/\/mt-merestechnika.net\/index.php\/wordpress\/wp-content\/uploads\/2023\/04\/Kurzer-Direkttemperaturfuehler-Typ-Kamstrup-PT100_Bild_300x300.jpg","datePublished":"2023-04-07T10:27:42+00:00","dateModified":"2025-09-08T13:07:21+00:00","breadcrumb":{"@id":"https:\/\/mt-merestechnika.net\/index.php\/kratki-izravni-osjetnik-temperature-pt-100-duljina-275mm\/#breadcrumb"},"inLanguage":"de","potentialAction":[{"@type":"ReadAction","target":["https:\/\/mt-merestechnika.net\/index.php\/kratki-izravni-osjetnik-temperature-pt-100-duljina-275mm\/"]}]},{"@type":"ImageObject","inLanguage":"de","@id":"https:\/\/mt-merestechnika.net\/index.php\/kratki-izravni-osjetnik-temperature-pt-100-duljina-275mm\/#primaryimage","url":"https:\/\/mt-merestechnika.net\/index.php\/wordpress\/wp-content\/uploads\/2023\/04\/Kurzer-Direkttemperaturfuehler-Typ-Kamstrup-PT100_Bild_300x300.jpg","contentUrl":"https:\/\/mt-merestechnika.net\/index.php\/wordpress\/wp-content\/uploads\/2023\/04\/Kurzer-Direkttemperaturfuehler-Typ-Kamstrup-PT100_Bild_300x300.jpg"},{"@type":"BreadcrumbList","@id":"https:\/\/mt-merestechnika.net\/index.php\/kratki-izravni-osjetnik-temperature-pt-100-duljina-275mm\/#breadcrumb","itemListElement":[{"@type":"ListItem","position":1,"name":"Start","item":"https:\/\/mt-merestechnika.net\/"},{"@type":"ListItem","position":2,"name":"Kratki izravni osjetnik temperature PT 100, duljina 27,5mm"}]},{"@type":"WebSite","@id":"https:\/\/mt-merestechnika.net\/#website","url":"https:\/\/mt-merestechnika.net\/","name":"MT M\u00e9r\u00e9stechnika","description":"AZ \u00d6N ENERGIAPARTNERE","publisher":{"@id":"https:\/\/mt-merestechnika.net\/#organization"},"potentialAction":[{"@type":"SearchAction","target":{"@type":"EntryPoint","urlTemplate":"https:\/\/mt-merestechnika.net\/?s={search_term_string}"},"query-input":{"@type":"PropertyValueSpecification","valueRequired":true,"valueName":"search_term_string"}}],"inLanguage":"de"},{"@type":"Organization","@id":"https:\/\/mt-merestechnika.net\/#organization","name":"MT M\u00e9r\u00e9stechnika","url":"https:\/\/mt-merestechnika.net\/","logo":{"@type":"ImageObject","inLanguage":"de","@id":"https:\/\/mt-merestechnika.net\/#\/schema\/logo\/image\/","url":"https:\/\/mt-merestechnika.net\/wp-content\/uploads\/2023\/11\/cropped-logo_hu_web_425px.png","contentUrl":"https:\/\/mt-merestechnika.net\/wp-content\/uploads\/2023\/11\/cropped-logo_hu_web_425px.png","width":425,"height":65,"caption":"MT M\u00e9r\u00e9stechnika"},"image":{"@id":"https:\/\/mt-merestechnika.net\/#\/schema\/logo\/image\/"}}]}},"jetpack_sharing_enabled":true,"_links":{"self":[{"href":"https:\/\/mt-merestechnika.net\/index.php\/wp-json\/wp\/v2\/pages\/309","targetHints":{"allow":["GET"]}}],"collection":[{"href":"https:\/\/mt-merestechnika.net\/index.php\/wp-json\/wp\/v2\/pages"}],"about":[{"href":"https:\/\/mt-merestechnika.net\/index.php\/wp-json\/wp\/v2\/types\/page"}],"author":[{"embeddable":true,"href":"https:\/\/mt-merestechnika.net\/index.php\/wp-json\/wp\/v2\/users\/1"}],"replies":[{"embeddable":true,"href":"https:\/\/mt-merestechnika.net\/index.php\/wp-json\/wp\/v2\/comments?post=309"}],"version-history":[{"count":2,"href":"https:\/\/mt-merestechnika.net\/index.php\/wp-json\/wp\/v2\/pages\/309\/revisions"}],"predecessor-version":[{"id":21704,"href":"https:\/\/mt-merestechnika.net\/index.php\/wp-json\/wp\/v2\/pages\/309\/revisions\/21704"}],"wp:attachment":[{"href":"https:\/\/mt-merestechnika.net\/index.php\/wp-json\/wp\/v2\/media?parent=309"}],"curies":[{"name":"wp","href":"https:\/\/api.w.org\/{rel}","templated":true}]}}