{"id":281,"date":"2023-04-07T10:27:41","date_gmt":"2023-04-07T10:27:41","guid":{"rendered":"https:\/\/mt-mjernatehnika.com\/wordpress\/osjetnik-temperature-s-prikljucnom-glavom-pt-100-ili-pt-500-tip-top-146-1\/"},"modified":"2025-09-08T12:25:45","modified_gmt":"2025-09-08T12:25:45","slug":"osjetnik-temperature-s-prikljucnom-glavom-pt-100-ili-pt-500-tip-top-146-1","status":"publish","type":"page","link":"https:\/\/mt-merestechnika.net\/index.php\/osjetnik-temperature-s-prikljucnom-glavom-pt-100-ili-pt-500-tip-top-146-1\/","title":{"rendered":"TOP 146.1 t\u00edpus\u00fa h\u0151m\u00e9rs\u00e9klet-\u00e9rz\u00e9kel\u0151 PT 100 vagy PT 500"},"content":{"rendered":"\t\t<div data-elementor-type=\"wp-page\" data-elementor-id=\"281\" class=\"elementor elementor-281\">\n\t\t\t\t\t\t<section class=\"elementor-section elementor-top-section elementor-element elementor-element-40d084ae elementor-section-boxed elementor-section-height-default elementor-section-height-default\" data-id=\"40d084ae\" data-element_type=\"section\" data-e-type=\"section\">\n\t\t\t\t\t\t<div class=\"elementor-container elementor-column-gap-default\">\n\t\t\t\t\t<div class=\"elementor-column elementor-col-100 elementor-top-column elementor-element elementor-element-46fb440a\" data-id=\"46fb440a\" data-element_type=\"column\" data-e-type=\"column\">\n\t\t\t<div class=\"elementor-widget-wrap elementor-element-populated\">\n\t\t\t\t\t\t<div class=\"elementor-element elementor-element-6991ed6b elementor-widget elementor-widget-heading\" data-id=\"6991ed6b\" data-element_type=\"widget\" data-e-type=\"widget\" data-widget_type=\"heading.default\">\n\t\t\t\t<div class=\"elementor-widget-container\">\n\t\t\t\t\t<h1 class=\"elementor-heading-title elementor-size-default\">Apator TOP 146.1 t\u00edpus\u00fa h\u0151m\u00e9rs\u00e9klet-\u00e9rz\u00e9kel\u0151 PT 100 vagy PT 500 csatlakoz\u00f3fejjel,\nmegfelel\u0151 mer\u00fcl\u0151perselyekkel kombin\u00e1lva, \nk\u00fcls\u0151 v\u00e9delemmel ell\u00e1tott fej ac\u00e9lb\u00f3l (1H18N9T)\n<\/h1>\t\t\t\t<\/div>\n\t\t\t\t<\/div>\n\t\t\t\t\t<\/div>\n\t\t<\/div>\n\t\t\t\t\t<\/div>\n\t\t<\/section>\n\t\t\t\t<section class=\"elementor-section elementor-top-section elementor-element elementor-element-3477c1b8 elementor-section-boxed elementor-section-height-default elementor-section-height-default\" data-id=\"3477c1b8\" data-element_type=\"section\" data-e-type=\"section\">\n\t\t\t\t\t\t<div class=\"elementor-container elementor-column-gap-default\">\n\t\t\t\t\t<div class=\"elementor-column elementor-col-100 elementor-top-column elementor-element elementor-element-7fc1f17\" data-id=\"7fc1f17\" data-element_type=\"column\" data-e-type=\"column\">\n\t\t\t<div class=\"elementor-widget-wrap elementor-element-populated\">\n\t\t\t\t\t\t<div class=\"elementor-element elementor-element-48f2cf08 elementor-widget elementor-widget-text-editor\" data-id=\"48f2cf08\" data-element_type=\"widget\" data-e-type=\"widget\" data-widget_type=\"text-editor.default\">\n\t\t\t\t<div class=\"elementor-widget-container\">\n\t\t\t\t\t\t\t\t\t<p><strong>TOP 146.1 t\u00edpus\u00fa h\u0151m\u00e9rs\u00e9klet-\u00e9rz\u00e9kel\u0151 PT 100 (vagy PT 500), megfelel\u0151 mer\u00fcl\u0151perselyekkel kombin\u00e1lva, k\u00fcls\u0151 v\u00e9delemmel ell\u00e1tott fej ac\u00e9lb\u00f3l (1H18N9T), MID megfelel\u0151s\u00e9g\u00e9rt\u00e9kel\u00e9s\u0171 vagy hiteles\u00edtett kivitelben, a k\u00f6vetkez\u0151 specifik\u00e1ci\u00f3val:<\/strong><\/p>\t\t\t\t\t\t\t\t<\/div>\n\t\t\t\t<\/div>\n\t\t\t\t\t<\/div>\n\t\t<\/div>\n\t\t\t\t\t<\/div>\n\t\t<\/section>\n\t\t\t\t<section class=\"elementor-section elementor-top-section elementor-element elementor-element-121449ec elementor-section-boxed elementor-section-height-default elementor-section-height-default\" data-id=\"121449ec\" data-element_type=\"section\" data-e-type=\"section\">\n\t\t\t\t\t\t<div class=\"elementor-container elementor-column-gap-default\">\n\t\t\t\t\t<div class=\"elementor-column elementor-col-50 elementor-top-column elementor-element elementor-element-2e5bdbb5\" data-id=\"2e5bdbb5\" data-element_type=\"column\" data-e-type=\"column\">\n\t\t\t<div class=\"elementor-widget-wrap elementor-element-populated\">\n\t\t\t\t\t\t<div class=\"elementor-element elementor-element-2ff577b4 elementor-widget elementor-widget-text-editor\" data-id=\"2ff577b4\" data-element_type=\"widget\" data-e-type=\"widget\" data-widget_type=\"text-editor.default\">\n\t\t\t\t<div class=\"elementor-widget-container\">\n\t\t\t\t\t\t\t\t\t<div><p>A TOPGN 12\/C h\u0151m\u00e9rs\u00e9klet-\u00e9rz\u00e9kel\u0151ket alapvet\u0151en h\u0151mennyis\u00e9gm\u00e9r\u0151 sz\u00e1mol\u00f3szerkezetekkel \u00e9s egy megfelel\u0151 t\u00e9rfogatm\u00e9r\u0151 egys\u00e9ggel val\u00f3 kombin\u00e1lt haszn\u00e1latra tervezt\u00e9k. Ezen \u00e9rz\u00e9kel\u0151k k\u00fcl\u00f6nlegess\u00e9ge, hogy ac\u00e9lb\u00f3l (1H18N9T) k\u00e9sz\u00fclt, ellen\u00e1ll\u00f3 k\u00fcls\u0151 v\u00e9delemmel vannak ell\u00e1tva. Ez lehet\u0151v\u00e9 teszi a bonyolult vagy kedvez\u0151tlen k\u00f6rnyezeti k\u00f6r\u00fclm\u00e9nyek k\u00f6z\u00f6tti haszn\u00e1latot. A m\u00e9r\u0151\u00e9rz\u00e9kel\u0151k v\u00e1laszthat\u00f3an PT100 vagy PT500 m\u00e9r\u0151elemmel is rendelhet\u0151k. A h\u0151m\u00e9rs\u00e9klet-\u00e9rz\u00e9kel\u0151ket megfelel\u0151 mer\u00fcl\u0151perselyekkel kombin\u00e1lva kell haszn\u00e1lni. Az egyszer\u0171 megk\u00fcl\u00f6nb\u00f6ztet\u00e9s \u00e9rdek\u00e9ben a h\u0151m\u00e9rs\u00e9klet-\u00e9rz\u00e9kel\u0151k piros (el\u0151remen\u0151) \u00e9s k\u00e9k (visszat\u00e9r\u0151) jel\u00f6l\u00e9ssel vannak ell\u00e1tva. A h\u0151m\u00e9rs\u00e9klet-\u00e9rz\u00e9kel\u0151k be\u00e9p\u00edt\u00e9se t\u00f6rt\u00e9nhet<\/p><ul><li><p>a m\u00e9rt k\u00f6zeg \u00e1raml\u00e1si ir\u00e1ny\u00e1ra mer\u0151legesen,<\/p><\/li><li><p>a m\u00e9rt k\u00f6zeg \u00e1raml\u00e1si ir\u00e1ny\u00e1ra 45 fokos sz\u00f6gben, vagy<\/p><\/li><li><p>a cs\u0151kanyarban (az \u00e1raml\u00e1s ir\u00e1ny\u00e1val ellent\u00e9tesen).<br \/><br \/><\/p><\/li><\/ul><p>Az \u00e9rz\u00e9kel\u0151t elvileg \u00fagy kell be\u00e9p\u00edteni, hogy m\u00e9r\u0151eleme \u00e9rje el annak a cs\u0151nek a tengely\u00e9t, amelyben a h\u0151k\u00f6zeg \u00e1ramlik.<\/p><\/div><div><p><a href=\"https:\/\/mt-merestechnika.net\/wp-content\/uploads\/2024\/01\/Apator-TOP-146.1-tipusu.pdf\" target=\"_blank\" rel=\"noopener\">A term\u00e9k m\u0171szaki adatlapja<\/a><\/p><\/div>\t\t\t\t\t\t\t\t<\/div>\n\t\t\t\t<\/div>\n\t\t\t\t\t<\/div>\n\t\t<\/div>\n\t\t\t\t<div class=\"elementor-column elementor-col-50 elementor-top-column elementor-element elementor-element-5071a3d\" data-id=\"5071a3d\" data-element_type=\"column\" data-e-type=\"column\">\n\t\t\t<div class=\"elementor-widget-wrap elementor-element-populated\">\n\t\t\t\t\t\t<div class=\"elementor-element elementor-element-1cf871a5 elementor-widget elementor-widget-image\" data-id=\"1cf871a5\" data-element_type=\"widget\" data-e-type=\"widget\" data-widget_type=\"image.default\">\n\t\t\t\t<div class=\"elementor-widget-container\">\n\t\t\t\t\t\t\t\t\t\t\t\t\t\t\t<img fetchpriority=\"high\" decoding=\"async\" width=\"300\" height=\"300\" src=\"https:\/\/mt-merestechnika.net\/wp-content\/uploads\/2023\/04\/Temperaturfuehler_Anschlusskopf_Stahlummantelung-TOP-146_300x300.jpg\" class=\"attachment-medium size-medium wp-image-282\" alt=\"\" srcset=\"https:\/\/mt-merestechnika.net\/wp-content\/uploads\/2023\/04\/Temperaturfuehler_Anschlusskopf_Stahlummantelung-TOP-146_300x300.jpg 300w, https:\/\/mt-merestechnika.net\/wp-content\/uploads\/2023\/04\/Temperaturfuehler_Anschlusskopf_Stahlummantelung-TOP-146_300x300-150x150.jpg 150w, https:\/\/mt-merestechnika.net\/wp-content\/uploads\/2023\/04\/Temperaturfuehler_Anschlusskopf_Stahlummantelung-TOP-146_300x300-100x100.jpg 100w\" sizes=\"(max-width: 300px) 100vw, 300px\" \/>\t\t\t\t\t\t\t\t\t\t\t\t\t\t\t<\/div>\n\t\t\t\t<\/div>\n\t\t\t\t\t<\/div>\n\t\t<\/div>\n\t\t\t\t\t<\/div>\n\t\t<\/section>\n\t\t\t\t<\/div>\n\t\t","protected":false},"excerpt":{"rendered":"<p>Apator TOP 146.1 t\u00edpus\u00fa h\u0151m\u00e9rs\u00e9klet-\u00e9rz\u00e9kel\u0151 PT 100 vagy PT 500 csatlakoz\u00f3fejjel, megfelel\u0151 mer\u00fcl\u0151perselyekkel kombin\u00e1lva, k\u00fcls\u0151 v\u00e9delemmel ell\u00e1tott fej ac\u00e9lb\u00f3l (1H18N9T) TOP 146.1 t\u00edpus\u00fa h\u0151m\u00e9rs\u00e9klet-\u00e9rz\u00e9kel\u0151 PT 100 (vagy PT 500), megfelel\u0151 mer\u00fcl\u0151perselyekkel kombin\u00e1lva, k\u00fcls\u0151 v\u00e9delemmel ell\u00e1tott fej ac\u00e9lb\u00f3l (1H18N9T), MID megfelel\u0151s\u00e9g\u00e9rt\u00e9kel\u00e9s\u0171 vagy hiteles\u00edtett kivitelben, a k\u00f6vetkez\u0151 specifik\u00e1ci\u00f3val: A TOPGN 12\/C h\u0151m\u00e9rs\u00e9klet-\u00e9rz\u00e9kel\u0151ket alapvet\u0151en h\u0151mennyis\u00e9gm\u00e9r\u0151 sz\u00e1mol\u00f3szerkezetekkel \u00e9s egy [&hellip;]<\/p>\n","protected":false},"author":1,"featured_media":0,"parent":0,"menu_order":0,"comment_status":"closed","ping_status":"closed","template":"elementor_header_footer","meta":{"ocean_post_layout":"","ocean_both_sidebars_style":"","ocean_both_sidebars_content_width":0,"ocean_both_sidebars_sidebars_width":0,"ocean_sidebar":"0","ocean_second_sidebar":"0","ocean_disable_margins":"enable","ocean_add_body_class":"","ocean_shortcode_before_top_bar":"","ocean_shortcode_after_top_bar":"","ocean_shortcode_before_header":"","ocean_shortcode_after_header":"","ocean_has_shortcode":"","ocean_shortcode_after_title":"","ocean_shortcode_before_footer_widgets":"","ocean_shortcode_after_footer_widgets":"","ocean_shortcode_before_footer_bottom":"","ocean_shortcode_after_footer_bottom":"","ocean_display_top_bar":"default","ocean_display_header":"default","ocean_header_style":"","ocean_center_header_left_menu":"0","ocean_custom_header_template":"0","ocean_custom_logo":0,"ocean_custom_retina_logo":0,"ocean_custom_logo_max_width":0,"ocean_custom_logo_tablet_max_width":0,"ocean_custom_logo_mobile_max_width":0,"ocean_custom_logo_max_height":0,"ocean_custom_logo_tablet_max_height":0,"ocean_custom_logo_mobile_max_height":0,"ocean_header_custom_menu":"0","ocean_menu_typo_font_family":"0","ocean_menu_typo_font_subset":"","ocean_menu_typo_font_size":0,"ocean_menu_typo_font_size_tablet":0,"ocean_menu_typo_font_size_mobile":0,"ocean_menu_typo_font_size_unit":"px","ocean_menu_typo_font_weight":"","ocean_menu_typo_font_weight_tablet":"","ocean_menu_typo_font_weight_mobile":"","ocean_menu_typo_transform":"","ocean_menu_typo_transform_tablet":"","ocean_menu_typo_transform_mobile":"","ocean_menu_typo_line_height":0,"ocean_menu_typo_line_height_tablet":0,"ocean_menu_typo_line_height_mobile":0,"ocean_menu_typo_line_height_unit":"","ocean_menu_typo_spacing":0,"ocean_menu_typo_spacing_tablet":0,"ocean_menu_typo_spacing_mobile":0,"ocean_menu_typo_spacing_unit":"","ocean_menu_link_color":"","ocean_menu_link_color_hover":"","ocean_menu_link_color_active":"","ocean_menu_link_background":"","ocean_menu_link_hover_background":"","ocean_menu_link_active_background":"","ocean_menu_social_links_bg":"","ocean_menu_social_hover_links_bg":"","ocean_menu_social_links_color":"","ocean_menu_social_hover_links_color":"","ocean_disable_title":"default","ocean_disable_heading":"default","ocean_post_title":"","ocean_post_subheading":"","ocean_post_title_style":"","ocean_post_title_background_color":"","ocean_post_title_background":0,"ocean_post_title_bg_image_position":"","ocean_post_title_bg_image_attachment":"","ocean_post_title_bg_image_repeat":"","ocean_post_title_bg_image_size":"","ocean_post_title_height":0,"ocean_post_title_bg_overlay":0.5,"ocean_post_title_bg_overlay_color":"","ocean_disable_breadcrumbs":"default","ocean_breadcrumbs_color":"","ocean_breadcrumbs_separator_color":"","ocean_breadcrumbs_links_color":"","ocean_breadcrumbs_links_hover_color":"","ocean_display_footer_widgets":"default","ocean_display_footer_bottom":"default","ocean_custom_footer_template":"0","footnotes":""},"class_list":["post-281","page","type-page","status-publish","hentry","entry","owp-thumbs-layout-horizontal","owp-btn-normal","owp-tabs-layout-horizontal","has-no-thumbnails","has-product-nav"],"yoast_head":"<!-- This site is optimized with the Yoast SEO plugin v27.5 - https:\/\/yoast.com\/product\/yoast-seo-wordpress\/ -->\n<title>TOP 146.1 t\u00edpus\u00fa h\u0151m\u00e9rs\u00e9klet-\u00e9rz\u00e9kel\u0151 PT 100 vagy PT 500 - MT M\u00e9r\u00e9stechnika<\/title>\n<meta name=\"robots\" content=\"index, follow, max-snippet:-1, max-image-preview:large, max-video-preview:-1\" \/>\n<link rel=\"canonical\" href=\"https:\/\/mt-merestechnika.net\/index.php\/osjetnik-temperature-s-prikljucnom-glavom-pt-100-ili-pt-500-tip-top-146-1\/\" \/>\n<meta property=\"og:locale\" content=\"de_DE\" \/>\n<meta property=\"og:type\" content=\"article\" \/>\n<meta property=\"og:title\" content=\"TOP 146.1 t\u00edpus\u00fa h\u0151m\u00e9rs\u00e9klet-\u00e9rz\u00e9kel\u0151 PT 100 vagy PT 500 - MT M\u00e9r\u00e9stechnika\" \/>\n<meta property=\"og:description\" content=\"Apator TOP 146.1 t\u00edpus\u00fa h\u0151m\u00e9rs\u00e9klet-\u00e9rz\u00e9kel\u0151 PT 100 vagy PT 500 csatlakoz\u00f3fejjel, megfelel\u0151 mer\u00fcl\u0151perselyekkel kombin\u00e1lva, k\u00fcls\u0151 v\u00e9delemmel ell\u00e1tott fej ac\u00e9lb\u00f3l (1H18N9T) TOP 146.1 t\u00edpus\u00fa h\u0151m\u00e9rs\u00e9klet-\u00e9rz\u00e9kel\u0151 PT 100 (vagy PT 500), megfelel\u0151 mer\u00fcl\u0151perselyekkel kombin\u00e1lva, k\u00fcls\u0151 v\u00e9delemmel ell\u00e1tott fej ac\u00e9lb\u00f3l (1H18N9T), MID megfelel\u0151s\u00e9g\u00e9rt\u00e9kel\u00e9s\u0171 vagy hiteles\u00edtett kivitelben, a k\u00f6vetkez\u0151 specifik\u00e1ci\u00f3val: A TOPGN 12\/C h\u0151m\u00e9rs\u00e9klet-\u00e9rz\u00e9kel\u0151ket alapvet\u0151en h\u0151mennyis\u00e9gm\u00e9r\u0151 sz\u00e1mol\u00f3szerkezetekkel \u00e9s egy [&hellip;]\" \/>\n<meta property=\"og:url\" content=\"https:\/\/mt-merestechnika.net\/index.php\/osjetnik-temperature-s-prikljucnom-glavom-pt-100-ili-pt-500-tip-top-146-1\/\" \/>\n<meta property=\"og:site_name\" content=\"MT M\u00e9r\u00e9stechnika\" \/>\n<meta property=\"article:modified_time\" content=\"2025-09-08T12:25:45+00:00\" \/>\n<meta property=\"og:image\" content=\"https:\/\/mt-merestechnika.net\/wp-content\/uploads\/2023\/04\/Temperaturfuehler_Anschlusskopf_Stahlummantelung-TOP-146_300x300.jpg\" \/>\n<meta name=\"twitter:card\" content=\"summary_large_image\" \/>\n<meta name=\"twitter:label1\" content=\"Gesch\u00e4tzte Lesezeit\" \/>\n\t<meta name=\"twitter:data1\" content=\"2\u00a0Minuten\" \/>\n<script type=\"application\/ld+json\" class=\"yoast-schema-graph\">{\"@context\":\"https:\\\/\\\/schema.org\",\"@graph\":[{\"@type\":\"WebPage\",\"@id\":\"https:\\\/\\\/mt-merestechnika.net\\\/index.php\\\/osjetnik-temperature-s-prikljucnom-glavom-pt-100-ili-pt-500-tip-top-146-1\\\/\",\"url\":\"https:\\\/\\\/mt-merestechnika.net\\\/index.php\\\/osjetnik-temperature-s-prikljucnom-glavom-pt-100-ili-pt-500-tip-top-146-1\\\/\",\"name\":\"TOP 146.1 t\u00edpus\u00fa h\u0151m\u00e9rs\u00e9klet-\u00e9rz\u00e9kel\u0151 PT 100 vagy PT 500 - MT M\u00e9r\u00e9stechnika\",\"isPartOf\":{\"@id\":\"https:\\\/\\\/mt-merestechnika.net\\\/#website\"},\"primaryImageOfPage\":{\"@id\":\"https:\\\/\\\/mt-merestechnika.net\\\/index.php\\\/osjetnik-temperature-s-prikljucnom-glavom-pt-100-ili-pt-500-tip-top-146-1\\\/#primaryimage\"},\"image\":{\"@id\":\"https:\\\/\\\/mt-merestechnika.net\\\/index.php\\\/osjetnik-temperature-s-prikljucnom-glavom-pt-100-ili-pt-500-tip-top-146-1\\\/#primaryimage\"},\"thumbnailUrl\":\"https:\\\/\\\/mt-merestechnika.net\\\/wp-content\\\/uploads\\\/2023\\\/04\\\/Temperaturfuehler_Anschlusskopf_Stahlummantelung-TOP-146_300x300.jpg\",\"datePublished\":\"2023-04-07T10:27:41+00:00\",\"dateModified\":\"2025-09-08T12:25:45+00:00\",\"breadcrumb\":{\"@id\":\"https:\\\/\\\/mt-merestechnika.net\\\/index.php\\\/osjetnik-temperature-s-prikljucnom-glavom-pt-100-ili-pt-500-tip-top-146-1\\\/#breadcrumb\"},\"inLanguage\":\"de\",\"potentialAction\":[{\"@type\":\"ReadAction\",\"target\":[\"https:\\\/\\\/mt-merestechnika.net\\\/index.php\\\/osjetnik-temperature-s-prikljucnom-glavom-pt-100-ili-pt-500-tip-top-146-1\\\/\"]}]},{\"@type\":\"ImageObject\",\"inLanguage\":\"de\",\"@id\":\"https:\\\/\\\/mt-merestechnika.net\\\/index.php\\\/osjetnik-temperature-s-prikljucnom-glavom-pt-100-ili-pt-500-tip-top-146-1\\\/#primaryimage\",\"url\":\"https:\\\/\\\/mt-merestechnika.net\\\/wp-content\\\/uploads\\\/2023\\\/04\\\/Temperaturfuehler_Anschlusskopf_Stahlummantelung-TOP-146_300x300.jpg\",\"contentUrl\":\"https:\\\/\\\/mt-merestechnika.net\\\/wp-content\\\/uploads\\\/2023\\\/04\\\/Temperaturfuehler_Anschlusskopf_Stahlummantelung-TOP-146_300x300.jpg\",\"width\":300,\"height\":300},{\"@type\":\"BreadcrumbList\",\"@id\":\"https:\\\/\\\/mt-merestechnika.net\\\/index.php\\\/osjetnik-temperature-s-prikljucnom-glavom-pt-100-ili-pt-500-tip-top-146-1\\\/#breadcrumb\",\"itemListElement\":[{\"@type\":\"ListItem\",\"position\":1,\"name\":\"Start\",\"item\":\"https:\\\/\\\/mt-merestechnika.net\\\/\"},{\"@type\":\"ListItem\",\"position\":2,\"name\":\"TOP 146.1 t\u00edpus\u00fa h\u0151m\u00e9rs\u00e9klet-\u00e9rz\u00e9kel\u0151 PT 100 vagy PT 500\"}]},{\"@type\":\"WebSite\",\"@id\":\"https:\\\/\\\/mt-merestechnika.net\\\/#website\",\"url\":\"https:\\\/\\\/mt-merestechnika.net\\\/\",\"name\":\"MT M\u00e9r\u00e9stechnika\",\"description\":\"AZ \u00d6N ENERGIAPARTNERE\",\"publisher\":{\"@id\":\"https:\\\/\\\/mt-merestechnika.net\\\/#organization\"},\"potentialAction\":[{\"@type\":\"SearchAction\",\"target\":{\"@type\":\"EntryPoint\",\"urlTemplate\":\"https:\\\/\\\/mt-merestechnika.net\\\/?s={search_term_string}\"},\"query-input\":{\"@type\":\"PropertyValueSpecification\",\"valueRequired\":true,\"valueName\":\"search_term_string\"}}],\"inLanguage\":\"de\"},{\"@type\":\"Organization\",\"@id\":\"https:\\\/\\\/mt-merestechnika.net\\\/#organization\",\"name\":\"MT M\u00e9r\u00e9stechnika\",\"url\":\"https:\\\/\\\/mt-merestechnika.net\\\/\",\"logo\":{\"@type\":\"ImageObject\",\"inLanguage\":\"de\",\"@id\":\"https:\\\/\\\/mt-merestechnika.net\\\/#\\\/schema\\\/logo\\\/image\\\/\",\"url\":\"https:\\\/\\\/mt-merestechnika.net\\\/wp-content\\\/uploads\\\/2023\\\/11\\\/cropped-logo_hu_web_425px.png\",\"contentUrl\":\"https:\\\/\\\/mt-merestechnika.net\\\/wp-content\\\/uploads\\\/2023\\\/11\\\/cropped-logo_hu_web_425px.png\",\"width\":425,\"height\":65,\"caption\":\"MT M\u00e9r\u00e9stechnika\"},\"image\":{\"@id\":\"https:\\\/\\\/mt-merestechnika.net\\\/#\\\/schema\\\/logo\\\/image\\\/\"}}]}<\/script>\n<!-- \/ Yoast SEO plugin. -->","yoast_head_json":{"title":"TOP 146.1 t\u00edpus\u00fa h\u0151m\u00e9rs\u00e9klet-\u00e9rz\u00e9kel\u0151 PT 100 vagy PT 500 - MT M\u00e9r\u00e9stechnika","robots":{"index":"index","follow":"follow","max-snippet":"max-snippet:-1","max-image-preview":"max-image-preview:large","max-video-preview":"max-video-preview:-1"},"canonical":"https:\/\/mt-merestechnika.net\/index.php\/osjetnik-temperature-s-prikljucnom-glavom-pt-100-ili-pt-500-tip-top-146-1\/","og_locale":"de_DE","og_type":"article","og_title":"TOP 146.1 t\u00edpus\u00fa h\u0151m\u00e9rs\u00e9klet-\u00e9rz\u00e9kel\u0151 PT 100 vagy PT 500 - MT M\u00e9r\u00e9stechnika","og_description":"Apator TOP 146.1 t\u00edpus\u00fa h\u0151m\u00e9rs\u00e9klet-\u00e9rz\u00e9kel\u0151 PT 100 vagy PT 500 csatlakoz\u00f3fejjel, megfelel\u0151 mer\u00fcl\u0151perselyekkel kombin\u00e1lva, k\u00fcls\u0151 v\u00e9delemmel ell\u00e1tott fej ac\u00e9lb\u00f3l (1H18N9T) TOP 146.1 t\u00edpus\u00fa h\u0151m\u00e9rs\u00e9klet-\u00e9rz\u00e9kel\u0151 PT 100 (vagy PT 500), megfelel\u0151 mer\u00fcl\u0151perselyekkel kombin\u00e1lva, k\u00fcls\u0151 v\u00e9delemmel ell\u00e1tott fej ac\u00e9lb\u00f3l (1H18N9T), MID megfelel\u0151s\u00e9g\u00e9rt\u00e9kel\u00e9s\u0171 vagy hiteles\u00edtett kivitelben, a k\u00f6vetkez\u0151 specifik\u00e1ci\u00f3val: A TOPGN 12\/C h\u0151m\u00e9rs\u00e9klet-\u00e9rz\u00e9kel\u0151ket alapvet\u0151en h\u0151mennyis\u00e9gm\u00e9r\u0151 sz\u00e1mol\u00f3szerkezetekkel \u00e9s egy [&hellip;]","og_url":"https:\/\/mt-merestechnika.net\/index.php\/osjetnik-temperature-s-prikljucnom-glavom-pt-100-ili-pt-500-tip-top-146-1\/","og_site_name":"MT M\u00e9r\u00e9stechnika","article_modified_time":"2025-09-08T12:25:45+00:00","og_image":[{"url":"https:\/\/mt-merestechnika.net\/wp-content\/uploads\/2023\/04\/Temperaturfuehler_Anschlusskopf_Stahlummantelung-TOP-146_300x300.jpg","type":"","width":"","height":""}],"twitter_card":"summary_large_image","twitter_misc":{"Gesch\u00e4tzte Lesezeit":"2\u00a0Minuten"},"schema":{"@context":"https:\/\/schema.org","@graph":[{"@type":"WebPage","@id":"https:\/\/mt-merestechnika.net\/index.php\/osjetnik-temperature-s-prikljucnom-glavom-pt-100-ili-pt-500-tip-top-146-1\/","url":"https:\/\/mt-merestechnika.net\/index.php\/osjetnik-temperature-s-prikljucnom-glavom-pt-100-ili-pt-500-tip-top-146-1\/","name":"TOP 146.1 t\u00edpus\u00fa h\u0151m\u00e9rs\u00e9klet-\u00e9rz\u00e9kel\u0151 PT 100 vagy PT 500 - MT M\u00e9r\u00e9stechnika","isPartOf":{"@id":"https:\/\/mt-merestechnika.net\/#website"},"primaryImageOfPage":{"@id":"https:\/\/mt-merestechnika.net\/index.php\/osjetnik-temperature-s-prikljucnom-glavom-pt-100-ili-pt-500-tip-top-146-1\/#primaryimage"},"image":{"@id":"https:\/\/mt-merestechnika.net\/index.php\/osjetnik-temperature-s-prikljucnom-glavom-pt-100-ili-pt-500-tip-top-146-1\/#primaryimage"},"thumbnailUrl":"https:\/\/mt-merestechnika.net\/wp-content\/uploads\/2023\/04\/Temperaturfuehler_Anschlusskopf_Stahlummantelung-TOP-146_300x300.jpg","datePublished":"2023-04-07T10:27:41+00:00","dateModified":"2025-09-08T12:25:45+00:00","breadcrumb":{"@id":"https:\/\/mt-merestechnika.net\/index.php\/osjetnik-temperature-s-prikljucnom-glavom-pt-100-ili-pt-500-tip-top-146-1\/#breadcrumb"},"inLanguage":"de","potentialAction":[{"@type":"ReadAction","target":["https:\/\/mt-merestechnika.net\/index.php\/osjetnik-temperature-s-prikljucnom-glavom-pt-100-ili-pt-500-tip-top-146-1\/"]}]},{"@type":"ImageObject","inLanguage":"de","@id":"https:\/\/mt-merestechnika.net\/index.php\/osjetnik-temperature-s-prikljucnom-glavom-pt-100-ili-pt-500-tip-top-146-1\/#primaryimage","url":"https:\/\/mt-merestechnika.net\/wp-content\/uploads\/2023\/04\/Temperaturfuehler_Anschlusskopf_Stahlummantelung-TOP-146_300x300.jpg","contentUrl":"https:\/\/mt-merestechnika.net\/wp-content\/uploads\/2023\/04\/Temperaturfuehler_Anschlusskopf_Stahlummantelung-TOP-146_300x300.jpg","width":300,"height":300},{"@type":"BreadcrumbList","@id":"https:\/\/mt-merestechnika.net\/index.php\/osjetnik-temperature-s-prikljucnom-glavom-pt-100-ili-pt-500-tip-top-146-1\/#breadcrumb","itemListElement":[{"@type":"ListItem","position":1,"name":"Start","item":"https:\/\/mt-merestechnika.net\/"},{"@type":"ListItem","position":2,"name":"TOP 146.1 t\u00edpus\u00fa h\u0151m\u00e9rs\u00e9klet-\u00e9rz\u00e9kel\u0151 PT 100 vagy PT 500"}]},{"@type":"WebSite","@id":"https:\/\/mt-merestechnika.net\/#website","url":"https:\/\/mt-merestechnika.net\/","name":"MT M\u00e9r\u00e9stechnika","description":"AZ \u00d6N ENERGIAPARTNERE","publisher":{"@id":"https:\/\/mt-merestechnika.net\/#organization"},"potentialAction":[{"@type":"SearchAction","target":{"@type":"EntryPoint","urlTemplate":"https:\/\/mt-merestechnika.net\/?s={search_term_string}"},"query-input":{"@type":"PropertyValueSpecification","valueRequired":true,"valueName":"search_term_string"}}],"inLanguage":"de"},{"@type":"Organization","@id":"https:\/\/mt-merestechnika.net\/#organization","name":"MT M\u00e9r\u00e9stechnika","url":"https:\/\/mt-merestechnika.net\/","logo":{"@type":"ImageObject","inLanguage":"de","@id":"https:\/\/mt-merestechnika.net\/#\/schema\/logo\/image\/","url":"https:\/\/mt-merestechnika.net\/wp-content\/uploads\/2023\/11\/cropped-logo_hu_web_425px.png","contentUrl":"https:\/\/mt-merestechnika.net\/wp-content\/uploads\/2023\/11\/cropped-logo_hu_web_425px.png","width":425,"height":65,"caption":"MT M\u00e9r\u00e9stechnika"},"image":{"@id":"https:\/\/mt-merestechnika.net\/#\/schema\/logo\/image\/"}}]}},"jetpack_sharing_enabled":true,"_links":{"self":[{"href":"https:\/\/mt-merestechnika.net\/index.php\/wp-json\/wp\/v2\/pages\/281","targetHints":{"allow":["GET"]}}],"collection":[{"href":"https:\/\/mt-merestechnika.net\/index.php\/wp-json\/wp\/v2\/pages"}],"about":[{"href":"https:\/\/mt-merestechnika.net\/index.php\/wp-json\/wp\/v2\/types\/page"}],"author":[{"embeddable":true,"href":"https:\/\/mt-merestechnika.net\/index.php\/wp-json\/wp\/v2\/users\/1"}],"replies":[{"embeddable":true,"href":"https:\/\/mt-merestechnika.net\/index.php\/wp-json\/wp\/v2\/comments?post=281"}],"version-history":[{"count":8,"href":"https:\/\/mt-merestechnika.net\/index.php\/wp-json\/wp\/v2\/pages\/281\/revisions"}],"predecessor-version":[{"id":20889,"href":"https:\/\/mt-merestechnika.net\/index.php\/wp-json\/wp\/v2\/pages\/281\/revisions\/20889"}],"wp:attachment":[{"href":"https:\/\/mt-merestechnika.net\/index.php\/wp-json\/wp\/v2\/media?parent=281"}],"curies":[{"name":"wp","href":"https:\/\/api.w.org\/{rel}","templated":true}]}}