{"id":225,"date":"2023-04-07T10:27:38","date_gmt":"2023-04-07T10:27:38","guid":{"rendered":"https:\/\/mt-mjernatehnika.com\/wordpress\/prirubnice-s-navojem-pn-16\/"},"modified":"2025-09-08T12:25:44","modified_gmt":"2025-09-08T12:25:44","slug":"prirubnice-s-navojem-pn-16","status":"publish","type":"page","link":"https:\/\/mt-merestechnika.net\/index.php\/prirubnice-s-navojem-pn-16\/","title":{"rendered":"PN 16 menetes karim\u00e1k"},"content":{"rendered":"\t\t<div data-elementor-type=\"wp-page\" data-elementor-id=\"225\" class=\"elementor elementor-225\">\n\t\t\t\t\t\t<section class=\"elementor-section elementor-top-section elementor-element elementor-element-4ee72176 elementor-section-boxed elementor-section-height-default elementor-section-height-default\" data-id=\"4ee72176\" data-element_type=\"section\" data-e-type=\"section\">\n\t\t\t\t\t\t<div class=\"elementor-container elementor-column-gap-default\">\n\t\t\t\t\t<div class=\"elementor-column elementor-col-100 elementor-top-column elementor-element elementor-element-46e1cf8e\" data-id=\"46e1cf8e\" data-element_type=\"column\" data-e-type=\"column\">\n\t\t\t<div class=\"elementor-widget-wrap elementor-element-populated\">\n\t\t\t\t\t\t<div class=\"elementor-element elementor-element-2f3228d2 elementor-widget elementor-widget-heading\" data-id=\"2f3228d2\" data-element_type=\"widget\" data-e-type=\"widget\" data-widget_type=\"heading.default\">\n\t\t\t\t<div class=\"elementor-widget-container\">\n\t\t\t\t\t<h1 class=\"elementor-heading-title elementor-size-default\">PN 16 menetes karima, karim\u00e1s t\u00e1rsash\u00e1zi h\u0151mennyis\u00e9gm\u00e9r\u0151kbe vagy karim\u00e1s csatlakoz\u00f3darabok t\u00e1rsash\u00e1zi h\u0151mennyis\u00e9gm\u00e9r\u0151be t\u00f6rt\u00e9n\u0151 be\u00e9p\u00edt\u00e9s\u00e9hez<\/h1>\t\t\t\t<\/div>\n\t\t\t\t<\/div>\n\t\t\t\t\t<\/div>\n\t\t<\/div>\n\t\t\t\t\t<\/div>\n\t\t<\/section>\n\t\t\t\t<section class=\"elementor-section elementor-top-section elementor-element elementor-element-1c655a25 elementor-section-boxed elementor-section-height-default elementor-section-height-default\" data-id=\"1c655a25\" data-element_type=\"section\" data-e-type=\"section\">\n\t\t\t\t\t\t<div class=\"elementor-container elementor-column-gap-default\">\n\t\t\t\t\t<div class=\"elementor-column elementor-col-100 elementor-top-column elementor-element elementor-element-20d40dc5\" data-id=\"20d40dc5\" data-element_type=\"column\" data-e-type=\"column\">\n\t\t\t<div class=\"elementor-widget-wrap elementor-element-populated\">\n\t\t\t\t\t\t<div class=\"elementor-element elementor-element-7971ffdb elementor-widget elementor-widget-text-editor\" data-id=\"7971ffdb\" data-element_type=\"widget\" data-e-type=\"widget\" data-widget_type=\"text-editor.default\">\n\t\t\t\t<div class=\"elementor-widget-container\">\n\t\t\t\t\t\t\t\t\t<p><strong>PN 16 menetes karim\u00e1k \u2013 karim\u00e1s t\u00e1rsash\u00e1zi h\u0151mennyis\u00e9gm\u00e9r\u0151kkel vagy karim\u00e1s csatlakoz\u00f3darabokkal val\u00f3 kombin\u00e1lt haszn\u00e1latra, ac\u00e9l v\u00e1ltozatban horganyzott kivitelben<\/strong><\/p>\t\t\t\t\t\t\t\t<\/div>\n\t\t\t\t<\/div>\n\t\t\t\t\t<\/div>\n\t\t<\/div>\n\t\t\t\t\t<\/div>\n\t\t<\/section>\n\t\t\t\t<section class=\"elementor-section elementor-top-section elementor-element elementor-element-174be14d elementor-section-boxed elementor-section-height-default elementor-section-height-default\" data-id=\"174be14d\" data-element_type=\"section\" data-e-type=\"section\">\n\t\t\t\t\t\t<div class=\"elementor-container elementor-column-gap-default\">\n\t\t\t\t\t<div class=\"elementor-column elementor-col-50 elementor-top-column elementor-element elementor-element-460ea90e\" data-id=\"460ea90e\" data-element_type=\"column\" data-e-type=\"column\">\n\t\t\t<div class=\"elementor-widget-wrap elementor-element-populated\">\n\t\t\t\t\t\t<div class=\"elementor-element elementor-element-4420a570 elementor-widget elementor-widget-text-editor\" data-id=\"4420a570\" data-element_type=\"widget\" data-e-type=\"widget\" data-widget_type=\"text-editor.default\">\n\t\t\t\t<div class=\"elementor-widget-container\">\n\t\t\t\t\t\t\t\t\t<div><p>PN 16 menetes karima ac\u00e9l v\u00e1ltozatban, horganyzott, a k\u00f6vetkez\u0151 lehets\u00e9ges kivitelben:<\/p><\/div><div><p><a href=\"https:\/\/mt-merestechnika.net\/wp-content\/uploads\/2024\/01\/PN-16-menetes-karima.pdf\" target=\"_blank\" rel=\"noopener\">A term\u00e9k m\u0171szaki adatlapja<\/a><\/p><\/div>\t\t\t\t\t\t\t\t<\/div>\n\t\t\t\t<\/div>\n\t\t\t\t\t<\/div>\n\t\t<\/div>\n\t\t\t\t<div class=\"elementor-column elementor-col-50 elementor-top-column elementor-element elementor-element-74456c46\" data-id=\"74456c46\" data-element_type=\"column\" data-e-type=\"column\">\n\t\t\t<div class=\"elementor-widget-wrap elementor-element-populated\">\n\t\t\t\t\t\t<div class=\"elementor-element elementor-element-59a4a8c1 elementor-widget elementor-widget-image\" data-id=\"59a4a8c1\" data-element_type=\"widget\" data-e-type=\"widget\" data-widget_type=\"image.default\">\n\t\t\t\t<div class=\"elementor-widget-container\">\n\t\t\t\t\t\t\t\t\t\t\t\t\t\t\t<img fetchpriority=\"high\" decoding=\"async\" width=\"300\" height=\"300\" src=\"https:\/\/mt-merestechnika.net\/wp-content\/uploads\/2023\/04\/Gewindeflansch-4-Loch_300x300-1.jpg\" class=\"attachment-medium size-medium wp-image-219\" alt=\"\" srcset=\"https:\/\/mt-merestechnika.net\/wp-content\/uploads\/2023\/04\/Gewindeflansch-4-Loch_300x300-1.jpg 300w, https:\/\/mt-merestechnika.net\/wp-content\/uploads\/2023\/04\/Gewindeflansch-4-Loch_300x300-1-150x150.jpg 150w, https:\/\/mt-merestechnika.net\/wp-content\/uploads\/2023\/04\/Gewindeflansch-4-Loch_300x300-1-100x100.jpg 100w\" sizes=\"(max-width: 300px) 100vw, 300px\" \/>\t\t\t\t\t\t\t\t\t\t\t\t\t\t\t<\/div>\n\t\t\t\t<\/div>\n\t\t\t\t\t<\/div>\n\t\t<\/div>\n\t\t\t\t\t<\/div>\n\t\t<\/section>\n\t\t\t\t<\/div>\n\t\t","protected":false},"excerpt":{"rendered":"<p>PN 16 menetes karima, karim\u00e1s t\u00e1rsash\u00e1zi h\u0151mennyis\u00e9gm\u00e9r\u0151kbe vagy karim\u00e1s csatlakoz\u00f3darabok t\u00e1rsash\u00e1zi h\u0151mennyis\u00e9gm\u00e9r\u0151be t\u00f6rt\u00e9n\u0151 be\u00e9p\u00edt\u00e9s\u00e9hez PN 16 menetes karim\u00e1k \u2013 karim\u00e1s t\u00e1rsash\u00e1zi h\u0151mennyis\u00e9gm\u00e9r\u0151kkel vagy karim\u00e1s csatlakoz\u00f3darabokkal val\u00f3 kombin\u00e1lt haszn\u00e1latra, ac\u00e9l v\u00e1ltozatban horganyzott kivitelben PN 16 menetes karima ac\u00e9l v\u00e1ltozatban, horganyzott, a k\u00f6vetkez\u0151 lehets\u00e9ges kivitelben: A term\u00e9k m\u0171szaki adatlapja<\/p>\n","protected":false},"author":1,"featured_media":0,"parent":0,"menu_order":0,"comment_status":"closed","ping_status":"closed","template":"elementor_header_footer","meta":{"ocean_post_layout":"","ocean_both_sidebars_style":"","ocean_both_sidebars_content_width":0,"ocean_both_sidebars_sidebars_width":0,"ocean_sidebar":"0","ocean_second_sidebar":"0","ocean_disable_margins":"enable","ocean_add_body_class":"","ocean_shortcode_before_top_bar":"","ocean_shortcode_after_top_bar":"","ocean_shortcode_before_header":"","ocean_shortcode_after_header":"","ocean_has_shortcode":"","ocean_shortcode_after_title":"","ocean_shortcode_before_footer_widgets":"","ocean_shortcode_after_footer_widgets":"","ocean_shortcode_before_footer_bottom":"","ocean_shortcode_after_footer_bottom":"","ocean_display_top_bar":"default","ocean_display_header":"default","ocean_header_style":"","ocean_center_header_left_menu":"0","ocean_custom_header_template":"0","ocean_custom_logo":0,"ocean_custom_retina_logo":0,"ocean_custom_logo_max_width":0,"ocean_custom_logo_tablet_max_width":0,"ocean_custom_logo_mobile_max_width":0,"ocean_custom_logo_max_height":0,"ocean_custom_logo_tablet_max_height":0,"ocean_custom_logo_mobile_max_height":0,"ocean_header_custom_menu":"0","ocean_menu_typo_font_family":"0","ocean_menu_typo_font_subset":"","ocean_menu_typo_font_size":0,"ocean_menu_typo_font_size_tablet":0,"ocean_menu_typo_font_size_mobile":0,"ocean_menu_typo_font_size_unit":"px","ocean_menu_typo_font_weight":"","ocean_menu_typo_font_weight_tablet":"","ocean_menu_typo_font_weight_mobile":"","ocean_menu_typo_transform":"","ocean_menu_typo_transform_tablet":"","ocean_menu_typo_transform_mobile":"","ocean_menu_typo_line_height":0,"ocean_menu_typo_line_height_tablet":0,"ocean_menu_typo_line_height_mobile":0,"ocean_menu_typo_line_height_unit":"","ocean_menu_typo_spacing":0,"ocean_menu_typo_spacing_tablet":0,"ocean_menu_typo_spacing_mobile":0,"ocean_menu_typo_spacing_unit":"","ocean_menu_link_color":"","ocean_menu_link_color_hover":"","ocean_menu_link_color_active":"","ocean_menu_link_background":"","ocean_menu_link_hover_background":"","ocean_menu_link_active_background":"","ocean_menu_social_links_bg":"","ocean_menu_social_hover_links_bg":"","ocean_menu_social_links_color":"","ocean_menu_social_hover_links_color":"","ocean_disable_title":"default","ocean_disable_heading":"default","ocean_post_title":"","ocean_post_subheading":"","ocean_post_title_style":"","ocean_post_title_background_color":"","ocean_post_title_background":0,"ocean_post_title_bg_image_position":"","ocean_post_title_bg_image_attachment":"","ocean_post_title_bg_image_repeat":"","ocean_post_title_bg_image_size":"","ocean_post_title_height":0,"ocean_post_title_bg_overlay":0.5,"ocean_post_title_bg_overlay_color":"","ocean_disable_breadcrumbs":"default","ocean_breadcrumbs_color":"","ocean_breadcrumbs_separator_color":"","ocean_breadcrumbs_links_color":"","ocean_breadcrumbs_links_hover_color":"","ocean_display_footer_widgets":"default","ocean_display_footer_bottom":"default","ocean_custom_footer_template":"0","footnotes":""},"class_list":["post-225","page","type-page","status-publish","hentry","entry","owp-thumbs-layout-horizontal","owp-btn-normal","owp-tabs-layout-horizontal","has-no-thumbnails","has-product-nav"],"yoast_head":"<!-- This site is optimized with the Yoast SEO plugin v27.6 - https:\/\/yoast.com\/product\/yoast-seo-wordpress\/ -->\n<title>PN 16 menetes karim\u00e1k - MT M\u00e9r\u00e9stechnika<\/title>\n<meta name=\"robots\" content=\"index, follow, max-snippet:-1, max-image-preview:large, max-video-preview:-1\" \/>\n<link rel=\"canonical\" href=\"https:\/\/mt-merestechnika.net\/index.php\/prirubnice-s-navojem-pn-16\/\" \/>\n<meta property=\"og:locale\" content=\"de_DE\" \/>\n<meta property=\"og:type\" content=\"article\" \/>\n<meta property=\"og:title\" content=\"PN 16 menetes karim\u00e1k - MT M\u00e9r\u00e9stechnika\" \/>\n<meta property=\"og:description\" content=\"PN 16 menetes karima, karim\u00e1s t\u00e1rsash\u00e1zi h\u0151mennyis\u00e9gm\u00e9r\u0151kbe vagy karim\u00e1s csatlakoz\u00f3darabok t\u00e1rsash\u00e1zi h\u0151mennyis\u00e9gm\u00e9r\u0151be t\u00f6rt\u00e9n\u0151 be\u00e9p\u00edt\u00e9s\u00e9hez PN 16 menetes karim\u00e1k \u2013 karim\u00e1s t\u00e1rsash\u00e1zi h\u0151mennyis\u00e9gm\u00e9r\u0151kkel vagy karim\u00e1s csatlakoz\u00f3darabokkal val\u00f3 kombin\u00e1lt haszn\u00e1latra, ac\u00e9l v\u00e1ltozatban horganyzott kivitelben PN 16 menetes karima ac\u00e9l v\u00e1ltozatban, horganyzott, a k\u00f6vetkez\u0151 lehets\u00e9ges kivitelben: A term\u00e9k m\u0171szaki adatlapja\" \/>\n<meta property=\"og:url\" content=\"https:\/\/mt-merestechnika.net\/index.php\/prirubnice-s-navojem-pn-16\/\" \/>\n<meta property=\"og:site_name\" content=\"MT M\u00e9r\u00e9stechnika\" \/>\n<meta property=\"article:modified_time\" content=\"2025-09-08T12:25:44+00:00\" \/>\n<meta property=\"og:image\" content=\"https:\/\/mt-merestechnika.net\/wp-content\/uploads\/2023\/04\/Gewindeflansch-4-Loch_300x300-1.jpg\" \/>\n<meta name=\"twitter:card\" content=\"summary_large_image\" \/>\n<meta name=\"twitter:label1\" content=\"Gesch\u00e4tzte Lesezeit\" \/>\n\t<meta name=\"twitter:data1\" content=\"1\u00a0Minute\" \/>\n<script type=\"application\/ld+json\" class=\"yoast-schema-graph\">{\"@context\":\"https:\\\/\\\/schema.org\",\"@graph\":[{\"@type\":\"WebPage\",\"@id\":\"https:\\\/\\\/mt-merestechnika.net\\\/index.php\\\/prirubnice-s-navojem-pn-16\\\/\",\"url\":\"https:\\\/\\\/mt-merestechnika.net\\\/index.php\\\/prirubnice-s-navojem-pn-16\\\/\",\"name\":\"PN 16 menetes karim\u00e1k - MT M\u00e9r\u00e9stechnika\",\"isPartOf\":{\"@id\":\"https:\\\/\\\/mt-merestechnika.net\\\/#website\"},\"primaryImageOfPage\":{\"@id\":\"https:\\\/\\\/mt-merestechnika.net\\\/index.php\\\/prirubnice-s-navojem-pn-16\\\/#primaryimage\"},\"image\":{\"@id\":\"https:\\\/\\\/mt-merestechnika.net\\\/index.php\\\/prirubnice-s-navojem-pn-16\\\/#primaryimage\"},\"thumbnailUrl\":\"https:\\\/\\\/mt-merestechnika.net\\\/wp-content\\\/uploads\\\/2023\\\/04\\\/Gewindeflansch-4-Loch_300x300-1.jpg\",\"datePublished\":\"2023-04-07T10:27:38+00:00\",\"dateModified\":\"2025-09-08T12:25:44+00:00\",\"breadcrumb\":{\"@id\":\"https:\\\/\\\/mt-merestechnika.net\\\/index.php\\\/prirubnice-s-navojem-pn-16\\\/#breadcrumb\"},\"inLanguage\":\"de\",\"potentialAction\":[{\"@type\":\"ReadAction\",\"target\":[\"https:\\\/\\\/mt-merestechnika.net\\\/index.php\\\/prirubnice-s-navojem-pn-16\\\/\"]}]},{\"@type\":\"ImageObject\",\"inLanguage\":\"de\",\"@id\":\"https:\\\/\\\/mt-merestechnika.net\\\/index.php\\\/prirubnice-s-navojem-pn-16\\\/#primaryimage\",\"url\":\"https:\\\/\\\/mt-merestechnika.net\\\/wp-content\\\/uploads\\\/2023\\\/04\\\/Gewindeflansch-4-Loch_300x300-1.jpg\",\"contentUrl\":\"https:\\\/\\\/mt-merestechnika.net\\\/wp-content\\\/uploads\\\/2023\\\/04\\\/Gewindeflansch-4-Loch_300x300-1.jpg\",\"width\":300,\"height\":300},{\"@type\":\"BreadcrumbList\",\"@id\":\"https:\\\/\\\/mt-merestechnika.net\\\/index.php\\\/prirubnice-s-navojem-pn-16\\\/#breadcrumb\",\"itemListElement\":[{\"@type\":\"ListItem\",\"position\":1,\"name\":\"Start\",\"item\":\"https:\\\/\\\/mt-merestechnika.net\\\/\"},{\"@type\":\"ListItem\",\"position\":2,\"name\":\"PN 16 menetes karim\u00e1k\"}]},{\"@type\":\"WebSite\",\"@id\":\"https:\\\/\\\/mt-merestechnika.net\\\/#website\",\"url\":\"https:\\\/\\\/mt-merestechnika.net\\\/\",\"name\":\"MT M\u00e9r\u00e9stechnika\",\"description\":\"AZ \u00d6N ENERGIAPARTNERE\",\"publisher\":{\"@id\":\"https:\\\/\\\/mt-merestechnika.net\\\/#organization\"},\"potentialAction\":[{\"@type\":\"SearchAction\",\"target\":{\"@type\":\"EntryPoint\",\"urlTemplate\":\"https:\\\/\\\/mt-merestechnika.net\\\/?s={search_term_string}\"},\"query-input\":{\"@type\":\"PropertyValueSpecification\",\"valueRequired\":true,\"valueName\":\"search_term_string\"}}],\"inLanguage\":\"de\"},{\"@type\":\"Organization\",\"@id\":\"https:\\\/\\\/mt-merestechnika.net\\\/#organization\",\"name\":\"MT M\u00e9r\u00e9stechnika\",\"url\":\"https:\\\/\\\/mt-merestechnika.net\\\/\",\"logo\":{\"@type\":\"ImageObject\",\"inLanguage\":\"de\",\"@id\":\"https:\\\/\\\/mt-merestechnika.net\\\/#\\\/schema\\\/logo\\\/image\\\/\",\"url\":\"https:\\\/\\\/mt-merestechnika.net\\\/wp-content\\\/uploads\\\/2023\\\/11\\\/cropped-logo_hu_web_425px.png\",\"contentUrl\":\"https:\\\/\\\/mt-merestechnika.net\\\/wp-content\\\/uploads\\\/2023\\\/11\\\/cropped-logo_hu_web_425px.png\",\"width\":425,\"height\":65,\"caption\":\"MT M\u00e9r\u00e9stechnika\"},\"image\":{\"@id\":\"https:\\\/\\\/mt-merestechnika.net\\\/#\\\/schema\\\/logo\\\/image\\\/\"}}]}<\/script>\n<!-- \/ Yoast SEO plugin. -->","yoast_head_json":{"title":"PN 16 menetes karim\u00e1k - MT M\u00e9r\u00e9stechnika","robots":{"index":"index","follow":"follow","max-snippet":"max-snippet:-1","max-image-preview":"max-image-preview:large","max-video-preview":"max-video-preview:-1"},"canonical":"https:\/\/mt-merestechnika.net\/index.php\/prirubnice-s-navojem-pn-16\/","og_locale":"de_DE","og_type":"article","og_title":"PN 16 menetes karim\u00e1k - MT M\u00e9r\u00e9stechnika","og_description":"PN 16 menetes karima, karim\u00e1s t\u00e1rsash\u00e1zi h\u0151mennyis\u00e9gm\u00e9r\u0151kbe vagy karim\u00e1s csatlakoz\u00f3darabok t\u00e1rsash\u00e1zi h\u0151mennyis\u00e9gm\u00e9r\u0151be t\u00f6rt\u00e9n\u0151 be\u00e9p\u00edt\u00e9s\u00e9hez PN 16 menetes karim\u00e1k \u2013 karim\u00e1s t\u00e1rsash\u00e1zi h\u0151mennyis\u00e9gm\u00e9r\u0151kkel vagy karim\u00e1s csatlakoz\u00f3darabokkal val\u00f3 kombin\u00e1lt haszn\u00e1latra, ac\u00e9l v\u00e1ltozatban horganyzott kivitelben PN 16 menetes karima ac\u00e9l v\u00e1ltozatban, horganyzott, a k\u00f6vetkez\u0151 lehets\u00e9ges kivitelben: A term\u00e9k m\u0171szaki adatlapja","og_url":"https:\/\/mt-merestechnika.net\/index.php\/prirubnice-s-navojem-pn-16\/","og_site_name":"MT M\u00e9r\u00e9stechnika","article_modified_time":"2025-09-08T12:25:44+00:00","og_image":[{"url":"https:\/\/mt-merestechnika.net\/wp-content\/uploads\/2023\/04\/Gewindeflansch-4-Loch_300x300-1.jpg","type":"","width":"","height":""}],"twitter_card":"summary_large_image","twitter_misc":{"Gesch\u00e4tzte Lesezeit":"1\u00a0Minute"},"schema":{"@context":"https:\/\/schema.org","@graph":[{"@type":"WebPage","@id":"https:\/\/mt-merestechnika.net\/index.php\/prirubnice-s-navojem-pn-16\/","url":"https:\/\/mt-merestechnika.net\/index.php\/prirubnice-s-navojem-pn-16\/","name":"PN 16 menetes karim\u00e1k - MT M\u00e9r\u00e9stechnika","isPartOf":{"@id":"https:\/\/mt-merestechnika.net\/#website"},"primaryImageOfPage":{"@id":"https:\/\/mt-merestechnika.net\/index.php\/prirubnice-s-navojem-pn-16\/#primaryimage"},"image":{"@id":"https:\/\/mt-merestechnika.net\/index.php\/prirubnice-s-navojem-pn-16\/#primaryimage"},"thumbnailUrl":"https:\/\/mt-merestechnika.net\/wp-content\/uploads\/2023\/04\/Gewindeflansch-4-Loch_300x300-1.jpg","datePublished":"2023-04-07T10:27:38+00:00","dateModified":"2025-09-08T12:25:44+00:00","breadcrumb":{"@id":"https:\/\/mt-merestechnika.net\/index.php\/prirubnice-s-navojem-pn-16\/#breadcrumb"},"inLanguage":"de","potentialAction":[{"@type":"ReadAction","target":["https:\/\/mt-merestechnika.net\/index.php\/prirubnice-s-navojem-pn-16\/"]}]},{"@type":"ImageObject","inLanguage":"de","@id":"https:\/\/mt-merestechnika.net\/index.php\/prirubnice-s-navojem-pn-16\/#primaryimage","url":"https:\/\/mt-merestechnika.net\/wp-content\/uploads\/2023\/04\/Gewindeflansch-4-Loch_300x300-1.jpg","contentUrl":"https:\/\/mt-merestechnika.net\/wp-content\/uploads\/2023\/04\/Gewindeflansch-4-Loch_300x300-1.jpg","width":300,"height":300},{"@type":"BreadcrumbList","@id":"https:\/\/mt-merestechnika.net\/index.php\/prirubnice-s-navojem-pn-16\/#breadcrumb","itemListElement":[{"@type":"ListItem","position":1,"name":"Start","item":"https:\/\/mt-merestechnika.net\/"},{"@type":"ListItem","position":2,"name":"PN 16 menetes karim\u00e1k"}]},{"@type":"WebSite","@id":"https:\/\/mt-merestechnika.net\/#website","url":"https:\/\/mt-merestechnika.net\/","name":"MT M\u00e9r\u00e9stechnika","description":"AZ \u00d6N ENERGIAPARTNERE","publisher":{"@id":"https:\/\/mt-merestechnika.net\/#organization"},"potentialAction":[{"@type":"SearchAction","target":{"@type":"EntryPoint","urlTemplate":"https:\/\/mt-merestechnika.net\/?s={search_term_string}"},"query-input":{"@type":"PropertyValueSpecification","valueRequired":true,"valueName":"search_term_string"}}],"inLanguage":"de"},{"@type":"Organization","@id":"https:\/\/mt-merestechnika.net\/#organization","name":"MT M\u00e9r\u00e9stechnika","url":"https:\/\/mt-merestechnika.net\/","logo":{"@type":"ImageObject","inLanguage":"de","@id":"https:\/\/mt-merestechnika.net\/#\/schema\/logo\/image\/","url":"https:\/\/mt-merestechnika.net\/wp-content\/uploads\/2023\/11\/cropped-logo_hu_web_425px.png","contentUrl":"https:\/\/mt-merestechnika.net\/wp-content\/uploads\/2023\/11\/cropped-logo_hu_web_425px.png","width":425,"height":65,"caption":"MT M\u00e9r\u00e9stechnika"},"image":{"@id":"https:\/\/mt-merestechnika.net\/#\/schema\/logo\/image\/"}}]}},"jetpack_sharing_enabled":true,"_links":{"self":[{"href":"https:\/\/mt-merestechnika.net\/index.php\/wp-json\/wp\/v2\/pages\/225","targetHints":{"allow":["GET"]}}],"collection":[{"href":"https:\/\/mt-merestechnika.net\/index.php\/wp-json\/wp\/v2\/pages"}],"about":[{"href":"https:\/\/mt-merestechnika.net\/index.php\/wp-json\/wp\/v2\/types\/page"}],"author":[{"embeddable":true,"href":"https:\/\/mt-merestechnika.net\/index.php\/wp-json\/wp\/v2\/users\/1"}],"replies":[{"embeddable":true,"href":"https:\/\/mt-merestechnika.net\/index.php\/wp-json\/wp\/v2\/comments?post=225"}],"version-history":[{"count":8,"href":"https:\/\/mt-merestechnika.net\/index.php\/wp-json\/wp\/v2\/pages\/225\/revisions"}],"predecessor-version":[{"id":20881,"href":"https:\/\/mt-merestechnika.net\/index.php\/wp-json\/wp\/v2\/pages\/225\/revisions\/20881"}],"wp:attachment":[{"href":"https:\/\/mt-merestechnika.net\/index.php\/wp-json\/wp\/v2\/media?parent=225"}],"curies":[{"name":"wp","href":"https:\/\/api.w.org\/{rel}","templated":true}]}}