{"id":1773,"date":"2023-04-07T10:29:11","date_gmt":"2023-04-07T10:29:11","guid":{"rendered":"https:\/\/mt-mjernatehnika.com\/wordpress\/mjerila-toplinske-energije\/"},"modified":"2025-09-08T13:15:02","modified_gmt":"2025-09-08T13:15:02","slug":"mjerila-toplinske-energije","status":"publish","type":"page","link":"https:\/\/mt-merestechnika.net\/index.php\/mjerila-toplinske-energije\/","title":{"rendered":"H\u0151mennyis\u00e9gm\u00e9r\u0151"},"content":{"rendered":"\t\t<div data-elementor-type=\"wp-page\" data-elementor-id=\"1773\" class=\"elementor elementor-1773\">\n\t\t\t\t\t\t<section class=\"elementor-section elementor-top-section elementor-element elementor-element-72b89ba6 elementor-section-boxed elementor-section-height-default elementor-section-height-default\" data-id=\"72b89ba6\" data-element_type=\"section\" data-e-type=\"section\">\n\t\t\t\t\t\t<div class=\"elementor-container elementor-column-gap-default\">\n\t\t\t\t\t<div class=\"elementor-column elementor-col-100 elementor-top-column elementor-element elementor-element-6848d3cc\" data-id=\"6848d3cc\" data-element_type=\"column\" data-e-type=\"column\">\n\t\t\t<div class=\"elementor-widget-wrap elementor-element-populated\">\n\t\t\t\t\t\t<div class=\"elementor-element elementor-element-2ff75305 elementor-widget elementor-widget-heading\" data-id=\"2ff75305\" data-element_type=\"widget\" data-e-type=\"widget\" data-widget_type=\"heading.default\">\n\t\t\t\t<div class=\"elementor-widget-container\">\n\t\t\t\t\t<h1 class=\"elementor-heading-title elementor-size-default\">H\u0150MENNYIS\u00c9GM\u00c9R\u0150 <\/h1>\t\t\t\t<\/div>\n\t\t\t\t<\/div>\n\t\t\t\t\t<\/div>\n\t\t<\/div>\n\t\t\t\t\t<\/div>\n\t\t<\/section>\n\t\t\t\t<section class=\"elementor-section elementor-top-section elementor-element elementor-element-5b550a5b elementor-section-boxed elementor-section-height-default elementor-section-height-default\" data-id=\"5b550a5b\" data-element_type=\"section\" data-e-type=\"section\">\n\t\t\t\t\t\t<div class=\"elementor-container elementor-column-gap-default\">\n\t\t\t\t\t<div class=\"elementor-column elementor-col-100 elementor-top-column elementor-element elementor-element-3f74a7d\" data-id=\"3f74a7d\" data-element_type=\"column\" data-e-type=\"column\">\n\t\t\t<div class=\"elementor-widget-wrap elementor-element-populated\">\n\t\t\t\t\t\t<div class=\"elementor-element elementor-element-5e5accb7 elementor-widget elementor-widget-text-editor\" data-id=\"5e5accb7\" data-element_type=\"widget\" data-e-type=\"widget\" data-widget_type=\"text-editor.default\">\n\t\t\t\t<div class=\"elementor-widget-container\">\n\t\t\t\t\t\t\t\t\t<p><strong>Sz\u00e9les v\u00e1laszt\u00e9kban k\u00edn\u00e1lunk h\u0151- \u00e9s h\u0171t\u0151energia prec\u00edz m\u00e9r\u00e9s\u00e9re szolg\u00e1l\u00f3 m\u00e9r\u0151eszk\u00f6z\u00f6ket<\/strong><\/p>\t\t\t\t\t\t\t\t<\/div>\n\t\t\t\t<\/div>\n\t\t\t\t\t<\/div>\n\t\t<\/div>\n\t\t\t\t\t<\/div>\n\t\t<\/section>\n\t\t\t\t<section class=\"elementor-section elementor-top-section elementor-element elementor-element-6960c800 elementor-section-boxed elementor-section-height-default elementor-section-height-default\" data-id=\"6960c800\" data-element_type=\"section\" data-e-type=\"section\">\n\t\t\t\t\t\t<div class=\"elementor-container elementor-column-gap-default\">\n\t\t\t\t\t<div class=\"elementor-column elementor-col-33 elementor-top-column elementor-element elementor-element-6f4b636d\" data-id=\"6f4b636d\" data-element_type=\"column\" data-e-type=\"column\">\n\t\t\t<div class=\"elementor-widget-wrap elementor-element-populated\">\n\t\t\t\t\t\t<div class=\"elementor-element elementor-element-347b61b3 elementor-widget elementor-widget-image\" data-id=\"347b61b3\" data-element_type=\"widget\" data-e-type=\"widget\" data-widget_type=\"image.default\">\n\t\t\t\t<div class=\"elementor-widget-container\">\n\t\t\t\t\t\t\t\t\t\t\t\t\t\t\t<img decoding=\"async\" width=\"140\" height=\"105\" src=\"https:\/\/mt-merestechnika.net\/wp-content\/uploads\/2023\/04\/img59561a696aec4SensoStar_E_140px.png\" class=\"attachment-thumbnail size-thumbnail wp-image-1774\" alt=\"\" \/>\t\t\t\t\t\t\t\t\t\t\t\t\t\t\t<\/div>\n\t\t\t\t<\/div>\n\t\t\t\t\t<\/div>\n\t\t<\/div>\n\t\t\t\t<div class=\"elementor-column elementor-col-66 elementor-top-column elementor-element elementor-element-2df0094f\" data-id=\"2df0094f\" data-element_type=\"column\" data-e-type=\"column\">\n\t\t\t<div class=\"elementor-widget-wrap elementor-element-populated\">\n\t\t\t\t\t\t<div class=\"elementor-element elementor-element-463f613c elementor-widget elementor-widget-text-editor\" data-id=\"463f613c\" data-element_type=\"widget\" data-e-type=\"widget\" data-widget_type=\"text-editor.default\">\n\t\t\t\t<div class=\"elementor-widget-container\">\n\t\t\t\t\t\t\t\t\t<p><b><span style=\"font-family: 'Trebuchet MS', sans-serif; font-size: 16px; font-style: normal; font-weight: 600;\">R\u00e1di\u00f3s otthoni h\u0151mennyis\u00e9gm\u00e9r\u0151<\/span> <\/b><br \/>lak\u00f3\u00e9p\u00fcletekben t\u00f6rt\u00e9n\u0151 haszn\u00e1latra, kommunik\u00e1ci\u00f3s modulokkal is felszerelhet\u0151<br \/><a href=\"https:\/\/mt-merestechnika.net\/index.php\/bezicna-mjerila-toplinske-energije\/\">tov\u00e1bbi inform\u00e1ci\u00f3k<\/a><\/p>\t\t\t\t\t\t\t\t<\/div>\n\t\t\t\t<\/div>\n\t\t\t\t\t<\/div>\n\t\t<\/div>\n\t\t\t\t\t<\/div>\n\t\t<\/section>\n\t\t\t\t<section class=\"elementor-section elementor-top-section elementor-element elementor-element-4b6ed537 elementor-section-boxed elementor-section-height-default elementor-section-height-default\" data-id=\"4b6ed537\" data-element_type=\"section\" data-e-type=\"section\">\n\t\t\t\t\t\t<div class=\"elementor-container elementor-column-gap-default\">\n\t\t\t\t\t<div class=\"elementor-column elementor-col-33 elementor-top-column elementor-element elementor-element-7653abcf\" data-id=\"7653abcf\" data-element_type=\"column\" data-e-type=\"column\">\n\t\t\t<div class=\"elementor-widget-wrap elementor-element-populated\">\n\t\t\t\t\t\t<div class=\"elementor-element elementor-element-308f2e1d elementor-widget elementor-widget-image\" data-id=\"308f2e1d\" data-element_type=\"widget\" data-e-type=\"widget\" data-widget_type=\"image.default\">\n\t\t\t\t<div class=\"elementor-widget-container\">\n\t\t\t\t\t\t\t\t\t\t\t\t\t\t\t<img decoding=\"async\" width=\"150\" height=\"150\" src=\"https:\/\/mt-merestechnika.net\/wp-content\/uploads\/2023\/04\/Invonic-Flansch1_300x300-150x150.jpg\" class=\"attachment-thumbnail size-thumbnail wp-image-546\" alt=\"\" srcset=\"https:\/\/mt-merestechnika.net\/wp-content\/uploads\/2023\/04\/Invonic-Flansch1_300x300-150x150.jpg 150w, https:\/\/mt-merestechnika.net\/wp-content\/uploads\/2023\/04\/Invonic-Flansch1_300x300-100x100.jpg 100w, https:\/\/mt-merestechnika.net\/wp-content\/uploads\/2023\/04\/Invonic-Flansch1_300x300.jpg 300w\" sizes=\"(max-width: 150px) 100vw, 150px\" \/>\t\t\t\t\t\t\t\t\t\t\t\t\t\t\t<\/div>\n\t\t\t\t<\/div>\n\t\t\t\t\t<\/div>\n\t\t<\/div>\n\t\t\t\t<div class=\"elementor-column elementor-col-66 elementor-top-column elementor-element elementor-element-2d274290\" data-id=\"2d274290\" data-element_type=\"column\" data-e-type=\"column\">\n\t\t\t<div class=\"elementor-widget-wrap elementor-element-populated\">\n\t\t\t\t\t\t<div class=\"elementor-element elementor-element-42461ff4 elementor-widget elementor-widget-text-editor\" data-id=\"42461ff4\" data-element_type=\"widget\" data-e-type=\"widget\" data-widget_type=\"text-editor.default\">\n\t\t\t\t<div class=\"elementor-widget-container\">\n\t\t\t\t\t\t\t\t\t<p><strong>A h\u0151energia nagy sk\u00e1l\u00e1i<br \/><\/strong>h\u0151mennyis\u00e9gm\u00e9r\u0151k, megfelel\u0151 kommunik\u00e1ci\u00f3s modulok \u00e9s egy\u00e9b tartoz\u00e9kok<br \/><a href=\"https:\/\/mt-merestechnika.net\/index.php\/velika-mjerila-toplinske-energije\/\">tov\u00e1bbi inform\u00e1ci\u00f3k<\/a><\/p>\t\t\t\t\t\t\t\t<\/div>\n\t\t\t\t<\/div>\n\t\t\t\t\t<\/div>\n\t\t<\/div>\n\t\t\t\t\t<\/div>\n\t\t<\/section>\n\t\t\t\t<\/div>\n\t\t","protected":false},"excerpt":{"rendered":"<p>H\u0150MENNYIS\u00c9GM\u00c9R\u0150 Sz\u00e9les v\u00e1laszt\u00e9kban k\u00edn\u00e1lunk h\u0151- \u00e9s h\u0171t\u0151energia prec\u00edz m\u00e9r\u00e9s\u00e9re szolg\u00e1l\u00f3 m\u00e9r\u0151eszk\u00f6z\u00f6ket R\u00e1di\u00f3s otthoni h\u0151mennyis\u00e9gm\u00e9r\u0151 lak\u00f3\u00e9p\u00fcletekben t\u00f6rt\u00e9n\u0151 haszn\u00e1latra, kommunik\u00e1ci\u00f3s modulokkal is felszerelhet\u0151tov\u00e1bbi inform\u00e1ci\u00f3k A h\u0151energia nagy sk\u00e1l\u00e1ih\u0151mennyis\u00e9gm\u00e9r\u0151k, megfelel\u0151 kommunik\u00e1ci\u00f3s modulok \u00e9s egy\u00e9b tartoz\u00e9koktov\u00e1bbi inform\u00e1ci\u00f3k<\/p>\n","protected":false},"author":1,"featured_media":0,"parent":0,"menu_order":0,"comment_status":"closed","ping_status":"closed","template":"","meta":{"ocean_post_layout":"","ocean_both_sidebars_style":"","ocean_both_sidebars_content_width":0,"ocean_both_sidebars_sidebars_width":0,"ocean_sidebar":"0","ocean_second_sidebar":"0","ocean_disable_margins":"enable","ocean_add_body_class":"","ocean_shortcode_before_top_bar":"","ocean_shortcode_after_top_bar":"","ocean_shortcode_before_header":"","ocean_shortcode_after_header":"","ocean_has_shortcode":"","ocean_shortcode_after_title":"","ocean_shortcode_before_footer_widgets":"","ocean_shortcode_after_footer_widgets":"","ocean_shortcode_before_footer_bottom":"","ocean_shortcode_after_footer_bottom":"","ocean_display_top_bar":"default","ocean_display_header":"default","ocean_header_style":"","ocean_center_header_left_menu":"0","ocean_custom_header_template":"0","ocean_custom_logo":0,"ocean_custom_retina_logo":0,"ocean_custom_logo_max_width":0,"ocean_custom_logo_tablet_max_width":0,"ocean_custom_logo_mobile_max_width":0,"ocean_custom_logo_max_height":0,"ocean_custom_logo_tablet_max_height":0,"ocean_custom_logo_mobile_max_height":0,"ocean_header_custom_menu":"0","ocean_menu_typo_font_family":"0","ocean_menu_typo_font_subset":"","ocean_menu_typo_font_size":0,"ocean_menu_typo_font_size_tablet":0,"ocean_menu_typo_font_size_mobile":0,"ocean_menu_typo_font_size_unit":"px","ocean_menu_typo_font_weight":"","ocean_menu_typo_font_weight_tablet":"","ocean_menu_typo_font_weight_mobile":"","ocean_menu_typo_transform":"","ocean_menu_typo_transform_tablet":"","ocean_menu_typo_transform_mobile":"","ocean_menu_typo_line_height":0,"ocean_menu_typo_line_height_tablet":0,"ocean_menu_typo_line_height_mobile":0,"ocean_menu_typo_line_height_unit":"","ocean_menu_typo_spacing":0,"ocean_menu_typo_spacing_tablet":0,"ocean_menu_typo_spacing_mobile":0,"ocean_menu_typo_spacing_unit":"","ocean_menu_link_color":"","ocean_menu_link_color_hover":"","ocean_menu_link_color_active":"","ocean_menu_link_background":"","ocean_menu_link_hover_background":"","ocean_menu_link_active_background":"","ocean_menu_social_links_bg":"","ocean_menu_social_hover_links_bg":"","ocean_menu_social_links_color":"","ocean_menu_social_hover_links_color":"","ocean_disable_title":"default","ocean_disable_heading":"default","ocean_post_title":"","ocean_post_subheading":"","ocean_post_title_style":"","ocean_post_title_background_color":"","ocean_post_title_background":0,"ocean_post_title_bg_image_position":"","ocean_post_title_bg_image_attachment":"","ocean_post_title_bg_image_repeat":"","ocean_post_title_bg_image_size":"","ocean_post_title_height":0,"ocean_post_title_bg_overlay":0.5,"ocean_post_title_bg_overlay_color":"","ocean_disable_breadcrumbs":"default","ocean_breadcrumbs_color":"","ocean_breadcrumbs_separator_color":"","ocean_breadcrumbs_links_color":"","ocean_breadcrumbs_links_hover_color":"","ocean_display_footer_widgets":"default","ocean_display_footer_bottom":"default","ocean_custom_footer_template":"0","footnotes":""},"class_list":["post-1773","page","type-page","status-publish","hentry","entry","owp-thumbs-layout-horizontal","owp-btn-normal","owp-tabs-layout-horizontal","has-no-thumbnails","has-product-nav"],"yoast_head":"<!-- This site is optimized with the Yoast SEO plugin v27.5 - https:\/\/yoast.com\/product\/yoast-seo-wordpress\/ -->\n<title>H\u0151mennyis\u00e9gm\u00e9r\u0151 - MT M\u00e9r\u00e9stechnika<\/title>\n<meta name=\"robots\" content=\"index, follow, max-snippet:-1, max-image-preview:large, max-video-preview:-1\" \/>\n<link rel=\"canonical\" href=\"https:\/\/mt-merestechnika.net\/index.php\/mjerila-toplinske-energije\/\" \/>\n<meta property=\"og:locale\" content=\"de_DE\" \/>\n<meta property=\"og:type\" content=\"article\" \/>\n<meta property=\"og:title\" content=\"H\u0151mennyis\u00e9gm\u00e9r\u0151 - MT M\u00e9r\u00e9stechnika\" \/>\n<meta property=\"og:description\" content=\"H\u0150MENNYIS\u00c9GM\u00c9R\u0150 Sz\u00e9les v\u00e1laszt\u00e9kban k\u00edn\u00e1lunk h\u0151- \u00e9s h\u0171t\u0151energia prec\u00edz m\u00e9r\u00e9s\u00e9re szolg\u00e1l\u00f3 m\u00e9r\u0151eszk\u00f6z\u00f6ket R\u00e1di\u00f3s otthoni h\u0151mennyis\u00e9gm\u00e9r\u0151 lak\u00f3\u00e9p\u00fcletekben t\u00f6rt\u00e9n\u0151 haszn\u00e1latra, kommunik\u00e1ci\u00f3s modulokkal is felszerelhet\u0151tov\u00e1bbi inform\u00e1ci\u00f3k A h\u0151energia nagy sk\u00e1l\u00e1ih\u0151mennyis\u00e9gm\u00e9r\u0151k, megfelel\u0151 kommunik\u00e1ci\u00f3s modulok \u00e9s egy\u00e9b tartoz\u00e9koktov\u00e1bbi inform\u00e1ci\u00f3k\" \/>\n<meta property=\"og:url\" content=\"https:\/\/mt-merestechnika.net\/index.php\/mjerila-toplinske-energije\/\" \/>\n<meta property=\"og:site_name\" content=\"MT M\u00e9r\u00e9stechnika\" \/>\n<meta property=\"article:modified_time\" content=\"2025-09-08T13:15:02+00:00\" \/>\n<meta property=\"og:image\" content=\"https:\/\/mt-merestechnika.net\/wp-content\/uploads\/2023\/04\/img59561a696aec4SensoStar_E_140px.png\" \/>\n<meta name=\"twitter:card\" content=\"summary_large_image\" \/>\n<meta name=\"twitter:label1\" content=\"Gesch\u00e4tzte Lesezeit\" \/>\n\t<meta name=\"twitter:data1\" content=\"1\u00a0Minute\" \/>\n<script type=\"application\/ld+json\" class=\"yoast-schema-graph\">{\"@context\":\"https:\\\/\\\/schema.org\",\"@graph\":[{\"@type\":\"WebPage\",\"@id\":\"https:\\\/\\\/mt-merestechnika.net\\\/index.php\\\/mjerila-toplinske-energije\\\/\",\"url\":\"https:\\\/\\\/mt-merestechnika.net\\\/index.php\\\/mjerila-toplinske-energije\\\/\",\"name\":\"H\u0151mennyis\u00e9gm\u00e9r\u0151 - MT M\u00e9r\u00e9stechnika\",\"isPartOf\":{\"@id\":\"https:\\\/\\\/mt-merestechnika.net\\\/#website\"},\"primaryImageOfPage\":{\"@id\":\"https:\\\/\\\/mt-merestechnika.net\\\/index.php\\\/mjerila-toplinske-energije\\\/#primaryimage\"},\"image\":{\"@id\":\"https:\\\/\\\/mt-merestechnika.net\\\/index.php\\\/mjerila-toplinske-energije\\\/#primaryimage\"},\"thumbnailUrl\":\"https:\\\/\\\/mt-merestechnika.net\\\/wp-content\\\/uploads\\\/2023\\\/04\\\/img59561a696aec4SensoStar_E_140px.png\",\"datePublished\":\"2023-04-07T10:29:11+00:00\",\"dateModified\":\"2025-09-08T13:15:02+00:00\",\"breadcrumb\":{\"@id\":\"https:\\\/\\\/mt-merestechnika.net\\\/index.php\\\/mjerila-toplinske-energije\\\/#breadcrumb\"},\"inLanguage\":\"de\",\"potentialAction\":[{\"@type\":\"ReadAction\",\"target\":[\"https:\\\/\\\/mt-merestechnika.net\\\/index.php\\\/mjerila-toplinske-energije\\\/\"]}]},{\"@type\":\"ImageObject\",\"inLanguage\":\"de\",\"@id\":\"https:\\\/\\\/mt-merestechnika.net\\\/index.php\\\/mjerila-toplinske-energije\\\/#primaryimage\",\"url\":\"https:\\\/\\\/mt-merestechnika.net\\\/wp-content\\\/uploads\\\/2023\\\/04\\\/img59561a696aec4SensoStar_E_140px.png\",\"contentUrl\":\"https:\\\/\\\/mt-merestechnika.net\\\/wp-content\\\/uploads\\\/2023\\\/04\\\/img59561a696aec4SensoStar_E_140px.png\",\"width\":140,\"height\":105},{\"@type\":\"BreadcrumbList\",\"@id\":\"https:\\\/\\\/mt-merestechnika.net\\\/index.php\\\/mjerila-toplinske-energije\\\/#breadcrumb\",\"itemListElement\":[{\"@type\":\"ListItem\",\"position\":1,\"name\":\"Start\",\"item\":\"https:\\\/\\\/mt-merestechnika.net\\\/\"},{\"@type\":\"ListItem\",\"position\":2,\"name\":\"H\u0151mennyis\u00e9gm\u00e9r\u0151\"}]},{\"@type\":\"WebSite\",\"@id\":\"https:\\\/\\\/mt-merestechnika.net\\\/#website\",\"url\":\"https:\\\/\\\/mt-merestechnika.net\\\/\",\"name\":\"MT M\u00e9r\u00e9stechnika\",\"description\":\"AZ \u00d6N ENERGIAPARTNERE\",\"publisher\":{\"@id\":\"https:\\\/\\\/mt-merestechnika.net\\\/#organization\"},\"potentialAction\":[{\"@type\":\"SearchAction\",\"target\":{\"@type\":\"EntryPoint\",\"urlTemplate\":\"https:\\\/\\\/mt-merestechnika.net\\\/?s={search_term_string}\"},\"query-input\":{\"@type\":\"PropertyValueSpecification\",\"valueRequired\":true,\"valueName\":\"search_term_string\"}}],\"inLanguage\":\"de\"},{\"@type\":\"Organization\",\"@id\":\"https:\\\/\\\/mt-merestechnika.net\\\/#organization\",\"name\":\"MT M\u00e9r\u00e9stechnika\",\"url\":\"https:\\\/\\\/mt-merestechnika.net\\\/\",\"logo\":{\"@type\":\"ImageObject\",\"inLanguage\":\"de\",\"@id\":\"https:\\\/\\\/mt-merestechnika.net\\\/#\\\/schema\\\/logo\\\/image\\\/\",\"url\":\"https:\\\/\\\/mt-merestechnika.net\\\/wp-content\\\/uploads\\\/2023\\\/11\\\/cropped-logo_hu_web_425px.png\",\"contentUrl\":\"https:\\\/\\\/mt-merestechnika.net\\\/wp-content\\\/uploads\\\/2023\\\/11\\\/cropped-logo_hu_web_425px.png\",\"width\":425,\"height\":65,\"caption\":\"MT M\u00e9r\u00e9stechnika\"},\"image\":{\"@id\":\"https:\\\/\\\/mt-merestechnika.net\\\/#\\\/schema\\\/logo\\\/image\\\/\"}}]}<\/script>\n<!-- \/ Yoast SEO plugin. -->","yoast_head_json":{"title":"H\u0151mennyis\u00e9gm\u00e9r\u0151 - MT M\u00e9r\u00e9stechnika","robots":{"index":"index","follow":"follow","max-snippet":"max-snippet:-1","max-image-preview":"max-image-preview:large","max-video-preview":"max-video-preview:-1"},"canonical":"https:\/\/mt-merestechnika.net\/index.php\/mjerila-toplinske-energije\/","og_locale":"de_DE","og_type":"article","og_title":"H\u0151mennyis\u00e9gm\u00e9r\u0151 - MT M\u00e9r\u00e9stechnika","og_description":"H\u0150MENNYIS\u00c9GM\u00c9R\u0150 Sz\u00e9les v\u00e1laszt\u00e9kban k\u00edn\u00e1lunk h\u0151- \u00e9s h\u0171t\u0151energia prec\u00edz m\u00e9r\u00e9s\u00e9re szolg\u00e1l\u00f3 m\u00e9r\u0151eszk\u00f6z\u00f6ket R\u00e1di\u00f3s otthoni h\u0151mennyis\u00e9gm\u00e9r\u0151 lak\u00f3\u00e9p\u00fcletekben t\u00f6rt\u00e9n\u0151 haszn\u00e1latra, kommunik\u00e1ci\u00f3s modulokkal is felszerelhet\u0151tov\u00e1bbi inform\u00e1ci\u00f3k A h\u0151energia nagy sk\u00e1l\u00e1ih\u0151mennyis\u00e9gm\u00e9r\u0151k, megfelel\u0151 kommunik\u00e1ci\u00f3s modulok \u00e9s egy\u00e9b tartoz\u00e9koktov\u00e1bbi inform\u00e1ci\u00f3k","og_url":"https:\/\/mt-merestechnika.net\/index.php\/mjerila-toplinske-energije\/","og_site_name":"MT M\u00e9r\u00e9stechnika","article_modified_time":"2025-09-08T13:15:02+00:00","og_image":[{"url":"https:\/\/mt-merestechnika.net\/wp-content\/uploads\/2023\/04\/img59561a696aec4SensoStar_E_140px.png","type":"","width":"","height":""}],"twitter_card":"summary_large_image","twitter_misc":{"Gesch\u00e4tzte Lesezeit":"1\u00a0Minute"},"schema":{"@context":"https:\/\/schema.org","@graph":[{"@type":"WebPage","@id":"https:\/\/mt-merestechnika.net\/index.php\/mjerila-toplinske-energije\/","url":"https:\/\/mt-merestechnika.net\/index.php\/mjerila-toplinske-energije\/","name":"H\u0151mennyis\u00e9gm\u00e9r\u0151 - MT M\u00e9r\u00e9stechnika","isPartOf":{"@id":"https:\/\/mt-merestechnika.net\/#website"},"primaryImageOfPage":{"@id":"https:\/\/mt-merestechnika.net\/index.php\/mjerila-toplinske-energije\/#primaryimage"},"image":{"@id":"https:\/\/mt-merestechnika.net\/index.php\/mjerila-toplinske-energije\/#primaryimage"},"thumbnailUrl":"https:\/\/mt-merestechnika.net\/wp-content\/uploads\/2023\/04\/img59561a696aec4SensoStar_E_140px.png","datePublished":"2023-04-07T10:29:11+00:00","dateModified":"2025-09-08T13:15:02+00:00","breadcrumb":{"@id":"https:\/\/mt-merestechnika.net\/index.php\/mjerila-toplinske-energije\/#breadcrumb"},"inLanguage":"de","potentialAction":[{"@type":"ReadAction","target":["https:\/\/mt-merestechnika.net\/index.php\/mjerila-toplinske-energije\/"]}]},{"@type":"ImageObject","inLanguage":"de","@id":"https:\/\/mt-merestechnika.net\/index.php\/mjerila-toplinske-energije\/#primaryimage","url":"https:\/\/mt-merestechnika.net\/wp-content\/uploads\/2023\/04\/img59561a696aec4SensoStar_E_140px.png","contentUrl":"https:\/\/mt-merestechnika.net\/wp-content\/uploads\/2023\/04\/img59561a696aec4SensoStar_E_140px.png","width":140,"height":105},{"@type":"BreadcrumbList","@id":"https:\/\/mt-merestechnika.net\/index.php\/mjerila-toplinske-energije\/#breadcrumb","itemListElement":[{"@type":"ListItem","position":1,"name":"Start","item":"https:\/\/mt-merestechnika.net\/"},{"@type":"ListItem","position":2,"name":"H\u0151mennyis\u00e9gm\u00e9r\u0151"}]},{"@type":"WebSite","@id":"https:\/\/mt-merestechnika.net\/#website","url":"https:\/\/mt-merestechnika.net\/","name":"MT M\u00e9r\u00e9stechnika","description":"AZ \u00d6N ENERGIAPARTNERE","publisher":{"@id":"https:\/\/mt-merestechnika.net\/#organization"},"potentialAction":[{"@type":"SearchAction","target":{"@type":"EntryPoint","urlTemplate":"https:\/\/mt-merestechnika.net\/?s={search_term_string}"},"query-input":{"@type":"PropertyValueSpecification","valueRequired":true,"valueName":"search_term_string"}}],"inLanguage":"de"},{"@type":"Organization","@id":"https:\/\/mt-merestechnika.net\/#organization","name":"MT M\u00e9r\u00e9stechnika","url":"https:\/\/mt-merestechnika.net\/","logo":{"@type":"ImageObject","inLanguage":"de","@id":"https:\/\/mt-merestechnika.net\/#\/schema\/logo\/image\/","url":"https:\/\/mt-merestechnika.net\/wp-content\/uploads\/2023\/11\/cropped-logo_hu_web_425px.png","contentUrl":"https:\/\/mt-merestechnika.net\/wp-content\/uploads\/2023\/11\/cropped-logo_hu_web_425px.png","width":425,"height":65,"caption":"MT M\u00e9r\u00e9stechnika"},"image":{"@id":"https:\/\/mt-merestechnika.net\/#\/schema\/logo\/image\/"}}]}},"jetpack_sharing_enabled":true,"_links":{"self":[{"href":"https:\/\/mt-merestechnika.net\/index.php\/wp-json\/wp\/v2\/pages\/1773","targetHints":{"allow":["GET"]}}],"collection":[{"href":"https:\/\/mt-merestechnika.net\/index.php\/wp-json\/wp\/v2\/pages"}],"about":[{"href":"https:\/\/mt-merestechnika.net\/index.php\/wp-json\/wp\/v2\/types\/page"}],"author":[{"embeddable":true,"href":"https:\/\/mt-merestechnika.net\/index.php\/wp-json\/wp\/v2\/users\/1"}],"replies":[{"embeddable":true,"href":"https:\/\/mt-merestechnika.net\/index.php\/wp-json\/wp\/v2\/comments?post=1773"}],"version-history":[{"count":27,"href":"https:\/\/mt-merestechnika.net\/index.php\/wp-json\/wp\/v2\/pages\/1773\/revisions"}],"predecessor-version":[{"id":22744,"href":"https:\/\/mt-merestechnika.net\/index.php\/wp-json\/wp\/v2\/pages\/1773\/revisions\/22744"}],"wp:attachment":[{"href":"https:\/\/mt-merestechnika.net\/index.php\/wp-json\/wp\/v2\/media?parent=1773"}],"curies":[{"name":"wp","href":"https:\/\/api.w.org\/{rel}","templated":true}]}}