{"id":17647,"date":"2022-11-11T15:33:36","date_gmt":"2022-11-11T13:33:36","guid":{"rendered":"https:\/\/www.messtechnik.at\/wordpress\/produkte\/oelzaehler\/braun-vzo-25-2\/"},"modified":"2025-09-08T12:31:01","modified_gmt":"2025-09-08T12:31:01","slug":"braun-vzo-40","status":"publish","type":"page","link":"https:\/\/mt-merestechnika.net\/index.php\/proizvodi\/oelzaehler\/braun-vzo-40\/","title":{"rendered":"BRAUN-VZO-40"},"content":{"rendered":"\t\t<div data-elementor-type=\"wp-page\" data-elementor-id=\"17647\" class=\"elementor elementor-17647\">\n\t\t\t\t\t\t<section class=\"elementor-section elementor-top-section elementor-element elementor-element-d7a4f0c elementor-section-boxed elementor-section-height-default elementor-section-height-default\" data-id=\"d7a4f0c\" data-element_type=\"section\" data-e-type=\"section\">\n\t\t\t\t\t\t<div class=\"elementor-container elementor-column-gap-default\">\n\t\t\t\t\t<div class=\"elementor-column elementor-col-100 elementor-top-column elementor-element elementor-element-ba20b5b\" data-id=\"ba20b5b\" data-element_type=\"column\" data-e-type=\"column\">\n\t\t\t<div class=\"elementor-widget-wrap elementor-element-populated\">\n\t\t\t\t\t\t<div class=\"elementor-element elementor-element-7764140 elementor-widget elementor-widget-heading\" data-id=\"7764140\" data-element_type=\"widget\" data-e-type=\"widget\" data-widget_type=\"heading.default\">\n\t\t\t\t<div class=\"elementor-widget-container\">\n\t\t\t\t\t<h1 class=\"elementor-heading-title elementor-size-default\">BRAUN-VZO-40 t\u00edpus\u00fa olajm\u00e9r\u0151 \nnagy \u00e1raml\u00e1si sebess\u00e9ghez<\/h1>\t\t\t\t<\/div>\n\t\t\t\t<\/div>\n\t\t\t\t\t<\/div>\n\t\t<\/div>\n\t\t\t\t\t<\/div>\n\t\t<\/section>\n\t\t\t\t<section class=\"elementor-section elementor-top-section elementor-element elementor-element-a0f1868 elementor-section-boxed elementor-section-height-default elementor-section-height-default\" data-id=\"a0f1868\" data-element_type=\"section\" data-e-type=\"section\">\n\t\t\t\t\t\t<div class=\"elementor-container elementor-column-gap-default\">\n\t\t\t\t\t<div class=\"elementor-column elementor-col-50 elementor-top-column elementor-element elementor-element-acd229c\" data-id=\"acd229c\" data-element_type=\"column\" data-e-type=\"column\">\n\t\t\t<div class=\"elementor-widget-wrap elementor-element-populated\">\n\t\t\t\t\t\t<div class=\"elementor-element elementor-element-4f65f6d elementor-widget__width-initial elementor-widget elementor-widget-text-editor\" data-id=\"4f65f6d\" data-element_type=\"widget\" data-e-type=\"widget\" data-widget_type=\"text-editor.default\">\n\t\t\t\t<div class=\"elementor-widget-container\">\n\t\t\t\t\t\t\t\t\t<p>A BRAUN-VZO-40 t\u00edpus\u00fa olajm\u00e9r\u0151 egy prec\u00edzi\u00f3s, gy\u0171r\u0171dugatty\u00fas m\u00e9r\u0151 olaj m\u00e9r\u00e9s\u00e9hez, amelynek maxim\u00e1lis \u00e1tfoly\u00e1si tartom\u00e1nya 9000 liter\/\u00f3ra. K\u00fcl\u00f6n\u00f6sen alkalmas az olaj\u00e9g\u0151k f\u0171t\u0151olaj-fogyaszt\u00e1s\u00e1nak m\u00e9r\u00e9s\u00e9re, pl. kaz\u00e1nokban, valamint \u00e1sv\u00e1nyi olajok \u00e1raml\u00e1s\u00e1nak m\u00e9r\u00e9s\u00e9re. A k\u00e9sz\u00fcl\u00e9k az \u00e1raml\u00e1si \u00e9rt\u00e9kek helyi leolvas\u00e1s\u00e1hoz dobos sz\u00e1ml\u00e1l\u00f3m\u0171vel rendelkezik. V\u00edzszintes, f\u00fcgg\u0151leges vagy ferde helyzetben a nyom\u00f3- vagy sz\u00edv\u00f3oldalra szerelhet\u0151, mivel nincs sz\u00fcks\u00e9g egyenes be- \u00e9s kimeneti szakaszra (helytakar\u00e9kos). A m\u00e9r\u00e9si eredm\u00e9ny pontos, prec\u00edz \u00e9s f\u00fcggetlen a m\u00e9rt anyag h\u0151m\u00e9rs\u00e9klet\u00e9t\u0151l \u00e9s viszkozit\u00e1s\u00e1t\u00f3l. A k\u00e9sz\u00fcl\u00e9kek speci\u00e1lis kivitelben Reed impulzusad\u00f3val is sz\u00e1ll\u00edthat\u00f3k. A Reed impulzusad\u00f3 seg\u00edts\u00e9g\u00e9vel k\u00f6nnyen integr\u00e1lhat\u00f3k az \u00f6sszes elterjedt t\u00e1vleolvas\u00f3 rendszerbe. A BRAUN-VZO-40 t\u00edpus\u00fa m\u00e9r\u0151 speci\u00e1lis modellje karim\u00e1s csatlakoz\u00e1ssal is kaphat\u00f3.<\/p><p><a href=\"https:\/\/mt-merestechnika.net\/wp-content\/uploads\/2024\/02\/BRAUN-VZO-40.pdf\" target=\"_blank\" rel=\"noopener\">A term\u00e9k m\u0171szaki adatlapja<\/a><\/p>\t\t\t\t\t\t\t\t<\/div>\n\t\t\t\t<\/div>\n\t\t\t\t\t<\/div>\n\t\t<\/div>\n\t\t\t\t<div class=\"elementor-column elementor-col-50 elementor-top-column elementor-element elementor-element-7d4a87d\" data-id=\"7d4a87d\" data-element_type=\"column\" data-e-type=\"column\">\n\t\t\t<div class=\"elementor-widget-wrap elementor-element-populated\">\n\t\t\t\t\t\t<div class=\"elementor-element elementor-element-b0eebff elementor-widget elementor-widget-image\" data-id=\"b0eebff\" data-element_type=\"widget\" data-e-type=\"widget\" data-widget_type=\"image.default\">\n\t\t\t\t<div class=\"elementor-widget-container\">\n\t\t\t\t\t\t\t\t\t\t\t\t\t\t\t<img decoding=\"async\" src=\"https:\/\/www.messtechnik.at\/wordpress\/wp-content\/uploads\/2022\/11\/braun-vzo-15.png\" title=\"\" alt=\"\" loading=\"lazy\" \/>\t\t\t\t\t\t\t\t\t\t\t\t\t\t\t<\/div>\n\t\t\t\t<\/div>\n\t\t\t\t\t<\/div>\n\t\t<\/div>\n\t\t\t\t\t<\/div>\n\t\t<\/section>\n\t\t\t\t<\/div>\n\t\t","protected":false},"excerpt":{"rendered":"<p>BRAUN-VZO-40 t\u00edpus\u00fa olajm\u00e9r\u0151 nagy \u00e1raml\u00e1si sebess\u00e9ghez A BRAUN-VZO-40 t\u00edpus\u00fa olajm\u00e9r\u0151 egy prec\u00edzi\u00f3s, gy\u0171r\u0171dugatty\u00fas m\u00e9r\u0151 olaj m\u00e9r\u00e9s\u00e9hez, amelynek maxim\u00e1lis \u00e1tfoly\u00e1si tartom\u00e1nya 9000 liter\/\u00f3ra. K\u00fcl\u00f6n\u00f6sen alkalmas az olaj\u00e9g\u0151k f\u0171t\u0151olaj-fogyaszt\u00e1s\u00e1nak m\u00e9r\u00e9s\u00e9re, pl. kaz\u00e1nokban, valamint \u00e1sv\u00e1nyi olajok \u00e1raml\u00e1s\u00e1nak m\u00e9r\u00e9s\u00e9re. A k\u00e9sz\u00fcl\u00e9k az \u00e1raml\u00e1si \u00e9rt\u00e9kek helyi leolvas\u00e1s\u00e1hoz dobos sz\u00e1ml\u00e1l\u00f3m\u0171vel rendelkezik. V\u00edzszintes, f\u00fcgg\u0151leges vagy ferde helyzetben a nyom\u00f3- vagy sz\u00edv\u00f3oldalra szerelhet\u0151, [&hellip;]<\/p>\n","protected":false},"author":1,"featured_media":0,"parent":17536,"menu_order":0,"comment_status":"closed","ping_status":"closed","template":"","meta":{"ocean_post_layout":"","ocean_both_sidebars_style":"","ocean_both_sidebars_content_width":0,"ocean_both_sidebars_sidebars_width":0,"ocean_sidebar":"0","ocean_second_sidebar":"0","ocean_disable_margins":"enable","ocean_add_body_class":"","ocean_shortcode_before_top_bar":"","ocean_shortcode_after_top_bar":"","ocean_shortcode_before_header":"","ocean_shortcode_after_header":"","ocean_has_shortcode":"","ocean_shortcode_after_title":"","ocean_shortcode_before_footer_widgets":"","ocean_shortcode_after_footer_widgets":"","ocean_shortcode_before_footer_bottom":"","ocean_shortcode_after_footer_bottom":"","ocean_display_top_bar":"default","ocean_display_header":"default","ocean_header_style":"","ocean_center_header_left_menu":"0","ocean_custom_header_template":"0","ocean_custom_logo":0,"ocean_custom_retina_logo":0,"ocean_custom_logo_max_width":0,"ocean_custom_logo_tablet_max_width":0,"ocean_custom_logo_mobile_max_width":0,"ocean_custom_logo_max_height":0,"ocean_custom_logo_tablet_max_height":0,"ocean_custom_logo_mobile_max_height":0,"ocean_header_custom_menu":"0","ocean_menu_typo_font_family":"0","ocean_menu_typo_font_subset":"","ocean_menu_typo_font_size":0,"ocean_menu_typo_font_size_tablet":0,"ocean_menu_typo_font_size_mobile":0,"ocean_menu_typo_font_size_unit":"px","ocean_menu_typo_font_weight":"","ocean_menu_typo_font_weight_tablet":"","ocean_menu_typo_font_weight_mobile":"","ocean_menu_typo_transform":"","ocean_menu_typo_transform_tablet":"","ocean_menu_typo_transform_mobile":"","ocean_menu_typo_line_height":0,"ocean_menu_typo_line_height_tablet":0,"ocean_menu_typo_line_height_mobile":0,"ocean_menu_typo_line_height_unit":"","ocean_menu_typo_spacing":0,"ocean_menu_typo_spacing_tablet":0,"ocean_menu_typo_spacing_mobile":0,"ocean_menu_typo_spacing_unit":"","ocean_menu_link_color":"","ocean_menu_link_color_hover":"","ocean_menu_link_color_active":"","ocean_menu_link_background":"","ocean_menu_link_hover_background":"","ocean_menu_link_active_background":"","ocean_menu_social_links_bg":"","ocean_menu_social_hover_links_bg":"","ocean_menu_social_links_color":"","ocean_menu_social_hover_links_color":"","ocean_disable_title":"default","ocean_disable_heading":"default","ocean_post_title":"","ocean_post_subheading":"","ocean_post_title_style":"","ocean_post_title_background_color":"","ocean_post_title_background":0,"ocean_post_title_bg_image_position":"","ocean_post_title_bg_image_attachment":"","ocean_post_title_bg_image_repeat":"","ocean_post_title_bg_image_size":"","ocean_post_title_height":0,"ocean_post_title_bg_overlay":0.5,"ocean_post_title_bg_overlay_color":"","ocean_disable_breadcrumbs":"default","ocean_breadcrumbs_color":"","ocean_breadcrumbs_separator_color":"","ocean_breadcrumbs_links_color":"","ocean_breadcrumbs_links_hover_color":"","ocean_display_footer_widgets":"default","ocean_display_footer_bottom":"default","ocean_custom_footer_template":"0","footnotes":""},"class_list":["post-17647","page","type-page","status-publish","hentry","entry","owp-thumbs-layout-horizontal","owp-btn-normal","owp-tabs-layout-horizontal","has-no-thumbnails","has-product-nav"],"yoast_head":"<!-- This site is optimized with the Yoast SEO plugin v27.6 - https:\/\/yoast.com\/product\/yoast-seo-wordpress\/ -->\n<title>Elektronischer Wohnungswasserz\u00e4hler<\/title>\n<meta name=\"robots\" content=\"index, follow, max-snippet:-1, max-image-preview:large, max-video-preview:-1\" \/>\n<link rel=\"canonical\" href=\"https:\/\/mt-merestechnika.net\/index.php\/proizvodi\/oelzaehler\/braun-vzo-40\/\" \/>\n<meta property=\"og:locale\" content=\"de_DE\" \/>\n<meta property=\"og:type\" content=\"article\" \/>\n<meta property=\"og:title\" content=\"Elektronischer Wohnungswasserz\u00e4hler\" \/>\n<meta property=\"og:description\" content=\"BRAUN-VZO-40 t\u00edpus\u00fa olajm\u00e9r\u0151 nagy \u00e1raml\u00e1si sebess\u00e9ghez A BRAUN-VZO-40 t\u00edpus\u00fa olajm\u00e9r\u0151 egy prec\u00edzi\u00f3s, gy\u0171r\u0171dugatty\u00fas m\u00e9r\u0151 olaj m\u00e9r\u00e9s\u00e9hez, amelynek maxim\u00e1lis \u00e1tfoly\u00e1si tartom\u00e1nya 9000 liter\/\u00f3ra. K\u00fcl\u00f6n\u00f6sen alkalmas az olaj\u00e9g\u0151k f\u0171t\u0151olaj-fogyaszt\u00e1s\u00e1nak m\u00e9r\u00e9s\u00e9re, pl. kaz\u00e1nokban, valamint \u00e1sv\u00e1nyi olajok \u00e1raml\u00e1s\u00e1nak m\u00e9r\u00e9s\u00e9re. A k\u00e9sz\u00fcl\u00e9k az \u00e1raml\u00e1si \u00e9rt\u00e9kek helyi leolvas\u00e1s\u00e1hoz dobos sz\u00e1ml\u00e1l\u00f3m\u0171vel rendelkezik. V\u00edzszintes, f\u00fcgg\u0151leges vagy ferde helyzetben a nyom\u00f3- vagy sz\u00edv\u00f3oldalra szerelhet\u0151, [&hellip;]\" \/>\n<meta property=\"og:url\" content=\"https:\/\/mt-merestechnika.net\/index.php\/proizvodi\/oelzaehler\/braun-vzo-40\/\" \/>\n<meta property=\"og:site_name\" content=\"MT M\u00e9r\u00e9stechnika\" \/>\n<meta property=\"article:modified_time\" content=\"2025-09-08T12:31:01+00:00\" \/>\n<meta property=\"og:image\" content=\"https:\/\/www.messtechnik.at\/wordpress\/wp-content\/uploads\/2022\/11\/braun-vzo-15.png\" \/>\n<meta name=\"twitter:card\" content=\"summary_large_image\" \/>\n<meta name=\"twitter:label1\" content=\"Gesch\u00e4tzte Lesezeit\" \/>\n\t<meta name=\"twitter:data1\" content=\"1\u00a0Minute\" \/>\n<script type=\"application\/ld+json\" class=\"yoast-schema-graph\">{\"@context\":\"https:\\\/\\\/schema.org\",\"@graph\":[{\"@type\":\"WebPage\",\"@id\":\"https:\\\/\\\/mt-merestechnika.net\\\/index.php\\\/proizvodi\\\/oelzaehler\\\/braun-vzo-40\\\/\",\"url\":\"https:\\\/\\\/mt-merestechnika.net\\\/index.php\\\/proizvodi\\\/oelzaehler\\\/braun-vzo-40\\\/\",\"name\":\"Elektronischer Wohnungswasserz\u00e4hler\",\"isPartOf\":{\"@id\":\"https:\\\/\\\/mt-merestechnika.net\\\/#website\"},\"primaryImageOfPage\":{\"@id\":\"https:\\\/\\\/mt-merestechnika.net\\\/index.php\\\/proizvodi\\\/oelzaehler\\\/braun-vzo-40\\\/#primaryimage\"},\"image\":{\"@id\":\"https:\\\/\\\/mt-merestechnika.net\\\/index.php\\\/proizvodi\\\/oelzaehler\\\/braun-vzo-40\\\/#primaryimage\"},\"thumbnailUrl\":\"https:\\\/\\\/www.messtechnik.at\\\/wordpress\\\/wp-content\\\/uploads\\\/2022\\\/11\\\/braun-vzo-15.png\",\"datePublished\":\"2022-11-11T13:33:36+00:00\",\"dateModified\":\"2025-09-08T12:31:01+00:00\",\"breadcrumb\":{\"@id\":\"https:\\\/\\\/mt-merestechnika.net\\\/index.php\\\/proizvodi\\\/oelzaehler\\\/braun-vzo-40\\\/#breadcrumb\"},\"inLanguage\":\"de\",\"potentialAction\":[{\"@type\":\"ReadAction\",\"target\":[\"https:\\\/\\\/mt-merestechnika.net\\\/index.php\\\/proizvodi\\\/oelzaehler\\\/braun-vzo-40\\\/\"]}]},{\"@type\":\"ImageObject\",\"inLanguage\":\"de\",\"@id\":\"https:\\\/\\\/mt-merestechnika.net\\\/index.php\\\/proizvodi\\\/oelzaehler\\\/braun-vzo-40\\\/#primaryimage\",\"url\":\"https:\\\/\\\/www.messtechnik.at\\\/wordpress\\\/wp-content\\\/uploads\\\/2022\\\/11\\\/braun-vzo-15.png\",\"contentUrl\":\"https:\\\/\\\/www.messtechnik.at\\\/wordpress\\\/wp-content\\\/uploads\\\/2022\\\/11\\\/braun-vzo-15.png\"},{\"@type\":\"BreadcrumbList\",\"@id\":\"https:\\\/\\\/mt-merestechnika.net\\\/index.php\\\/proizvodi\\\/oelzaehler\\\/braun-vzo-40\\\/#breadcrumb\",\"itemListElement\":[{\"@type\":\"ListItem\",\"position\":1,\"name\":\"Start\",\"item\":\"https:\\\/\\\/mt-merestechnika.net\\\/\"},{\"@type\":\"ListItem\",\"position\":2,\"name\":\"Term\u00e9kek\",\"item\":\"https:\\\/\\\/mt-merestechnika.net\\\/index.php\\\/proizvodi\\\/\"},{\"@type\":\"ListItem\",\"position\":3,\"name\":\"Olajm\u00e9r\u0151k\",\"item\":\"https:\\\/\\\/mt-merestechnika.net\\\/index.php\\\/proizvodi\\\/oelzaehler\\\/\"},{\"@type\":\"ListItem\",\"position\":4,\"name\":\"BRAUN-VZO-40\"}]},{\"@type\":\"WebSite\",\"@id\":\"https:\\\/\\\/mt-merestechnika.net\\\/#website\",\"url\":\"https:\\\/\\\/mt-merestechnika.net\\\/\",\"name\":\"MT M\u00e9r\u00e9stechnika\",\"description\":\"AZ \u00d6N ENERGIAPARTNERE\",\"publisher\":{\"@id\":\"https:\\\/\\\/mt-merestechnika.net\\\/#organization\"},\"potentialAction\":[{\"@type\":\"SearchAction\",\"target\":{\"@type\":\"EntryPoint\",\"urlTemplate\":\"https:\\\/\\\/mt-merestechnika.net\\\/?s={search_term_string}\"},\"query-input\":{\"@type\":\"PropertyValueSpecification\",\"valueRequired\":true,\"valueName\":\"search_term_string\"}}],\"inLanguage\":\"de\"},{\"@type\":\"Organization\",\"@id\":\"https:\\\/\\\/mt-merestechnika.net\\\/#organization\",\"name\":\"MT M\u00e9r\u00e9stechnika\",\"url\":\"https:\\\/\\\/mt-merestechnika.net\\\/\",\"logo\":{\"@type\":\"ImageObject\",\"inLanguage\":\"de\",\"@id\":\"https:\\\/\\\/mt-merestechnika.net\\\/#\\\/schema\\\/logo\\\/image\\\/\",\"url\":\"https:\\\/\\\/mt-merestechnika.net\\\/wp-content\\\/uploads\\\/2023\\\/11\\\/cropped-logo_hu_web_425px.png\",\"contentUrl\":\"https:\\\/\\\/mt-merestechnika.net\\\/wp-content\\\/uploads\\\/2023\\\/11\\\/cropped-logo_hu_web_425px.png\",\"width\":425,\"height\":65,\"caption\":\"MT M\u00e9r\u00e9stechnika\"},\"image\":{\"@id\":\"https:\\\/\\\/mt-merestechnika.net\\\/#\\\/schema\\\/logo\\\/image\\\/\"}}]}<\/script>\n<!-- \/ Yoast SEO plugin. -->","yoast_head_json":{"title":"Elektronischer Wohnungswasserz\u00e4hler","robots":{"index":"index","follow":"follow","max-snippet":"max-snippet:-1","max-image-preview":"max-image-preview:large","max-video-preview":"max-video-preview:-1"},"canonical":"https:\/\/mt-merestechnika.net\/index.php\/proizvodi\/oelzaehler\/braun-vzo-40\/","og_locale":"de_DE","og_type":"article","og_title":"Elektronischer Wohnungswasserz\u00e4hler","og_description":"BRAUN-VZO-40 t\u00edpus\u00fa olajm\u00e9r\u0151 nagy \u00e1raml\u00e1si sebess\u00e9ghez A BRAUN-VZO-40 t\u00edpus\u00fa olajm\u00e9r\u0151 egy prec\u00edzi\u00f3s, gy\u0171r\u0171dugatty\u00fas m\u00e9r\u0151 olaj m\u00e9r\u00e9s\u00e9hez, amelynek maxim\u00e1lis \u00e1tfoly\u00e1si tartom\u00e1nya 9000 liter\/\u00f3ra. K\u00fcl\u00f6n\u00f6sen alkalmas az olaj\u00e9g\u0151k f\u0171t\u0151olaj-fogyaszt\u00e1s\u00e1nak m\u00e9r\u00e9s\u00e9re, pl. kaz\u00e1nokban, valamint \u00e1sv\u00e1nyi olajok \u00e1raml\u00e1s\u00e1nak m\u00e9r\u00e9s\u00e9re. A k\u00e9sz\u00fcl\u00e9k az \u00e1raml\u00e1si \u00e9rt\u00e9kek helyi leolvas\u00e1s\u00e1hoz dobos sz\u00e1ml\u00e1l\u00f3m\u0171vel rendelkezik. V\u00edzszintes, f\u00fcgg\u0151leges vagy ferde helyzetben a nyom\u00f3- vagy sz\u00edv\u00f3oldalra szerelhet\u0151, [&hellip;]","og_url":"https:\/\/mt-merestechnika.net\/index.php\/proizvodi\/oelzaehler\/braun-vzo-40\/","og_site_name":"MT M\u00e9r\u00e9stechnika","article_modified_time":"2025-09-08T12:31:01+00:00","og_image":[{"url":"https:\/\/www.messtechnik.at\/wordpress\/wp-content\/uploads\/2022\/11\/braun-vzo-15.png","type":"","width":"","height":""}],"twitter_card":"summary_large_image","twitter_misc":{"Gesch\u00e4tzte Lesezeit":"1\u00a0Minute"},"schema":{"@context":"https:\/\/schema.org","@graph":[{"@type":"WebPage","@id":"https:\/\/mt-merestechnika.net\/index.php\/proizvodi\/oelzaehler\/braun-vzo-40\/","url":"https:\/\/mt-merestechnika.net\/index.php\/proizvodi\/oelzaehler\/braun-vzo-40\/","name":"Elektronischer Wohnungswasserz\u00e4hler","isPartOf":{"@id":"https:\/\/mt-merestechnika.net\/#website"},"primaryImageOfPage":{"@id":"https:\/\/mt-merestechnika.net\/index.php\/proizvodi\/oelzaehler\/braun-vzo-40\/#primaryimage"},"image":{"@id":"https:\/\/mt-merestechnika.net\/index.php\/proizvodi\/oelzaehler\/braun-vzo-40\/#primaryimage"},"thumbnailUrl":"https:\/\/www.messtechnik.at\/wordpress\/wp-content\/uploads\/2022\/11\/braun-vzo-15.png","datePublished":"2022-11-11T13:33:36+00:00","dateModified":"2025-09-08T12:31:01+00:00","breadcrumb":{"@id":"https:\/\/mt-merestechnika.net\/index.php\/proizvodi\/oelzaehler\/braun-vzo-40\/#breadcrumb"},"inLanguage":"de","potentialAction":[{"@type":"ReadAction","target":["https:\/\/mt-merestechnika.net\/index.php\/proizvodi\/oelzaehler\/braun-vzo-40\/"]}]},{"@type":"ImageObject","inLanguage":"de","@id":"https:\/\/mt-merestechnika.net\/index.php\/proizvodi\/oelzaehler\/braun-vzo-40\/#primaryimage","url":"https:\/\/www.messtechnik.at\/wordpress\/wp-content\/uploads\/2022\/11\/braun-vzo-15.png","contentUrl":"https:\/\/www.messtechnik.at\/wordpress\/wp-content\/uploads\/2022\/11\/braun-vzo-15.png"},{"@type":"BreadcrumbList","@id":"https:\/\/mt-merestechnika.net\/index.php\/proizvodi\/oelzaehler\/braun-vzo-40\/#breadcrumb","itemListElement":[{"@type":"ListItem","position":1,"name":"Start","item":"https:\/\/mt-merestechnika.net\/"},{"@type":"ListItem","position":2,"name":"Term\u00e9kek","item":"https:\/\/mt-merestechnika.net\/index.php\/proizvodi\/"},{"@type":"ListItem","position":3,"name":"Olajm\u00e9r\u0151k","item":"https:\/\/mt-merestechnika.net\/index.php\/proizvodi\/oelzaehler\/"},{"@type":"ListItem","position":4,"name":"BRAUN-VZO-40"}]},{"@type":"WebSite","@id":"https:\/\/mt-merestechnika.net\/#website","url":"https:\/\/mt-merestechnika.net\/","name":"MT M\u00e9r\u00e9stechnika","description":"AZ \u00d6N ENERGIAPARTNERE","publisher":{"@id":"https:\/\/mt-merestechnika.net\/#organization"},"potentialAction":[{"@type":"SearchAction","target":{"@type":"EntryPoint","urlTemplate":"https:\/\/mt-merestechnika.net\/?s={search_term_string}"},"query-input":{"@type":"PropertyValueSpecification","valueRequired":true,"valueName":"search_term_string"}}],"inLanguage":"de"},{"@type":"Organization","@id":"https:\/\/mt-merestechnika.net\/#organization","name":"MT M\u00e9r\u00e9stechnika","url":"https:\/\/mt-merestechnika.net\/","logo":{"@type":"ImageObject","inLanguage":"de","@id":"https:\/\/mt-merestechnika.net\/#\/schema\/logo\/image\/","url":"https:\/\/mt-merestechnika.net\/wp-content\/uploads\/2023\/11\/cropped-logo_hu_web_425px.png","contentUrl":"https:\/\/mt-merestechnika.net\/wp-content\/uploads\/2023\/11\/cropped-logo_hu_web_425px.png","width":425,"height":65,"caption":"MT M\u00e9r\u00e9stechnika"},"image":{"@id":"https:\/\/mt-merestechnika.net\/#\/schema\/logo\/image\/"}}]}},"jetpack_sharing_enabled":true,"_links":{"self":[{"href":"https:\/\/mt-merestechnika.net\/index.php\/wp-json\/wp\/v2\/pages\/17647","targetHints":{"allow":["GET"]}}],"collection":[{"href":"https:\/\/mt-merestechnika.net\/index.php\/wp-json\/wp\/v2\/pages"}],"about":[{"href":"https:\/\/mt-merestechnika.net\/index.php\/wp-json\/wp\/v2\/types\/page"}],"author":[{"embeddable":true,"href":"https:\/\/mt-merestechnika.net\/index.php\/wp-json\/wp\/v2\/users\/1"}],"replies":[{"embeddable":true,"href":"https:\/\/mt-merestechnika.net\/index.php\/wp-json\/wp\/v2\/comments?post=17647"}],"version-history":[{"count":4,"href":"https:\/\/mt-merestechnika.net\/index.php\/wp-json\/wp\/v2\/pages\/17647\/revisions"}],"predecessor-version":[{"id":21595,"href":"https:\/\/mt-merestechnika.net\/index.php\/wp-json\/wp\/v2\/pages\/17647\/revisions\/21595"}],"up":[{"embeddable":true,"href":"https:\/\/mt-merestechnika.net\/index.php\/wp-json\/wp\/v2\/pages\/17536"}],"wp:attachment":[{"href":"https:\/\/mt-merestechnika.net\/index.php\/wp-json\/wp\/v2\/media?parent=17647"}],"curies":[{"name":"wp","href":"https:\/\/api.w.org\/{rel}","templated":true}]}}