{"id":1687,"date":"2023-04-07T10:29:02","date_gmt":"2023-04-07T10:29:02","guid":{"rendered":"https:\/\/mt-mjernatehnika.com\/wordpress\/m-bus-podatkovni-centar-tip-dr001-dr002\/"},"modified":"2025-09-08T13:12:44","modified_gmt":"2025-09-08T13:12:44","slug":"m-bus-podatkovni-centar-tip-dr001-dr002","status":"publish","type":"page","link":"https:\/\/mt-merestechnika.net\/index.php\/m-bus-podatkovni-centar-tip-dr001-dr002\/","title":{"rendered":"M-Bus podatkovni centar &#8211; tip DR001\/DR002"},"content":{"rendered":"\t\t<div data-elementor-type=\"wp-page\" data-elementor-id=\"1687\" class=\"elementor elementor-1687\">\n\t\t\t\t\t\t<section class=\"elementor-section elementor-top-section elementor-element elementor-element-7dbc1deb elementor-section-boxed elementor-section-height-default elementor-section-height-default\" data-id=\"7dbc1deb\" data-element_type=\"section\" data-e-type=\"section\">\n\t\t\t\t\t\t<div class=\"elementor-container elementor-column-gap-default\">\n\t\t\t\t\t<div class=\"elementor-column elementor-col-100 elementor-top-column elementor-element elementor-element-50b93482\" data-id=\"50b93482\" data-element_type=\"column\" data-e-type=\"column\">\n\t\t\t<div class=\"elementor-widget-wrap elementor-element-populated\">\n\t\t\t\t\t\t<div class=\"elementor-element elementor-element-326b57f8 elementor-widget elementor-widget-heading\" data-id=\"326b57f8\" data-element_type=\"widget\" data-e-type=\"widget\" data-widget_type=\"heading.default\">\n\t\t\t\t<div class=\"elementor-widget-container\">\n\t\t\t\t\t<h1 class=\"elementor-heading-title elementor-size-default\">M-Bus podatkovni centar  DR001\/DR002<\/h1>\t\t\t\t<\/div>\n\t\t\t\t<\/div>\n\t\t\t\t\t<\/div>\n\t\t<\/div>\n\t\t\t\t\t<\/div>\n\t\t<\/section>\n\t\t\t\t<section class=\"elementor-section elementor-top-section elementor-element elementor-element-e08e8ab elementor-section-boxed elementor-section-height-default elementor-section-height-default\" data-id=\"e08e8ab\" data-element_type=\"section\" data-e-type=\"section\">\n\t\t\t\t\t\t<div class=\"elementor-container elementor-column-gap-default\">\n\t\t\t\t\t<div class=\"elementor-column elementor-col-100 elementor-top-column elementor-element elementor-element-6716bd8f\" data-id=\"6716bd8f\" data-element_type=\"column\" data-e-type=\"column\">\n\t\t\t<div class=\"elementor-widget-wrap elementor-element-populated\">\n\t\t\t\t\t\t<div class=\"elementor-element elementor-element-3aa01e84 elementor-widget elementor-widget-text-editor\" data-id=\"3aa01e84\" data-element_type=\"widget\" data-e-type=\"widget\" data-widget_type=\"text-editor.default\">\n\t\t\t\t<div class=\"elementor-widget-container\">\n\t\t\t\t\t\t\t\t\t<p><\/p>\n<figure class=\"wp-block-image size-large is-style-default\"><img decoding=\"async\" class=\"size-full wp-image-2829 alignright\" src=\"https:\/\/900610.jweiland-hosting.de\/wordpress\/wp-content\/uploads\/2020\/08\/m-bus_zentrale_dr001.jpg\" alt=\"\" width=\"134\" height=\"147\" \/><strong>M-Bus podatkovni centar tip DR001\/DR002 za samostalno upravljanje i bilje\u017eenje mjernih podataka, isporuku M-Bus protokola prema EN 1434-3, membranska tipkovnica s 20 tipki, LCD zaslon, integrirano RS-232 su\u010delje za o\u010ditavanje putem ra\u010dunala, modema u bilo koje vrijeme ili za povezivanje serijskog poslu\u017eitelja ure\u0111aja za Ethernet, pohrana o\u010ditanih M-Bus telegrama i mogu\u0107nost zidne monta\u017ee sa sljede\u0107om tehni\u010dkom specifikacijom:<\/strong><\/figure>\n<p><\/p>\n<p><\/p>\n<p><\/p>\n<p><\/p>\n<div class=\"wp-block-file\"><br \/><a href=\"https:\/\/mt-merestechnika.net\/index.php\/wordpress\/wp-content\/uploads\/2023\/04\/M-Bus-podatkovni-centar-tip-DR001-DR002.pdf\" target=\"_blank\" rel=\"noopener\">Tehni\u010dki list proizvoda\u00a0<\/a><\/div>\n<p><\/p>\n<p><\/p>\n<p><\/p>\t\t\t\t\t\t\t\t<\/div>\n\t\t\t\t<\/div>\n\t\t\t\t\t<\/div>\n\t\t<\/div>\n\t\t\t\t\t<\/div>\n\t\t<\/section>\n\t\t\t\t<\/div>\n\t\t","protected":false},"excerpt":{"rendered":"<p>M-Bus podatkovni centar DR001\/DR002 M-Bus podatkovni centar tip DR001\/DR002 za samostalno upravljanje i bilje\u017eenje mjernih podataka, isporuku M-Bus protokola prema EN 1434-3, membranska tipkovnica s 20 tipki, LCD zaslon, integrirano RS-232 su\u010delje za o\u010ditavanje putem ra\u010dunala, modema u bilo koje vrijeme ili za povezivanje serijskog poslu\u017eitelja ure\u0111aja za Ethernet, pohrana o\u010ditanih M-Bus telegrama i mogu\u0107nost [&hellip;]<\/p>\n","protected":false},"author":1,"featured_media":0,"parent":0,"menu_order":0,"comment_status":"closed","ping_status":"closed","template":"","meta":{"ocean_post_layout":"","ocean_both_sidebars_style":"","ocean_both_sidebars_content_width":0,"ocean_both_sidebars_sidebars_width":0,"ocean_sidebar":"0","ocean_second_sidebar":"0","ocean_disable_margins":"enable","ocean_add_body_class":"","ocean_shortcode_before_top_bar":"","ocean_shortcode_after_top_bar":"","ocean_shortcode_before_header":"","ocean_shortcode_after_header":"","ocean_has_shortcode":"","ocean_shortcode_after_title":"","ocean_shortcode_before_footer_widgets":"","ocean_shortcode_after_footer_widgets":"","ocean_shortcode_before_footer_bottom":"","ocean_shortcode_after_footer_bottom":"","ocean_display_top_bar":"default","ocean_display_header":"default","ocean_header_style":"","ocean_center_header_left_menu":"0","ocean_custom_header_template":"0","ocean_custom_logo":0,"ocean_custom_retina_logo":0,"ocean_custom_logo_max_width":0,"ocean_custom_logo_tablet_max_width":0,"ocean_custom_logo_mobile_max_width":0,"ocean_custom_logo_max_height":0,"ocean_custom_logo_tablet_max_height":0,"ocean_custom_logo_mobile_max_height":0,"ocean_header_custom_menu":"0","ocean_menu_typo_font_family":"0","ocean_menu_typo_font_subset":"","ocean_menu_typo_font_size":0,"ocean_menu_typo_font_size_tablet":0,"ocean_menu_typo_font_size_mobile":0,"ocean_menu_typo_font_size_unit":"px","ocean_menu_typo_font_weight":"","ocean_menu_typo_font_weight_tablet":"","ocean_menu_typo_font_weight_mobile":"","ocean_menu_typo_transform":"","ocean_menu_typo_transform_tablet":"","ocean_menu_typo_transform_mobile":"","ocean_menu_typo_line_height":0,"ocean_menu_typo_line_height_tablet":0,"ocean_menu_typo_line_height_mobile":0,"ocean_menu_typo_line_height_unit":"","ocean_menu_typo_spacing":0,"ocean_menu_typo_spacing_tablet":0,"ocean_menu_typo_spacing_mobile":0,"ocean_menu_typo_spacing_unit":"","ocean_menu_link_color":"","ocean_menu_link_color_hover":"","ocean_menu_link_color_active":"","ocean_menu_link_background":"","ocean_menu_link_hover_background":"","ocean_menu_link_active_background":"","ocean_menu_social_links_bg":"","ocean_menu_social_hover_links_bg":"","ocean_menu_social_links_color":"","ocean_menu_social_hover_links_color":"","ocean_disable_title":"default","ocean_disable_heading":"default","ocean_post_title":"","ocean_post_subheading":"","ocean_post_title_style":"","ocean_post_title_background_color":"","ocean_post_title_background":0,"ocean_post_title_bg_image_position":"","ocean_post_title_bg_image_attachment":"","ocean_post_title_bg_image_repeat":"","ocean_post_title_bg_image_size":"","ocean_post_title_height":0,"ocean_post_title_bg_overlay":0.5,"ocean_post_title_bg_overlay_color":"","ocean_disable_breadcrumbs":"default","ocean_breadcrumbs_color":"","ocean_breadcrumbs_separator_color":"","ocean_breadcrumbs_links_color":"","ocean_breadcrumbs_links_hover_color":"","ocean_display_footer_widgets":"default","ocean_display_footer_bottom":"default","ocean_custom_footer_template":"0","footnotes":""},"class_list":["post-1687","page","type-page","status-publish","hentry","entry","owp-thumbs-layout-horizontal","owp-btn-normal","owp-tabs-layout-horizontal","has-no-thumbnails","has-product-nav"],"yoast_head":"<!-- This site is optimized with the Yoast SEO plugin v27.6 - https:\/\/yoast.com\/product\/yoast-seo-wordpress\/ -->\n<title>M-Bus podatkovni centar - tip DR001\/DR002 - MT M\u00e9r\u00e9stechnika<\/title>\n<meta name=\"robots\" content=\"index, follow, max-snippet:-1, max-image-preview:large, max-video-preview:-1\" \/>\n<link rel=\"canonical\" href=\"https:\/\/mt-merestechnika.net\/index.php\/m-bus-podatkovni-centar-tip-dr001-dr002\/\" \/>\n<meta property=\"og:locale\" content=\"de_DE\" \/>\n<meta property=\"og:type\" content=\"article\" \/>\n<meta property=\"og:title\" content=\"M-Bus podatkovni centar - tip DR001\/DR002 - MT M\u00e9r\u00e9stechnika\" \/>\n<meta property=\"og:description\" content=\"M-Bus podatkovni centar DR001\/DR002 M-Bus podatkovni centar tip DR001\/DR002 za samostalno upravljanje i bilje\u017eenje mjernih podataka, isporuku M-Bus protokola prema EN 1434-3, membranska tipkovnica s 20 tipki, LCD zaslon, integrirano RS-232 su\u010delje za o\u010ditavanje putem ra\u010dunala, modema u bilo koje vrijeme ili za povezivanje serijskog poslu\u017eitelja ure\u0111aja za Ethernet, pohrana o\u010ditanih M-Bus telegrama i mogu\u0107nost [&hellip;]\" \/>\n<meta property=\"og:url\" content=\"https:\/\/mt-merestechnika.net\/index.php\/m-bus-podatkovni-centar-tip-dr001-dr002\/\" \/>\n<meta property=\"og:site_name\" content=\"MT M\u00e9r\u00e9stechnika\" \/>\n<meta property=\"article:modified_time\" content=\"2025-09-08T13:12:44+00:00\" \/>\n<meta property=\"og:image\" content=\"https:\/\/900610.jweiland-hosting.de\/wordpress\/wp-content\/uploads\/2020\/08\/m-bus_zentrale_dr001.jpg\" \/>\n<meta name=\"twitter:card\" content=\"summary_large_image\" \/>\n<script type=\"application\/ld+json\" class=\"yoast-schema-graph\">{\"@context\":\"https:\\\/\\\/schema.org\",\"@graph\":[{\"@type\":\"WebPage\",\"@id\":\"https:\\\/\\\/mt-merestechnika.net\\\/index.php\\\/m-bus-podatkovni-centar-tip-dr001-dr002\\\/\",\"url\":\"https:\\\/\\\/mt-merestechnika.net\\\/index.php\\\/m-bus-podatkovni-centar-tip-dr001-dr002\\\/\",\"name\":\"M-Bus podatkovni centar - tip DR001\\\/DR002 - MT M\u00e9r\u00e9stechnika\",\"isPartOf\":{\"@id\":\"https:\\\/\\\/mt-merestechnika.net\\\/#website\"},\"primaryImageOfPage\":{\"@id\":\"https:\\\/\\\/mt-merestechnika.net\\\/index.php\\\/m-bus-podatkovni-centar-tip-dr001-dr002\\\/#primaryimage\"},\"image\":{\"@id\":\"https:\\\/\\\/mt-merestechnika.net\\\/index.php\\\/m-bus-podatkovni-centar-tip-dr001-dr002\\\/#primaryimage\"},\"thumbnailUrl\":\"https:\\\/\\\/900610.jweiland-hosting.de\\\/wordpress\\\/wp-content\\\/uploads\\\/2020\\\/08\\\/m-bus_zentrale_dr001.jpg\",\"datePublished\":\"2023-04-07T10:29:02+00:00\",\"dateModified\":\"2025-09-08T13:12:44+00:00\",\"breadcrumb\":{\"@id\":\"https:\\\/\\\/mt-merestechnika.net\\\/index.php\\\/m-bus-podatkovni-centar-tip-dr001-dr002\\\/#breadcrumb\"},\"inLanguage\":\"de\",\"potentialAction\":[{\"@type\":\"ReadAction\",\"target\":[\"https:\\\/\\\/mt-merestechnika.net\\\/index.php\\\/m-bus-podatkovni-centar-tip-dr001-dr002\\\/\"]}]},{\"@type\":\"ImageObject\",\"inLanguage\":\"de\",\"@id\":\"https:\\\/\\\/mt-merestechnika.net\\\/index.php\\\/m-bus-podatkovni-centar-tip-dr001-dr002\\\/#primaryimage\",\"url\":\"https:\\\/\\\/900610.jweiland-hosting.de\\\/wordpress\\\/wp-content\\\/uploads\\\/2020\\\/08\\\/m-bus_zentrale_dr001.jpg\",\"contentUrl\":\"https:\\\/\\\/900610.jweiland-hosting.de\\\/wordpress\\\/wp-content\\\/uploads\\\/2020\\\/08\\\/m-bus_zentrale_dr001.jpg\"},{\"@type\":\"BreadcrumbList\",\"@id\":\"https:\\\/\\\/mt-merestechnika.net\\\/index.php\\\/m-bus-podatkovni-centar-tip-dr001-dr002\\\/#breadcrumb\",\"itemListElement\":[{\"@type\":\"ListItem\",\"position\":1,\"name\":\"Start\",\"item\":\"https:\\\/\\\/mt-merestechnika.net\\\/\"},{\"@type\":\"ListItem\",\"position\":2,\"name\":\"M-Bus podatkovni centar &#8211; tip DR001\\\/DR002\"}]},{\"@type\":\"WebSite\",\"@id\":\"https:\\\/\\\/mt-merestechnika.net\\\/#website\",\"url\":\"https:\\\/\\\/mt-merestechnika.net\\\/\",\"name\":\"MT M\u00e9r\u00e9stechnika\",\"description\":\"AZ \u00d6N ENERGIAPARTNERE\",\"publisher\":{\"@id\":\"https:\\\/\\\/mt-merestechnika.net\\\/#organization\"},\"potentialAction\":[{\"@type\":\"SearchAction\",\"target\":{\"@type\":\"EntryPoint\",\"urlTemplate\":\"https:\\\/\\\/mt-merestechnika.net\\\/?s={search_term_string}\"},\"query-input\":{\"@type\":\"PropertyValueSpecification\",\"valueRequired\":true,\"valueName\":\"search_term_string\"}}],\"inLanguage\":\"de\"},{\"@type\":\"Organization\",\"@id\":\"https:\\\/\\\/mt-merestechnika.net\\\/#organization\",\"name\":\"MT M\u00e9r\u00e9stechnika\",\"url\":\"https:\\\/\\\/mt-merestechnika.net\\\/\",\"logo\":{\"@type\":\"ImageObject\",\"inLanguage\":\"de\",\"@id\":\"https:\\\/\\\/mt-merestechnika.net\\\/#\\\/schema\\\/logo\\\/image\\\/\",\"url\":\"https:\\\/\\\/mt-merestechnika.net\\\/wp-content\\\/uploads\\\/2023\\\/11\\\/cropped-logo_hu_web_425px.png\",\"contentUrl\":\"https:\\\/\\\/mt-merestechnika.net\\\/wp-content\\\/uploads\\\/2023\\\/11\\\/cropped-logo_hu_web_425px.png\",\"width\":425,\"height\":65,\"caption\":\"MT M\u00e9r\u00e9stechnika\"},\"image\":{\"@id\":\"https:\\\/\\\/mt-merestechnika.net\\\/#\\\/schema\\\/logo\\\/image\\\/\"}}]}<\/script>\n<!-- \/ Yoast SEO plugin. -->","yoast_head_json":{"title":"M-Bus podatkovni centar - tip DR001\/DR002 - MT M\u00e9r\u00e9stechnika","robots":{"index":"index","follow":"follow","max-snippet":"max-snippet:-1","max-image-preview":"max-image-preview:large","max-video-preview":"max-video-preview:-1"},"canonical":"https:\/\/mt-merestechnika.net\/index.php\/m-bus-podatkovni-centar-tip-dr001-dr002\/","og_locale":"de_DE","og_type":"article","og_title":"M-Bus podatkovni centar - tip DR001\/DR002 - MT M\u00e9r\u00e9stechnika","og_description":"M-Bus podatkovni centar DR001\/DR002 M-Bus podatkovni centar tip DR001\/DR002 za samostalno upravljanje i bilje\u017eenje mjernih podataka, isporuku M-Bus protokola prema EN 1434-3, membranska tipkovnica s 20 tipki, LCD zaslon, integrirano RS-232 su\u010delje za o\u010ditavanje putem ra\u010dunala, modema u bilo koje vrijeme ili za povezivanje serijskog poslu\u017eitelja ure\u0111aja za Ethernet, pohrana o\u010ditanih M-Bus telegrama i mogu\u0107nost [&hellip;]","og_url":"https:\/\/mt-merestechnika.net\/index.php\/m-bus-podatkovni-centar-tip-dr001-dr002\/","og_site_name":"MT M\u00e9r\u00e9stechnika","article_modified_time":"2025-09-08T13:12:44+00:00","og_image":[{"url":"https:\/\/900610.jweiland-hosting.de\/wordpress\/wp-content\/uploads\/2020\/08\/m-bus_zentrale_dr001.jpg","type":"","width":"","height":""}],"twitter_card":"summary_large_image","schema":{"@context":"https:\/\/schema.org","@graph":[{"@type":"WebPage","@id":"https:\/\/mt-merestechnika.net\/index.php\/m-bus-podatkovni-centar-tip-dr001-dr002\/","url":"https:\/\/mt-merestechnika.net\/index.php\/m-bus-podatkovni-centar-tip-dr001-dr002\/","name":"M-Bus podatkovni centar - tip DR001\/DR002 - MT M\u00e9r\u00e9stechnika","isPartOf":{"@id":"https:\/\/mt-merestechnika.net\/#website"},"primaryImageOfPage":{"@id":"https:\/\/mt-merestechnika.net\/index.php\/m-bus-podatkovni-centar-tip-dr001-dr002\/#primaryimage"},"image":{"@id":"https:\/\/mt-merestechnika.net\/index.php\/m-bus-podatkovni-centar-tip-dr001-dr002\/#primaryimage"},"thumbnailUrl":"https:\/\/900610.jweiland-hosting.de\/wordpress\/wp-content\/uploads\/2020\/08\/m-bus_zentrale_dr001.jpg","datePublished":"2023-04-07T10:29:02+00:00","dateModified":"2025-09-08T13:12:44+00:00","breadcrumb":{"@id":"https:\/\/mt-merestechnika.net\/index.php\/m-bus-podatkovni-centar-tip-dr001-dr002\/#breadcrumb"},"inLanguage":"de","potentialAction":[{"@type":"ReadAction","target":["https:\/\/mt-merestechnika.net\/index.php\/m-bus-podatkovni-centar-tip-dr001-dr002\/"]}]},{"@type":"ImageObject","inLanguage":"de","@id":"https:\/\/mt-merestechnika.net\/index.php\/m-bus-podatkovni-centar-tip-dr001-dr002\/#primaryimage","url":"https:\/\/900610.jweiland-hosting.de\/wordpress\/wp-content\/uploads\/2020\/08\/m-bus_zentrale_dr001.jpg","contentUrl":"https:\/\/900610.jweiland-hosting.de\/wordpress\/wp-content\/uploads\/2020\/08\/m-bus_zentrale_dr001.jpg"},{"@type":"BreadcrumbList","@id":"https:\/\/mt-merestechnika.net\/index.php\/m-bus-podatkovni-centar-tip-dr001-dr002\/#breadcrumb","itemListElement":[{"@type":"ListItem","position":1,"name":"Start","item":"https:\/\/mt-merestechnika.net\/"},{"@type":"ListItem","position":2,"name":"M-Bus podatkovni centar &#8211; tip DR001\/DR002"}]},{"@type":"WebSite","@id":"https:\/\/mt-merestechnika.net\/#website","url":"https:\/\/mt-merestechnika.net\/","name":"MT M\u00e9r\u00e9stechnika","description":"AZ \u00d6N ENERGIAPARTNERE","publisher":{"@id":"https:\/\/mt-merestechnika.net\/#organization"},"potentialAction":[{"@type":"SearchAction","target":{"@type":"EntryPoint","urlTemplate":"https:\/\/mt-merestechnika.net\/?s={search_term_string}"},"query-input":{"@type":"PropertyValueSpecification","valueRequired":true,"valueName":"search_term_string"}}],"inLanguage":"de"},{"@type":"Organization","@id":"https:\/\/mt-merestechnika.net\/#organization","name":"MT M\u00e9r\u00e9stechnika","url":"https:\/\/mt-merestechnika.net\/","logo":{"@type":"ImageObject","inLanguage":"de","@id":"https:\/\/mt-merestechnika.net\/#\/schema\/logo\/image\/","url":"https:\/\/mt-merestechnika.net\/wp-content\/uploads\/2023\/11\/cropped-logo_hu_web_425px.png","contentUrl":"https:\/\/mt-merestechnika.net\/wp-content\/uploads\/2023\/11\/cropped-logo_hu_web_425px.png","width":425,"height":65,"caption":"MT M\u00e9r\u00e9stechnika"},"image":{"@id":"https:\/\/mt-merestechnika.net\/#\/schema\/logo\/image\/"}}]}},"jetpack_sharing_enabled":true,"_links":{"self":[{"href":"https:\/\/mt-merestechnika.net\/index.php\/wp-json\/wp\/v2\/pages\/1687","targetHints":{"allow":["GET"]}}],"collection":[{"href":"https:\/\/mt-merestechnika.net\/index.php\/wp-json\/wp\/v2\/pages"}],"about":[{"href":"https:\/\/mt-merestechnika.net\/index.php\/wp-json\/wp\/v2\/types\/page"}],"author":[{"embeddable":true,"href":"https:\/\/mt-merestechnika.net\/index.php\/wp-json\/wp\/v2\/users\/1"}],"replies":[{"embeddable":true,"href":"https:\/\/mt-merestechnika.net\/index.php\/wp-json\/wp\/v2\/comments?post=1687"}],"version-history":[{"count":1,"href":"https:\/\/mt-merestechnika.net\/index.php\/wp-json\/wp\/v2\/pages\/1687\/revisions"}],"predecessor-version":[{"id":22391,"href":"https:\/\/mt-merestechnika.net\/index.php\/wp-json\/wp\/v2\/pages\/1687\/revisions\/22391"}],"wp:attachment":[{"href":"https:\/\/mt-merestechnika.net\/index.php\/wp-json\/wp\/v2\/media?parent=1687"}],"curies":[{"name":"wp","href":"https:\/\/api.w.org\/{rel}","templated":true}]}}