{"id":1413,"date":"2023-04-07T10:28:39","date_gmt":"2023-04-07T10:28:39","guid":{"rendered":"https:\/\/mt-mjernatehnika.com\/wordpress\/wmmba2-opt\/"},"modified":"2025-09-08T12:29:25","modified_gmt":"2025-09-08T12:29:25","slug":"wmmba2-opt","status":"publish","type":"page","link":"https:\/\/mt-merestechnika.net\/index.php\/wmmba2-opt\/","title":{"rendered":"WMMBA2-OPT"},"content":{"rendered":"\t\t<div data-elementor-type=\"wp-page\" data-elementor-id=\"1413\" class=\"elementor elementor-1413\">\n\t\t\t\t\t\t<section class=\"elementor-section elementor-top-section elementor-element elementor-element-71f41f49 elementor-section-boxed elementor-section-height-default elementor-section-height-default\" data-id=\"71f41f49\" data-element_type=\"section\" data-e-type=\"section\">\n\t\t\t\t\t\t<div class=\"elementor-container elementor-column-gap-default\">\n\t\t\t\t\t<div class=\"elementor-column elementor-col-100 elementor-top-column elementor-element elementor-element-8dff317\" data-id=\"8dff317\" data-element_type=\"column\" data-e-type=\"column\">\n\t\t\t<div class=\"elementor-widget-wrap elementor-element-populated\">\n\t\t\t\t\t\t<div class=\"elementor-element elementor-element-4b951800 elementor-widget elementor-widget-heading\" data-id=\"4b951800\" data-element_type=\"widget\" data-e-type=\"widget\" data-widget_type=\"heading.default\">\n\t\t\t\t<div class=\"elementor-widget-container\">\n\t\t\t\t\t<h1 class=\"elementor-heading-title elementor-size-default\">WMMBA2-OPT t\u00edpus\u00fa vezet\u00e9kes M-Bus modul \na SMART sorozat\u00fa lak\u00e1sv\u00edzm\u00e9r\u0151kh\u00f6z<\/h1>\t\t\t\t<\/div>\n\t\t\t\t<\/div>\n\t\t\t\t\t<\/div>\n\t\t<\/div>\n\t\t\t\t\t<\/div>\n\t\t<\/section>\n\t\t\t\t<section class=\"elementor-section elementor-top-section elementor-element elementor-element-28dbe461 elementor-section-boxed elementor-section-height-default elementor-section-height-default\" data-id=\"28dbe461\" data-element_type=\"section\" data-e-type=\"section\">\n\t\t\t\t\t\t<div class=\"elementor-container elementor-column-gap-default\">\n\t\t\t\t\t<div class=\"elementor-column elementor-col-100 elementor-top-column elementor-element elementor-element-3c77c67d\" data-id=\"3c77c67d\" data-element_type=\"column\" data-e-type=\"column\">\n\t\t\t<div class=\"elementor-widget-wrap elementor-element-populated\">\n\t\t\t\t\t\t<div class=\"elementor-element elementor-element-270bf054 elementor-widget elementor-widget-text-editor\" data-id=\"270bf054\" data-element_type=\"widget\" data-e-type=\"widget\" data-widget_type=\"text-editor.default\">\n\t\t\t\t<div class=\"elementor-widget-container\">\n\t\t\t\t\t\t\t\t\t<p><strong>WMMBA2-OPT t\u00edpus\u00fa vezet\u00e9kes M-Bus kommunik\u00e1ci\u00f3s modul a SMART v\u00edzm\u00e9r\u0151 sorozatba tartoz\u00f3 lak\u00e1sv\u00edzm\u00e9r\u0151kh\u00f6z a k\u00f6vetkez\u0151 m\u0171szaki jellemz\u0151kkel:<\/strong><\/p>\t\t\t\t\t\t\t\t<\/div>\n\t\t\t\t<\/div>\n\t\t\t\t\t<\/div>\n\t\t<\/div>\n\t\t\t\t\t<\/div>\n\t\t<\/section>\n\t\t\t\t<section class=\"elementor-section elementor-top-section elementor-element elementor-element-36fc4228 elementor-section-boxed elementor-section-height-default elementor-section-height-default\" data-id=\"36fc4228\" data-element_type=\"section\" data-e-type=\"section\">\n\t\t\t\t\t\t<div class=\"elementor-container elementor-column-gap-default\">\n\t\t\t\t\t<div class=\"elementor-column elementor-col-50 elementor-top-column elementor-element elementor-element-5312231d\" data-id=\"5312231d\" data-element_type=\"column\" data-e-type=\"column\">\n\t\t\t<div class=\"elementor-widget-wrap elementor-element-populated\">\n\t\t\t\t\t\t<div class=\"elementor-element elementor-element-55d4fa26 elementor-widget elementor-widget-text-editor\" data-id=\"55d4fa26\" data-element_type=\"widget\" data-e-type=\"widget\" data-widget_type=\"text-editor.default\">\n\t\t\t\t<div class=\"elementor-widget-container\">\n\t\t\t\t\t\t\t\t\t<ul><li>A bev\u00e1lt k\u00e1beles M-Bus t\u00e1vleolvas\u00f3 rendszerbe integr\u00e1lhat\u00f3<\/li><li>A k\u00f6vetkez\u0151 \u00e9rt\u00e9keket t\u00e1rolja \u00e9s tov\u00e1bb\u00edtja: aktu\u00e1lis fogyaszt\u00e1si \u00e9rt\u00e9k, fordul\u00f3napi \u00e9rt\u00e9k, fordul\u00f3nap d\u00e1tuma, 13 havi \u00e9rt\u00e9k, hibak\u00f3d, hiba d\u00e1tuma<\/li><li>Manipul\u00e1ci\u00f3 elleni v\u00e9delem plomb\u00e1val \u00e9s a modul v\u00edzm\u00e9r\u0151r\u0151l val\u00f3 elt\u00e1vol\u00edt\u00e1s\u00e1nak elektronikus \u00e9rz\u00e9kel\u00e9s\u00e9vel<\/li><li>A jelad\u00f3t\u00e1rcsa optikai letapogat\u00e1si elve (alkalmas a SMART sorozat\u00fa v\u00edzm\u00e9r\u0151k optikai jelad\u00f3t\u00e1rcs\u00e1j\u00e1val ell\u00e1tott IP 65-os sz\u00e1ml\u00e1l\u00f3m\u0171h\u00f6z)<\/li><li>CE-megfelel\u0151s\u00e9g <\/li><\/ul><p>A WMMBA2-OPT M-Bus modul a SMART sorozat\u00fa v\u00edzm\u00e9r\u0151k k\u00e1beles M-Bus rendszerhez val\u00f3 csatlakoztat\u00e1s\u00e1ra szolg\u00e1l. A felhaszn\u00e1l\u00f3 egy ingyenes szoftverrel konfigur\u00e1lhatja a k\u00e9sz\u00fcl\u00e9ket (a kezdeti m\u00e9r\u0151\u00e1ll\u00e1s, a fordul\u00f3nap d\u00e1tum\u00e1nak, az aktu\u00e1lis d\u00e1tumnak, az M-Bus c\u00edmeknek stb. a programoz\u00e1sa).<br \/>Az M-Bus h\u00e1l\u00f3zaton val\u00f3 m\u0171k\u00f6d\u00e9s sor\u00e1n a modul ezen a h\u00e1l\u00f3zaton kereszt\u00fcl kapja a t\u00e1pell\u00e1t\u00e1st. M\u00e9g az M-Bus t\u00e1pell\u00e1t\u00e1s\u00e1nak tart\u00f3s kies\u00e9se eset\u00e9n is egy be\u00e9p\u00edtett akkumul\u00e1tor biztos\u00edtja, hogy a m\u00e9r\u00e9si m\u0171velet folytat\u00f3djon, \u00e9s ne vesszenek el adatok. <\/p><div><a href=\"https:\/\/mt-merestechnika.net\/wp-content\/uploads\/2023\/12\/WMMBA2-OPT-t.pdf\" target=\"_blank\" rel=\"noopener\">A term\u00e9k m\u0171szaki adatlapja<\/a><\/div>\t\t\t\t\t\t\t\t<\/div>\n\t\t\t\t<\/div>\n\t\t\t\t\t<\/div>\n\t\t<\/div>\n\t\t\t\t<div class=\"elementor-column elementor-col-50 elementor-top-column elementor-element elementor-element-3cfb8280\" data-id=\"3cfb8280\" data-element_type=\"column\" data-e-type=\"column\">\n\t\t\t<div class=\"elementor-widget-wrap elementor-element-populated\">\n\t\t\t\t\t\t<div class=\"elementor-element elementor-element-692bebd4 elementor-widget elementor-widget-image\" data-id=\"692bebd4\" data-element_type=\"widget\" data-e-type=\"widget\" data-widget_type=\"image.default\">\n\t\t\t\t<div class=\"elementor-widget-container\">\n\t\t\t\t\t\t\t\t\t\t\t\t\t\t\t<img fetchpriority=\"high\" decoding=\"async\" width=\"300\" height=\"300\" src=\"https:\/\/mt-merestechnika.net\/wp-content\/uploads\/2023\/04\/wmmba2-opt.jpg\" class=\"attachment-medium size-medium wp-image-1414\" alt=\"\" srcset=\"https:\/\/mt-merestechnika.net\/wp-content\/uploads\/2023\/04\/wmmba2-opt.jpg 300w, https:\/\/mt-merestechnika.net\/wp-content\/uploads\/2023\/04\/wmmba2-opt-150x150.jpg 150w, https:\/\/mt-merestechnika.net\/wp-content\/uploads\/2023\/04\/wmmba2-opt-100x100.jpg 100w\" sizes=\"(max-width: 300px) 100vw, 300px\" \/>\t\t\t\t\t\t\t\t\t\t\t\t\t\t\t<\/div>\n\t\t\t\t<\/div>\n\t\t\t\t\t<\/div>\n\t\t<\/div>\n\t\t\t\t\t<\/div>\n\t\t<\/section>\n\t\t\t\t<\/div>\n\t\t","protected":false},"excerpt":{"rendered":"<p>WMMBA2-OPT t\u00edpus\u00fa vezet\u00e9kes M-Bus modul a SMART sorozat\u00fa lak\u00e1sv\u00edzm\u00e9r\u0151kh\u00f6z WMMBA2-OPT t\u00edpus\u00fa vezet\u00e9kes M-Bus kommunik\u00e1ci\u00f3s modul a SMART v\u00edzm\u00e9r\u0151 sorozatba tartoz\u00f3 lak\u00e1sv\u00edzm\u00e9r\u0151kh\u00f6z a k\u00f6vetkez\u0151 m\u0171szaki jellemz\u0151kkel: A bev\u00e1lt k\u00e1beles M-Bus t\u00e1vleolvas\u00f3 rendszerbe integr\u00e1lhat\u00f3 A k\u00f6vetkez\u0151 \u00e9rt\u00e9keket t\u00e1rolja \u00e9s tov\u00e1bb\u00edtja: aktu\u00e1lis fogyaszt\u00e1si \u00e9rt\u00e9k, fordul\u00f3napi \u00e9rt\u00e9k, fordul\u00f3nap d\u00e1tuma, 13 havi \u00e9rt\u00e9k, hibak\u00f3d, hiba d\u00e1tuma Manipul\u00e1ci\u00f3 elleni v\u00e9delem plomb\u00e1val [&hellip;]<\/p>\n","protected":false},"author":1,"featured_media":0,"parent":0,"menu_order":0,"comment_status":"closed","ping_status":"closed","template":"","meta":{"ocean_post_layout":"","ocean_both_sidebars_style":"","ocean_both_sidebars_content_width":0,"ocean_both_sidebars_sidebars_width":0,"ocean_sidebar":"0","ocean_second_sidebar":"0","ocean_disable_margins":"enable","ocean_add_body_class":"","ocean_shortcode_before_top_bar":"","ocean_shortcode_after_top_bar":"","ocean_shortcode_before_header":"","ocean_shortcode_after_header":"","ocean_has_shortcode":"","ocean_shortcode_after_title":"","ocean_shortcode_before_footer_widgets":"","ocean_shortcode_after_footer_widgets":"","ocean_shortcode_before_footer_bottom":"","ocean_shortcode_after_footer_bottom":"","ocean_display_top_bar":"default","ocean_display_header":"default","ocean_header_style":"","ocean_center_header_left_menu":"0","ocean_custom_header_template":"0","ocean_custom_logo":0,"ocean_custom_retina_logo":0,"ocean_custom_logo_max_width":0,"ocean_custom_logo_tablet_max_width":0,"ocean_custom_logo_mobile_max_width":0,"ocean_custom_logo_max_height":0,"ocean_custom_logo_tablet_max_height":0,"ocean_custom_logo_mobile_max_height":0,"ocean_header_custom_menu":"0","ocean_menu_typo_font_family":"0","ocean_menu_typo_font_subset":"","ocean_menu_typo_font_size":0,"ocean_menu_typo_font_size_tablet":0,"ocean_menu_typo_font_size_mobile":0,"ocean_menu_typo_font_size_unit":"px","ocean_menu_typo_font_weight":"","ocean_menu_typo_font_weight_tablet":"","ocean_menu_typo_font_weight_mobile":"","ocean_menu_typo_transform":"","ocean_menu_typo_transform_tablet":"","ocean_menu_typo_transform_mobile":"","ocean_menu_typo_line_height":0,"ocean_menu_typo_line_height_tablet":0,"ocean_menu_typo_line_height_mobile":0,"ocean_menu_typo_line_height_unit":"","ocean_menu_typo_spacing":0,"ocean_menu_typo_spacing_tablet":0,"ocean_menu_typo_spacing_mobile":0,"ocean_menu_typo_spacing_unit":"","ocean_menu_link_color":"","ocean_menu_link_color_hover":"","ocean_menu_link_color_active":"","ocean_menu_link_background":"","ocean_menu_link_hover_background":"","ocean_menu_link_active_background":"","ocean_menu_social_links_bg":"","ocean_menu_social_hover_links_bg":"","ocean_menu_social_links_color":"","ocean_menu_social_hover_links_color":"","ocean_disable_title":"default","ocean_disable_heading":"default","ocean_post_title":"","ocean_post_subheading":"","ocean_post_title_style":"","ocean_post_title_background_color":"","ocean_post_title_background":0,"ocean_post_title_bg_image_position":"","ocean_post_title_bg_image_attachment":"","ocean_post_title_bg_image_repeat":"","ocean_post_title_bg_image_size":"","ocean_post_title_height":0,"ocean_post_title_bg_overlay":0.5,"ocean_post_title_bg_overlay_color":"","ocean_disable_breadcrumbs":"default","ocean_breadcrumbs_color":"","ocean_breadcrumbs_separator_color":"","ocean_breadcrumbs_links_color":"","ocean_breadcrumbs_links_hover_color":"","ocean_display_footer_widgets":"default","ocean_display_footer_bottom":"default","ocean_custom_footer_template":"0","footnotes":""},"class_list":["post-1413","page","type-page","status-publish","hentry","entry","owp-thumbs-layout-horizontal","owp-btn-normal","owp-tabs-layout-horizontal","has-no-thumbnails","has-product-nav"],"yoast_head":"<!-- This site is optimized with the Yoast SEO plugin v27.5 - https:\/\/yoast.com\/product\/yoast-seo-wordpress\/ -->\n<title>WMMBA2-OPT - MT M\u00e9r\u00e9stechnika<\/title>\n<meta name=\"robots\" content=\"index, follow, max-snippet:-1, max-image-preview:large, max-video-preview:-1\" \/>\n<link rel=\"canonical\" href=\"https:\/\/mt-merestechnika.net\/index.php\/wmmba2-opt\/\" \/>\n<meta property=\"og:locale\" content=\"de_DE\" \/>\n<meta property=\"og:type\" content=\"article\" \/>\n<meta property=\"og:title\" content=\"WMMBA2-OPT - MT M\u00e9r\u00e9stechnika\" \/>\n<meta property=\"og:description\" content=\"WMMBA2-OPT t\u00edpus\u00fa vezet\u00e9kes M-Bus modul a SMART sorozat\u00fa lak\u00e1sv\u00edzm\u00e9r\u0151kh\u00f6z WMMBA2-OPT t\u00edpus\u00fa vezet\u00e9kes M-Bus kommunik\u00e1ci\u00f3s modul a SMART v\u00edzm\u00e9r\u0151 sorozatba tartoz\u00f3 lak\u00e1sv\u00edzm\u00e9r\u0151kh\u00f6z a k\u00f6vetkez\u0151 m\u0171szaki jellemz\u0151kkel: A bev\u00e1lt k\u00e1beles M-Bus t\u00e1vleolvas\u00f3 rendszerbe integr\u00e1lhat\u00f3 A k\u00f6vetkez\u0151 \u00e9rt\u00e9keket t\u00e1rolja \u00e9s tov\u00e1bb\u00edtja: aktu\u00e1lis fogyaszt\u00e1si \u00e9rt\u00e9k, fordul\u00f3napi \u00e9rt\u00e9k, fordul\u00f3nap d\u00e1tuma, 13 havi \u00e9rt\u00e9k, hibak\u00f3d, hiba d\u00e1tuma Manipul\u00e1ci\u00f3 elleni v\u00e9delem plomb\u00e1val [&hellip;]\" \/>\n<meta property=\"og:url\" content=\"https:\/\/mt-merestechnika.net\/index.php\/wmmba2-opt\/\" \/>\n<meta property=\"og:site_name\" content=\"MT M\u00e9r\u00e9stechnika\" \/>\n<meta property=\"article:modified_time\" content=\"2025-09-08T12:29:25+00:00\" \/>\n<meta property=\"og:image\" content=\"https:\/\/mt-merestechnika.net\/wp-content\/uploads\/2023\/04\/wmmba2-opt.jpg\" \/>\n<meta name=\"twitter:card\" content=\"summary_large_image\" \/>\n<meta name=\"twitter:label1\" content=\"Gesch\u00e4tzte Lesezeit\" \/>\n\t<meta name=\"twitter:data1\" content=\"1\u00a0Minute\" \/>\n<script type=\"application\/ld+json\" class=\"yoast-schema-graph\">{\"@context\":\"https:\\\/\\\/schema.org\",\"@graph\":[{\"@type\":\"WebPage\",\"@id\":\"https:\\\/\\\/mt-merestechnika.net\\\/index.php\\\/wmmba2-opt\\\/\",\"url\":\"https:\\\/\\\/mt-merestechnika.net\\\/index.php\\\/wmmba2-opt\\\/\",\"name\":\"WMMBA2-OPT - MT M\u00e9r\u00e9stechnika\",\"isPartOf\":{\"@id\":\"https:\\\/\\\/mt-merestechnika.net\\\/#website\"},\"primaryImageOfPage\":{\"@id\":\"https:\\\/\\\/mt-merestechnika.net\\\/index.php\\\/wmmba2-opt\\\/#primaryimage\"},\"image\":{\"@id\":\"https:\\\/\\\/mt-merestechnika.net\\\/index.php\\\/wmmba2-opt\\\/#primaryimage\"},\"thumbnailUrl\":\"https:\\\/\\\/mt-merestechnika.net\\\/wp-content\\\/uploads\\\/2023\\\/04\\\/wmmba2-opt.jpg\",\"datePublished\":\"2023-04-07T10:28:39+00:00\",\"dateModified\":\"2025-09-08T12:29:25+00:00\",\"breadcrumb\":{\"@id\":\"https:\\\/\\\/mt-merestechnika.net\\\/index.php\\\/wmmba2-opt\\\/#breadcrumb\"},\"inLanguage\":\"de\",\"potentialAction\":[{\"@type\":\"ReadAction\",\"target\":[\"https:\\\/\\\/mt-merestechnika.net\\\/index.php\\\/wmmba2-opt\\\/\"]}]},{\"@type\":\"ImageObject\",\"inLanguage\":\"de\",\"@id\":\"https:\\\/\\\/mt-merestechnika.net\\\/index.php\\\/wmmba2-opt\\\/#primaryimage\",\"url\":\"https:\\\/\\\/mt-merestechnika.net\\\/wp-content\\\/uploads\\\/2023\\\/04\\\/wmmba2-opt.jpg\",\"contentUrl\":\"https:\\\/\\\/mt-merestechnika.net\\\/wp-content\\\/uploads\\\/2023\\\/04\\\/wmmba2-opt.jpg\",\"width\":300,\"height\":300},{\"@type\":\"BreadcrumbList\",\"@id\":\"https:\\\/\\\/mt-merestechnika.net\\\/index.php\\\/wmmba2-opt\\\/#breadcrumb\",\"itemListElement\":[{\"@type\":\"ListItem\",\"position\":1,\"name\":\"Start\",\"item\":\"https:\\\/\\\/mt-merestechnika.net\\\/\"},{\"@type\":\"ListItem\",\"position\":2,\"name\":\"WMMBA2-OPT\"}]},{\"@type\":\"WebSite\",\"@id\":\"https:\\\/\\\/mt-merestechnika.net\\\/#website\",\"url\":\"https:\\\/\\\/mt-merestechnika.net\\\/\",\"name\":\"MT M\u00e9r\u00e9stechnika\",\"description\":\"AZ \u00d6N ENERGIAPARTNERE\",\"publisher\":{\"@id\":\"https:\\\/\\\/mt-merestechnika.net\\\/#organization\"},\"potentialAction\":[{\"@type\":\"SearchAction\",\"target\":{\"@type\":\"EntryPoint\",\"urlTemplate\":\"https:\\\/\\\/mt-merestechnika.net\\\/?s={search_term_string}\"},\"query-input\":{\"@type\":\"PropertyValueSpecification\",\"valueRequired\":true,\"valueName\":\"search_term_string\"}}],\"inLanguage\":\"de\"},{\"@type\":\"Organization\",\"@id\":\"https:\\\/\\\/mt-merestechnika.net\\\/#organization\",\"name\":\"MT M\u00e9r\u00e9stechnika\",\"url\":\"https:\\\/\\\/mt-merestechnika.net\\\/\",\"logo\":{\"@type\":\"ImageObject\",\"inLanguage\":\"de\",\"@id\":\"https:\\\/\\\/mt-merestechnika.net\\\/#\\\/schema\\\/logo\\\/image\\\/\",\"url\":\"https:\\\/\\\/mt-merestechnika.net\\\/wp-content\\\/uploads\\\/2023\\\/11\\\/cropped-logo_hu_web_425px.png\",\"contentUrl\":\"https:\\\/\\\/mt-merestechnika.net\\\/wp-content\\\/uploads\\\/2023\\\/11\\\/cropped-logo_hu_web_425px.png\",\"width\":425,\"height\":65,\"caption\":\"MT M\u00e9r\u00e9stechnika\"},\"image\":{\"@id\":\"https:\\\/\\\/mt-merestechnika.net\\\/#\\\/schema\\\/logo\\\/image\\\/\"}}]}<\/script>\n<!-- \/ Yoast SEO plugin. -->","yoast_head_json":{"title":"WMMBA2-OPT - MT M\u00e9r\u00e9stechnika","robots":{"index":"index","follow":"follow","max-snippet":"max-snippet:-1","max-image-preview":"max-image-preview:large","max-video-preview":"max-video-preview:-1"},"canonical":"https:\/\/mt-merestechnika.net\/index.php\/wmmba2-opt\/","og_locale":"de_DE","og_type":"article","og_title":"WMMBA2-OPT - MT M\u00e9r\u00e9stechnika","og_description":"WMMBA2-OPT t\u00edpus\u00fa vezet\u00e9kes M-Bus modul a SMART sorozat\u00fa lak\u00e1sv\u00edzm\u00e9r\u0151kh\u00f6z WMMBA2-OPT t\u00edpus\u00fa vezet\u00e9kes M-Bus kommunik\u00e1ci\u00f3s modul a SMART v\u00edzm\u00e9r\u0151 sorozatba tartoz\u00f3 lak\u00e1sv\u00edzm\u00e9r\u0151kh\u00f6z a k\u00f6vetkez\u0151 m\u0171szaki jellemz\u0151kkel: A bev\u00e1lt k\u00e1beles M-Bus t\u00e1vleolvas\u00f3 rendszerbe integr\u00e1lhat\u00f3 A k\u00f6vetkez\u0151 \u00e9rt\u00e9keket t\u00e1rolja \u00e9s tov\u00e1bb\u00edtja: aktu\u00e1lis fogyaszt\u00e1si \u00e9rt\u00e9k, fordul\u00f3napi \u00e9rt\u00e9k, fordul\u00f3nap d\u00e1tuma, 13 havi \u00e9rt\u00e9k, hibak\u00f3d, hiba d\u00e1tuma Manipul\u00e1ci\u00f3 elleni v\u00e9delem plomb\u00e1val [&hellip;]","og_url":"https:\/\/mt-merestechnika.net\/index.php\/wmmba2-opt\/","og_site_name":"MT M\u00e9r\u00e9stechnika","article_modified_time":"2025-09-08T12:29:25+00:00","og_image":[{"url":"https:\/\/mt-merestechnika.net\/wp-content\/uploads\/2023\/04\/wmmba2-opt.jpg","type":"","width":"","height":""}],"twitter_card":"summary_large_image","twitter_misc":{"Gesch\u00e4tzte Lesezeit":"1\u00a0Minute"},"schema":{"@context":"https:\/\/schema.org","@graph":[{"@type":"WebPage","@id":"https:\/\/mt-merestechnika.net\/index.php\/wmmba2-opt\/","url":"https:\/\/mt-merestechnika.net\/index.php\/wmmba2-opt\/","name":"WMMBA2-OPT - MT M\u00e9r\u00e9stechnika","isPartOf":{"@id":"https:\/\/mt-merestechnika.net\/#website"},"primaryImageOfPage":{"@id":"https:\/\/mt-merestechnika.net\/index.php\/wmmba2-opt\/#primaryimage"},"image":{"@id":"https:\/\/mt-merestechnika.net\/index.php\/wmmba2-opt\/#primaryimage"},"thumbnailUrl":"https:\/\/mt-merestechnika.net\/wp-content\/uploads\/2023\/04\/wmmba2-opt.jpg","datePublished":"2023-04-07T10:28:39+00:00","dateModified":"2025-09-08T12:29:25+00:00","breadcrumb":{"@id":"https:\/\/mt-merestechnika.net\/index.php\/wmmba2-opt\/#breadcrumb"},"inLanguage":"de","potentialAction":[{"@type":"ReadAction","target":["https:\/\/mt-merestechnika.net\/index.php\/wmmba2-opt\/"]}]},{"@type":"ImageObject","inLanguage":"de","@id":"https:\/\/mt-merestechnika.net\/index.php\/wmmba2-opt\/#primaryimage","url":"https:\/\/mt-merestechnika.net\/wp-content\/uploads\/2023\/04\/wmmba2-opt.jpg","contentUrl":"https:\/\/mt-merestechnika.net\/wp-content\/uploads\/2023\/04\/wmmba2-opt.jpg","width":300,"height":300},{"@type":"BreadcrumbList","@id":"https:\/\/mt-merestechnika.net\/index.php\/wmmba2-opt\/#breadcrumb","itemListElement":[{"@type":"ListItem","position":1,"name":"Start","item":"https:\/\/mt-merestechnika.net\/"},{"@type":"ListItem","position":2,"name":"WMMBA2-OPT"}]},{"@type":"WebSite","@id":"https:\/\/mt-merestechnika.net\/#website","url":"https:\/\/mt-merestechnika.net\/","name":"MT M\u00e9r\u00e9stechnika","description":"AZ \u00d6N ENERGIAPARTNERE","publisher":{"@id":"https:\/\/mt-merestechnika.net\/#organization"},"potentialAction":[{"@type":"SearchAction","target":{"@type":"EntryPoint","urlTemplate":"https:\/\/mt-merestechnika.net\/?s={search_term_string}"},"query-input":{"@type":"PropertyValueSpecification","valueRequired":true,"valueName":"search_term_string"}}],"inLanguage":"de"},{"@type":"Organization","@id":"https:\/\/mt-merestechnika.net\/#organization","name":"MT M\u00e9r\u00e9stechnika","url":"https:\/\/mt-merestechnika.net\/","logo":{"@type":"ImageObject","inLanguage":"de","@id":"https:\/\/mt-merestechnika.net\/#\/schema\/logo\/image\/","url":"https:\/\/mt-merestechnika.net\/wp-content\/uploads\/2023\/11\/cropped-logo_hu_web_425px.png","contentUrl":"https:\/\/mt-merestechnika.net\/wp-content\/uploads\/2023\/11\/cropped-logo_hu_web_425px.png","width":425,"height":65,"caption":"MT M\u00e9r\u00e9stechnika"},"image":{"@id":"https:\/\/mt-merestechnika.net\/#\/schema\/logo\/image\/"}}]}},"jetpack_sharing_enabled":true,"_links":{"self":[{"href":"https:\/\/mt-merestechnika.net\/index.php\/wp-json\/wp\/v2\/pages\/1413","targetHints":{"allow":["GET"]}}],"collection":[{"href":"https:\/\/mt-merestechnika.net\/index.php\/wp-json\/wp\/v2\/pages"}],"about":[{"href":"https:\/\/mt-merestechnika.net\/index.php\/wp-json\/wp\/v2\/types\/page"}],"author":[{"embeddable":true,"href":"https:\/\/mt-merestechnika.net\/index.php\/wp-json\/wp\/v2\/users\/1"}],"replies":[{"embeddable":true,"href":"https:\/\/mt-merestechnika.net\/index.php\/wp-json\/wp\/v2\/comments?post=1413"}],"version-history":[{"count":5,"href":"https:\/\/mt-merestechnika.net\/index.php\/wp-json\/wp\/v2\/pages\/1413\/revisions"}],"predecessor-version":[{"id":21363,"href":"https:\/\/mt-merestechnika.net\/index.php\/wp-json\/wp\/v2\/pages\/1413\/revisions\/21363"}],"wp:attachment":[{"href":"https:\/\/mt-merestechnika.net\/index.php\/wp-json\/wp\/v2\/media?parent=1413"}],"curies":[{"name":"wp","href":"https:\/\/api.w.org\/{rel}","templated":true}]}}