{"id":1394,"date":"2023-04-07T10:28:38","date_gmt":"2023-04-07T10:28:38","guid":{"rendered":"https:\/\/mt-mjernatehnika.com\/wordpress\/wmra1-o-2\/"},"modified":"2025-09-08T12:29:24","modified_gmt":"2025-09-08T12:29:24","slug":"wmra1-o-2","status":"publish","type":"page","link":"https:\/\/mt-merestechnika.net\/index.php\/wmra1-o-2\/","title":{"rendered":"WMRA1-O"},"content":{"rendered":"\t\t<div data-elementor-type=\"wp-page\" data-elementor-id=\"1394\" class=\"elementor elementor-1394\">\n\t\t\t\t\t\t<section class=\"elementor-section elementor-top-section elementor-element elementor-element-13b5602b elementor-section-boxed elementor-section-height-default elementor-section-height-default\" data-id=\"13b5602b\" data-element_type=\"section\" data-e-type=\"section\">\n\t\t\t\t\t\t<div class=\"elementor-container elementor-column-gap-default\">\n\t\t\t\t\t<div class=\"elementor-column elementor-col-100 elementor-top-column elementor-element elementor-element-4d125eb9\" data-id=\"4d125eb9\" data-element_type=\"column\" data-e-type=\"column\">\n\t\t\t<div class=\"elementor-widget-wrap elementor-element-populated\">\n\t\t\t\t\t\t<div class=\"elementor-element elementor-element-13e4b1fa elementor-widget__width-initial elementor-widget elementor-widget-heading\" data-id=\"13e4b1fa\" data-element_type=\"widget\" data-e-type=\"widget\" data-widget_type=\"heading.default\">\n\t\t\t\t<div class=\"elementor-widget-container\">\n\t\t\t\t\t<h1 class=\"elementor-heading-title elementor-size-default\">WMRA1-N t\u00edpus\u00fa REDAC r\u00e1di\u00f3s \nmodul MODUMESS t\u00edpus\u00fa v\u00edzm\u00e9r\u0151h\u00f6z \n<\/h1>\t\t\t\t<\/div>\n\t\t\t\t<\/div>\n\t\t\t\t\t<\/div>\n\t\t<\/div>\n\t\t\t\t\t<\/div>\n\t\t<\/section>\n\t\t\t\t<section class=\"elementor-section elementor-top-section elementor-element elementor-element-4b782cf9 elementor-section-boxed elementor-section-height-default elementor-section-height-default\" data-id=\"4b782cf9\" data-element_type=\"section\" data-e-type=\"section\">\n\t\t\t\t\t\t<div class=\"elementor-container elementor-column-gap-default\">\n\t\t\t\t\t<div class=\"elementor-column elementor-col-100 elementor-top-column elementor-element elementor-element-2d225704\" data-id=\"2d225704\" data-element_type=\"column\" data-e-type=\"column\">\n\t\t\t<div class=\"elementor-widget-wrap elementor-element-populated\">\n\t\t\t\t\t\t<div class=\"elementor-element elementor-element-55cfadf0 elementor-widget elementor-widget-text-editor\" data-id=\"55cfadf0\" data-element_type=\"widget\" data-e-type=\"widget\" data-widget_type=\"text-editor.default\">\n\t\t\t\t<div class=\"elementor-widget-container\">\n\t\t\t\t\t\t\t\t\t<p><strong>WMRA1-N t\u00edpus\u00fa REDAC r\u00e1di\u00f3s modul MODUMESS t\u00edpus\u00fa v\u00edzm\u00e9r\u0151h\u00f6z a k\u00f6vetkez\u0151 <\/strong><strong>m\u0171szaki jellemz\u0151kkel:<\/strong><\/p>\t\t\t\t\t\t\t\t<\/div>\n\t\t\t\t<\/div>\n\t\t\t\t\t<\/div>\n\t\t<\/div>\n\t\t\t\t\t<\/div>\n\t\t<\/section>\n\t\t\t\t<section class=\"elementor-section elementor-top-section elementor-element elementor-element-39830183 elementor-section-boxed elementor-section-height-default elementor-section-height-default\" data-id=\"39830183\" data-element_type=\"section\" data-e-type=\"section\">\n\t\t\t\t\t\t<div class=\"elementor-container elementor-column-gap-default\">\n\t\t\t\t\t<div class=\"elementor-column elementor-col-50 elementor-top-column elementor-element elementor-element-7d4a1ec5\" data-id=\"7d4a1ec5\" data-element_type=\"column\" data-e-type=\"column\">\n\t\t\t<div class=\"elementor-widget-wrap elementor-element-populated\">\n\t\t\t\t\t\t<div class=\"elementor-element elementor-element-47e94c95 elementor-widget elementor-widget-text-editor\" data-id=\"47e94c95\" data-element_type=\"widget\" data-e-type=\"widget\" data-widget_type=\"text-editor.default\">\n\t\t\t\t<div class=\"elementor-widget-container\">\n\t\t\t\t\t\t\t\t\t<ul><li>Modumess t\u00edpus\u00fa v\u00edzm\u00e9r\u0151kre b\u00e1rmikor felszerelhet\u0151<\/li><li>REDAC t\u00e1vleolvas\u00f3 rendszerbe integr\u00e1lhat\u00f3<\/li><li>A dobos sz\u00e1ml\u00e1l\u00f3m\u0171 alatt tal\u00e1lhat\u00f3 Modumess v\u00edzm\u00e9r\u0151 jelad\u00f3t\u00e1rcs\u00e1j\u00e1nak letapogat\u00e1sa indukt\u00edv letapogat\u00e1si elv (tekercsek) seg\u00edts\u00e9g\u00e9vel<\/li><li>Elektronikus manipul\u00e1ci\u00f3\u00e9rz\u00e9kel\u0151 rendszer, amely \u00e9rz\u00e9keli a Modumess t\u00edpus\u00fa v\u00edzm\u00e9r\u0151b\u0151l a r\u00e1di\u00f3s modul jogosulatlan elt\u00e1vol\u00edt\u00e1s\u00e1t, \u00e9s ezt az inform\u00e1ci\u00f3t r\u00e1di\u00f3n kereszt\u00fcl tov\u00e1bb\u00edtja a DACOS t\u00edpus\u00fa, felszerelt adatgy\u0171jt\u0151kh\u00f6z.<\/li><li>A k\u00f6vetkez\u0151 \u00e9rt\u00e9keket t\u00e1rolja \u00e9s tov\u00e1bb\u00edtja: aktu\u00e1lis fogyaszt\u00e1si \u00e9rt\u00e9k, fordul\u00f3napi \u00e9rt\u00e9k, fordul\u00f3nap d\u00e1tuma, 13 havi \u00e9rt\u00e9k, hibak\u00f3d, hiba d\u00e1tuma<\/li><li>Mechanikai manipul\u00e1ci\u00f3 elleni v\u00e9delem plomb\u00e1val<\/li><li>IP 65-\u00f6s t\u00edpus\u00fa v\u00e9delem \u2013 Bels\u0151 antenn\u00e1val rendelkez\u0151 v\u00e1ltozat<\/li><li>IP 61-es t\u00edpus\u00fa v\u00e9delem \u2013 K\u00fcls\u0151 flexibilis antenn\u00e1val rendelkez\u0151 v\u00e1ltozat<\/li><li>Elektrom\u00e1gneses \u00f6sszef\u00e9rhet\u0151s\u00e9gi vizsg\u00e1lat az EN 300220-1 szabv\u00e1ny szerint, zavart\u0171r\u00e9si vizsg\u00e1lat az EN 300220-2 szabv\u00e1ny szerint, zajkibocs\u00e1t\u00e1si vizsg\u00e1lat az EN 301498-1 \u00e9s az EN 301498-3 szabv\u00e1ny szerint <\/li><li>CE-megfelel\u0151s\u00e9g<\/li><\/ul><div><a href=\"https:\/\/mt-merestechnika.net\/wp-content\/uploads\/2023\/12\/WMRA1-N-tipusu-REDAC.pdf\" target=\"_blank\" rel=\"noopener\">A term\u00e9k m\u0171szaki adatlapja<\/a><\/div>\t\t\t\t\t\t\t\t<\/div>\n\t\t\t\t<\/div>\n\t\t\t\t\t<\/div>\n\t\t<\/div>\n\t\t\t\t<div class=\"elementor-column elementor-col-50 elementor-top-column elementor-element elementor-element-6ae2070c\" data-id=\"6ae2070c\" data-element_type=\"column\" data-e-type=\"column\">\n\t\t\t<div class=\"elementor-widget-wrap elementor-element-populated\">\n\t\t\t\t\t\t<div class=\"elementor-element elementor-element-388583ff elementor-widget elementor-widget-image\" data-id=\"388583ff\" data-element_type=\"widget\" data-e-type=\"widget\" data-widget_type=\"image.default\">\n\t\t\t\t<div class=\"elementor-widget-container\">\n\t\t\t\t\t\t\t\t\t\t\t\t\t\t\t<img fetchpriority=\"high\" decoding=\"async\" width=\"300\" height=\"300\" src=\"https:\/\/mt-merestechnika.net\/wp-content\/uploads\/2023\/04\/WMRA1_O_300x300.jpg\" class=\"attachment-medium size-medium wp-image-1601\" alt=\"\" srcset=\"https:\/\/mt-merestechnika.net\/wp-content\/uploads\/2023\/04\/WMRA1_O_300x300.jpg 300w, https:\/\/mt-merestechnika.net\/wp-content\/uploads\/2023\/04\/WMRA1_O_300x300-150x150.jpg 150w, https:\/\/mt-merestechnika.net\/wp-content\/uploads\/2023\/04\/WMRA1_O_300x300-100x100.jpg 100w\" sizes=\"(max-width: 300px) 100vw, 300px\" \/>\t\t\t\t\t\t\t\t\t\t\t\t\t\t\t<\/div>\n\t\t\t\t<\/div>\n\t\t\t\t\t<\/div>\n\t\t<\/div>\n\t\t\t\t\t<\/div>\n\t\t<\/section>\n\t\t\t\t<\/div>\n\t\t","protected":false},"excerpt":{"rendered":"<p>WMRA1-N t\u00edpus\u00fa REDAC r\u00e1di\u00f3s modul MODUMESS t\u00edpus\u00fa v\u00edzm\u00e9r\u0151h\u00f6z WMRA1-N t\u00edpus\u00fa REDAC r\u00e1di\u00f3s modul MODUMESS t\u00edpus\u00fa v\u00edzm\u00e9r\u0151h\u00f6z a k\u00f6vetkez\u0151 m\u0171szaki jellemz\u0151kkel: Modumess t\u00edpus\u00fa v\u00edzm\u00e9r\u0151kre b\u00e1rmikor felszerelhet\u0151 REDAC t\u00e1vleolvas\u00f3 rendszerbe integr\u00e1lhat\u00f3 A dobos sz\u00e1ml\u00e1l\u00f3m\u0171 alatt tal\u00e1lhat\u00f3 Modumess v\u00edzm\u00e9r\u0151 jelad\u00f3t\u00e1rcs\u00e1j\u00e1nak letapogat\u00e1sa indukt\u00edv letapogat\u00e1si elv (tekercsek) seg\u00edts\u00e9g\u00e9vel Elektronikus manipul\u00e1ci\u00f3\u00e9rz\u00e9kel\u0151 rendszer, amely \u00e9rz\u00e9keli a Modumess t\u00edpus\u00fa v\u00edzm\u00e9r\u0151b\u0151l a r\u00e1di\u00f3s modul [&hellip;]<\/p>\n","protected":false},"author":1,"featured_media":0,"parent":0,"menu_order":0,"comment_status":"closed","ping_status":"closed","template":"","meta":{"ocean_post_layout":"","ocean_both_sidebars_style":"","ocean_both_sidebars_content_width":0,"ocean_both_sidebars_sidebars_width":0,"ocean_sidebar":"0","ocean_second_sidebar":"0","ocean_disable_margins":"enable","ocean_add_body_class":"","ocean_shortcode_before_top_bar":"","ocean_shortcode_after_top_bar":"","ocean_shortcode_before_header":"","ocean_shortcode_after_header":"","ocean_has_shortcode":"","ocean_shortcode_after_title":"","ocean_shortcode_before_footer_widgets":"","ocean_shortcode_after_footer_widgets":"","ocean_shortcode_before_footer_bottom":"","ocean_shortcode_after_footer_bottom":"","ocean_display_top_bar":"default","ocean_display_header":"default","ocean_header_style":"","ocean_center_header_left_menu":"0","ocean_custom_header_template":"0","ocean_custom_logo":0,"ocean_custom_retina_logo":0,"ocean_custom_logo_max_width":0,"ocean_custom_logo_tablet_max_width":0,"ocean_custom_logo_mobile_max_width":0,"ocean_custom_logo_max_height":0,"ocean_custom_logo_tablet_max_height":0,"ocean_custom_logo_mobile_max_height":0,"ocean_header_custom_menu":"0","ocean_menu_typo_font_family":"0","ocean_menu_typo_font_subset":"","ocean_menu_typo_font_size":0,"ocean_menu_typo_font_size_tablet":0,"ocean_menu_typo_font_size_mobile":0,"ocean_menu_typo_font_size_unit":"px","ocean_menu_typo_font_weight":"","ocean_menu_typo_font_weight_tablet":"","ocean_menu_typo_font_weight_mobile":"","ocean_menu_typo_transform":"","ocean_menu_typo_transform_tablet":"","ocean_menu_typo_transform_mobile":"","ocean_menu_typo_line_height":0,"ocean_menu_typo_line_height_tablet":0,"ocean_menu_typo_line_height_mobile":0,"ocean_menu_typo_line_height_unit":"","ocean_menu_typo_spacing":0,"ocean_menu_typo_spacing_tablet":0,"ocean_menu_typo_spacing_mobile":0,"ocean_menu_typo_spacing_unit":"","ocean_menu_link_color":"","ocean_menu_link_color_hover":"","ocean_menu_link_color_active":"","ocean_menu_link_background":"","ocean_menu_link_hover_background":"","ocean_menu_link_active_background":"","ocean_menu_social_links_bg":"","ocean_menu_social_hover_links_bg":"","ocean_menu_social_links_color":"","ocean_menu_social_hover_links_color":"","ocean_disable_title":"default","ocean_disable_heading":"default","ocean_post_title":"","ocean_post_subheading":"","ocean_post_title_style":"","ocean_post_title_background_color":"","ocean_post_title_background":0,"ocean_post_title_bg_image_position":"","ocean_post_title_bg_image_attachment":"","ocean_post_title_bg_image_repeat":"","ocean_post_title_bg_image_size":"","ocean_post_title_height":0,"ocean_post_title_bg_overlay":0.5,"ocean_post_title_bg_overlay_color":"","ocean_disable_breadcrumbs":"default","ocean_breadcrumbs_color":"","ocean_breadcrumbs_separator_color":"","ocean_breadcrumbs_links_color":"","ocean_breadcrumbs_links_hover_color":"","ocean_display_footer_widgets":"default","ocean_display_footer_bottom":"default","ocean_custom_footer_template":"0","footnotes":""},"class_list":["post-1394","page","type-page","status-publish","hentry","entry","owp-thumbs-layout-horizontal","owp-btn-normal","owp-tabs-layout-horizontal","has-no-thumbnails","has-product-nav"],"yoast_head":"<!-- This site is optimized with the Yoast SEO plugin v27.5 - https:\/\/yoast.com\/product\/yoast-seo-wordpress\/ -->\n<title>WMRA1-O - MT M\u00e9r\u00e9stechnika<\/title>\n<meta name=\"robots\" content=\"index, follow, max-snippet:-1, max-image-preview:large, max-video-preview:-1\" \/>\n<link rel=\"canonical\" href=\"https:\/\/mt-merestechnika.net\/index.php\/wmra1-o-2\/\" \/>\n<meta property=\"og:locale\" content=\"de_DE\" \/>\n<meta property=\"og:type\" content=\"article\" \/>\n<meta property=\"og:title\" content=\"WMRA1-O - MT M\u00e9r\u00e9stechnika\" \/>\n<meta property=\"og:description\" content=\"WMRA1-N t\u00edpus\u00fa REDAC r\u00e1di\u00f3s modul MODUMESS t\u00edpus\u00fa v\u00edzm\u00e9r\u0151h\u00f6z WMRA1-N t\u00edpus\u00fa REDAC r\u00e1di\u00f3s modul MODUMESS t\u00edpus\u00fa v\u00edzm\u00e9r\u0151h\u00f6z a k\u00f6vetkez\u0151 m\u0171szaki jellemz\u0151kkel: Modumess t\u00edpus\u00fa v\u00edzm\u00e9r\u0151kre b\u00e1rmikor felszerelhet\u0151 REDAC t\u00e1vleolvas\u00f3 rendszerbe integr\u00e1lhat\u00f3 A dobos sz\u00e1ml\u00e1l\u00f3m\u0171 alatt tal\u00e1lhat\u00f3 Modumess v\u00edzm\u00e9r\u0151 jelad\u00f3t\u00e1rcs\u00e1j\u00e1nak letapogat\u00e1sa indukt\u00edv letapogat\u00e1si elv (tekercsek) seg\u00edts\u00e9g\u00e9vel Elektronikus manipul\u00e1ci\u00f3\u00e9rz\u00e9kel\u0151 rendszer, amely \u00e9rz\u00e9keli a Modumess t\u00edpus\u00fa v\u00edzm\u00e9r\u0151b\u0151l a r\u00e1di\u00f3s modul [&hellip;]\" \/>\n<meta property=\"og:url\" content=\"https:\/\/mt-merestechnika.net\/index.php\/wmra1-o-2\/\" \/>\n<meta property=\"og:site_name\" content=\"MT M\u00e9r\u00e9stechnika\" \/>\n<meta property=\"article:modified_time\" content=\"2025-09-08T12:29:24+00:00\" \/>\n<meta property=\"og:image\" content=\"https:\/\/mt-merestechnika.net\/wp-content\/uploads\/2023\/04\/WMRA1_O_300x300.jpg\" \/>\n<meta name=\"twitter:card\" content=\"summary_large_image\" \/>\n<meta name=\"twitter:label1\" content=\"Gesch\u00e4tzte Lesezeit\" \/>\n\t<meta name=\"twitter:data1\" content=\"2\u00a0Minuten\" \/>\n<script type=\"application\/ld+json\" class=\"yoast-schema-graph\">{\"@context\":\"https:\\\/\\\/schema.org\",\"@graph\":[{\"@type\":\"WebPage\",\"@id\":\"https:\\\/\\\/mt-merestechnika.net\\\/index.php\\\/wmra1-o-2\\\/\",\"url\":\"https:\\\/\\\/mt-merestechnika.net\\\/index.php\\\/wmra1-o-2\\\/\",\"name\":\"WMRA1-O - MT M\u00e9r\u00e9stechnika\",\"isPartOf\":{\"@id\":\"https:\\\/\\\/mt-merestechnika.net\\\/#website\"},\"primaryImageOfPage\":{\"@id\":\"https:\\\/\\\/mt-merestechnika.net\\\/index.php\\\/wmra1-o-2\\\/#primaryimage\"},\"image\":{\"@id\":\"https:\\\/\\\/mt-merestechnika.net\\\/index.php\\\/wmra1-o-2\\\/#primaryimage\"},\"thumbnailUrl\":\"https:\\\/\\\/mt-merestechnika.net\\\/wp-content\\\/uploads\\\/2023\\\/04\\\/WMRA1_O_300x300.jpg\",\"datePublished\":\"2023-04-07T10:28:38+00:00\",\"dateModified\":\"2025-09-08T12:29:24+00:00\",\"breadcrumb\":{\"@id\":\"https:\\\/\\\/mt-merestechnika.net\\\/index.php\\\/wmra1-o-2\\\/#breadcrumb\"},\"inLanguage\":\"de\",\"potentialAction\":[{\"@type\":\"ReadAction\",\"target\":[\"https:\\\/\\\/mt-merestechnika.net\\\/index.php\\\/wmra1-o-2\\\/\"]}]},{\"@type\":\"ImageObject\",\"inLanguage\":\"de\",\"@id\":\"https:\\\/\\\/mt-merestechnika.net\\\/index.php\\\/wmra1-o-2\\\/#primaryimage\",\"url\":\"https:\\\/\\\/mt-merestechnika.net\\\/wp-content\\\/uploads\\\/2023\\\/04\\\/WMRA1_O_300x300.jpg\",\"contentUrl\":\"https:\\\/\\\/mt-merestechnika.net\\\/wp-content\\\/uploads\\\/2023\\\/04\\\/WMRA1_O_300x300.jpg\",\"width\":300,\"height\":300},{\"@type\":\"BreadcrumbList\",\"@id\":\"https:\\\/\\\/mt-merestechnika.net\\\/index.php\\\/wmra1-o-2\\\/#breadcrumb\",\"itemListElement\":[{\"@type\":\"ListItem\",\"position\":1,\"name\":\"Start\",\"item\":\"https:\\\/\\\/mt-merestechnika.net\\\/\"},{\"@type\":\"ListItem\",\"position\":2,\"name\":\"WMRA1-O\"}]},{\"@type\":\"WebSite\",\"@id\":\"https:\\\/\\\/mt-merestechnika.net\\\/#website\",\"url\":\"https:\\\/\\\/mt-merestechnika.net\\\/\",\"name\":\"MT M\u00e9r\u00e9stechnika\",\"description\":\"AZ \u00d6N ENERGIAPARTNERE\",\"publisher\":{\"@id\":\"https:\\\/\\\/mt-merestechnika.net\\\/#organization\"},\"potentialAction\":[{\"@type\":\"SearchAction\",\"target\":{\"@type\":\"EntryPoint\",\"urlTemplate\":\"https:\\\/\\\/mt-merestechnika.net\\\/?s={search_term_string}\"},\"query-input\":{\"@type\":\"PropertyValueSpecification\",\"valueRequired\":true,\"valueName\":\"search_term_string\"}}],\"inLanguage\":\"de\"},{\"@type\":\"Organization\",\"@id\":\"https:\\\/\\\/mt-merestechnika.net\\\/#organization\",\"name\":\"MT M\u00e9r\u00e9stechnika\",\"url\":\"https:\\\/\\\/mt-merestechnika.net\\\/\",\"logo\":{\"@type\":\"ImageObject\",\"inLanguage\":\"de\",\"@id\":\"https:\\\/\\\/mt-merestechnika.net\\\/#\\\/schema\\\/logo\\\/image\\\/\",\"url\":\"https:\\\/\\\/mt-merestechnika.net\\\/wp-content\\\/uploads\\\/2023\\\/11\\\/cropped-logo_hu_web_425px.png\",\"contentUrl\":\"https:\\\/\\\/mt-merestechnika.net\\\/wp-content\\\/uploads\\\/2023\\\/11\\\/cropped-logo_hu_web_425px.png\",\"width\":425,\"height\":65,\"caption\":\"MT M\u00e9r\u00e9stechnika\"},\"image\":{\"@id\":\"https:\\\/\\\/mt-merestechnika.net\\\/#\\\/schema\\\/logo\\\/image\\\/\"}}]}<\/script>\n<!-- \/ Yoast SEO plugin. -->","yoast_head_json":{"title":"WMRA1-O - MT M\u00e9r\u00e9stechnika","robots":{"index":"index","follow":"follow","max-snippet":"max-snippet:-1","max-image-preview":"max-image-preview:large","max-video-preview":"max-video-preview:-1"},"canonical":"https:\/\/mt-merestechnika.net\/index.php\/wmra1-o-2\/","og_locale":"de_DE","og_type":"article","og_title":"WMRA1-O - MT M\u00e9r\u00e9stechnika","og_description":"WMRA1-N t\u00edpus\u00fa REDAC r\u00e1di\u00f3s modul MODUMESS t\u00edpus\u00fa v\u00edzm\u00e9r\u0151h\u00f6z WMRA1-N t\u00edpus\u00fa REDAC r\u00e1di\u00f3s modul MODUMESS t\u00edpus\u00fa v\u00edzm\u00e9r\u0151h\u00f6z a k\u00f6vetkez\u0151 m\u0171szaki jellemz\u0151kkel: Modumess t\u00edpus\u00fa v\u00edzm\u00e9r\u0151kre b\u00e1rmikor felszerelhet\u0151 REDAC t\u00e1vleolvas\u00f3 rendszerbe integr\u00e1lhat\u00f3 A dobos sz\u00e1ml\u00e1l\u00f3m\u0171 alatt tal\u00e1lhat\u00f3 Modumess v\u00edzm\u00e9r\u0151 jelad\u00f3t\u00e1rcs\u00e1j\u00e1nak letapogat\u00e1sa indukt\u00edv letapogat\u00e1si elv (tekercsek) seg\u00edts\u00e9g\u00e9vel Elektronikus manipul\u00e1ci\u00f3\u00e9rz\u00e9kel\u0151 rendszer, amely \u00e9rz\u00e9keli a Modumess t\u00edpus\u00fa v\u00edzm\u00e9r\u0151b\u0151l a r\u00e1di\u00f3s modul [&hellip;]","og_url":"https:\/\/mt-merestechnika.net\/index.php\/wmra1-o-2\/","og_site_name":"MT M\u00e9r\u00e9stechnika","article_modified_time":"2025-09-08T12:29:24+00:00","og_image":[{"url":"https:\/\/mt-merestechnika.net\/wp-content\/uploads\/2023\/04\/WMRA1_O_300x300.jpg","type":"","width":"","height":""}],"twitter_card":"summary_large_image","twitter_misc":{"Gesch\u00e4tzte Lesezeit":"2\u00a0Minuten"},"schema":{"@context":"https:\/\/schema.org","@graph":[{"@type":"WebPage","@id":"https:\/\/mt-merestechnika.net\/index.php\/wmra1-o-2\/","url":"https:\/\/mt-merestechnika.net\/index.php\/wmra1-o-2\/","name":"WMRA1-O - MT M\u00e9r\u00e9stechnika","isPartOf":{"@id":"https:\/\/mt-merestechnika.net\/#website"},"primaryImageOfPage":{"@id":"https:\/\/mt-merestechnika.net\/index.php\/wmra1-o-2\/#primaryimage"},"image":{"@id":"https:\/\/mt-merestechnika.net\/index.php\/wmra1-o-2\/#primaryimage"},"thumbnailUrl":"https:\/\/mt-merestechnika.net\/wp-content\/uploads\/2023\/04\/WMRA1_O_300x300.jpg","datePublished":"2023-04-07T10:28:38+00:00","dateModified":"2025-09-08T12:29:24+00:00","breadcrumb":{"@id":"https:\/\/mt-merestechnika.net\/index.php\/wmra1-o-2\/#breadcrumb"},"inLanguage":"de","potentialAction":[{"@type":"ReadAction","target":["https:\/\/mt-merestechnika.net\/index.php\/wmra1-o-2\/"]}]},{"@type":"ImageObject","inLanguage":"de","@id":"https:\/\/mt-merestechnika.net\/index.php\/wmra1-o-2\/#primaryimage","url":"https:\/\/mt-merestechnika.net\/wp-content\/uploads\/2023\/04\/WMRA1_O_300x300.jpg","contentUrl":"https:\/\/mt-merestechnika.net\/wp-content\/uploads\/2023\/04\/WMRA1_O_300x300.jpg","width":300,"height":300},{"@type":"BreadcrumbList","@id":"https:\/\/mt-merestechnika.net\/index.php\/wmra1-o-2\/#breadcrumb","itemListElement":[{"@type":"ListItem","position":1,"name":"Start","item":"https:\/\/mt-merestechnika.net\/"},{"@type":"ListItem","position":2,"name":"WMRA1-O"}]},{"@type":"WebSite","@id":"https:\/\/mt-merestechnika.net\/#website","url":"https:\/\/mt-merestechnika.net\/","name":"MT M\u00e9r\u00e9stechnika","description":"AZ \u00d6N ENERGIAPARTNERE","publisher":{"@id":"https:\/\/mt-merestechnika.net\/#organization"},"potentialAction":[{"@type":"SearchAction","target":{"@type":"EntryPoint","urlTemplate":"https:\/\/mt-merestechnika.net\/?s={search_term_string}"},"query-input":{"@type":"PropertyValueSpecification","valueRequired":true,"valueName":"search_term_string"}}],"inLanguage":"de"},{"@type":"Organization","@id":"https:\/\/mt-merestechnika.net\/#organization","name":"MT M\u00e9r\u00e9stechnika","url":"https:\/\/mt-merestechnika.net\/","logo":{"@type":"ImageObject","inLanguage":"de","@id":"https:\/\/mt-merestechnika.net\/#\/schema\/logo\/image\/","url":"https:\/\/mt-merestechnika.net\/wp-content\/uploads\/2023\/11\/cropped-logo_hu_web_425px.png","contentUrl":"https:\/\/mt-merestechnika.net\/wp-content\/uploads\/2023\/11\/cropped-logo_hu_web_425px.png","width":425,"height":65,"caption":"MT M\u00e9r\u00e9stechnika"},"image":{"@id":"https:\/\/mt-merestechnika.net\/#\/schema\/logo\/image\/"}}]}},"jetpack_sharing_enabled":true,"_links":{"self":[{"href":"https:\/\/mt-merestechnika.net\/index.php\/wp-json\/wp\/v2\/pages\/1394","targetHints":{"allow":["GET"]}}],"collection":[{"href":"https:\/\/mt-merestechnika.net\/index.php\/wp-json\/wp\/v2\/pages"}],"about":[{"href":"https:\/\/mt-merestechnika.net\/index.php\/wp-json\/wp\/v2\/types\/page"}],"author":[{"embeddable":true,"href":"https:\/\/mt-merestechnika.net\/index.php\/wp-json\/wp\/v2\/users\/1"}],"replies":[{"embeddable":true,"href":"https:\/\/mt-merestechnika.net\/index.php\/wp-json\/wp\/v2\/comments?post=1394"}],"version-history":[{"count":5,"href":"https:\/\/mt-merestechnika.net\/index.php\/wp-json\/wp\/v2\/pages\/1394\/revisions"}],"predecessor-version":[{"id":21353,"href":"https:\/\/mt-merestechnika.net\/index.php\/wp-json\/wp\/v2\/pages\/1394\/revisions\/21353"}],"wp:attachment":[{"href":"https:\/\/mt-merestechnika.net\/index.php\/wp-json\/wp\/v2\/media?parent=1394"}],"curies":[{"name":"wp","href":"https:\/\/api.w.org\/{rel}","templated":true}]}}