{"id":1384,"date":"2023-04-07T10:28:38","date_gmt":"2023-04-07T10:28:38","guid":{"rendered":"https:\/\/mt-mjernatehnika.com\/wordpress\/wmra2-la-opt-wmb\/"},"modified":"2025-09-08T13:11:35","modified_gmt":"2025-09-08T13:11:35","slug":"wmra2-la-opt-wmb","status":"publish","type":"page","link":"https:\/\/mt-merestechnika.net\/index.php\/wmra2-la-opt-wmb\/","title":{"rendered":"WMRA2-LA-OPT-WMB"},"content":{"rendered":"\t\t<div data-elementor-type=\"wp-page\" data-elementor-id=\"1384\" class=\"elementor elementor-1384\">\n\t\t\t\t\t\t<section class=\"elementor-section elementor-top-section elementor-element elementor-element-763f84b9 elementor-section-boxed elementor-section-height-default elementor-section-height-default\" data-id=\"763f84b9\" data-element_type=\"section\" data-e-type=\"section\">\n\t\t\t\t\t\t<div class=\"elementor-container elementor-column-gap-default\">\n\t\t\t\t\t<div class=\"elementor-column elementor-col-100 elementor-top-column elementor-element elementor-element-2b06f0f0\" data-id=\"2b06f0f0\" data-element_type=\"column\" data-e-type=\"column\">\n\t\t\t<div class=\"elementor-widget-wrap elementor-element-populated\">\n\t\t\t\t\t\t<div class=\"elementor-element elementor-element-744bd33f elementor-widget elementor-widget-heading\" data-id=\"744bd33f\" data-element_type=\"widget\" data-e-type=\"widget\" data-widget_type=\"heading.default\">\n\t\t\t\t<div class=\"elementor-widget-container\">\n\t\t\t\t\t<h1 class=\"elementor-heading-title elementor-size-default\">Be\u017ei\u010dni M-Bus radio modul tip WMRA2-LA-OPT-WMB za vodomjer tipa SMART<\/h1>\t\t\t\t<\/div>\n\t\t\t\t<\/div>\n\t\t\t\t\t<\/div>\n\t\t<\/div>\n\t\t\t\t\t<\/div>\n\t\t<\/section>\n\t\t\t\t<section class=\"elementor-section elementor-top-section elementor-element elementor-element-35d19914 elementor-section-boxed elementor-section-height-default elementor-section-height-default\" data-id=\"35d19914\" data-element_type=\"section\" data-e-type=\"section\">\n\t\t\t\t\t\t<div class=\"elementor-container elementor-column-gap-default\">\n\t\t\t\t\t<div class=\"elementor-column elementor-col-100 elementor-top-column elementor-element elementor-element-4eab56aa\" data-id=\"4eab56aa\" data-element_type=\"column\" data-e-type=\"column\">\n\t\t\t<div class=\"elementor-widget-wrap elementor-element-populated\">\n\t\t\t\t\t\t<div class=\"elementor-element elementor-element-3e265111 elementor-widget elementor-widget-text-editor\" data-id=\"3e265111\" data-element_type=\"widget\" data-e-type=\"widget\" data-widget_type=\"text-editor.default\">\n\t\t\t\t<div class=\"elementor-widget-container\">\n\t\t\t\t\t\t\t\t\t<p><strong>Be\u017ei\u010dni M-Bus radio modul tipa WMRA2-LA-OPT-WMB, opremljen baterijom ve\u0107eg kapaciteta za vodomjere tipa SMART sa sljede\u0107im specifikacijama:<\/strong><\/p>\t\t\t\t\t\t\t\t<\/div>\n\t\t\t\t<\/div>\n\t\t\t\t\t<\/div>\n\t\t<\/div>\n\t\t\t\t\t<\/div>\n\t\t<\/section>\n\t\t\t\t<section class=\"elementor-section elementor-top-section elementor-element elementor-element-293cc327 elementor-section-boxed elementor-section-height-default elementor-section-height-default\" data-id=\"293cc327\" data-element_type=\"section\" data-e-type=\"section\">\n\t\t\t\t\t\t<div class=\"elementor-container elementor-column-gap-default\">\n\t\t\t\t\t<div class=\"elementor-column elementor-col-50 elementor-top-column elementor-element elementor-element-3ffe18bb\" data-id=\"3ffe18bb\" data-element_type=\"column\" data-e-type=\"column\">\n\t\t\t<div class=\"elementor-widget-wrap elementor-element-populated\">\n\t\t\t\t\t\t<div class=\"elementor-element elementor-element-2fdc1888 elementor-widget elementor-widget-text-editor\" data-id=\"2fdc1888\" data-element_type=\"widget\" data-e-type=\"widget\" data-widget_type=\"text-editor.default\">\n\t\t\t\t<div class=\"elementor-widget-container\">\n\t\t\t\t\t\t\t\t\t<ul><li>mo\u017ee se priklju\u010diti na vodomjere tipa SMART u bilo kojem trenutku<\/li><li>opremljen baterijom ve\u0107eg kapaciteta koja omogu\u0107uje dulji vijek trajanja<\/li><li>mo\u017ee se integrirati u be\u017ei\u010dni M-Bus radijski standardizirani sustav daljinskog o\u010ditavanja<\/li><li>tri opti\u010dka senzora s visokom precizno\u0161\u0107u o\u010ditavaju plo\u010du predajnika koja se nalazi ispod broja\u010da s kota\u010di\u0107ima vodomjera tipa SMART i elektroni\u010dki bilje\u017ee svaki protok kroz brojilo<\/li><li>sustav za elektroni\u010dku detekciju rukovanja koji detektira neovla\u0161teno uklanjanje radio modula s vodomjera tipa SMART i prenosi te informacije putem radio telegrama<\/li><li>stacionarnom be\u017ei\u010dnom M-Bus prijamnom sustavu ili mobilnom <\/li><li>be\u017ei\u010dnom M-Bus Walk-By sustavu<\/li><li>pohranjivanje i proslje\u0111ivanje sljede\u0107ih vrijednosti: vrijednost trenutne potro\u0161nje, vrijednost referentnog datuma, referentni datum, 13 mjese\u010dnih vrijednosti, \u0161ifra pogre\u0161ke, datum pogre\u0161ke<\/li><li>mehani\u010dka za\u0161tita od neovla\u0161tenog rukovanja pomo\u0107u plombe<\/li><li>razred za\u0161tite IP 65 \u2013 verzija s unutarnjom antenom<\/li><li>razred za\u0161tite IP 61 \u2013 verzija s vanjskom fleksibilnom antenom<\/li><li>ispitano na elektromagnetsku kompatibilnost prema EN 300220-1, ispitano na otpornost na elektri\u010dne smetnje prema EN 300220-2, ispitano na elektromagnetsko zra\u010denje prema EN 301498-1 i EN 301498-3<\/li><li>CE sukladnost<\/li><\/ul><div><a href=\"https:\/\/mt-merestechnika.net\/index.php\/wordpress\/wp-content\/uploads\/2023\/04\/Bezicni-M-Bus-radio-modul-tip-WMRA2-LA-OPT-WMB.pdf\" target=\"_blank\" rel=\"noopener\">Tehni\u010dki list proizvoda<\/a><\/div>\t\t\t\t\t\t\t\t<\/div>\n\t\t\t\t<\/div>\n\t\t\t\t\t<\/div>\n\t\t<\/div>\n\t\t\t\t<div class=\"elementor-column elementor-col-50 elementor-top-column elementor-element elementor-element-26f54833\" data-id=\"26f54833\" data-element_type=\"column\" data-e-type=\"column\">\n\t\t\t<div class=\"elementor-widget-wrap elementor-element-populated\">\n\t\t\t\t\t\t<div class=\"elementor-element elementor-element-7fa8269a elementor-widget elementor-widget-image\" data-id=\"7fa8269a\" data-element_type=\"widget\" data-e-type=\"widget\" data-widget_type=\"image.default\">\n\t\t\t\t<div class=\"elementor-widget-container\">\n\t\t\t\t\t\t\t\t\t\t\t\t\t\t\t<img fetchpriority=\"high\" decoding=\"async\" width=\"300\" height=\"300\" src=\"https:\/\/mt-merestechnika.net\/wp-content\/uploads\/2023\/04\/Bild-WMRA2-LA-OPT-WMB-OK_18-11-21_300x300.jpg\" class=\"attachment-medium size-medium wp-image-1603\" alt=\"\" srcset=\"https:\/\/mt-merestechnika.net\/wp-content\/uploads\/2023\/04\/Bild-WMRA2-LA-OPT-WMB-OK_18-11-21_300x300.jpg 300w, https:\/\/mt-merestechnika.net\/wp-content\/uploads\/2023\/04\/Bild-WMRA2-LA-OPT-WMB-OK_18-11-21_300x300-150x150.jpg 150w, https:\/\/mt-merestechnika.net\/wp-content\/uploads\/2023\/04\/Bild-WMRA2-LA-OPT-WMB-OK_18-11-21_300x300-100x100.jpg 100w\" sizes=\"(max-width: 300px) 100vw, 300px\" \/>\t\t\t\t\t\t\t\t\t\t\t\t\t\t\t<\/div>\n\t\t\t\t<\/div>\n\t\t\t\t\t<\/div>\n\t\t<\/div>\n\t\t\t\t\t<\/div>\n\t\t<\/section>\n\t\t\t\t<\/div>\n\t\t","protected":false},"excerpt":{"rendered":"<p>Be\u017ei\u010dni M-Bus radio modul tip WMRA2-LA-OPT-WMB za vodomjer tipa SMART Be\u017ei\u010dni M-Bus radio modul tipa WMRA2-LA-OPT-WMB, opremljen baterijom ve\u0107eg kapaciteta za vodomjere tipa SMART sa sljede\u0107im specifikacijama: mo\u017ee se priklju\u010diti na vodomjere tipa SMART u bilo kojem trenutku opremljen baterijom ve\u0107eg kapaciteta koja omogu\u0107uje dulji vijek trajanja mo\u017ee se integrirati u be\u017ei\u010dni M-Bus radijski standardizirani [&hellip;]<\/p>\n","protected":false},"author":1,"featured_media":0,"parent":0,"menu_order":0,"comment_status":"closed","ping_status":"closed","template":"","meta":{"ocean_post_layout":"","ocean_both_sidebars_style":"","ocean_both_sidebars_content_width":0,"ocean_both_sidebars_sidebars_width":0,"ocean_sidebar":"0","ocean_second_sidebar":"0","ocean_disable_margins":"enable","ocean_add_body_class":"","ocean_shortcode_before_top_bar":"","ocean_shortcode_after_top_bar":"","ocean_shortcode_before_header":"","ocean_shortcode_after_header":"","ocean_has_shortcode":"","ocean_shortcode_after_title":"","ocean_shortcode_before_footer_widgets":"","ocean_shortcode_after_footer_widgets":"","ocean_shortcode_before_footer_bottom":"","ocean_shortcode_after_footer_bottom":"","ocean_display_top_bar":"default","ocean_display_header":"default","ocean_header_style":"","ocean_center_header_left_menu":"0","ocean_custom_header_template":"0","ocean_custom_logo":0,"ocean_custom_retina_logo":0,"ocean_custom_logo_max_width":0,"ocean_custom_logo_tablet_max_width":0,"ocean_custom_logo_mobile_max_width":0,"ocean_custom_logo_max_height":0,"ocean_custom_logo_tablet_max_height":0,"ocean_custom_logo_mobile_max_height":0,"ocean_header_custom_menu":"0","ocean_menu_typo_font_family":"0","ocean_menu_typo_font_subset":"","ocean_menu_typo_font_size":0,"ocean_menu_typo_font_size_tablet":0,"ocean_menu_typo_font_size_mobile":0,"ocean_menu_typo_font_size_unit":"px","ocean_menu_typo_font_weight":"","ocean_menu_typo_font_weight_tablet":"","ocean_menu_typo_font_weight_mobile":"","ocean_menu_typo_transform":"","ocean_menu_typo_transform_tablet":"","ocean_menu_typo_transform_mobile":"","ocean_menu_typo_line_height":0,"ocean_menu_typo_line_height_tablet":0,"ocean_menu_typo_line_height_mobile":0,"ocean_menu_typo_line_height_unit":"","ocean_menu_typo_spacing":0,"ocean_menu_typo_spacing_tablet":0,"ocean_menu_typo_spacing_mobile":0,"ocean_menu_typo_spacing_unit":"","ocean_menu_link_color":"","ocean_menu_link_color_hover":"","ocean_menu_link_color_active":"","ocean_menu_link_background":"","ocean_menu_link_hover_background":"","ocean_menu_link_active_background":"","ocean_menu_social_links_bg":"","ocean_menu_social_hover_links_bg":"","ocean_menu_social_links_color":"","ocean_menu_social_hover_links_color":"","ocean_disable_title":"default","ocean_disable_heading":"default","ocean_post_title":"","ocean_post_subheading":"","ocean_post_title_style":"","ocean_post_title_background_color":"","ocean_post_title_background":0,"ocean_post_title_bg_image_position":"","ocean_post_title_bg_image_attachment":"","ocean_post_title_bg_image_repeat":"","ocean_post_title_bg_image_size":"","ocean_post_title_height":0,"ocean_post_title_bg_overlay":0.5,"ocean_post_title_bg_overlay_color":"","ocean_disable_breadcrumbs":"default","ocean_breadcrumbs_color":"","ocean_breadcrumbs_separator_color":"","ocean_breadcrumbs_links_color":"","ocean_breadcrumbs_links_hover_color":"","ocean_display_footer_widgets":"default","ocean_display_footer_bottom":"default","ocean_custom_footer_template":"0","footnotes":""},"class_list":["post-1384","page","type-page","status-publish","hentry","entry","owp-thumbs-layout-horizontal","owp-btn-normal","owp-tabs-layout-horizontal","has-no-thumbnails","has-product-nav"],"yoast_head":"<!-- This site is optimized with the Yoast SEO plugin v27.5 - https:\/\/yoast.com\/product\/yoast-seo-wordpress\/ -->\n<title>WMRA2-LA-OPT-WMB - MT M\u00e9r\u00e9stechnika<\/title>\n<meta name=\"robots\" content=\"index, follow, max-snippet:-1, max-image-preview:large, max-video-preview:-1\" \/>\n<link rel=\"canonical\" href=\"https:\/\/mt-merestechnika.net\/index.php\/wmra2-la-opt-wmb\/\" \/>\n<meta property=\"og:locale\" content=\"de_DE\" \/>\n<meta property=\"og:type\" content=\"article\" \/>\n<meta property=\"og:title\" content=\"WMRA2-LA-OPT-WMB - MT M\u00e9r\u00e9stechnika\" \/>\n<meta property=\"og:description\" content=\"Be\u017ei\u010dni M-Bus radio modul tip WMRA2-LA-OPT-WMB za vodomjer tipa SMART Be\u017ei\u010dni M-Bus radio modul tipa WMRA2-LA-OPT-WMB, opremljen baterijom ve\u0107eg kapaciteta za vodomjere tipa SMART sa sljede\u0107im specifikacijama: mo\u017ee se priklju\u010diti na vodomjere tipa SMART u bilo kojem trenutku opremljen baterijom ve\u0107eg kapaciteta koja omogu\u0107uje dulji vijek trajanja mo\u017ee se integrirati u be\u017ei\u010dni M-Bus radijski standardizirani [&hellip;]\" \/>\n<meta property=\"og:url\" content=\"https:\/\/mt-merestechnika.net\/index.php\/wmra2-la-opt-wmb\/\" \/>\n<meta property=\"og:site_name\" content=\"MT M\u00e9r\u00e9stechnika\" \/>\n<meta property=\"article:modified_time\" content=\"2025-09-08T13:11:35+00:00\" \/>\n<meta property=\"og:image\" content=\"https:\/\/mt-merestechnika.net\/index.php\/wordpress\/wp-content\/uploads\/2023\/04\/Bild-WMRA2-LA-OPT-WMB-OK_18-11-21_300x300.jpg\" \/>\n<meta name=\"twitter:card\" content=\"summary_large_image\" \/>\n<meta name=\"twitter:label1\" content=\"Gesch\u00e4tzte Lesezeit\" \/>\n\t<meta name=\"twitter:data1\" content=\"2\u00a0Minuten\" \/>\n<script type=\"application\/ld+json\" class=\"yoast-schema-graph\">{\"@context\":\"https:\\\/\\\/schema.org\",\"@graph\":[{\"@type\":\"WebPage\",\"@id\":\"https:\\\/\\\/mt-merestechnika.net\\\/index.php\\\/wmra2-la-opt-wmb\\\/\",\"url\":\"https:\\\/\\\/mt-merestechnika.net\\\/index.php\\\/wmra2-la-opt-wmb\\\/\",\"name\":\"WMRA2-LA-OPT-WMB - MT M\u00e9r\u00e9stechnika\",\"isPartOf\":{\"@id\":\"https:\\\/\\\/mt-merestechnika.net\\\/#website\"},\"primaryImageOfPage\":{\"@id\":\"https:\\\/\\\/mt-merestechnika.net\\\/index.php\\\/wmra2-la-opt-wmb\\\/#primaryimage\"},\"image\":{\"@id\":\"https:\\\/\\\/mt-merestechnika.net\\\/index.php\\\/wmra2-la-opt-wmb\\\/#primaryimage\"},\"thumbnailUrl\":\"https:\\\/\\\/mt-merestechnika.net\\\/index.php\\\/wordpress\\\/wp-content\\\/uploads\\\/2023\\\/04\\\/Bild-WMRA2-LA-OPT-WMB-OK_18-11-21_300x300.jpg\",\"datePublished\":\"2023-04-07T10:28:38+00:00\",\"dateModified\":\"2025-09-08T13:11:35+00:00\",\"breadcrumb\":{\"@id\":\"https:\\\/\\\/mt-merestechnika.net\\\/index.php\\\/wmra2-la-opt-wmb\\\/#breadcrumb\"},\"inLanguage\":\"de\",\"potentialAction\":[{\"@type\":\"ReadAction\",\"target\":[\"https:\\\/\\\/mt-merestechnika.net\\\/index.php\\\/wmra2-la-opt-wmb\\\/\"]}]},{\"@type\":\"ImageObject\",\"inLanguage\":\"de\",\"@id\":\"https:\\\/\\\/mt-merestechnika.net\\\/index.php\\\/wmra2-la-opt-wmb\\\/#primaryimage\",\"url\":\"https:\\\/\\\/mt-merestechnika.net\\\/index.php\\\/wordpress\\\/wp-content\\\/uploads\\\/2023\\\/04\\\/Bild-WMRA2-LA-OPT-WMB-OK_18-11-21_300x300.jpg\",\"contentUrl\":\"https:\\\/\\\/mt-merestechnika.net\\\/index.php\\\/wordpress\\\/wp-content\\\/uploads\\\/2023\\\/04\\\/Bild-WMRA2-LA-OPT-WMB-OK_18-11-21_300x300.jpg\"},{\"@type\":\"BreadcrumbList\",\"@id\":\"https:\\\/\\\/mt-merestechnika.net\\\/index.php\\\/wmra2-la-opt-wmb\\\/#breadcrumb\",\"itemListElement\":[{\"@type\":\"ListItem\",\"position\":1,\"name\":\"Start\",\"item\":\"https:\\\/\\\/mt-merestechnika.net\\\/\"},{\"@type\":\"ListItem\",\"position\":2,\"name\":\"WMRA2-LA-OPT-WMB\"}]},{\"@type\":\"WebSite\",\"@id\":\"https:\\\/\\\/mt-merestechnika.net\\\/#website\",\"url\":\"https:\\\/\\\/mt-merestechnika.net\\\/\",\"name\":\"MT M\u00e9r\u00e9stechnika\",\"description\":\"AZ \u00d6N ENERGIAPARTNERE\",\"publisher\":{\"@id\":\"https:\\\/\\\/mt-merestechnika.net\\\/#organization\"},\"potentialAction\":[{\"@type\":\"SearchAction\",\"target\":{\"@type\":\"EntryPoint\",\"urlTemplate\":\"https:\\\/\\\/mt-merestechnika.net\\\/?s={search_term_string}\"},\"query-input\":{\"@type\":\"PropertyValueSpecification\",\"valueRequired\":true,\"valueName\":\"search_term_string\"}}],\"inLanguage\":\"de\"},{\"@type\":\"Organization\",\"@id\":\"https:\\\/\\\/mt-merestechnika.net\\\/#organization\",\"name\":\"MT M\u00e9r\u00e9stechnika\",\"url\":\"https:\\\/\\\/mt-merestechnika.net\\\/\",\"logo\":{\"@type\":\"ImageObject\",\"inLanguage\":\"de\",\"@id\":\"https:\\\/\\\/mt-merestechnika.net\\\/#\\\/schema\\\/logo\\\/image\\\/\",\"url\":\"https:\\\/\\\/mt-merestechnika.net\\\/wp-content\\\/uploads\\\/2023\\\/11\\\/cropped-logo_hu_web_425px.png\",\"contentUrl\":\"https:\\\/\\\/mt-merestechnika.net\\\/wp-content\\\/uploads\\\/2023\\\/11\\\/cropped-logo_hu_web_425px.png\",\"width\":425,\"height\":65,\"caption\":\"MT M\u00e9r\u00e9stechnika\"},\"image\":{\"@id\":\"https:\\\/\\\/mt-merestechnika.net\\\/#\\\/schema\\\/logo\\\/image\\\/\"}}]}<\/script>\n<!-- \/ Yoast SEO plugin. -->","yoast_head_json":{"title":"WMRA2-LA-OPT-WMB - MT M\u00e9r\u00e9stechnika","robots":{"index":"index","follow":"follow","max-snippet":"max-snippet:-1","max-image-preview":"max-image-preview:large","max-video-preview":"max-video-preview:-1"},"canonical":"https:\/\/mt-merestechnika.net\/index.php\/wmra2-la-opt-wmb\/","og_locale":"de_DE","og_type":"article","og_title":"WMRA2-LA-OPT-WMB - MT M\u00e9r\u00e9stechnika","og_description":"Be\u017ei\u010dni M-Bus radio modul tip WMRA2-LA-OPT-WMB za vodomjer tipa SMART Be\u017ei\u010dni M-Bus radio modul tipa WMRA2-LA-OPT-WMB, opremljen baterijom ve\u0107eg kapaciteta za vodomjere tipa SMART sa sljede\u0107im specifikacijama: mo\u017ee se priklju\u010diti na vodomjere tipa SMART u bilo kojem trenutku opremljen baterijom ve\u0107eg kapaciteta koja omogu\u0107uje dulji vijek trajanja mo\u017ee se integrirati u be\u017ei\u010dni M-Bus radijski standardizirani [&hellip;]","og_url":"https:\/\/mt-merestechnika.net\/index.php\/wmra2-la-opt-wmb\/","og_site_name":"MT M\u00e9r\u00e9stechnika","article_modified_time":"2025-09-08T13:11:35+00:00","og_image":[{"url":"https:\/\/mt-merestechnika.net\/index.php\/wordpress\/wp-content\/uploads\/2023\/04\/Bild-WMRA2-LA-OPT-WMB-OK_18-11-21_300x300.jpg","type":"","width":"","height":""}],"twitter_card":"summary_large_image","twitter_misc":{"Gesch\u00e4tzte Lesezeit":"2\u00a0Minuten"},"schema":{"@context":"https:\/\/schema.org","@graph":[{"@type":"WebPage","@id":"https:\/\/mt-merestechnika.net\/index.php\/wmra2-la-opt-wmb\/","url":"https:\/\/mt-merestechnika.net\/index.php\/wmra2-la-opt-wmb\/","name":"WMRA2-LA-OPT-WMB - MT M\u00e9r\u00e9stechnika","isPartOf":{"@id":"https:\/\/mt-merestechnika.net\/#website"},"primaryImageOfPage":{"@id":"https:\/\/mt-merestechnika.net\/index.php\/wmra2-la-opt-wmb\/#primaryimage"},"image":{"@id":"https:\/\/mt-merestechnika.net\/index.php\/wmra2-la-opt-wmb\/#primaryimage"},"thumbnailUrl":"https:\/\/mt-merestechnika.net\/index.php\/wordpress\/wp-content\/uploads\/2023\/04\/Bild-WMRA2-LA-OPT-WMB-OK_18-11-21_300x300.jpg","datePublished":"2023-04-07T10:28:38+00:00","dateModified":"2025-09-08T13:11:35+00:00","breadcrumb":{"@id":"https:\/\/mt-merestechnika.net\/index.php\/wmra2-la-opt-wmb\/#breadcrumb"},"inLanguage":"de","potentialAction":[{"@type":"ReadAction","target":["https:\/\/mt-merestechnika.net\/index.php\/wmra2-la-opt-wmb\/"]}]},{"@type":"ImageObject","inLanguage":"de","@id":"https:\/\/mt-merestechnika.net\/index.php\/wmra2-la-opt-wmb\/#primaryimage","url":"https:\/\/mt-merestechnika.net\/index.php\/wordpress\/wp-content\/uploads\/2023\/04\/Bild-WMRA2-LA-OPT-WMB-OK_18-11-21_300x300.jpg","contentUrl":"https:\/\/mt-merestechnika.net\/index.php\/wordpress\/wp-content\/uploads\/2023\/04\/Bild-WMRA2-LA-OPT-WMB-OK_18-11-21_300x300.jpg"},{"@type":"BreadcrumbList","@id":"https:\/\/mt-merestechnika.net\/index.php\/wmra2-la-opt-wmb\/#breadcrumb","itemListElement":[{"@type":"ListItem","position":1,"name":"Start","item":"https:\/\/mt-merestechnika.net\/"},{"@type":"ListItem","position":2,"name":"WMRA2-LA-OPT-WMB"}]},{"@type":"WebSite","@id":"https:\/\/mt-merestechnika.net\/#website","url":"https:\/\/mt-merestechnika.net\/","name":"MT M\u00e9r\u00e9stechnika","description":"AZ \u00d6N ENERGIAPARTNERE","publisher":{"@id":"https:\/\/mt-merestechnika.net\/#organization"},"potentialAction":[{"@type":"SearchAction","target":{"@type":"EntryPoint","urlTemplate":"https:\/\/mt-merestechnika.net\/?s={search_term_string}"},"query-input":{"@type":"PropertyValueSpecification","valueRequired":true,"valueName":"search_term_string"}}],"inLanguage":"de"},{"@type":"Organization","@id":"https:\/\/mt-merestechnika.net\/#organization","name":"MT M\u00e9r\u00e9stechnika","url":"https:\/\/mt-merestechnika.net\/","logo":{"@type":"ImageObject","inLanguage":"de","@id":"https:\/\/mt-merestechnika.net\/#\/schema\/logo\/image\/","url":"https:\/\/mt-merestechnika.net\/wp-content\/uploads\/2023\/11\/cropped-logo_hu_web_425px.png","contentUrl":"https:\/\/mt-merestechnika.net\/wp-content\/uploads\/2023\/11\/cropped-logo_hu_web_425px.png","width":425,"height":65,"caption":"MT M\u00e9r\u00e9stechnika"},"image":{"@id":"https:\/\/mt-merestechnika.net\/#\/schema\/logo\/image\/"}}]}},"jetpack_sharing_enabled":true,"_links":{"self":[{"href":"https:\/\/mt-merestechnika.net\/index.php\/wp-json\/wp\/v2\/pages\/1384","targetHints":{"allow":["GET"]}}],"collection":[{"href":"https:\/\/mt-merestechnika.net\/index.php\/wp-json\/wp\/v2\/pages"}],"about":[{"href":"https:\/\/mt-merestechnika.net\/index.php\/wp-json\/wp\/v2\/types\/page"}],"author":[{"embeddable":true,"href":"https:\/\/mt-merestechnika.net\/index.php\/wp-json\/wp\/v2\/users\/1"}],"replies":[{"embeddable":true,"href":"https:\/\/mt-merestechnika.net\/index.php\/wp-json\/wp\/v2\/comments?post=1384"}],"version-history":[{"count":3,"href":"https:\/\/mt-merestechnika.net\/index.php\/wp-json\/wp\/v2\/pages\/1384\/revisions"}],"predecessor-version":[{"id":22288,"href":"https:\/\/mt-merestechnika.net\/index.php\/wp-json\/wp\/v2\/pages\/1384\/revisions\/22288"}],"wp:attachment":[{"href":"https:\/\/mt-merestechnika.net\/index.php\/wp-json\/wp\/v2\/media?parent=1384"}],"curies":[{"name":"wp","href":"https:\/\/api.w.org\/{rel}","templated":true}]}}