{"id":1371,"date":"2023-04-07T10:28:37","date_gmt":"2023-04-07T10:28:37","guid":{"rendered":"https:\/\/mt-mjernatehnika.com\/wordpress\/apt-wmbus-na-1-3\/"},"modified":"2025-09-08T12:29:24","modified_gmt":"2025-09-08T12:29:24","slug":"apt-wmbus-na-1-3","status":"publish","type":"page","link":"https:\/\/mt-merestechnika.net\/index.php\/apt-wmbus-na-1-3\/","title":{"rendered":"APT-WMBUS-NA-1"},"content":{"rendered":"\t\t<div data-elementor-type=\"wp-page\" data-elementor-id=\"1371\" class=\"elementor elementor-1371\">\n\t\t\t\t\t\t<section class=\"elementor-section elementor-top-section elementor-element elementor-element-2466f83b elementor-section-boxed elementor-section-height-default elementor-section-height-default\" data-id=\"2466f83b\" data-element_type=\"section\" data-e-type=\"section\">\n\t\t\t\t\t\t<div class=\"elementor-container elementor-column-gap-default\">\n\t\t\t\t\t<div class=\"elementor-column elementor-col-100 elementor-top-column elementor-element elementor-element-c9327c3\" data-id=\"c9327c3\" data-element_type=\"column\" data-e-type=\"column\">\n\t\t\t<div class=\"elementor-widget-wrap elementor-element-populated\">\n\t\t\t\t\t\t<div class=\"elementor-element elementor-element-4a75c94b elementor-widget elementor-widget-heading\" data-id=\"4a75c94b\" data-element_type=\"widget\" data-e-type=\"widget\" data-widget_type=\"heading.default\">\n\t\t\t\t<div class=\"elementor-widget-container\">\n\t\t\t\t\t<h1 class=\"elementor-heading-title elementor-size-default\">IP 68 v\u00e9detts\u00e9g\u0171 APT-WMBUS-NA-1 t\u00edpus\u00fa, \nvezet\u00e9k n\u00e9lk\u00fcli M-Bus modul<\/h1>\t\t\t\t<\/div>\n\t\t\t\t<\/div>\n\t\t\t\t\t<\/div>\n\t\t<\/div>\n\t\t\t\t\t<\/div>\n\t\t<\/section>\n\t\t\t\t<section class=\"elementor-section elementor-top-section elementor-element elementor-element-6840c4d8 elementor-section-boxed elementor-section-height-default elementor-section-height-default\" data-id=\"6840c4d8\" data-element_type=\"section\" data-e-type=\"section\">\n\t\t\t\t\t\t<div class=\"elementor-container elementor-column-gap-default\">\n\t\t\t\t\t<div class=\"elementor-column elementor-col-100 elementor-top-column elementor-element elementor-element-7e4766ec\" data-id=\"7e4766ec\" data-element_type=\"column\" data-e-type=\"column\">\n\t\t\t<div class=\"elementor-widget-wrap elementor-element-populated\">\n\t\t\t\t\t\t<div class=\"elementor-element elementor-element-73058b89 elementor-widget elementor-widget-text-editor\" data-id=\"73058b89\" data-element_type=\"widget\" data-e-type=\"widget\" data-widget_type=\"text-editor.default\">\n\t\t\t\t<div class=\"elementor-widget-container\">\n\t\t\t\t\t\t\t\t\t<p><strong>APT-WMBUS-NA-1 t\u00edpus\u00fa vezet\u00e9k n\u00e9lk\u00fcli M-Bus modul a JS-Smart, JS-Master, JS-Impero, MWN-Nubis, MP \u00e9s MK-01 t\u00edpus\u00fa v\u00edzm\u00e9r\u0151k indukt\u00edv jelad\u00f3t\u00e1rc\u00e1j\u00e1val ell\u00e1tott, IP 68 v\u00e9detts\u00e9g\u0171 sz\u00e1ml\u00e1l\u00f3kkal (k\u00f6zvetlen felszerel\u00e9s), valamint a JS-Smart, JS-Master, JS-Impero, MWN-Nubis, MP \u00e9s MK-01 t\u00edpus\u00fa v\u00edzm\u00e9r\u0151k indukt\u00edv \u00e9rz\u00e9kel\u0151t\u00e1rcs\u00e1val ell\u00e1tott, IP 65 v\u00e9detts\u00e9g\u0171 sz\u00e1ml\u00e1l\u00f3kkal (felszerel\u00e9s a szerel\u0151 adaptergy\u0171r\u0171 seg\u00edts\u00e9g\u00e9vel) val\u00f3 egy\u00fcttes haszn\u00e1latra a k\u00f6vetkez\u0151 m\u0171szaki jellemz\u0151kkel:<\/strong><\/p>\t\t\t\t\t\t\t\t<\/div>\n\t\t\t\t<\/div>\n\t\t\t\t\t<\/div>\n\t\t<\/div>\n\t\t\t\t\t<\/div>\n\t\t<\/section>\n\t\t\t\t<section class=\"elementor-section elementor-top-section elementor-element elementor-element-85d5faf elementor-section-boxed elementor-section-height-default elementor-section-height-default\" data-id=\"85d5faf\" data-element_type=\"section\" data-e-type=\"section\">\n\t\t\t\t\t\t<div class=\"elementor-container elementor-column-gap-default\">\n\t\t\t\t\t<div class=\"elementor-column elementor-col-50 elementor-top-column elementor-element elementor-element-6193d1f4\" data-id=\"6193d1f4\" data-element_type=\"column\" data-e-type=\"column\">\n\t\t\t<div class=\"elementor-widget-wrap elementor-element-populated\">\n\t\t\t\t\t\t<div class=\"elementor-element elementor-element-51eba76e elementor-widget elementor-widget-text-editor\" data-id=\"51eba76e\" data-element_type=\"widget\" data-e-type=\"widget\" data-widget_type=\"text-editor.default\">\n\t\t\t\t<div class=\"elementor-widget-container\">\n\t\t\t\t\t\t\t\t\t<ul><li>Az APT-WMBUS-NA-1 t\u00edpus\u00fa modul gyors \u00e9s egyszer\u0171 konfigur\u00e1l\u00e1sa az NFC interf\u00e9szen kereszt\u00fcl, a kereskedelmi forgalomban kaphat\u00f3 <br \/>okostelefonnal, alkalmaz\u00e1son kereszt\u00fcl<\/li><li>A jelad\u00f3t\u00e1rcsa p\u00e1szt\u00e1z\u00e1sa indukt\u00edv m\u00f3don t\u00f6rt\u00e9nik<\/li><li>A modul IP 68 v\u00e9detts\u00e9g\u0171, ez\u00e9rt v\u00edz\u00e1ll\u00f3 \u00e9s el\u00e1raszthat\u00f3.<\/li><li>Az indukt\u00edv p\u00e1szt\u00e1z\u00e1si elv lehet\u0151v\u00e9 teszi, hogy az APT-WMBUS-NA-1 modul m\u00e9g olyan zord \u00e9s probl\u00e9m\u00e1s k\u00f6r\u00fclm\u00e9nyek k\u00f6z\u00f6tt is haszn\u00e1lhat\u00f3 legyen, mint p\u00e9ld\u00e1ul v\u00edzm\u00e9r\u0151 szerel\u0151 akn\u00e1ja, \u00e1rv\u00edzvesz\u00e9lyes vagy szennyezett k\u00f6rnyezet.<\/li><li>A modul a m\u00e9r\u00e9si adatok r\u00e1di\u00f3s tov\u00e1bb\u00edt\u00e1s\u00e1ra szolg\u00e1l a mobil walk-by vagy drive-by r\u00e1di\u00f3s leolvas\u00f3 rendszerekhez vezet\u00e9k n\u00e9lk\u00fcli M-Bus seg\u00edts\u00e9g\u00e9vel.<\/li><li>Az APT-WMBUS-NA-1 vezet\u00e9k n\u00e9lk\u00fcli M-Bus modul egy univerz\u00e1lis vezet\u00e9k n\u00e9lk\u00fcli M-Bus r\u00e1di\u00f3s modul, amely b\u00e1rmikor ut\u00f3lagosan felszerelhet\u0151 a JS-Smart, JS-Master, JS-Impero, MWN Nubis, MP \u00e9s MK-01 t\u00edpus\u00fa v\u00edzm\u00e9r\u0151k indukt\u00edv jelad\u00f3t\u00e1rcs\u00e1val ell\u00e1tott, IP68-as sz\u00e1ml\u00e1l\u00f3kra (k\u00f6zvetlen szerel\u00e9s), valamint a JS-Smart, JS-Master, JS-Impero, MWN-Nubis, MP \u00e9s MK-01 t\u00edpus\u00fa v\u00edzm\u00e9r\u0151k indukt\u00edv p\u00e1szt\u00e1z\u00f3 t\u00e1rcs\u00e1val ell\u00e1tott IP 65-\u00f6s sz\u00e1ml\u00e1l\u00f3kra (szerel\u00e9s a szerel\u0151 adaptergy\u0171r\u0171 seg\u00edts\u00e9g\u00e9vel).<\/li><li>A modul r\u00e1di\u00f3teljes\u00edtm\u00e9nye 20 mW \u2013 a r\u00e1di\u00f3 hat\u00f3t\u00e1vols\u00e1ga ny\u00edlt terepen ak\u00e1r 800 m\u00e9ter is lehet.<\/li><li>A modul aktiv\u00e1l\u00e1sa ut\u00e1n a k\u00e9sz\u00fcl\u00e9k a T1 vezet\u00e9k n\u00e9lk\u00fcli M-Bus \u00fczemm\u00f3dban 10 m\u00e1sodpercenk\u00e9nt (5 \u00f3r\u00e1t\u00f3l 21 \u00f3r\u00e1ig) \u00e9s 60 m\u00e1sodpercenk\u00e9nt (5 \u00f3r\u00e1t\u00f3l 21 \u00f3r\u00e1ig) r\u00e1di\u00f3s adatcsomagokat k\u00fcld.<\/li><li>Minden harmadik egyir\u00e1ny\u00fa T1-t\u00e1virat ut\u00e1n a m\u00e9r\u0151vel k\u00e9tir\u00e1ny\u00fa kapcsolat alak\u00edthat\u00f3 ki, \u00e9s sz\u00fcks\u00e9g eset\u00e9n az aktu\u00e1lis m\u00e9r\u0151\u00e1ll\u00e1s mellett k\u00e9tir\u00e1ny\u00fa r\u00e1di\u00f3s elv seg\u00edts\u00e9g\u00e9vel a kor\u00e1bbi m\u00e9r\u0151\u00e1ll\u00e1s, a diagnosztikai adatok, az esem\u00e9nyek r\u00e9szletei \u00e9s a konfigur\u00e1ci\u00f3 kiolvashat\u00f3.<\/li><li>A k\u00e9sz\u00fcl\u00e9k (konfigur\u00e1ci\u00f3t\u00f3l f\u00fcgg\u0151en) legfeljebb 12 kor\u00e1bbi v\u00edzm\u00e9r\u0151 kijelz\u00e9si \u00e9rt\u00e9ket k\u00e9pes elt\u00e1rolni.<\/li><li>Az aktu\u00e1lis m\u00e9r\u0151\u00e1ll\u00e1s, a kor\u00e1bbi m\u00e9r\u0151\u00e1ll\u00e1sok, a diagnosztikai adatok, az esem\u00e9nyek r\u00e9szletei \u00e9s a konfigur\u00e1ci\u00f3 a helysz\u00ednen is leolvashat\u00f3 egy arra alkalmas okostelefonnal (Inkassoid app)<\/li><\/ul><div><a href=\"https:\/\/mt-merestechnika.net\/wp-content\/uploads\/2023\/12\/IP-68-vedettsegu-APT-WMBUS-NA-1-t.pdf\" target=\"_blank\" rel=\"noopener\">A term\u00e9k m\u0171szaki adatlapja<\/a><\/div>\t\t\t\t\t\t\t\t<\/div>\n\t\t\t\t<\/div>\n\t\t\t\t\t<\/div>\n\t\t<\/div>\n\t\t\t\t<div class=\"elementor-column elementor-col-50 elementor-top-column elementor-element elementor-element-7c8f5c52\" data-id=\"7c8f5c52\" data-element_type=\"column\" data-e-type=\"column\">\n\t\t\t<div class=\"elementor-widget-wrap elementor-element-populated\">\n\t\t\t\t\t\t<div class=\"elementor-element elementor-element-2a4e7bc4 elementor-widget elementor-widget-image\" data-id=\"2a4e7bc4\" data-element_type=\"widget\" data-e-type=\"widget\" data-widget_type=\"image.default\">\n\t\t\t\t<div class=\"elementor-widget-container\">\n\t\t\t\t\t\t\t\t\t\t\t\t\t\t\t<img fetchpriority=\"high\" decoding=\"async\" width=\"300\" height=\"300\" src=\"https:\/\/mt-merestechnika.net\/wp-content\/uploads\/2023\/04\/apt-wmbus-na-1.jpg\" class=\"attachment-medium size-medium wp-image-1372\" alt=\"\" srcset=\"https:\/\/mt-merestechnika.net\/wp-content\/uploads\/2023\/04\/apt-wmbus-na-1.jpg 300w, https:\/\/mt-merestechnika.net\/wp-content\/uploads\/2023\/04\/apt-wmbus-na-1-150x150.jpg 150w, https:\/\/mt-merestechnika.net\/wp-content\/uploads\/2023\/04\/apt-wmbus-na-1-100x100.jpg 100w\" sizes=\"(max-width: 300px) 100vw, 300px\" \/>\t\t\t\t\t\t\t\t\t\t\t\t\t\t\t<\/div>\n\t\t\t\t<\/div>\n\t\t\t\t\t<\/div>\n\t\t<\/div>\n\t\t\t\t\t<\/div>\n\t\t<\/section>\n\t\t\t\t<\/div>\n\t\t","protected":false},"excerpt":{"rendered":"<p>IP 68 v\u00e9detts\u00e9g\u0171 APT-WMBUS-NA-1 t\u00edpus\u00fa, vezet\u00e9k n\u00e9lk\u00fcli M-Bus modul APT-WMBUS-NA-1 t\u00edpus\u00fa vezet\u00e9k n\u00e9lk\u00fcli M-Bus modul a JS-Smart, JS-Master, JS-Impero, MWN-Nubis, MP \u00e9s MK-01 t\u00edpus\u00fa v\u00edzm\u00e9r\u0151k indukt\u00edv jelad\u00f3t\u00e1rc\u00e1j\u00e1val ell\u00e1tott, IP 68 v\u00e9detts\u00e9g\u0171 sz\u00e1ml\u00e1l\u00f3kkal (k\u00f6zvetlen felszerel\u00e9s), valamint a JS-Smart, JS-Master, JS-Impero, MWN-Nubis, MP \u00e9s MK-01 t\u00edpus\u00fa v\u00edzm\u00e9r\u0151k indukt\u00edv \u00e9rz\u00e9kel\u0151t\u00e1rcs\u00e1val ell\u00e1tott, IP 65 v\u00e9detts\u00e9g\u0171 sz\u00e1ml\u00e1l\u00f3kkal (felszerel\u00e9s a szerel\u0151 [&hellip;]<\/p>\n","protected":false},"author":1,"featured_media":0,"parent":0,"menu_order":0,"comment_status":"closed","ping_status":"closed","template":"","meta":{"ocean_post_layout":"","ocean_both_sidebars_style":"","ocean_both_sidebars_content_width":0,"ocean_both_sidebars_sidebars_width":0,"ocean_sidebar":"0","ocean_second_sidebar":"0","ocean_disable_margins":"enable","ocean_add_body_class":"","ocean_shortcode_before_top_bar":"","ocean_shortcode_after_top_bar":"","ocean_shortcode_before_header":"","ocean_shortcode_after_header":"","ocean_has_shortcode":"","ocean_shortcode_after_title":"","ocean_shortcode_before_footer_widgets":"","ocean_shortcode_after_footer_widgets":"","ocean_shortcode_before_footer_bottom":"","ocean_shortcode_after_footer_bottom":"","ocean_display_top_bar":"default","ocean_display_header":"default","ocean_header_style":"","ocean_center_header_left_menu":"0","ocean_custom_header_template":"0","ocean_custom_logo":0,"ocean_custom_retina_logo":0,"ocean_custom_logo_max_width":0,"ocean_custom_logo_tablet_max_width":0,"ocean_custom_logo_mobile_max_width":0,"ocean_custom_logo_max_height":0,"ocean_custom_logo_tablet_max_height":0,"ocean_custom_logo_mobile_max_height":0,"ocean_header_custom_menu":"0","ocean_menu_typo_font_family":"0","ocean_menu_typo_font_subset":"","ocean_menu_typo_font_size":0,"ocean_menu_typo_font_size_tablet":0,"ocean_menu_typo_font_size_mobile":0,"ocean_menu_typo_font_size_unit":"px","ocean_menu_typo_font_weight":"","ocean_menu_typo_font_weight_tablet":"","ocean_menu_typo_font_weight_mobile":"","ocean_menu_typo_transform":"","ocean_menu_typo_transform_tablet":"","ocean_menu_typo_transform_mobile":"","ocean_menu_typo_line_height":0,"ocean_menu_typo_line_height_tablet":0,"ocean_menu_typo_line_height_mobile":0,"ocean_menu_typo_line_height_unit":"","ocean_menu_typo_spacing":0,"ocean_menu_typo_spacing_tablet":0,"ocean_menu_typo_spacing_mobile":0,"ocean_menu_typo_spacing_unit":"","ocean_menu_link_color":"","ocean_menu_link_color_hover":"","ocean_menu_link_color_active":"","ocean_menu_link_background":"","ocean_menu_link_hover_background":"","ocean_menu_link_active_background":"","ocean_menu_social_links_bg":"","ocean_menu_social_hover_links_bg":"","ocean_menu_social_links_color":"","ocean_menu_social_hover_links_color":"","ocean_disable_title":"default","ocean_disable_heading":"default","ocean_post_title":"","ocean_post_subheading":"","ocean_post_title_style":"","ocean_post_title_background_color":"","ocean_post_title_background":0,"ocean_post_title_bg_image_position":"","ocean_post_title_bg_image_attachment":"","ocean_post_title_bg_image_repeat":"","ocean_post_title_bg_image_size":"","ocean_post_title_height":0,"ocean_post_title_bg_overlay":0.5,"ocean_post_title_bg_overlay_color":"","ocean_disable_breadcrumbs":"default","ocean_breadcrumbs_color":"","ocean_breadcrumbs_separator_color":"","ocean_breadcrumbs_links_color":"","ocean_breadcrumbs_links_hover_color":"","ocean_display_footer_widgets":"default","ocean_display_footer_bottom":"default","ocean_custom_footer_template":"0","footnotes":""},"class_list":["post-1371","page","type-page","status-publish","hentry","entry","owp-thumbs-layout-horizontal","owp-btn-normal","owp-tabs-layout-horizontal","has-no-thumbnails","has-product-nav"],"yoast_head":"<!-- This site is optimized with the Yoast SEO plugin v27.5 - https:\/\/yoast.com\/product\/yoast-seo-wordpress\/ -->\n<title>APT-WMBUS-NA-1 - MT M\u00e9r\u00e9stechnika<\/title>\n<meta name=\"robots\" content=\"index, follow, max-snippet:-1, max-image-preview:large, max-video-preview:-1\" \/>\n<link rel=\"canonical\" href=\"https:\/\/mt-merestechnika.net\/index.php\/apt-wmbus-na-1-3\/\" \/>\n<meta property=\"og:locale\" content=\"de_DE\" \/>\n<meta property=\"og:type\" content=\"article\" \/>\n<meta property=\"og:title\" content=\"APT-WMBUS-NA-1 - MT M\u00e9r\u00e9stechnika\" \/>\n<meta property=\"og:description\" content=\"IP 68 v\u00e9detts\u00e9g\u0171 APT-WMBUS-NA-1 t\u00edpus\u00fa, vezet\u00e9k n\u00e9lk\u00fcli M-Bus modul APT-WMBUS-NA-1 t\u00edpus\u00fa vezet\u00e9k n\u00e9lk\u00fcli M-Bus modul a JS-Smart, JS-Master, JS-Impero, MWN-Nubis, MP \u00e9s MK-01 t\u00edpus\u00fa v\u00edzm\u00e9r\u0151k indukt\u00edv jelad\u00f3t\u00e1rc\u00e1j\u00e1val ell\u00e1tott, IP 68 v\u00e9detts\u00e9g\u0171 sz\u00e1ml\u00e1l\u00f3kkal (k\u00f6zvetlen felszerel\u00e9s), valamint a JS-Smart, JS-Master, JS-Impero, MWN-Nubis, MP \u00e9s MK-01 t\u00edpus\u00fa v\u00edzm\u00e9r\u0151k indukt\u00edv \u00e9rz\u00e9kel\u0151t\u00e1rcs\u00e1val ell\u00e1tott, IP 65 v\u00e9detts\u00e9g\u0171 sz\u00e1ml\u00e1l\u00f3kkal (felszerel\u00e9s a szerel\u0151 [&hellip;]\" \/>\n<meta property=\"og:url\" content=\"https:\/\/mt-merestechnika.net\/index.php\/apt-wmbus-na-1-3\/\" \/>\n<meta property=\"og:site_name\" content=\"MT M\u00e9r\u00e9stechnika\" \/>\n<meta property=\"article:modified_time\" content=\"2025-09-08T12:29:24+00:00\" \/>\n<meta property=\"og:image\" content=\"https:\/\/mt-merestechnika.net\/wp-content\/uploads\/2023\/04\/apt-wmbus-na-1.jpg\" \/>\n<meta name=\"twitter:card\" content=\"summary_large_image\" \/>\n<meta name=\"twitter:label1\" content=\"Gesch\u00e4tzte Lesezeit\" \/>\n\t<meta name=\"twitter:data1\" content=\"3\u00a0Minuten\" \/>\n<script type=\"application\/ld+json\" class=\"yoast-schema-graph\">{\"@context\":\"https:\\\/\\\/schema.org\",\"@graph\":[{\"@type\":\"WebPage\",\"@id\":\"https:\\\/\\\/mt-merestechnika.net\\\/index.php\\\/apt-wmbus-na-1-3\\\/\",\"url\":\"https:\\\/\\\/mt-merestechnika.net\\\/index.php\\\/apt-wmbus-na-1-3\\\/\",\"name\":\"APT-WMBUS-NA-1 - MT M\u00e9r\u00e9stechnika\",\"isPartOf\":{\"@id\":\"https:\\\/\\\/mt-merestechnika.net\\\/#website\"},\"primaryImageOfPage\":{\"@id\":\"https:\\\/\\\/mt-merestechnika.net\\\/index.php\\\/apt-wmbus-na-1-3\\\/#primaryimage\"},\"image\":{\"@id\":\"https:\\\/\\\/mt-merestechnika.net\\\/index.php\\\/apt-wmbus-na-1-3\\\/#primaryimage\"},\"thumbnailUrl\":\"https:\\\/\\\/mt-merestechnika.net\\\/wp-content\\\/uploads\\\/2023\\\/04\\\/apt-wmbus-na-1.jpg\",\"datePublished\":\"2023-04-07T10:28:37+00:00\",\"dateModified\":\"2025-09-08T12:29:24+00:00\",\"breadcrumb\":{\"@id\":\"https:\\\/\\\/mt-merestechnika.net\\\/index.php\\\/apt-wmbus-na-1-3\\\/#breadcrumb\"},\"inLanguage\":\"de\",\"potentialAction\":[{\"@type\":\"ReadAction\",\"target\":[\"https:\\\/\\\/mt-merestechnika.net\\\/index.php\\\/apt-wmbus-na-1-3\\\/\"]}]},{\"@type\":\"ImageObject\",\"inLanguage\":\"de\",\"@id\":\"https:\\\/\\\/mt-merestechnika.net\\\/index.php\\\/apt-wmbus-na-1-3\\\/#primaryimage\",\"url\":\"https:\\\/\\\/mt-merestechnika.net\\\/wp-content\\\/uploads\\\/2023\\\/04\\\/apt-wmbus-na-1.jpg\",\"contentUrl\":\"https:\\\/\\\/mt-merestechnika.net\\\/wp-content\\\/uploads\\\/2023\\\/04\\\/apt-wmbus-na-1.jpg\",\"width\":300,\"height\":300},{\"@type\":\"BreadcrumbList\",\"@id\":\"https:\\\/\\\/mt-merestechnika.net\\\/index.php\\\/apt-wmbus-na-1-3\\\/#breadcrumb\",\"itemListElement\":[{\"@type\":\"ListItem\",\"position\":1,\"name\":\"Start\",\"item\":\"https:\\\/\\\/mt-merestechnika.net\\\/\"},{\"@type\":\"ListItem\",\"position\":2,\"name\":\"APT-WMBUS-NA-1\"}]},{\"@type\":\"WebSite\",\"@id\":\"https:\\\/\\\/mt-merestechnika.net\\\/#website\",\"url\":\"https:\\\/\\\/mt-merestechnika.net\\\/\",\"name\":\"MT M\u00e9r\u00e9stechnika\",\"description\":\"AZ \u00d6N ENERGIAPARTNERE\",\"publisher\":{\"@id\":\"https:\\\/\\\/mt-merestechnika.net\\\/#organization\"},\"potentialAction\":[{\"@type\":\"SearchAction\",\"target\":{\"@type\":\"EntryPoint\",\"urlTemplate\":\"https:\\\/\\\/mt-merestechnika.net\\\/?s={search_term_string}\"},\"query-input\":{\"@type\":\"PropertyValueSpecification\",\"valueRequired\":true,\"valueName\":\"search_term_string\"}}],\"inLanguage\":\"de\"},{\"@type\":\"Organization\",\"@id\":\"https:\\\/\\\/mt-merestechnika.net\\\/#organization\",\"name\":\"MT M\u00e9r\u00e9stechnika\",\"url\":\"https:\\\/\\\/mt-merestechnika.net\\\/\",\"logo\":{\"@type\":\"ImageObject\",\"inLanguage\":\"de\",\"@id\":\"https:\\\/\\\/mt-merestechnika.net\\\/#\\\/schema\\\/logo\\\/image\\\/\",\"url\":\"https:\\\/\\\/mt-merestechnika.net\\\/wp-content\\\/uploads\\\/2023\\\/11\\\/cropped-logo_hu_web_425px.png\",\"contentUrl\":\"https:\\\/\\\/mt-merestechnika.net\\\/wp-content\\\/uploads\\\/2023\\\/11\\\/cropped-logo_hu_web_425px.png\",\"width\":425,\"height\":65,\"caption\":\"MT M\u00e9r\u00e9stechnika\"},\"image\":{\"@id\":\"https:\\\/\\\/mt-merestechnika.net\\\/#\\\/schema\\\/logo\\\/image\\\/\"}}]}<\/script>\n<!-- \/ Yoast SEO plugin. -->","yoast_head_json":{"title":"APT-WMBUS-NA-1 - MT M\u00e9r\u00e9stechnika","robots":{"index":"index","follow":"follow","max-snippet":"max-snippet:-1","max-image-preview":"max-image-preview:large","max-video-preview":"max-video-preview:-1"},"canonical":"https:\/\/mt-merestechnika.net\/index.php\/apt-wmbus-na-1-3\/","og_locale":"de_DE","og_type":"article","og_title":"APT-WMBUS-NA-1 - MT M\u00e9r\u00e9stechnika","og_description":"IP 68 v\u00e9detts\u00e9g\u0171 APT-WMBUS-NA-1 t\u00edpus\u00fa, vezet\u00e9k n\u00e9lk\u00fcli M-Bus modul APT-WMBUS-NA-1 t\u00edpus\u00fa vezet\u00e9k n\u00e9lk\u00fcli M-Bus modul a JS-Smart, JS-Master, JS-Impero, MWN-Nubis, MP \u00e9s MK-01 t\u00edpus\u00fa v\u00edzm\u00e9r\u0151k indukt\u00edv jelad\u00f3t\u00e1rc\u00e1j\u00e1val ell\u00e1tott, IP 68 v\u00e9detts\u00e9g\u0171 sz\u00e1ml\u00e1l\u00f3kkal (k\u00f6zvetlen felszerel\u00e9s), valamint a JS-Smart, JS-Master, JS-Impero, MWN-Nubis, MP \u00e9s MK-01 t\u00edpus\u00fa v\u00edzm\u00e9r\u0151k indukt\u00edv \u00e9rz\u00e9kel\u0151t\u00e1rcs\u00e1val ell\u00e1tott, IP 65 v\u00e9detts\u00e9g\u0171 sz\u00e1ml\u00e1l\u00f3kkal (felszerel\u00e9s a szerel\u0151 [&hellip;]","og_url":"https:\/\/mt-merestechnika.net\/index.php\/apt-wmbus-na-1-3\/","og_site_name":"MT M\u00e9r\u00e9stechnika","article_modified_time":"2025-09-08T12:29:24+00:00","og_image":[{"url":"https:\/\/mt-merestechnika.net\/wp-content\/uploads\/2023\/04\/apt-wmbus-na-1.jpg","type":"","width":"","height":""}],"twitter_card":"summary_large_image","twitter_misc":{"Gesch\u00e4tzte Lesezeit":"3\u00a0Minuten"},"schema":{"@context":"https:\/\/schema.org","@graph":[{"@type":"WebPage","@id":"https:\/\/mt-merestechnika.net\/index.php\/apt-wmbus-na-1-3\/","url":"https:\/\/mt-merestechnika.net\/index.php\/apt-wmbus-na-1-3\/","name":"APT-WMBUS-NA-1 - MT M\u00e9r\u00e9stechnika","isPartOf":{"@id":"https:\/\/mt-merestechnika.net\/#website"},"primaryImageOfPage":{"@id":"https:\/\/mt-merestechnika.net\/index.php\/apt-wmbus-na-1-3\/#primaryimage"},"image":{"@id":"https:\/\/mt-merestechnika.net\/index.php\/apt-wmbus-na-1-3\/#primaryimage"},"thumbnailUrl":"https:\/\/mt-merestechnika.net\/wp-content\/uploads\/2023\/04\/apt-wmbus-na-1.jpg","datePublished":"2023-04-07T10:28:37+00:00","dateModified":"2025-09-08T12:29:24+00:00","breadcrumb":{"@id":"https:\/\/mt-merestechnika.net\/index.php\/apt-wmbus-na-1-3\/#breadcrumb"},"inLanguage":"de","potentialAction":[{"@type":"ReadAction","target":["https:\/\/mt-merestechnika.net\/index.php\/apt-wmbus-na-1-3\/"]}]},{"@type":"ImageObject","inLanguage":"de","@id":"https:\/\/mt-merestechnika.net\/index.php\/apt-wmbus-na-1-3\/#primaryimage","url":"https:\/\/mt-merestechnika.net\/wp-content\/uploads\/2023\/04\/apt-wmbus-na-1.jpg","contentUrl":"https:\/\/mt-merestechnika.net\/wp-content\/uploads\/2023\/04\/apt-wmbus-na-1.jpg","width":300,"height":300},{"@type":"BreadcrumbList","@id":"https:\/\/mt-merestechnika.net\/index.php\/apt-wmbus-na-1-3\/#breadcrumb","itemListElement":[{"@type":"ListItem","position":1,"name":"Start","item":"https:\/\/mt-merestechnika.net\/"},{"@type":"ListItem","position":2,"name":"APT-WMBUS-NA-1"}]},{"@type":"WebSite","@id":"https:\/\/mt-merestechnika.net\/#website","url":"https:\/\/mt-merestechnika.net\/","name":"MT M\u00e9r\u00e9stechnika","description":"AZ \u00d6N ENERGIAPARTNERE","publisher":{"@id":"https:\/\/mt-merestechnika.net\/#organization"},"potentialAction":[{"@type":"SearchAction","target":{"@type":"EntryPoint","urlTemplate":"https:\/\/mt-merestechnika.net\/?s={search_term_string}"},"query-input":{"@type":"PropertyValueSpecification","valueRequired":true,"valueName":"search_term_string"}}],"inLanguage":"de"},{"@type":"Organization","@id":"https:\/\/mt-merestechnika.net\/#organization","name":"MT M\u00e9r\u00e9stechnika","url":"https:\/\/mt-merestechnika.net\/","logo":{"@type":"ImageObject","inLanguage":"de","@id":"https:\/\/mt-merestechnika.net\/#\/schema\/logo\/image\/","url":"https:\/\/mt-merestechnika.net\/wp-content\/uploads\/2023\/11\/cropped-logo_hu_web_425px.png","contentUrl":"https:\/\/mt-merestechnika.net\/wp-content\/uploads\/2023\/11\/cropped-logo_hu_web_425px.png","width":425,"height":65,"caption":"MT M\u00e9r\u00e9stechnika"},"image":{"@id":"https:\/\/mt-merestechnika.net\/#\/schema\/logo\/image\/"}}]}},"jetpack_sharing_enabled":true,"_links":{"self":[{"href":"https:\/\/mt-merestechnika.net\/index.php\/wp-json\/wp\/v2\/pages\/1371","targetHints":{"allow":["GET"]}}],"collection":[{"href":"https:\/\/mt-merestechnika.net\/index.php\/wp-json\/wp\/v2\/pages"}],"about":[{"href":"https:\/\/mt-merestechnika.net\/index.php\/wp-json\/wp\/v2\/types\/page"}],"author":[{"embeddable":true,"href":"https:\/\/mt-merestechnika.net\/index.php\/wp-json\/wp\/v2\/users\/1"}],"replies":[{"embeddable":true,"href":"https:\/\/mt-merestechnika.net\/index.php\/wp-json\/wp\/v2\/comments?post=1371"}],"version-history":[{"count":5,"href":"https:\/\/mt-merestechnika.net\/index.php\/wp-json\/wp\/v2\/pages\/1371\/revisions"}],"predecessor-version":[{"id":21347,"href":"https:\/\/mt-merestechnika.net\/index.php\/wp-json\/wp\/v2\/pages\/1371\/revisions\/21347"}],"wp:attachment":[{"href":"https:\/\/mt-merestechnika.net\/index.php\/wp-json\/wp\/v2\/media?parent=1371"}],"curies":[{"name":"wp","href":"https:\/\/api.w.org\/{rel}","templated":true}]}}