{"id":135,"date":"2023-04-07T10:27:34","date_gmt":"2023-04-07T10:27:34","guid":{"rendered":"https:\/\/mt-mjernatehnika.com\/wordpress\/heat-55-ist-ams-tec-r\/"},"modified":"2023-04-07T10:27:34","modified_gmt":"2023-04-07T10:27:34","slug":"heat-55-ist-ams-tec-r","status":"publish","type":"page","link":"https:\/\/mt-merestechnika.net\/index.php\/heat-55-ist-ams-tec-r\/","title":{"rendered":"Heat-55-IST-AMS-TEC-R"},"content":{"rendered":"\t\t<div data-elementor-type=\"wp-page\" data-elementor-id=\"135\" class=\"elementor elementor-135\">\n\t\t\t\t\t\t<section class=\"elementor-section elementor-top-section elementor-element elementor-element-61c538e0 elementor-section-boxed elementor-section-height-default elementor-section-height-default\" data-id=\"61c538e0\" data-element_type=\"section\" data-e-type=\"section\">\n\t\t\t\t\t\t<div class=\"elementor-container elementor-column-gap-default\">\n\t\t\t\t\t<div class=\"elementor-column elementor-col-100 elementor-top-column elementor-element elementor-element-7518c9ab\" data-id=\"7518c9ab\" data-element_type=\"column\" data-e-type=\"column\">\n\t\t\t<div class=\"elementor-widget-wrap elementor-element-populated\">\n\t\t\t\t\t\t<div class=\"elementor-element elementor-element-5a7984f6 elementor-widget elementor-widget-heading\" data-id=\"5a7984f6\" data-element_type=\"widget\" data-e-type=\"widget\" data-widget_type=\"heading.default\">\n\t\t\t\t<div class=\"elementor-widget-container\">\n\t\t\t\t\t<h1 class=\"elementor-heading-title elementor-size-default\">Tehnika mjerenja serije mjera\u010da toplinske energije za stanove HEAT-55- IST-AMS-TEC-R, Broja\u010d kapsula s tvorni\u010dki integriranim radio modulom<\/h1>\t\t\t\t<\/div>\n\t\t\t\t<\/div>\n\t\t\t\t\t<\/div>\n\t\t<\/div>\n\t\t\t\t\t<\/div>\n\t\t<\/section>\n\t\t\t\t<section class=\"elementor-section elementor-top-section elementor-element elementor-element-4d5fe42a elementor-section-boxed elementor-section-height-default elementor-section-height-default\" data-id=\"4d5fe42a\" data-element_type=\"section\" data-e-type=\"section\">\n\t\t\t\t\t\t<div class=\"elementor-container elementor-column-gap-default\">\n\t\t\t\t\t<div class=\"elementor-column elementor-col-100 elementor-top-column elementor-element elementor-element-550993c\" data-id=\"550993c\" data-element_type=\"column\" data-e-type=\"column\">\n\t\t\t<div class=\"elementor-widget-wrap elementor-element-populated\">\n\t\t\t\t\t\t<div class=\"elementor-element elementor-element-1d71c659 elementor-widget elementor-widget-text-editor\" data-id=\"1d71c659\" data-element_type=\"widget\" data-e-type=\"widget\" data-widget_type=\"text-editor.default\">\n\t\t\t\t<div class=\"elementor-widget-container\">\n\t\t\t\t\t\t\t\t\t<p><b>Serija ku\u0107nih kalorimetara Messtechnik HEAT-55-IST-AMS-TEC-R, s tvorni\u010dki integriranim radio modulom sa sljede\u0107im svojstvima:<\/b><\/p>\t\t\t\t\t\t\t\t<\/div>\n\t\t\t\t<\/div>\n\t\t\t\t\t<\/div>\n\t\t<\/div>\n\t\t\t\t\t<\/div>\n\t\t<\/section>\n\t\t\t\t<section class=\"elementor-section elementor-top-section elementor-element elementor-element-7b4b8479 elementor-section-boxed elementor-section-height-default elementor-section-height-default\" data-id=\"7b4b8479\" data-element_type=\"section\" data-e-type=\"section\">\n\t\t\t\t\t\t<div class=\"elementor-container elementor-column-gap-default\">\n\t\t\t\t\t<div class=\"elementor-column elementor-col-100 elementor-top-column elementor-element elementor-element-2fc0c552\" data-id=\"2fc0c552\" data-element_type=\"column\" data-e-type=\"column\">\n\t\t\t<div class=\"elementor-widget-wrap elementor-element-populated\">\n\t\t\t\t\t\t<div class=\"elementor-element elementor-element-699b072c elementor-widget elementor-widget-text-editor\" data-id=\"699b072c\" data-element_type=\"widget\" data-e-type=\"widget\" data-widget_type=\"text-editor.default\">\n\t\t\t\t<div class=\"elementor-widget-container\">\n\t\t\t\t\t\t\t\t\t<p><\/p>\n<p><img fetchpriority=\"high\" decoding=\"async\" class=\"size-medium wp-image-14939 alignright\" src=\"https:\/\/900610.jweiland-hosting.de\/wordpress\/wp-content\/uploads\/2022\/05\/heat-55R-ist-300x300.jpg\" alt=\"\" width=\"300\" height=\"300\" \/><\/p>\n<ul>\n<li class=\"p1\">dinami\u010dki mjerni princip pomo\u0107u hidrauli\u010dkog impelera s o\u010ditavanjem bez magneta na temelju induktivnog principa za otporno i dugoro\u010dno stabilno mjerenje<\/li>\n<li class=\"p1\">IrDA su\u010delje za o\u010ditavanje i parametriranje kalorimetra<\/li>\n<li class=\"p1\">neovisan o mre\u017ei, decentralizirana uporaba, litijska baterija od 6 ili 10 godina<\/li>\n<li class=\"p1\">bilje\u017eenje izmjerene vrijednosti putem dva platinasta otporna termometra tipa PT1000<\/li>\n<li class=\"p1\">prikladno za kru\u017eenje tehnolo\u0161ke vode te mje\u0161avine vode i glikola<\/li>\n<li class=\"p1\">uklonjivi elektroni\u010dki sklop<\/li>\n<li class=\"p1\">parametri specifi\u010dni za ure\u0111aj (npr. referentni datum) mogu se programirati na licu mjesta pomo\u0107u upravlja\u010dkih gumba ili IrDA su\u010delja<\/li>\n<li class=\"p1\">mjesto ugradnje i energetska jedinica tako\u0111er se mogu promijeniti nakon pu\u0161tanja u pogon<\/li>\n<li class=\"p1\">visoka razlu\u010divost zahvaljuju\u0107i 7-znamenkastom LCD zaslonu koji prikazuje trenutnu vrijednost, staru vrijednost, broj provjere i mnoge servisne i radne parametre<\/li>\n<li class=\"p1\">kontrolnim tipkama mo\u017ee se pozvati zaslon \u201eBrzo o\u010ditavanje\u201c s najva\u017enijim vrijednostima potro\u0161nje<\/li>\n<li class=\"p1\">dodatni prikaz 15 mjese\u010dnih vrijednosti s datumom<\/li>\n<li class=\"p1\">pohranjivanje maksimalne polazne i povratne temperature te maksimalnog protoka s datumom<\/li>\n<li class=\"p1\">standardni kratki i stati\u010dki ciklus mjerenja temperature svakih 6 sekundi<\/li>\n<li class=\"p1\">opcijski dostupan s AES enkripcijom u na\u010dinima rada 5 i 7 za siguran prijenos podataka<\/li>\n<li class=\"p1\">optimizacija sustava pomo\u0107u AMR-Extended telegrama (radio)<\/li>\n<li class=\"p1\">AMR telegram (C na\u010din rada) koji se \u0161alje svakih 7,5 minuta u skladu je sa OMs standardom (be\u017ei\u010dni M-Bus)<\/li>\n<\/ul>\n<p class=\"p1\"><a href=\"\/wordpress\/wp-content\/uploads\/2023\/04\/IST-AMS-TEC-R.pdf\">Tehnicki list proizvoda<\/a><\/p>\n<p><\/p>\t\t\t\t\t\t\t\t<\/div>\n\t\t\t\t<\/div>\n\t\t\t\t\t<\/div>\n\t\t<\/div>\n\t\t\t\t\t<\/div>\n\t\t<\/section>\n\t\t\t\t<\/div>\n\t\t","protected":false},"excerpt":{"rendered":"<p>Tehnika mjerenja serije mjera\u010da toplinske energije za stanove HEAT-55- IST-AMS-TEC-R, Broja\u010d kapsula s tvorni\u010dki integriranim radio modulom Serija ku\u0107nih kalorimetara Messtechnik HEAT-55-IST-AMS-TEC-R, s tvorni\u010dki integriranim radio modulom sa sljede\u0107im svojstvima: dinami\u010dki mjerni princip pomo\u0107u hidrauli\u010dkog impelera s o\u010ditavanjem bez magneta na temelju induktivnog principa za otporno i dugoro\u010dno stabilno mjerenje IrDA su\u010delje za o\u010ditavanje i [&hellip;]<\/p>\n","protected":false},"author":1,"featured_media":0,"parent":0,"menu_order":0,"comment_status":"closed","ping_status":"closed","template":"","meta":{"ocean_post_layout":"","ocean_both_sidebars_style":"","ocean_both_sidebars_content_width":0,"ocean_both_sidebars_sidebars_width":0,"ocean_sidebar":"0","ocean_second_sidebar":"0","ocean_disable_margins":"enable","ocean_add_body_class":"","ocean_shortcode_before_top_bar":"","ocean_shortcode_after_top_bar":"","ocean_shortcode_before_header":"","ocean_shortcode_after_header":"","ocean_has_shortcode":"","ocean_shortcode_after_title":"","ocean_shortcode_before_footer_widgets":"","ocean_shortcode_after_footer_widgets":"","ocean_shortcode_before_footer_bottom":"","ocean_shortcode_after_footer_bottom":"","ocean_display_top_bar":"default","ocean_display_header":"default","ocean_header_style":"","ocean_center_header_left_menu":"0","ocean_custom_header_template":"0","ocean_custom_logo":0,"ocean_custom_retina_logo":0,"ocean_custom_logo_max_width":0,"ocean_custom_logo_tablet_max_width":0,"ocean_custom_logo_mobile_max_width":0,"ocean_custom_logo_max_height":0,"ocean_custom_logo_tablet_max_height":0,"ocean_custom_logo_mobile_max_height":0,"ocean_header_custom_menu":"0","ocean_menu_typo_font_family":"0","ocean_menu_typo_font_subset":"","ocean_menu_typo_font_size":0,"ocean_menu_typo_font_size_tablet":0,"ocean_menu_typo_font_size_mobile":0,"ocean_menu_typo_font_size_unit":"px","ocean_menu_typo_font_weight":"","ocean_menu_typo_font_weight_tablet":"","ocean_menu_typo_font_weight_mobile":"","ocean_menu_typo_transform":"","ocean_menu_typo_transform_tablet":"","ocean_menu_typo_transform_mobile":"","ocean_menu_typo_line_height":0,"ocean_menu_typo_line_height_tablet":0,"ocean_menu_typo_line_height_mobile":0,"ocean_menu_typo_line_height_unit":"","ocean_menu_typo_spacing":0,"ocean_menu_typo_spacing_tablet":0,"ocean_menu_typo_spacing_mobile":0,"ocean_menu_typo_spacing_unit":"","ocean_menu_link_color":"","ocean_menu_link_color_hover":"","ocean_menu_link_color_active":"","ocean_menu_link_background":"","ocean_menu_link_hover_background":"","ocean_menu_link_active_background":"","ocean_menu_social_links_bg":"","ocean_menu_social_hover_links_bg":"","ocean_menu_social_links_color":"","ocean_menu_social_hover_links_color":"","ocean_disable_title":"default","ocean_disable_heading":"default","ocean_post_title":"","ocean_post_subheading":"","ocean_post_title_style":"","ocean_post_title_background_color":"","ocean_post_title_background":0,"ocean_post_title_bg_image_position":"","ocean_post_title_bg_image_attachment":"","ocean_post_title_bg_image_repeat":"","ocean_post_title_bg_image_size":"","ocean_post_title_height":0,"ocean_post_title_bg_overlay":0.5,"ocean_post_title_bg_overlay_color":"","ocean_disable_breadcrumbs":"default","ocean_breadcrumbs_color":"","ocean_breadcrumbs_separator_color":"","ocean_breadcrumbs_links_color":"","ocean_breadcrumbs_links_hover_color":"","ocean_display_footer_widgets":"default","ocean_display_footer_bottom":"default","ocean_custom_footer_template":"0","footnotes":""},"class_list":["post-135","page","type-page","status-publish","hentry","entry","owp-thumbs-layout-horizontal","owp-btn-normal","owp-tabs-layout-horizontal","has-no-thumbnails","has-product-nav"],"yoast_head":"<!-- This site is optimized with the Yoast SEO plugin v27.6 - https:\/\/yoast.com\/product\/yoast-seo-wordpress\/ -->\n<title>Heat-55-IST-AMS-TEC-R - MT M\u00e9r\u00e9stechnika<\/title>\n<meta name=\"robots\" content=\"index, follow, max-snippet:-1, max-image-preview:large, max-video-preview:-1\" \/>\n<link rel=\"canonical\" href=\"https:\/\/mt-merestechnika.net\/index.php\/heat-55-ist-ams-tec-r\/\" \/>\n<meta property=\"og:locale\" content=\"de_DE\" \/>\n<meta property=\"og:type\" content=\"article\" \/>\n<meta property=\"og:title\" content=\"Heat-55-IST-AMS-TEC-R - MT M\u00e9r\u00e9stechnika\" \/>\n<meta property=\"og:description\" content=\"Tehnika mjerenja serije mjera\u010da toplinske energije za stanove HEAT-55- IST-AMS-TEC-R, Broja\u010d kapsula s tvorni\u010dki integriranim radio modulom Serija ku\u0107nih kalorimetara Messtechnik HEAT-55-IST-AMS-TEC-R, s tvorni\u010dki integriranim radio modulom sa sljede\u0107im svojstvima: dinami\u010dki mjerni princip pomo\u0107u hidrauli\u010dkog impelera s o\u010ditavanjem bez magneta na temelju induktivnog principa za otporno i dugoro\u010dno stabilno mjerenje IrDA su\u010delje za o\u010ditavanje i [&hellip;]\" \/>\n<meta property=\"og:url\" content=\"https:\/\/mt-merestechnika.net\/index.php\/heat-55-ist-ams-tec-r\/\" \/>\n<meta property=\"og:site_name\" content=\"MT M\u00e9r\u00e9stechnika\" \/>\n<meta property=\"og:image\" content=\"https:\/\/900610.jweiland-hosting.de\/wordpress\/wp-content\/uploads\/2022\/05\/heat-55R-ist-300x300.jpg\" \/>\n<meta name=\"twitter:card\" content=\"summary_large_image\" \/>\n<meta name=\"twitter:label1\" content=\"Gesch\u00e4tzte Lesezeit\" \/>\n\t<meta name=\"twitter:data1\" content=\"2\u00a0Minuten\" \/>\n<script type=\"application\/ld+json\" class=\"yoast-schema-graph\">{\"@context\":\"https:\\\/\\\/schema.org\",\"@graph\":[{\"@type\":\"WebPage\",\"@id\":\"https:\\\/\\\/mt-merestechnika.net\\\/index.php\\\/heat-55-ist-ams-tec-r\\\/\",\"url\":\"https:\\\/\\\/mt-merestechnika.net\\\/index.php\\\/heat-55-ist-ams-tec-r\\\/\",\"name\":\"Heat-55-IST-AMS-TEC-R - MT M\u00e9r\u00e9stechnika\",\"isPartOf\":{\"@id\":\"https:\\\/\\\/mt-merestechnika.net\\\/#website\"},\"primaryImageOfPage\":{\"@id\":\"https:\\\/\\\/mt-merestechnika.net\\\/index.php\\\/heat-55-ist-ams-tec-r\\\/#primaryimage\"},\"image\":{\"@id\":\"https:\\\/\\\/mt-merestechnika.net\\\/index.php\\\/heat-55-ist-ams-tec-r\\\/#primaryimage\"},\"thumbnailUrl\":\"https:\\\/\\\/900610.jweiland-hosting.de\\\/wordpress\\\/wp-content\\\/uploads\\\/2022\\\/05\\\/heat-55R-ist-300x300.jpg\",\"datePublished\":\"2023-04-07T10:27:34+00:00\",\"breadcrumb\":{\"@id\":\"https:\\\/\\\/mt-merestechnika.net\\\/index.php\\\/heat-55-ist-ams-tec-r\\\/#breadcrumb\"},\"inLanguage\":\"de\",\"potentialAction\":[{\"@type\":\"ReadAction\",\"target\":[\"https:\\\/\\\/mt-merestechnika.net\\\/index.php\\\/heat-55-ist-ams-tec-r\\\/\"]}]},{\"@type\":\"ImageObject\",\"inLanguage\":\"de\",\"@id\":\"https:\\\/\\\/mt-merestechnika.net\\\/index.php\\\/heat-55-ist-ams-tec-r\\\/#primaryimage\",\"url\":\"https:\\\/\\\/900610.jweiland-hosting.de\\\/wordpress\\\/wp-content\\\/uploads\\\/2022\\\/05\\\/heat-55R-ist-300x300.jpg\",\"contentUrl\":\"https:\\\/\\\/900610.jweiland-hosting.de\\\/wordpress\\\/wp-content\\\/uploads\\\/2022\\\/05\\\/heat-55R-ist-300x300.jpg\"},{\"@type\":\"BreadcrumbList\",\"@id\":\"https:\\\/\\\/mt-merestechnika.net\\\/index.php\\\/heat-55-ist-ams-tec-r\\\/#breadcrumb\",\"itemListElement\":[{\"@type\":\"ListItem\",\"position\":1,\"name\":\"Start\",\"item\":\"https:\\\/\\\/mt-merestechnika.net\\\/\"},{\"@type\":\"ListItem\",\"position\":2,\"name\":\"Heat-55-IST-AMS-TEC-R\"}]},{\"@type\":\"WebSite\",\"@id\":\"https:\\\/\\\/mt-merestechnika.net\\\/#website\",\"url\":\"https:\\\/\\\/mt-merestechnika.net\\\/\",\"name\":\"MT M\u00e9r\u00e9stechnika\",\"description\":\"AZ \u00d6N ENERGIAPARTNERE\",\"publisher\":{\"@id\":\"https:\\\/\\\/mt-merestechnika.net\\\/#organization\"},\"potentialAction\":[{\"@type\":\"SearchAction\",\"target\":{\"@type\":\"EntryPoint\",\"urlTemplate\":\"https:\\\/\\\/mt-merestechnika.net\\\/?s={search_term_string}\"},\"query-input\":{\"@type\":\"PropertyValueSpecification\",\"valueRequired\":true,\"valueName\":\"search_term_string\"}}],\"inLanguage\":\"de\"},{\"@type\":\"Organization\",\"@id\":\"https:\\\/\\\/mt-merestechnika.net\\\/#organization\",\"name\":\"MT M\u00e9r\u00e9stechnika\",\"url\":\"https:\\\/\\\/mt-merestechnika.net\\\/\",\"logo\":{\"@type\":\"ImageObject\",\"inLanguage\":\"de\",\"@id\":\"https:\\\/\\\/mt-merestechnika.net\\\/#\\\/schema\\\/logo\\\/image\\\/\",\"url\":\"https:\\\/\\\/mt-merestechnika.net\\\/wp-content\\\/uploads\\\/2023\\\/11\\\/cropped-logo_hu_web_425px.png\",\"contentUrl\":\"https:\\\/\\\/mt-merestechnika.net\\\/wp-content\\\/uploads\\\/2023\\\/11\\\/cropped-logo_hu_web_425px.png\",\"width\":425,\"height\":65,\"caption\":\"MT M\u00e9r\u00e9stechnika\"},\"image\":{\"@id\":\"https:\\\/\\\/mt-merestechnika.net\\\/#\\\/schema\\\/logo\\\/image\\\/\"}}]}<\/script>\n<!-- \/ Yoast SEO plugin. -->","yoast_head_json":{"title":"Heat-55-IST-AMS-TEC-R - MT M\u00e9r\u00e9stechnika","robots":{"index":"index","follow":"follow","max-snippet":"max-snippet:-1","max-image-preview":"max-image-preview:large","max-video-preview":"max-video-preview:-1"},"canonical":"https:\/\/mt-merestechnika.net\/index.php\/heat-55-ist-ams-tec-r\/","og_locale":"de_DE","og_type":"article","og_title":"Heat-55-IST-AMS-TEC-R - MT M\u00e9r\u00e9stechnika","og_description":"Tehnika mjerenja serije mjera\u010da toplinske energije za stanove HEAT-55- IST-AMS-TEC-R, Broja\u010d kapsula s tvorni\u010dki integriranim radio modulom Serija ku\u0107nih kalorimetara Messtechnik HEAT-55-IST-AMS-TEC-R, s tvorni\u010dki integriranim radio modulom sa sljede\u0107im svojstvima: dinami\u010dki mjerni princip pomo\u0107u hidrauli\u010dkog impelera s o\u010ditavanjem bez magneta na temelju induktivnog principa za otporno i dugoro\u010dno stabilno mjerenje IrDA su\u010delje za o\u010ditavanje i [&hellip;]","og_url":"https:\/\/mt-merestechnika.net\/index.php\/heat-55-ist-ams-tec-r\/","og_site_name":"MT M\u00e9r\u00e9stechnika","og_image":[{"url":"https:\/\/900610.jweiland-hosting.de\/wordpress\/wp-content\/uploads\/2022\/05\/heat-55R-ist-300x300.jpg","type":"","width":"","height":""}],"twitter_card":"summary_large_image","twitter_misc":{"Gesch\u00e4tzte Lesezeit":"2\u00a0Minuten"},"schema":{"@context":"https:\/\/schema.org","@graph":[{"@type":"WebPage","@id":"https:\/\/mt-merestechnika.net\/index.php\/heat-55-ist-ams-tec-r\/","url":"https:\/\/mt-merestechnika.net\/index.php\/heat-55-ist-ams-tec-r\/","name":"Heat-55-IST-AMS-TEC-R - MT M\u00e9r\u00e9stechnika","isPartOf":{"@id":"https:\/\/mt-merestechnika.net\/#website"},"primaryImageOfPage":{"@id":"https:\/\/mt-merestechnika.net\/index.php\/heat-55-ist-ams-tec-r\/#primaryimage"},"image":{"@id":"https:\/\/mt-merestechnika.net\/index.php\/heat-55-ist-ams-tec-r\/#primaryimage"},"thumbnailUrl":"https:\/\/900610.jweiland-hosting.de\/wordpress\/wp-content\/uploads\/2022\/05\/heat-55R-ist-300x300.jpg","datePublished":"2023-04-07T10:27:34+00:00","breadcrumb":{"@id":"https:\/\/mt-merestechnika.net\/index.php\/heat-55-ist-ams-tec-r\/#breadcrumb"},"inLanguage":"de","potentialAction":[{"@type":"ReadAction","target":["https:\/\/mt-merestechnika.net\/index.php\/heat-55-ist-ams-tec-r\/"]}]},{"@type":"ImageObject","inLanguage":"de","@id":"https:\/\/mt-merestechnika.net\/index.php\/heat-55-ist-ams-tec-r\/#primaryimage","url":"https:\/\/900610.jweiland-hosting.de\/wordpress\/wp-content\/uploads\/2022\/05\/heat-55R-ist-300x300.jpg","contentUrl":"https:\/\/900610.jweiland-hosting.de\/wordpress\/wp-content\/uploads\/2022\/05\/heat-55R-ist-300x300.jpg"},{"@type":"BreadcrumbList","@id":"https:\/\/mt-merestechnika.net\/index.php\/heat-55-ist-ams-tec-r\/#breadcrumb","itemListElement":[{"@type":"ListItem","position":1,"name":"Start","item":"https:\/\/mt-merestechnika.net\/"},{"@type":"ListItem","position":2,"name":"Heat-55-IST-AMS-TEC-R"}]},{"@type":"WebSite","@id":"https:\/\/mt-merestechnika.net\/#website","url":"https:\/\/mt-merestechnika.net\/","name":"MT M\u00e9r\u00e9stechnika","description":"AZ \u00d6N ENERGIAPARTNERE","publisher":{"@id":"https:\/\/mt-merestechnika.net\/#organization"},"potentialAction":[{"@type":"SearchAction","target":{"@type":"EntryPoint","urlTemplate":"https:\/\/mt-merestechnika.net\/?s={search_term_string}"},"query-input":{"@type":"PropertyValueSpecification","valueRequired":true,"valueName":"search_term_string"}}],"inLanguage":"de"},{"@type":"Organization","@id":"https:\/\/mt-merestechnika.net\/#organization","name":"MT M\u00e9r\u00e9stechnika","url":"https:\/\/mt-merestechnika.net\/","logo":{"@type":"ImageObject","inLanguage":"de","@id":"https:\/\/mt-merestechnika.net\/#\/schema\/logo\/image\/","url":"https:\/\/mt-merestechnika.net\/wp-content\/uploads\/2023\/11\/cropped-logo_hu_web_425px.png","contentUrl":"https:\/\/mt-merestechnika.net\/wp-content\/uploads\/2023\/11\/cropped-logo_hu_web_425px.png","width":425,"height":65,"caption":"MT M\u00e9r\u00e9stechnika"},"image":{"@id":"https:\/\/mt-merestechnika.net\/#\/schema\/logo\/image\/"}}]}},"jetpack_sharing_enabled":true,"_links":{"self":[{"href":"https:\/\/mt-merestechnika.net\/index.php\/wp-json\/wp\/v2\/pages\/135","targetHints":{"allow":["GET"]}}],"collection":[{"href":"https:\/\/mt-merestechnika.net\/index.php\/wp-json\/wp\/v2\/pages"}],"about":[{"href":"https:\/\/mt-merestechnika.net\/index.php\/wp-json\/wp\/v2\/types\/page"}],"author":[{"embeddable":true,"href":"https:\/\/mt-merestechnika.net\/index.php\/wp-json\/wp\/v2\/users\/1"}],"replies":[{"embeddable":true,"href":"https:\/\/mt-merestechnika.net\/index.php\/wp-json\/wp\/v2\/comments?post=135"}],"version-history":[{"count":0,"href":"https:\/\/mt-merestechnika.net\/index.php\/wp-json\/wp\/v2\/pages\/135\/revisions"}],"wp:attachment":[{"href":"https:\/\/mt-merestechnika.net\/index.php\/wp-json\/wp\/v2\/media?parent=135"}],"curies":[{"name":"wp","href":"https:\/\/api.w.org\/{rel}","templated":true}]}}