{"id":1119,"date":"2023-04-07T10:28:25","date_gmt":"2023-04-07T10:28:25","guid":{"rendered":"https:\/\/mt-mjernatehnika.com\/wordpress\/mc-302-funk-ewz\/"},"modified":"2023-04-07T10:28:25","modified_gmt":"2023-04-07T10:28:25","slug":"mc-302-funk-ewz","status":"publish","type":"page","link":"https:\/\/mt-merestechnika.net\/index.php\/mc-302-funk-ewz\/","title":{"rendered":"MC-302 Funk-EWZ"},"content":{"rendered":"\t\t<div data-elementor-type=\"wp-page\" data-elementor-id=\"1119\" class=\"elementor elementor-1119\">\n\t\t\t\t\t\t<section class=\"elementor-section elementor-top-section elementor-element elementor-element-5f978e1f elementor-section-boxed elementor-section-height-default elementor-section-height-default\" data-id=\"5f978e1f\" data-element_type=\"section\" data-e-type=\"section\">\n\t\t\t\t\t\t<div class=\"elementor-container elementor-column-gap-default\">\n\t\t\t\t\t<div class=\"elementor-column elementor-col-100 elementor-top-column elementor-element elementor-element-540321b1\" data-id=\"540321b1\" data-element_type=\"column\" data-e-type=\"column\">\n\t\t\t<div class=\"elementor-widget-wrap elementor-element-populated\">\n\t\t\t\t\t\t<div class=\"elementor-element elementor-element-62269019 elementor-widget elementor-widget-heading\" data-id=\"62269019\" data-element_type=\"widget\" data-e-type=\"widget\" data-widget_type=\"heading.default\">\n\t\t\t\t<div class=\"elementor-widget-container\">\n\t\t\t\t\t<h1 class=\"elementor-heading-title elementor-size-default\">Mjerilo toplinske energije Kamstrup MC-302<\/h1>\t\t\t\t<\/div>\n\t\t\t\t<\/div>\n\t\t\t\t\t<\/div>\n\t\t<\/div>\n\t\t\t\t\t<\/div>\n\t\t<\/section>\n\t\t\t\t<section class=\"elementor-section elementor-top-section elementor-element elementor-element-44d5f154 elementor-section-boxed elementor-section-height-default elementor-section-height-default\" data-id=\"44d5f154\" data-element_type=\"section\" data-e-type=\"section\">\n\t\t\t\t\t\t<div class=\"elementor-container elementor-column-gap-default\">\n\t\t\t\t\t<div class=\"elementor-column elementor-col-100 elementor-top-column elementor-element elementor-element-6e8c9b86\" data-id=\"6e8c9b86\" data-element_type=\"column\" data-e-type=\"column\">\n\t\t\t<div class=\"elementor-widget-wrap elementor-element-populated\">\n\t\t\t\t\t\t<div class=\"elementor-element elementor-element-28df166 elementor-widget elementor-widget-text-editor\" data-id=\"28df166\" data-element_type=\"widget\" data-e-type=\"widget\" data-widget_type=\"text-editor.default\">\n\t\t\t\t<div class=\"elementor-widget-container\">\n\t\t\t\t\t\t\t\t\t<p><b>Elektroni\u010dko mjerilo toplinske energije tipa\u00a0 Kamstrup MC-302, na baterije<\/b><\/p>\t\t\t\t\t\t\t\t<\/div>\n\t\t\t\t<\/div>\n\t\t\t\t\t<\/div>\n\t\t<\/div>\n\t\t\t\t\t<\/div>\n\t\t<\/section>\n\t\t\t\t<section class=\"elementor-section elementor-top-section elementor-element elementor-element-273931a0 elementor-section-boxed elementor-section-height-default elementor-section-height-default\" data-id=\"273931a0\" data-element_type=\"section\" data-e-type=\"section\">\n\t\t\t\t\t\t<div class=\"elementor-container elementor-column-gap-default\">\n\t\t\t\t\t<div class=\"elementor-column elementor-col-100 elementor-top-column elementor-element elementor-element-434c99c\" data-id=\"434c99c\" data-element_type=\"column\" data-e-type=\"column\">\n\t\t\t<div class=\"elementor-widget-wrap elementor-element-populated\">\n\t\t\t\t\t\t<div class=\"elementor-element elementor-element-45a34167 elementor-widget elementor-widget-text-editor\" data-id=\"45a34167\" data-element_type=\"widget\" data-e-type=\"widget\" data-widget_type=\"text-editor.default\">\n\t\t\t\t<div class=\"elementor-widget-container\">\n\t\t\t\t\t\t\t\t\t<p><\/p>\n<p class=\"p1\"><img fetchpriority=\"high\" decoding=\"async\" class=\"size-medium wp-image-14153 alignright\" src=\"https:\/\/900610.jweiland-hosting.de\/wordpress\/wp-content\/uploads\/2022\/04\/Kamstrup_302_Bild_bearbeitet_OK_300x300-300x300.png\" alt=\"\" width=\"300\" height=\"300\" \/>Elektroni\u010dko kompaktno mjerilo toplinske energije tipa Kamstrup MC-302 u MID sukladnoj, odnosno kalibriranoj verziji sa sljede\u0107im specifikacijama:<\/p>\n<ul>\n<li class=\"p1\">ra\u010dunska jedinica modernog i elegantnog dizajna<\/li>\n<li class=\"p1\">ugra\u0111eni zapisiva\u010d podataka (pohrana svih relevantnih registara zadnjih 960 sati, 460 dana, 24 mjeseca, 15 godina)<\/li>\n<li class=\"p1\">robusni metalni senzor protoka za radne temperature do 130 stupnjeva Celzija\u00a0\u00a0<\/li>\n<li class=\"p1\">pogodno za PN16 kao i za PN25 sustave<\/li>\n<li class=\"p1\">mo\u017ee se na licu mjesta konfigurirati za protok ili povrat<\/li>\n<li class=\"p1\">mo\u017ee se koristiti kao mjerilo topline, mjerilo hladno\u0107e ili kao kombinirano mjerilo topline\/hladno\u0107e<\/li>\n<li class=\"p1\">uz mjerenje topline ili hladno\u0107e, ra\u010dunska jedinica tako\u0111er se mo\u017ee koristiti za pra\u0107enje curenja, trajno pra\u0107enje rada ili ograni\u010denje snage i protoka s kontrolom ventila.<\/li>\n<li class=\"p1\">mo\u017ee se koristiti za mjerenje energije u zatvorenim i u otvorenim sustavima<\/li>\n<li class=\"p1\">prikaz akumulirane toplinske energije u kWh, MWh, GJ ili Gcal<\/li>\n<li class=\"p1\">ra\u010dunska jedinica mo\u017ee se opcionalno opremiti jednom A \u0107elijom s vijekom trajanja do 8 godina ili dvije A \u0107elije s vijekom trajanja do 16 godina<\/li>\n<li class=\"p1\">mjerenje temperature pomo\u0107u senzora temperature PT 500 u dizajnu s 2 vodi\u010da (raspon temperature 0\u00b0C \u2013 155\u00b0C)<\/li>\n<li class=\"p1\">lako \u010ditljiv LCD zaslon s: 8 znamenki, prikazom mjernih jedinica, poljem za dodatne informacije<\/li>\n<li class=\"p1\">opcionalno dostupno s ugra\u0111enim \u017ei\u010dnim M-Bus (elektri\u010dno izoliranim su\u010deljem) ili be\u017ei\u010dnim M-Bus (mogu\u0107nost odabira na\u010dina C1, T1 BSI ili T1 OMS) komunikacijskim modulom<\/li>\n<li class=\"p1\">aktiviranje izbornika pritiskom na tipku<\/li>\n<\/ul>\n<p><\/p>\n<p><a href=\"\/wordpress\/wp-content\/uploads\/sites\/5\/2022\/11\/MC-302.pdf\">Tehnicki list proizvoda<\/a><\/p>\n<p><\/p>\t\t\t\t\t\t\t\t<\/div>\n\t\t\t\t<\/div>\n\t\t\t\t\t<\/div>\n\t\t<\/div>\n\t\t\t\t\t<\/div>\n\t\t<\/section>\n\t\t\t\t<\/div>\n\t\t","protected":false},"excerpt":{"rendered":"<p>Mjerilo toplinske energije Kamstrup MC-302 Elektroni\u010dko mjerilo toplinske energije tipa\u00a0 Kamstrup MC-302, na baterije Elektroni\u010dko kompaktno mjerilo toplinske energije tipa Kamstrup MC-302 u MID sukladnoj, odnosno kalibriranoj verziji sa sljede\u0107im specifikacijama: ra\u010dunska jedinica modernog i elegantnog dizajna ugra\u0111eni zapisiva\u010d podataka (pohrana svih relevantnih registara zadnjih 960 sati, 460 dana, 24 mjeseca, 15 godina) robusni metalni [&hellip;]<\/p>\n","protected":false},"author":1,"featured_media":0,"parent":0,"menu_order":0,"comment_status":"closed","ping_status":"closed","template":"","meta":{"ocean_post_layout":"","ocean_both_sidebars_style":"","ocean_both_sidebars_content_width":0,"ocean_both_sidebars_sidebars_width":0,"ocean_sidebar":"0","ocean_second_sidebar":"0","ocean_disable_margins":"enable","ocean_add_body_class":"","ocean_shortcode_before_top_bar":"","ocean_shortcode_after_top_bar":"","ocean_shortcode_before_header":"","ocean_shortcode_after_header":"","ocean_has_shortcode":"","ocean_shortcode_after_title":"","ocean_shortcode_before_footer_widgets":"","ocean_shortcode_after_footer_widgets":"","ocean_shortcode_before_footer_bottom":"","ocean_shortcode_after_footer_bottom":"","ocean_display_top_bar":"default","ocean_display_header":"default","ocean_header_style":"","ocean_center_header_left_menu":"0","ocean_custom_header_template":"0","ocean_custom_logo":0,"ocean_custom_retina_logo":0,"ocean_custom_logo_max_width":0,"ocean_custom_logo_tablet_max_width":0,"ocean_custom_logo_mobile_max_width":0,"ocean_custom_logo_max_height":0,"ocean_custom_logo_tablet_max_height":0,"ocean_custom_logo_mobile_max_height":0,"ocean_header_custom_menu":"0","ocean_menu_typo_font_family":"0","ocean_menu_typo_font_subset":"","ocean_menu_typo_font_size":0,"ocean_menu_typo_font_size_tablet":0,"ocean_menu_typo_font_size_mobile":0,"ocean_menu_typo_font_size_unit":"px","ocean_menu_typo_font_weight":"","ocean_menu_typo_font_weight_tablet":"","ocean_menu_typo_font_weight_mobile":"","ocean_menu_typo_transform":"","ocean_menu_typo_transform_tablet":"","ocean_menu_typo_transform_mobile":"","ocean_menu_typo_line_height":0,"ocean_menu_typo_line_height_tablet":0,"ocean_menu_typo_line_height_mobile":0,"ocean_menu_typo_line_height_unit":"","ocean_menu_typo_spacing":0,"ocean_menu_typo_spacing_tablet":0,"ocean_menu_typo_spacing_mobile":0,"ocean_menu_typo_spacing_unit":"","ocean_menu_link_color":"","ocean_menu_link_color_hover":"","ocean_menu_link_color_active":"","ocean_menu_link_background":"","ocean_menu_link_hover_background":"","ocean_menu_link_active_background":"","ocean_menu_social_links_bg":"","ocean_menu_social_hover_links_bg":"","ocean_menu_social_links_color":"","ocean_menu_social_hover_links_color":"","ocean_disable_title":"default","ocean_disable_heading":"default","ocean_post_title":"","ocean_post_subheading":"","ocean_post_title_style":"","ocean_post_title_background_color":"","ocean_post_title_background":0,"ocean_post_title_bg_image_position":"","ocean_post_title_bg_image_attachment":"","ocean_post_title_bg_image_repeat":"","ocean_post_title_bg_image_size":"","ocean_post_title_height":0,"ocean_post_title_bg_overlay":0.5,"ocean_post_title_bg_overlay_color":"","ocean_disable_breadcrumbs":"default","ocean_breadcrumbs_color":"","ocean_breadcrumbs_separator_color":"","ocean_breadcrumbs_links_color":"","ocean_breadcrumbs_links_hover_color":"","ocean_display_footer_widgets":"default","ocean_display_footer_bottom":"default","ocean_custom_footer_template":"0","footnotes":""},"class_list":["post-1119","page","type-page","status-publish","hentry","entry","owp-thumbs-layout-horizontal","owp-btn-normal","owp-tabs-layout-horizontal","has-no-thumbnails","has-product-nav"],"yoast_head":"<!-- This site is optimized with the Yoast SEO plugin v27.6 - https:\/\/yoast.com\/product\/yoast-seo-wordpress\/ -->\n<title>MC-302 Funk-EWZ - MT M\u00e9r\u00e9stechnika<\/title>\n<meta name=\"robots\" content=\"index, follow, max-snippet:-1, max-image-preview:large, max-video-preview:-1\" \/>\n<link rel=\"canonical\" href=\"https:\/\/mt-merestechnika.net\/index.php\/mc-302-funk-ewz\/\" \/>\n<meta property=\"og:locale\" content=\"de_DE\" \/>\n<meta property=\"og:type\" content=\"article\" \/>\n<meta property=\"og:title\" content=\"MC-302 Funk-EWZ - MT M\u00e9r\u00e9stechnika\" \/>\n<meta property=\"og:description\" content=\"Mjerilo toplinske energije Kamstrup MC-302 Elektroni\u010dko mjerilo toplinske energije tipa\u00a0 Kamstrup MC-302, na baterije Elektroni\u010dko kompaktno mjerilo toplinske energije tipa Kamstrup MC-302 u MID sukladnoj, odnosno kalibriranoj verziji sa sljede\u0107im specifikacijama: ra\u010dunska jedinica modernog i elegantnog dizajna ugra\u0111eni zapisiva\u010d podataka (pohrana svih relevantnih registara zadnjih 960 sati, 460 dana, 24 mjeseca, 15 godina) robusni metalni [&hellip;]\" \/>\n<meta property=\"og:url\" content=\"https:\/\/mt-merestechnika.net\/index.php\/mc-302-funk-ewz\/\" \/>\n<meta property=\"og:site_name\" content=\"MT M\u00e9r\u00e9stechnika\" \/>\n<meta property=\"og:image\" content=\"https:\/\/900610.jweiland-hosting.de\/wordpress\/wp-content\/uploads\/2022\/04\/Kamstrup_302_Bild_bearbeitet_OK_300x300-300x300.png\" \/>\n<meta name=\"twitter:card\" content=\"summary_large_image\" \/>\n<meta name=\"twitter:label1\" content=\"Gesch\u00e4tzte Lesezeit\" \/>\n\t<meta name=\"twitter:data1\" content=\"1\u00a0Minute\" \/>\n<script type=\"application\/ld+json\" class=\"yoast-schema-graph\">{\"@context\":\"https:\\\/\\\/schema.org\",\"@graph\":[{\"@type\":\"WebPage\",\"@id\":\"https:\\\/\\\/mt-merestechnika.net\\\/index.php\\\/mc-302-funk-ewz\\\/\",\"url\":\"https:\\\/\\\/mt-merestechnika.net\\\/index.php\\\/mc-302-funk-ewz\\\/\",\"name\":\"MC-302 Funk-EWZ - MT M\u00e9r\u00e9stechnika\",\"isPartOf\":{\"@id\":\"https:\\\/\\\/mt-merestechnika.net\\\/#website\"},\"primaryImageOfPage\":{\"@id\":\"https:\\\/\\\/mt-merestechnika.net\\\/index.php\\\/mc-302-funk-ewz\\\/#primaryimage\"},\"image\":{\"@id\":\"https:\\\/\\\/mt-merestechnika.net\\\/index.php\\\/mc-302-funk-ewz\\\/#primaryimage\"},\"thumbnailUrl\":\"https:\\\/\\\/900610.jweiland-hosting.de\\\/wordpress\\\/wp-content\\\/uploads\\\/2022\\\/04\\\/Kamstrup_302_Bild_bearbeitet_OK_300x300-300x300.png\",\"datePublished\":\"2023-04-07T10:28:25+00:00\",\"breadcrumb\":{\"@id\":\"https:\\\/\\\/mt-merestechnika.net\\\/index.php\\\/mc-302-funk-ewz\\\/#breadcrumb\"},\"inLanguage\":\"de\",\"potentialAction\":[{\"@type\":\"ReadAction\",\"target\":[\"https:\\\/\\\/mt-merestechnika.net\\\/index.php\\\/mc-302-funk-ewz\\\/\"]}]},{\"@type\":\"ImageObject\",\"inLanguage\":\"de\",\"@id\":\"https:\\\/\\\/mt-merestechnika.net\\\/index.php\\\/mc-302-funk-ewz\\\/#primaryimage\",\"url\":\"https:\\\/\\\/900610.jweiland-hosting.de\\\/wordpress\\\/wp-content\\\/uploads\\\/2022\\\/04\\\/Kamstrup_302_Bild_bearbeitet_OK_300x300-300x300.png\",\"contentUrl\":\"https:\\\/\\\/900610.jweiland-hosting.de\\\/wordpress\\\/wp-content\\\/uploads\\\/2022\\\/04\\\/Kamstrup_302_Bild_bearbeitet_OK_300x300-300x300.png\"},{\"@type\":\"BreadcrumbList\",\"@id\":\"https:\\\/\\\/mt-merestechnika.net\\\/index.php\\\/mc-302-funk-ewz\\\/#breadcrumb\",\"itemListElement\":[{\"@type\":\"ListItem\",\"position\":1,\"name\":\"Start\",\"item\":\"https:\\\/\\\/mt-merestechnika.net\\\/\"},{\"@type\":\"ListItem\",\"position\":2,\"name\":\"MC-302 Funk-EWZ\"}]},{\"@type\":\"WebSite\",\"@id\":\"https:\\\/\\\/mt-merestechnika.net\\\/#website\",\"url\":\"https:\\\/\\\/mt-merestechnika.net\\\/\",\"name\":\"MT M\u00e9r\u00e9stechnika\",\"description\":\"AZ \u00d6N ENERGIAPARTNERE\",\"publisher\":{\"@id\":\"https:\\\/\\\/mt-merestechnika.net\\\/#organization\"},\"potentialAction\":[{\"@type\":\"SearchAction\",\"target\":{\"@type\":\"EntryPoint\",\"urlTemplate\":\"https:\\\/\\\/mt-merestechnika.net\\\/?s={search_term_string}\"},\"query-input\":{\"@type\":\"PropertyValueSpecification\",\"valueRequired\":true,\"valueName\":\"search_term_string\"}}],\"inLanguage\":\"de\"},{\"@type\":\"Organization\",\"@id\":\"https:\\\/\\\/mt-merestechnika.net\\\/#organization\",\"name\":\"MT M\u00e9r\u00e9stechnika\",\"url\":\"https:\\\/\\\/mt-merestechnika.net\\\/\",\"logo\":{\"@type\":\"ImageObject\",\"inLanguage\":\"de\",\"@id\":\"https:\\\/\\\/mt-merestechnika.net\\\/#\\\/schema\\\/logo\\\/image\\\/\",\"url\":\"https:\\\/\\\/mt-merestechnika.net\\\/wp-content\\\/uploads\\\/2023\\\/11\\\/cropped-logo_hu_web_425px.png\",\"contentUrl\":\"https:\\\/\\\/mt-merestechnika.net\\\/wp-content\\\/uploads\\\/2023\\\/11\\\/cropped-logo_hu_web_425px.png\",\"width\":425,\"height\":65,\"caption\":\"MT M\u00e9r\u00e9stechnika\"},\"image\":{\"@id\":\"https:\\\/\\\/mt-merestechnika.net\\\/#\\\/schema\\\/logo\\\/image\\\/\"}}]}<\/script>\n<!-- \/ Yoast SEO plugin. -->","yoast_head_json":{"title":"MC-302 Funk-EWZ - MT M\u00e9r\u00e9stechnika","robots":{"index":"index","follow":"follow","max-snippet":"max-snippet:-1","max-image-preview":"max-image-preview:large","max-video-preview":"max-video-preview:-1"},"canonical":"https:\/\/mt-merestechnika.net\/index.php\/mc-302-funk-ewz\/","og_locale":"de_DE","og_type":"article","og_title":"MC-302 Funk-EWZ - MT M\u00e9r\u00e9stechnika","og_description":"Mjerilo toplinske energije Kamstrup MC-302 Elektroni\u010dko mjerilo toplinske energije tipa\u00a0 Kamstrup MC-302, na baterije Elektroni\u010dko kompaktno mjerilo toplinske energije tipa Kamstrup MC-302 u MID sukladnoj, odnosno kalibriranoj verziji sa sljede\u0107im specifikacijama: ra\u010dunska jedinica modernog i elegantnog dizajna ugra\u0111eni zapisiva\u010d podataka (pohrana svih relevantnih registara zadnjih 960 sati, 460 dana, 24 mjeseca, 15 godina) robusni metalni [&hellip;]","og_url":"https:\/\/mt-merestechnika.net\/index.php\/mc-302-funk-ewz\/","og_site_name":"MT M\u00e9r\u00e9stechnika","og_image":[{"url":"https:\/\/900610.jweiland-hosting.de\/wordpress\/wp-content\/uploads\/2022\/04\/Kamstrup_302_Bild_bearbeitet_OK_300x300-300x300.png","type":"","width":"","height":""}],"twitter_card":"summary_large_image","twitter_misc":{"Gesch\u00e4tzte Lesezeit":"1\u00a0Minute"},"schema":{"@context":"https:\/\/schema.org","@graph":[{"@type":"WebPage","@id":"https:\/\/mt-merestechnika.net\/index.php\/mc-302-funk-ewz\/","url":"https:\/\/mt-merestechnika.net\/index.php\/mc-302-funk-ewz\/","name":"MC-302 Funk-EWZ - MT M\u00e9r\u00e9stechnika","isPartOf":{"@id":"https:\/\/mt-merestechnika.net\/#website"},"primaryImageOfPage":{"@id":"https:\/\/mt-merestechnika.net\/index.php\/mc-302-funk-ewz\/#primaryimage"},"image":{"@id":"https:\/\/mt-merestechnika.net\/index.php\/mc-302-funk-ewz\/#primaryimage"},"thumbnailUrl":"https:\/\/900610.jweiland-hosting.de\/wordpress\/wp-content\/uploads\/2022\/04\/Kamstrup_302_Bild_bearbeitet_OK_300x300-300x300.png","datePublished":"2023-04-07T10:28:25+00:00","breadcrumb":{"@id":"https:\/\/mt-merestechnika.net\/index.php\/mc-302-funk-ewz\/#breadcrumb"},"inLanguage":"de","potentialAction":[{"@type":"ReadAction","target":["https:\/\/mt-merestechnika.net\/index.php\/mc-302-funk-ewz\/"]}]},{"@type":"ImageObject","inLanguage":"de","@id":"https:\/\/mt-merestechnika.net\/index.php\/mc-302-funk-ewz\/#primaryimage","url":"https:\/\/900610.jweiland-hosting.de\/wordpress\/wp-content\/uploads\/2022\/04\/Kamstrup_302_Bild_bearbeitet_OK_300x300-300x300.png","contentUrl":"https:\/\/900610.jweiland-hosting.de\/wordpress\/wp-content\/uploads\/2022\/04\/Kamstrup_302_Bild_bearbeitet_OK_300x300-300x300.png"},{"@type":"BreadcrumbList","@id":"https:\/\/mt-merestechnika.net\/index.php\/mc-302-funk-ewz\/#breadcrumb","itemListElement":[{"@type":"ListItem","position":1,"name":"Start","item":"https:\/\/mt-merestechnika.net\/"},{"@type":"ListItem","position":2,"name":"MC-302 Funk-EWZ"}]},{"@type":"WebSite","@id":"https:\/\/mt-merestechnika.net\/#website","url":"https:\/\/mt-merestechnika.net\/","name":"MT M\u00e9r\u00e9stechnika","description":"AZ \u00d6N ENERGIAPARTNERE","publisher":{"@id":"https:\/\/mt-merestechnika.net\/#organization"},"potentialAction":[{"@type":"SearchAction","target":{"@type":"EntryPoint","urlTemplate":"https:\/\/mt-merestechnika.net\/?s={search_term_string}"},"query-input":{"@type":"PropertyValueSpecification","valueRequired":true,"valueName":"search_term_string"}}],"inLanguage":"de"},{"@type":"Organization","@id":"https:\/\/mt-merestechnika.net\/#organization","name":"MT M\u00e9r\u00e9stechnika","url":"https:\/\/mt-merestechnika.net\/","logo":{"@type":"ImageObject","inLanguage":"de","@id":"https:\/\/mt-merestechnika.net\/#\/schema\/logo\/image\/","url":"https:\/\/mt-merestechnika.net\/wp-content\/uploads\/2023\/11\/cropped-logo_hu_web_425px.png","contentUrl":"https:\/\/mt-merestechnika.net\/wp-content\/uploads\/2023\/11\/cropped-logo_hu_web_425px.png","width":425,"height":65,"caption":"MT M\u00e9r\u00e9stechnika"},"image":{"@id":"https:\/\/mt-merestechnika.net\/#\/schema\/logo\/image\/"}}]}},"jetpack_sharing_enabled":true,"_links":{"self":[{"href":"https:\/\/mt-merestechnika.net\/index.php\/wp-json\/wp\/v2\/pages\/1119","targetHints":{"allow":["GET"]}}],"collection":[{"href":"https:\/\/mt-merestechnika.net\/index.php\/wp-json\/wp\/v2\/pages"}],"about":[{"href":"https:\/\/mt-merestechnika.net\/index.php\/wp-json\/wp\/v2\/types\/page"}],"author":[{"embeddable":true,"href":"https:\/\/mt-merestechnika.net\/index.php\/wp-json\/wp\/v2\/users\/1"}],"replies":[{"embeddable":true,"href":"https:\/\/mt-merestechnika.net\/index.php\/wp-json\/wp\/v2\/comments?post=1119"}],"version-history":[{"count":0,"href":"https:\/\/mt-merestechnika.net\/index.php\/wp-json\/wp\/v2\/pages\/1119\/revisions"}],"wp:attachment":[{"href":"https:\/\/mt-merestechnika.net\/index.php\/wp-json\/wp\/v2\/media?parent=1119"}],"curies":[{"name":"wp","href":"https:\/\/api.w.org\/{rel}","templated":true}]}}